{"id":855,"date":"2025-03-28T19:10:05","date_gmt":"2025-03-28T19:10:05","guid":{"rendered":"https:\/\/nvtrip.sncil.org\/viaje-nv\/apoyo-entre-iguales\/encontrar-a-su-gente\/"},"modified":"2025-10-02T19:25:22","modified_gmt":"2025-10-02T19:25:22","slug":"encontrar-a-su-gente","status":"publish","type":"page","link":"https:\/\/nvtrip.sncil.org\/es\/viaje-nv\/apoyo-entre-iguales\/encontrar-a-su-gente\/","title":{"rendered":"Encontrar a su gente"},"content":{"rendered":"\t\t<div data-elementor-type=\"wp-page\" data-elementor-id=\"855\" class=\"elementor elementor-855 elementor-181\" data-elementor-post-type=\"page\">\n\t\t\t\t<div data-particle_enable=\"false\" data-particle-mobile-disabled=\"false\" class=\"elementor-element elementor-element-5770a98e e-con-full e-flex e-con e-parent\" data-id=\"5770a98e\" data-element_type=\"container\">\n\t\t\t\t<div class=\"elementor-element elementor-element-24fc3009 elementor-widget elementor-widget-image\" data-id=\"24fc3009\" data-element_type=\"widget\" data-widget_type=\"image.default\">\n\t\t\t\t<div class=\"elementor-widget-container\">\n\t\t\t\t\t\t\t\t\t\t\t\t\t\t\t<img fetchpriority=\"high\" decoding=\"async\" width=\"1440\" height=\"700\" src=\"https:\/\/nvtrip.sncil.org\/wp-content\/uploads\/2025\/03\/Finding-Your-People.png\" class=\"attachment-full size-full wp-image-423\" alt=\"Animated illustration of a group of young people studying together in a library.\" srcset=\"https:\/\/nvtrip.sncil.org\/wp-content\/uploads\/2025\/03\/Finding-Your-People.png 1440w, https:\/\/nvtrip.sncil.org\/wp-content\/uploads\/2025\/03\/Finding-Your-People-300x146.png 300w, https:\/\/nvtrip.sncil.org\/wp-content\/uploads\/2025\/03\/Finding-Your-People-1024x498.png 1024w, https:\/\/nvtrip.sncil.org\/wp-content\/uploads\/2025\/03\/Finding-Your-People-768x373.png 768w\" sizes=\"(max-width: 1440px) 100vw, 1440px\" \/>\t\t\t\t\t\t\t\t\t\t\t\t\t\t\t<\/div>\n\t\t\t\t<\/div>\n\t\t\t\t<div class=\"elementor-element elementor-element-a9e6695 elementor-widget elementor-widget-heading\" data-id=\"a9e6695\" data-element_type=\"widget\" data-widget_type=\"heading.default\">\n\t\t\t\t<div class=\"elementor-widget-container\">\n\t\t\t\t\t<h1 class=\"elementor-heading-title elementor-size-default\">Encontrar a su gente<\/h1>\t\t\t\t<\/div>\n\t\t\t\t<\/div>\n\t\t\t\t<div class=\"elementor-element elementor-element-d0b28bb elementor-widget elementor-widget-spacer\" data-id=\"d0b28bb\" data-element_type=\"widget\" data-widget_type=\"spacer.default\">\n\t\t\t\t<div class=\"elementor-widget-container\">\n\t\t\t\t\t\t\t<div class=\"elementor-spacer\">\n\t\t\t<div class=\"elementor-spacer-inner\"><\/div>\n\t\t<\/div>\n\t\t\t\t\t\t<\/div>\n\t\t\t\t<\/div>\n\t\t\t\t<div class=\"elementor-element elementor-element-5e70f30 elementor-widget elementor-widget-video\" data-id=\"5e70f30\" data-element_type=\"widget\" data-settings=\"{&quot;youtube_url&quot;:&quot;https:\\\/\\\/youtu.be\\\/EqmARm_smvw&quot;,&quot;video_type&quot;:&quot;youtube&quot;,&quot;controls&quot;:&quot;yes&quot;}\" data-widget_type=\"video.default\">\n\t\t\t\t<div class=\"elementor-widget-container\">\n\t\t\t\t\t\t\t<div class=\"elementor-wrapper elementor-open-inline\">\n\t\t\t<div class=\"elementor-video\"><\/div>\t\t<\/div>\n\t\t\t\t\t\t<\/div>\n\t\t\t\t<\/div>\n\t\t\t\t<\/div>\n\t\t<div data-particle_enable=\"false\" data-particle-mobile-disabled=\"false\" class=\"elementor-element elementor-element-49904995 e-flex e-con-boxed e-con e-parent\" data-id=\"49904995\" data-element_type=\"container\">\n\t\t\t\t\t<div class=\"e-con-inner\">\n\t\t\t\t<div class=\"elementor-element elementor-element-8e7940a elementor-widget elementor-widget-spacer\" data-id=\"8e7940a\" data-element_type=\"widget\" data-widget_type=\"spacer.default\">\n\t\t\t\t<div class=\"elementor-widget-container\">\n\t\t\t\t\t\t\t<div class=\"elementor-spacer\">\n\t\t\t<div class=\"elementor-spacer-inner\"><\/div>\n\t\t<\/div>\n\t\t\t\t\t\t<\/div>\n\t\t\t\t<\/div>\n\t\t\t\t<div class=\"elementor-element elementor-element-1c0f496d elementor-widget elementor-widget-text-editor\" data-id=\"1c0f496d\" data-element_type=\"widget\" data-widget_type=\"text-editor.default\">\n\t\t\t\t<div class=\"elementor-widget-container\">\n\t\t\t\t\t\t\t\t\t<p><span style=\"font-weight: 400;\">Escuelas y organizaciones <\/span><span style=\"font-weight: 400;\">(como SNCIL)<\/span><span style=\"font-weight: 400;\"> son estupendas para ayudarte a aprender habilidades acad\u00e9micas y profesionales. Pero a menudo no nos ense\u00f1an a hacer amigos. Muchas personas tienen dificultades para encontrar y mantener amigos, incluso las que no tienen discapacidades, pero tu discapacidad puede suponer un reto a\u00f1adido. <\/span> <\/p><p><span style=\"text-align: var(--text-align); background-color: var( --e-global-color-c696dce ); font-family: -apple-system, BlinkMacSystemFont, 'Segoe UI', Roboto, 'Helvetica Neue', Arial, 'Noto Sans', sans-serif, 'Apple Color Emoji', 'Segoe UI Emoji', 'Segoe UI Symbol', 'Noto Color Emoji'; font-size: 1rem;\">He aqu\u00ed algunas cosas en las que pensar cuando se trata de amistades y relaciones entre iguales:<\/span><\/p><h3><span style=\"font-weight: 400;\">C\u00e9ntrate en las personas cari\u00f1osas y comprensivas de tu vida<\/span><\/h3><p><span style=\"font-weight: 400;\">Rod\u00e9ate de personas que te hagan sentir bien, importante e incluido. No dediques tiempo a nadie que te haga sentir mal. Los buenos amigos no te considerar\u00e1n indefenso ni menos que nadie, y no minimizar\u00e1n tus experiencias.    <\/span><\/p><p><span style=\"font-weight: 400;\">Puede que los buenos amigos no siempre sepan c\u00f3mo apoyarte mejor, \u00a1y no pasa nada! Al menos deber\u00edan estar dispuestos y abiertos a aprender. Siempre debes sentirte seguro pidi\u00e9ndoles ayuda o simplemente pasando tiempo con ellos.  <\/span><\/p><h3><span style=\"font-weight: 400;\">Hable abiertamente de su discapacidad<\/span><\/h3><p><span style=\"font-weight: 400;\">Tu discapacidad forma parte de lo que te hace ser T\u00da. No sientas que tienes que ocultarla ni c\u00f3mo afecta a tu vida. La gente es curiosa por naturaleza y puede hacer preguntas. Un buen amigo las hace amablemente. S\u00e9 sincero sobre tus dificultades. Tu discapacidad no afecta a tu capacidad para ser un buen amigo.     <\/span><\/p><h3><span style=\"font-weight: 400;\">S\u00e9 t\u00fa mismo<\/span><\/h3><p><span style=\"font-weight: 400;\">No cambies lo que eres para complacer a los dem\u00e1s. S\u00e9 t\u00fa mismo. Esto te ayudar\u00e1 a encontrar personas que comparten tus intereses y te querr\u00e1n y animar\u00e1n por <\/span><i>\n  <span style=\"font-weight: 400;\">lo que eres<\/span>\n<\/i><span style=\"font-weight: 400;\">. La sinceridad es la mejor base para una amistad. Los verdaderos amigos se preocupar\u00e1n por ti, pase lo que pase. Y si no lo hacen, no te merecen.<\/span><\/p><h3><span style=\"font-weight: 400;\">Unirse a un grupo<\/span><\/h3><p><span style=\"font-weight: 400;\">Los grupos que se forman en torno a intereses comunes, ya sean clubes de lectura, organizaciones de servicios, clases de arte o congregaciones religiosas, son lugares maravillosos para conocer gente nueva. Si no encuentra un grupo que se adapte a sus necesidades e intereses, \u00bfpor qu\u00e9 no crea uno propio? Consulta nuestra p\u00e1gina \u00abCon\u00e9ctate a estas comunidades\u00bb para saber m\u00e1s sobre el papel que pueden desempe\u00f1ar los grupos a la hora de ayudarte a conocer a otras personas.  <\/span><\/p><h3><span style=\"font-weight: 400;\">Toma la iniciativa<\/span><\/h3><p><span style=\"font-weight: 400;\">Tener una discapacidad puede hacerte sentir inseguro a la hora de dar el primer paso con nuevos amigos. Es importante recordar que <\/span><i>\n  <span style=\"font-weight: 400;\">todo el mundo <\/span>\n<\/i><span style=\"font-weight: 400;\">se siente inseguro a veces. En <\/span><i>\n  <span style=\"font-weight: 400;\">siempre <\/span>\n<\/i><span style=\"font-weight: 400;\">siempre sienta bien que alguien quiera ser tu amigo. \u00bfPor qu\u00e9 no compartir esa experiencia con otra persona?<\/span><\/p><p><span style=\"font-weight: 400;\">Si hay alguien a quien te gustar\u00eda conocer mejor, \u00bfpodr\u00edas invitarle a tomar un caf\u00e9 o a comer alg\u00fan d\u00eda, o incluso a dar un paseo por el parque? \u00bfQuiz\u00e1 podr\u00edas crear un club de lectura o de cine con un par de personas? S\u00e9 creativo.  <\/span><\/p><h3>Recursos:<\/h3><ul><li style=\"font-weight: 400;\" aria-level=\"1\"><b><a href=\"https:\/\/www.bestbuddies.org\/nevada\/\" target=\"_blank\" rel=\"noopener\">Best Buddies en Nevada<\/a>: <\/b><span style=\"font-weight: 400;\">Ayuda a las personas con discapacidad de Nevada a hacer amigos y encontrar apoyo en sus comunidades. <\/span> <\/li><li style=\"font-weight: 400;\" aria-level=\"1\"><b><a href=\"https:\/\/ddwa.org.au\/the-friendship-project-making-and-keeping-friends-for-people-with-intellectual-disability\/\" target=\"_blank\" rel=\"noopener\">El Proyecto Amistad<\/a>:<\/b><span style=\"font-weight: 400;\"> Organizaci\u00f3n australiana El Proyecto Amistad es una serie de v\u00eddeos y materiales escritos (incluida la lectura f\u00e1cil) para personas con discapacidad intelectual, hechos por y con personas con discapacidad, sobre c\u00f3mo hacer y mantener amigos. <\/span> <\/li><li style=\"font-weight: 400;\" aria-level=\"1\"><b>Fundaci\u00f3n para Personas con Discapacidades de Aprendizaje <\/b><a href=\"https:\/\/valuesintoaction.org\/the-true-friendships-project\/\">\n  <b>Proyecto Amistades Verdaderas<\/b>\n<\/a><b>:<\/b><span style=\"font-weight: 400;\"> El Proyecto Amistades Verdaderas pretende facilitar a las personas con discapacidad la tarea de hacer amigos y conservarlos. El Proyecto Amistades Verdaderas se centra en crear oportunidades y capacidad de amistad para todos. Su <\/span><a href=\"https:\/\/valuesintoaction.org\/relationship-resource-guide-2\/\">\n  <span style=\"font-weight: 400;\">Gu\u00eda de recursos para las relaciones<\/span>\n<\/a><span style=\"font-weight: 400;\"> contiene consejos para hacer amigos y mucho m\u00e1s.<\/span><\/li><\/ul>\t\t\t\t\t\t\t\t<\/div>\n\t\t\t\t<\/div>\n\t\t\t\t\t<\/div>\n\t\t\t\t<\/div>\n\t\t\t\t<\/div>\n\t\t","protected":false},"excerpt":{"rendered":"<p>Encontrar a su gente Escuelas y organizaciones (como SNCIL) son estupendas para ayudarte a aprender habilidades acad\u00e9micas y profesionales. Pero a menudo no nos ense\u00f1an a hacer amigos. Muchas personas tienen dificultades para encontrar y mantener amigos, incluso las que no tienen discapacidades, pero tu discapacidad puede suponer un reto a\u00f1adido. He aqu\u00ed algunas cosas [&hellip;]<\/p>\n","protected":false},"author":1,"featured_media":0,"parent":767,"menu_order":0,"comment_status":"closed","ping_status":"closed","template":"","meta":{"footnotes":""},"class_list":["post-855","page","type-page","status-publish","hentry"],"_links":{"self":[{"href":"https:\/\/nvtrip.sncil.org\/es\/wp-json\/wp\/v2\/pages\/855","targetHints":{"allow":["GET"]}}],"collection":[{"href":"https:\/\/nvtrip.sncil.org\/es\/wp-json\/wp\/v2\/pages"}],"about":[{"href":"https:\/\/nvtrip.sncil.org\/es\/wp-json\/wp\/v2\/types\/page"}],"author":[{"embeddable":true,"href":"https:\/\/nvtrip.sncil.org\/es\/wp-json\/wp\/v2\/users\/1"}],"replies":[{"embeddable":true,"href":"https:\/\/nvtrip.sncil.org\/es\/wp-json\/wp\/v2\/comments?post=855"}],"version-history":[{"count":5,"href":"https:\/\/nvtrip.sncil.org\/es\/wp-json\/wp\/v2\/pages\/855\/revisions"}],"predecessor-version":[{"id":2015,"href":"https:\/\/nvtrip.sncil.org\/es\/wp-json\/wp\/v2\/pages\/855\/revisions\/2015"}],"up":[{"embeddable":true,"href":"https:\/\/nvtrip.sncil.org\/es\/wp-json\/wp\/v2\/pages\/767"}],"wp:attachment":[{"href":"https:\/\/nvtrip.sncil.org\/es\/wp-json\/wp\/v2\/media?parent=855"}],"curies":[{"name":"wp","href":"https:\/\/api.w.org\/{rel}","templated":true}]}}