{"id":849,"date":"2025-03-28T19:10:16","date_gmt":"2025-03-28T19:10:16","guid":{"rendered":"https:\/\/nvtrip.sncil.org\/viaje-nv\/apoyo-entre-iguales\/conectar-con-la-comunidad\/"},"modified":"2025-09-29T03:03:13","modified_gmt":"2025-09-29T03:03:13","slug":"conectar-con-la-comunidad","status":"publish","type":"page","link":"https:\/\/nvtrip.sncil.org\/es\/viaje-nv\/apoyo-entre-iguales\/conectar-con-la-comunidad\/","title":{"rendered":"Conectar con la comunidad"},"content":{"rendered":"\t\t<div data-elementor-type=\"wp-page\" data-elementor-id=\"849\" class=\"elementor elementor-849 elementor-182\" data-elementor-post-type=\"page\">\n\t\t\t\t<div data-particle_enable=\"false\" data-particle-mobile-disabled=\"false\" class=\"elementor-element elementor-element-1e1a4bbc e-con-full e-flex e-con e-parent\" data-id=\"1e1a4bbc\" data-element_type=\"container\">\n\t\t\t\t<div class=\"elementor-element elementor-element-7934367e elementor-widget elementor-widget-image\" data-id=\"7934367e\" data-element_type=\"widget\" data-widget_type=\"image.default\">\n\t\t\t\t<div class=\"elementor-widget-container\">\n\t\t\t\t\t\t\t\t\t\t\t\t\t\t\t<img fetchpriority=\"high\" decoding=\"async\" width=\"1440\" height=\"700\" src=\"https:\/\/nvtrip.sncil.org\/wp-content\/uploads\/2025\/03\/Community.png\" class=\"attachment-full size-full wp-image-692\" alt=\"Animated illlustration of a group of friends enjoying nature.\" srcset=\"https:\/\/nvtrip.sncil.org\/wp-content\/uploads\/2025\/03\/Community.png 1440w, https:\/\/nvtrip.sncil.org\/wp-content\/uploads\/2025\/03\/Community-300x146.png 300w, https:\/\/nvtrip.sncil.org\/wp-content\/uploads\/2025\/03\/Community-1024x498.png 1024w, https:\/\/nvtrip.sncil.org\/wp-content\/uploads\/2025\/03\/Community-768x373.png 768w\" sizes=\"(max-width: 1440px) 100vw, 1440px\" \/>\t\t\t\t\t\t\t\t\t\t\t\t\t\t\t<\/div>\n\t\t\t\t<\/div>\n\t\t\t\t<div class=\"elementor-element elementor-element-7ad28bbe elementor-widget elementor-widget-heading\" data-id=\"7ad28bbe\" data-element_type=\"widget\" data-widget_type=\"heading.default\">\n\t\t\t\t<div class=\"elementor-widget-container\">\n\t\t\t\t\t<h1 class=\"elementor-heading-title elementor-size-default\">Conectar con la comunidad<\/h1>\t\t\t\t<\/div>\n\t\t\t\t<\/div>\n\t\t\t\t<\/div>\n\t\t<div data-particle_enable=\"false\" data-particle-mobile-disabled=\"false\" class=\"elementor-element elementor-element-5b224d5e e-flex e-con-boxed e-con e-parent\" data-id=\"5b224d5e\" data-element_type=\"container\">\n\t\t\t\t\t<div class=\"e-con-inner\">\n\t\t\t\t<div class=\"elementor-element elementor-element-f057b9e elementor-widget elementor-widget-spacer\" data-id=\"f057b9e\" data-element_type=\"widget\" data-widget_type=\"spacer.default\">\n\t\t\t\t<div class=\"elementor-widget-container\">\n\t\t\t\t\t\t\t<div class=\"elementor-spacer\">\n\t\t\t<div class=\"elementor-spacer-inner\"><\/div>\n\t\t<\/div>\n\t\t\t\t\t\t<\/div>\n\t\t\t\t<\/div>\n\t\t\t\t<div class=\"elementor-element elementor-element-4ac782c1 elementor-widget elementor-widget-text-editor\" data-id=\"4ac782c1\" data-element_type=\"widget\" data-widget_type=\"text-editor.default\">\n\t\t\t\t<div class=\"elementor-widget-container\">\n\t\t\t\t\t\t\t\t\t<p dir=\"ltr\" style=\"line-height: 1.38; margin-top: 0pt; margin-bottom: 0pt;\"><span style=\"font-size: 11pt; font-family: Arial,sans-serif; color: #000000; background-color: transparent; font-weight: 400; font-style: normal; font-variant: normal; text-decoration: none; vertical-align: baseline; white-space: pre-wrap;\">Sabemos que tener amigos mejora nuestra salud y nuestra sensaci\u00f3n de bienestar, reduce el estr\u00e9s y mejora nuestro sentimiento de pertenencia. De hecho, los estudios demuestran que incluso puede ayudarnos a vivir m\u00e1s tiempo.   <\/span><\/p><p dir=\"ltr\" style=\"line-height: 1.38; margin-top: 0pt; margin-bottom: 0pt;\"><span style=\"font-size: 11pt; font-family: Arial,sans-serif; color: #000000; background-color: transparent; font-weight: 400; font-style: normal; font-variant: normal; text-decoration: none; vertical-align: baseline; white-space: pre-wrap;\">Para muchos de nosotros, sin embargo, nuestro d\u00eda a d\u00eda no ofrece muchas oportunidades de profundizar en nuestras relaciones o conocer gente nueva. Formar parte de un grupo cuyos miembros comparten intereses o trabajan juntos puede ser una buena manera de empezar.   <\/span><\/p><h2 dir=\"ltr\" style=\"line-height: 1.38; margin-top: 18pt; margin-bottom: 6pt;\"><span style=\"font-size: 16pt; font-family: Arial,sans-serif; color: #000000; background-color: transparent; font-weight: 400; font-style: normal; font-variant: normal; text-decoration: none; vertical-align: baseline; white-space: pre-wrap;\">Explora tus intereses<\/span><\/h2><p dir=\"ltr\" style=\"line-height: 1.38; margin-top: 0pt; margin-bottom: 0pt;\"><span style=\"font-size: 11pt; font-family: Arial,sans-serif; color: #000000; background-color: transparent; font-weight: 400; font-style: normal; font-variant: normal; text-decoration: none; vertical-align: baseline; white-space: pre-wrap;\">\u00bfTe gusta leer, jugar a juegos de mesa o videojuegos, ver pel\u00edculas, hablar de pol\u00edtica, probar comidas nuevas, tejer o hacer senderismo? Sean cuales sean tus aficiones e intereses, seguro que hay un grupo para ello. El Departamento de Parques y Actividades Recreativas de tu ciudad tiene una lista de muchas clases y clubes para gente con intereses y antecedentes muy diversos.    <\/span><\/p><p dir=\"ltr\" style=\"line-height: 1.38; margin-top: 0pt; margin-bottom: 0pt;\"><span style=\"font-size: 11pt; font-family: Arial,sans-serif; color: #000000; background-color: transparent; font-weight: 400; font-style: normal; font-variant: normal; text-decoration: none; vertical-align: baseline; white-space: pre-wrap;\">Una comunidad de personas centrada en tu discapacidad espec\u00edfica puede ser un buen punto de partida. Las redes en l\u00ednea tambi\u00e9n pueden ser muy \u00fatiles, como la red   <\/span><a style=\"text-decoration: none;\" href=\"https:\/\/diversability.mn.co\/\"><span style=\"font-size: 11pt; font-family: Arial,sans-serif; color: #1155cc; background-color: transparent; font-weight: 400; font-style: normal; font-variant: normal; text-decoration: underline; -webkit-text-decoration-skip: none; text-decoration-skip-ink: none; vertical-align: baseline; white-space: pre-wrap;\">Colectivo de Liderazgo para la Diversabilidad<\/span><\/a><span style=\"font-size: 11pt; font-family: Arial,sans-serif; color: #000000; background-color: transparent; font-weight: 400; font-style: normal; font-variant: normal; text-decoration: none; vertical-align: baseline; white-space: pre-wrap;\">. Puede ser positivo relacionarse con personas que comparten las mismas experiencias vividas, ya que es probable que te apoyen m\u00e1s. Si tu identidad tiene un componente adicional, como pertenecer a una cultura espec\u00edfica, puede que tambi\u00e9n haya un grupo asociado a ella.   <\/span><\/p><h2 dir=\"ltr\" style=\"line-height: 1.38; margin-top: 18pt; margin-bottom: 6pt;\"><span style=\"font-size: 16pt; font-family: Arial,sans-serif; color: #000000; background-color: transparent; font-weight: 400; font-style: normal; font-variant: normal; text-decoration: none; vertical-align: baseline; white-space: pre-wrap;\">Utilizar recursos en l\u00ednea<\/span><\/h2><p dir=\"ltr\" style=\"line-height: 1.38; margin-top: 0pt; margin-bottom: 0pt;\"><span style=\"font-size: 11pt; font-family: Arial,sans-serif; color: #000000; background-color: transparent; font-weight: 400; font-style: normal; font-variant: normal; text-decoration: none; vertical-align: baseline; white-space: pre-wrap;\">Ya conoces las aplicaciones para ligar, pero tambi\u00e9n las hay para conocer nuevos amigos. Aqu\u00ed tienes algunas: <\/span><\/p><ul style=\"margin-top: 0; margin-bottom: 0; padding-inline-start: 48px;\"><li dir=\"ltr\" style=\"list-style-type: disc; font-size: 11pt; font-family: Arial,sans-serif; color: #000000; background-color: transparent; font-weight: 400; font-style: normal; font-variant: normal; text-decoration: none; vertical-align: baseline; white-space: pre;\" aria-level=\"1\"><p dir=\"ltr\" style=\"line-height: 1.38; margin-top: 0pt; margin-bottom: 0pt;\" role=\"presentation\"><a style=\"text-decoration: none;\" href=\"https:\/\/www.meetup.com\/\"><span style=\"font-size: 11pt; font-family: Arial,sans-serif; color: #1155cc; background-color: transparent; font-weight: bold; font-style: normal; font-variant: normal; text-decoration: underline; -webkit-text-decoration-skip: none; text-decoration-skip-ink: none; vertical-align: baseline; white-space: pre-wrap;\">Meetup:<\/span><\/a><span style=\"font-size: 11pt; font-family: Arial,sans-serif; color: #000000; background-color: transparent; font-weight: 400; font-style: normal; font-variant: normal; text-decoration: none; vertical-align: baseline; white-space: pre-wrap;\"> Explora eventos, actividades y clubes para lo que te interese, en tu \u00e1rea local.<\/span><\/p><\/li><li dir=\"ltr\" style=\"list-style-type: disc; font-size: 11pt; font-family: Arial,sans-serif; color: #000000; background-color: transparent; font-weight: 400; font-style: normal; font-variant: normal; text-decoration: none; vertical-align: baseline; white-space: pre;\" aria-level=\"1\"><p dir=\"ltr\" style=\"line-height: 1.38; margin-top: 0pt; margin-bottom: 0pt;\" role=\"presentation\"><a style=\"text-decoration: none;\" href=\"https:\/\/bumble.com\/bff\"><span style=\"font-size: 11pt; font-family: Arial,sans-serif; color: #1155cc; background-color: transparent; font-weight: bold; font-style: normal; font-variant: normal; text-decoration: underline; -webkit-text-decoration-skip: none; text-decoration-skip-ink: none; vertical-align: baseline; white-space: pre-wrap;\">Bumble BFF:<\/span><\/a> <span style=\"font-size: 11pt; font-family: Arial,sans-serif; color: #000000; background-color: transparent; font-weight: 400; font-style: normal; font-variant: normal; text-decoration: none; vertical-align: baseline; white-space: pre-wrap;\"> Esta aplicaci\u00f3n para conocer nuevos amigos funciona de forma similar a su aplicaci\u00f3n de citas asociada, Bumble. <\/span> <\/p><\/li><li dir=\"ltr\" style=\"list-style-type: disc; font-size: 11pt; font-family: Arial,sans-serif; color: #000000; background-color: transparent; font-weight: 400; font-style: normal; font-variant: normal; text-decoration: none; vertical-align: baseline; white-space: pre;\" aria-level=\"1\"><p dir=\"ltr\" style=\"line-height: 1.38; margin-top: 0pt; margin-bottom: 0pt;\" role=\"presentation\"><a style=\"text-decoration: none;\" href=\"https:\/\/www.heyvina.com\/\"><span style=\"font-size: 11pt; font-family: Arial,sans-serif; color: #1155cc; background-color: transparent; font-weight: bold; font-style: normal; font-variant: normal; text-decoration: underline; -webkit-text-decoration-skip: none; text-decoration-skip-ink: none; vertical-align: baseline; white-space: pre-wrap;\">\u00a1Hey! VINA: <\/span><\/a><span style=\"font-size: 11pt; font-family: Arial,sans-serif; color: #000000; background-color: transparent; font-weight: 400; font-style: normal; font-variant: normal; text-decoration: none; vertical-align: baseline; white-space: pre-wrap;\">  \u00abComo Tinder, para (chicas)amigas\u00bb, \u00a1Hey! VINA fue desarrollado por mujeres, para mujeres\u00bb. <\/span><\/p><\/li><li dir=\"ltr\" style=\"list-style-type: disc; font-size: 11pt; font-family: Arial,sans-serif; color: #000000; background-color: transparent; font-weight: bold; font-style: normal; font-variant: normal; text-decoration: none; vertical-align: baseline; white-space: pre;\" aria-level=\"1\"><p dir=\"ltr\" style=\"line-height: 1.38; margin-top: 0pt; margin-bottom: 0pt;\" role=\"presentation\"><a style=\"text-decoration: none;\" href=\"https:\/\/www.yubo.live\/\"><span style=\"font-size: 11pt; font-family: Arial,sans-serif; color: #1155cc; background-color: transparent; font-weight: bold; font-style: normal; font-variant: normal; text-decoration: underline; -webkit-text-decoration-skip: none; text-decoration-skip-ink: none; vertical-align: baseline; white-space: pre-wrap;\">Yubo:<\/span><\/a> <span style=\"font-size: 11pt; font-family: Arial,sans-serif; color: #000000; background-color: transparent; font-weight: 400; font-style: normal; font-variant: normal; text-decoration: none; vertical-align: baseline; white-space: pre-wrap;\">Cuando est\u00e1s en esta aplicaci\u00f3n, dise\u00f1ada espec\u00edficamente para los j\u00f3venes, puedes tom\u00e1rtelo con calma, mantener conversaciones con gente en l\u00ednea y jugar sobre seguro, sin ninguna presi\u00f3n.<\/span><\/p><\/li><li dir=\"ltr\" style=\"list-style-type: disc; font-size: 11pt; font-family: Arial,sans-serif; color: #000000; background-color: transparent; font-weight: bold; font-style: normal; font-variant: normal; text-decoration: none; vertical-align: baseline; white-space: pre;\" aria-level=\"1\"><p dir=\"ltr\" style=\"line-height: 1.38; margin-top: 0pt; margin-bottom: 0pt;\" role=\"presentation\"><a style=\"text-decoration: none;\" href=\"https:\/\/www.skout.com\/en\/\"><span style=\"font-size: 11pt; font-family: Arial,sans-serif; color: #1155cc; background-color: transparent; font-weight: bold; font-style: normal; font-variant: normal; text-decoration: underline; -webkit-text-decoration-skip: none; text-decoration-skip-ink: none; vertical-align: baseline; white-space: pre-wrap;\">Skout:<\/span><\/a> <span style=\"font-size: 11pt; font-family: Arial,sans-serif; color: #000000; background-color: transparent; font-weight: 400; font-style: normal; font-variant: normal; text-decoration: none; vertical-align: baseline; white-space: pre-wrap;\">Esta app fue dise\u00f1ada para ayudar a la gente a conocer nuevos amigos o parejas para citas.<\/span><\/p><\/li><\/ul><p dir=\"ltr\"> <\/p><p dir=\"ltr\" style=\"line-height: 1.38; margin-top: 0pt; margin-bottom: 0pt;\"><span style=\"font-size: 11pt; font-family: Arial,sans-serif; color: #000000; background-color: transparent; font-weight: 400; font-style: normal; font-variant: normal; text-decoration: none; vertical-align: baseline; white-space: pre-wrap;\">\u00c9sta es s\u00f3lo una muestra de las muchas aplicaciones y foros en l\u00ednea en los que puedes conocer gente nueva y entablar amistad.<\/span><\/p><h2 dir=\"ltr\" style=\"line-height: 1.38; margin-top: 18pt; margin-bottom: 6pt;\"><span style=\"font-size: 16pt; font-family: Arial,sans-serif; color: #000000; background-color: transparent; font-weight: 400; font-style: normal; font-variant: normal; text-decoration: none; vertical-align: baseline; white-space: pre-wrap;\">Voluntario<\/span><\/h2><p dir=\"ltr\" style=\"line-height: 1.38; margin-top: 0pt; margin-bottom: 0pt;\"><span style=\"font-size: 11pt; font-family: Arial,sans-serif; color: #000000; background-color: transparent; font-weight: 400; font-style: normal; font-variant: normal; text-decoration: none; vertical-align: baseline; white-space: pre-wrap;\">El voluntariado en causas y organizaciones que te interesan no es s\u00f3lo una forma de hacer del mundo un lugar mejor, sino tambi\u00e9n de combatir la soledad, darte un sentido de prop\u00f3sito y establecer contactos con gente nueva. Tu compromiso compartido con el servicio tambi\u00e9n puede ser un v\u00ednculo que compartas con nuevos amigos. Piensa en temas que te apasionen. \u00bfLos animales? Hazte voluntario en la Sociedad Protectora de Animales de tu localidad. \u00bfLa sanidad? Tal vez puedas ser voluntario en una residencia de ancianos o en un hospital infantil. A tu CIL local o a otra organizaci\u00f3n para discapacitados probablemente les encantar\u00eda que compartieras tus conocimientos y experiencia con los dem\u00e1s.       <\/span><\/p><h2 dir=\"ltr\" style=\"line-height: 1.38; margin-top: 18pt; margin-bottom: 6pt;\"><span style=\"font-size: 16pt; font-family: Arial,sans-serif; color: #000000; background-color: transparent; font-weight: 400; font-style: normal; font-variant: normal; text-decoration: none; vertical-align: baseline; white-space: pre-wrap;\">Haz que las cosas sucedan por ti mismo<\/span><\/h2><p dir=\"ltr\" style=\"line-height: 1.38; margin-top: 0pt; margin-bottom: 0pt;\"><span style=\"font-size: 11pt; font-family: Arial,sans-serif; color: #000000; background-color: transparent; font-weight: 400; font-style: normal; font-variant: normal; text-decoration: none; vertical-align: baseline; white-space: pre-wrap;\">\u00bfNo encuentra en su localidad un grupo que le interese? \u00bfPor qu\u00e9 no crear uno propio? Crea un club de lectura, un grupo de manualidades o un foro en Internet. Puedes utilizar las redes sociales para invitar a la gente a unirse a ti. Recuerda que si a ti te cuesta encontrar gente, lo m\u00e1s probable es que a otros tambi\u00e9n.    <\/span><\/p><h2 dir=\"ltr\" style=\"line-height: 1.38; margin-top: 18pt; margin-bottom: 6pt;\"><span style=\"font-size: 16pt; font-family: Arial,sans-serif; color: #000000; background-color: transparent; font-weight: 400; font-style: normal; font-variant: normal; text-decoration: none; vertical-align: baseline; white-space: pre-wrap;\">Dar el siguiente paso<\/span><\/h2><p dir=\"ltr\" style=\"line-height: 1.38; margin-top: 0pt; margin-bottom: 0pt;\"><span style=\"font-size: 11pt; font-family: Arial,sans-serif; color: #000000; background-color: transparent; font-weight: 400; font-style: normal; font-variant: normal; text-decoration: none; vertical-align: baseline; white-space: pre-wrap;\">Cuando est\u00e9s en un grupo, foro o equipo de voluntarios, probablemente conocer\u00e1s a alguien a quien te gustar\u00eda conocer mejor o con quien te gustar\u00eda pasar m\u00e1s tiempo. P\u00eddele que se aparte y preg\u00fantale si le gustar\u00eda hacer planes para tomar un caf\u00e9, comer, ir al cine o dar un paseo despu\u00e9s de la reuni\u00f3n. Y no te sientas mal si tienen otros planes; no es nada personal. Merece la pena esperar a los buenos amigos.     <\/span><\/p><div><span style=\"font-size: 11pt; font-family: Arial,sans-serif; color: #000000; background-color: transparent; font-weight: 400; font-style: normal; font-variant: normal; text-decoration: none; vertical-align: baseline; white-space: pre-wrap;\"> <\/span><\/div>\t\t\t\t\t\t\t\t<\/div>\n\t\t\t\t<\/div>\n\t\t\t\t\t<\/div>\n\t\t\t\t<\/div>\n\t\t\t\t<\/div>\n\t\t","protected":false},"excerpt":{"rendered":"<p>Conectar con la comunidad Sabemos que tener amigos mejora nuestra salud y nuestra sensaci\u00f3n de bienestar, reduce el estr\u00e9s y mejora nuestro sentimiento de pertenencia. De hecho, los estudios demuestran que incluso puede ayudarnos a vivir m\u00e1s tiempo. Para muchos de nosotros, sin embargo, nuestro d\u00eda a d\u00eda no ofrece muchas oportunidades de profundizar en [&hellip;]<\/p>\n","protected":false},"author":1,"featured_media":0,"parent":767,"menu_order":0,"comment_status":"closed","ping_status":"closed","template":"","meta":{"footnotes":""},"class_list":["post-849","page","type-page","status-publish","hentry"],"_links":{"self":[{"href":"https:\/\/nvtrip.sncil.org\/es\/wp-json\/wp\/v2\/pages\/849","targetHints":{"allow":["GET"]}}],"collection":[{"href":"https:\/\/nvtrip.sncil.org\/es\/wp-json\/wp\/v2\/pages"}],"about":[{"href":"https:\/\/nvtrip.sncil.org\/es\/wp-json\/wp\/v2\/types\/page"}],"author":[{"embeddable":true,"href":"https:\/\/nvtrip.sncil.org\/es\/wp-json\/wp\/v2\/users\/1"}],"replies":[{"embeddable":true,"href":"https:\/\/nvtrip.sncil.org\/es\/wp-json\/wp\/v2\/comments?post=849"}],"version-history":[{"count":2,"href":"https:\/\/nvtrip.sncil.org\/es\/wp-json\/wp\/v2\/pages\/849\/revisions"}],"predecessor-version":[{"id":1841,"href":"https:\/\/nvtrip.sncil.org\/es\/wp-json\/wp\/v2\/pages\/849\/revisions\/1841"}],"up":[{"embeddable":true,"href":"https:\/\/nvtrip.sncil.org\/es\/wp-json\/wp\/v2\/pages\/767"}],"wp:attachment":[{"href":"https:\/\/nvtrip.sncil.org\/es\/wp-json\/wp\/v2\/media?parent=849"}],"curies":[{"name":"wp","href":"https:\/\/api.w.org\/{rel}","templated":true}]}}