{"id":839,"date":"2025-03-28T19:10:43","date_gmt":"2025-03-28T19:10:43","guid":{"rendered":"https:\/\/nvtrip.sncil.org\/apoyo-entre-iguales\/apoyo-a-los-amigos-con-discapacidad\/"},"modified":"2025-10-22T23:55:41","modified_gmt":"2025-10-22T23:55:41","slug":"apoyo-a-los-amigos-con-discapacidad","status":"publish","type":"page","link":"https:\/\/nvtrip.sncil.org\/es\/viaje-nv\/apoyo-entre-iguales\/apoyo-a-los-amigos-con-discapacidad\/","title":{"rendered":"Apoyo a los amigos con discapacidad"},"content":{"rendered":"\t\t<div data-elementor-type=\"wp-page\" data-elementor-id=\"839\" class=\"elementor elementor-839 elementor-183\" data-elementor-post-type=\"page\">\n\t\t\t\t<div data-particle_enable=\"false\" data-particle-mobile-disabled=\"false\" class=\"elementor-element elementor-element-2f2ccbf0 e-con-full e-flex e-con e-parent\" data-id=\"2f2ccbf0\" data-element_type=\"container\">\n\t\t\t\t<div class=\"elementor-element elementor-element-2d3eaadc elementor-widget elementor-widget-image\" data-id=\"2d3eaadc\" data-element_type=\"widget\" data-widget_type=\"image.default\">\n\t\t\t\t<div class=\"elementor-widget-container\">\n\t\t\t\t\t\t\t\t\t\t\t\t\t\t\t<img fetchpriority=\"high\" decoding=\"async\" width=\"1440\" height=\"700\" src=\"https:\/\/nvtrip.sncil.org\/wp-content\/uploads\/2025\/03\/Making-Memories.png\" class=\"attachment-full size-full wp-image-463\" alt=\"Illustration of two friends, one in a wheelchair, and another set of friends, one blind with a cane and service dog.\" srcset=\"https:\/\/nvtrip.sncil.org\/wp-content\/uploads\/2025\/03\/Making-Memories.png 1440w, https:\/\/nvtrip.sncil.org\/wp-content\/uploads\/2025\/03\/Making-Memories-300x146.png 300w, https:\/\/nvtrip.sncil.org\/wp-content\/uploads\/2025\/03\/Making-Memories-1024x498.png 1024w, https:\/\/nvtrip.sncil.org\/wp-content\/uploads\/2025\/03\/Making-Memories-768x373.png 768w\" sizes=\"(max-width: 1440px) 100vw, 1440px\" \/>\t\t\t\t\t\t\t\t\t\t\t\t\t\t\t<\/div>\n\t\t\t\t<\/div>\n\t\t\t\t<div class=\"elementor-element elementor-element-3c5fb64f elementor-widget elementor-widget-heading\" data-id=\"3c5fb64f\" data-element_type=\"widget\" data-widget_type=\"heading.default\">\n\t\t\t\t<div class=\"elementor-widget-container\">\n\t\t\t\t\t<h1 class=\"elementor-heading-title elementor-size-default\">Apoyo a los amigos con discapacidad<\/h1>\t\t\t\t<\/div>\n\t\t\t\t<\/div>\n\t\t\t\t<\/div>\n\t\t<div data-particle_enable=\"false\" data-particle-mobile-disabled=\"false\" class=\"elementor-element elementor-element-653f64e1 e-flex e-con-boxed e-con e-parent\" data-id=\"653f64e1\" data-element_type=\"container\">\n\t\t\t\t\t<div class=\"e-con-inner\">\n\t\t\t\t<div class=\"elementor-element elementor-element-da9cddd elementor-widget elementor-widget-spacer\" data-id=\"da9cddd\" data-element_type=\"widget\" data-widget_type=\"spacer.default\">\n\t\t\t\t<div class=\"elementor-widget-container\">\n\t\t\t\t\t\t\t<div class=\"elementor-spacer\">\n\t\t\t<div class=\"elementor-spacer-inner\"><\/div>\n\t\t<\/div>\n\t\t\t\t\t\t<\/div>\n\t\t\t\t<\/div>\n\t\t\t\t<div class=\"elementor-element elementor-element-232f58b elementor-widget elementor-widget-video\" data-id=\"232f58b\" data-element_type=\"widget\" data-settings=\"{&quot;youtube_url&quot;:&quot;https:\\\/\\\/youtu.be\\\/EqmARm_smvw&quot;,&quot;video_type&quot;:&quot;youtube&quot;,&quot;controls&quot;:&quot;yes&quot;}\" data-widget_type=\"video.default\">\n\t\t\t\t<div class=\"elementor-widget-container\">\n\t\t\t\t\t\t\t<div class=\"elementor-wrapper elementor-open-inline\">\n\t\t\t<div class=\"elementor-video\"><\/div>\t\t<\/div>\n\t\t\t\t\t\t<\/div>\n\t\t\t\t<\/div>\n\t\t\t\t<div class=\"elementor-element elementor-element-1d931f68 elementor-widget elementor-widget-text-editor\" data-id=\"1d931f68\" data-element_type=\"widget\" data-widget_type=\"text-editor.default\">\n\t\t\t\t<div class=\"elementor-widget-container\">\n\t\t\t\t\t\t\t\t\t<p><span style=\"font-weight: 400;\">Cada persona aporta a sus amistades sus propios antecedentes, personalidades, necesidades e intereses. Tanto si una persona procede de un entorno cultural o \u00e9tnico distinto del tuyo, tiene opiniones diferentes sobre pol\u00edtica u otros temas, como si tiene una discapacidad, sigue teniendo derecho a esperar cari\u00f1o, apoyo y comprensi\u00f3n de sus amigos. <\/span><\/p><p><span style=\"font-weight: 400;\">Sin embargo, no siempre es f\u00e1cil saber cu\u00e1l es la mejor manera de apoyar a una persona con discapacidad. No pasa nada. Lo importante es que te preocupes lo suficiente como para escuchar e intentarlo. Aqu\u00ed tienes algunas cosas que puedes tener en cuenta y que te pueden ayudar:   <\/span><\/p><h2><span style=\"font-weight: 400;\">Sea curioso<\/span><\/h2><p><span style=\"font-weight: 400;\">Tu disposici\u00f3n a hablar de la discapacidad de tu amigo, a hacerle preguntas respetuosas y a mostrar curiosidad, le ayuda a sentir que puede ser \u00e9l mismo contigo y que te importa de verdad.  <\/span><\/p><h2><span style=\"font-weight: 400;\">Ver el <\/span><i><span style=\"font-weight: 400;\">todo <\/span><\/i><span style=\"font-weight: 400;\">persona<\/span><\/h2><p><span style=\"font-weight: 400;\">Que una persona tenga una discapacidad no significa que eso sea todo lo que hay que discutir. Son m\u00e1s que   <\/span><i><span style=\"font-weight: 400;\">s\u00f3lo  <\/span><\/i><span style=\"font-weight: 400;\">una discapacidad. Tambi\u00e9n tienen intereses y prioridades, como cualquier otra persona. Deber\u00edas poder hablar de    <\/span><i><span style=\"font-weight: 400;\">todo<\/span><\/i><span style=\"font-weight: 400;\"> las cosas que os importan a los dos.<\/span><\/p><h2><span style=\"font-weight: 400;\">Ser un buen amigo cuesta trabajo<\/span><\/h2><p><span style=\"font-weight: 400;\">Esto es igual para todos los amigos. S\u00f3lo sacas de una amistad lo que pones en ella. Si tu amigo tiene una discapacidad, a veces necesitar\u00e1 un poco m\u00e1s de comprensi\u00f3n, paciencia o comunicaci\u00f3n. Puede que tengas que darle m\u00e1s margen cuando los planes cambien o se cancelen. Haz todo lo posible por ser flexible, ofrecer alternativas y evitar juzgarle. Dales la misma comprensi\u00f3n que t\u00fa esperas recibir.     <\/span><\/p><h2><span style=\"font-weight: 400;\">Ser un aliado en el mundo<\/span><\/h2><p><span style=\"font-weight: 400;\">Puedes contribuir a hacer del mundo un lugar m\u00e1s amable apoyando actos, actividades y empresas accesibles e inclusivas para las personas con discapacidad. Aboga por estas cosas en todos los \u00e1mbitos de su vida. <\/span><\/p><h2><span style=\"font-weight: 400;\">Ser un espacio seguro<\/span><\/h2><p><span style=\"font-weight: 400;\">A veces, una persona discapacitada necesita un espacio seguro para desahogarse, expresar su decepci\u00f3n, frustraci\u00f3n, enfado o tristeza. Lo mejor que puedes hacer es escucharles y darles tu cari\u00f1o y apoyo. No tienes que resolver sus problemas. Lo \u00fanico que importa es que escuches para que esa persona se sienta escuchada.   <\/span><\/p><h2><span style=\"font-weight: 400;\">Centrarse en <\/span><i><span style=\"font-weight: 400;\">amigable<\/span><\/i><span style=\"font-weight: 400;\"> humor<\/span><\/h2><p><span style=\"font-weight: 400;\">El humor y las bromas son partes importantes de toda amistad. Es normal bromear con ligereza y todos hemos hecho alguna vez bromas sobre nosotros mismos o sobre los dem\u00e1s, por ejemplo, llamarnos \u00abtorpes\u00bb cuando tropezamos y nos caemos. Como amigo, no hay que tener miedo a ser juguet\u00f3n, pero    <\/span><i><span style=\"font-weight: 400;\">seguir el ejemplo de la otra persona<\/span><\/i><span style=\"font-weight: 400;\">. F\u00edjate en su comportamiento. \u00bfParecen sensibles a las bromas? Presta atenci\u00f3n cuando uses el humor; aseg\u00farate de que la otra persona sabe que s\u00f3lo est\u00e1s bromeando y que no pretendes ser desagradable. Mant\u00e9n conversaciones abiertas al respecto.     <\/span><i><span style=\"font-weight: 400;\">Intenci\u00f3n <\/span><\/i><span style=\"font-weight: 400;\">es lo que importa; deja claras tus buenas intenciones y al\u00e9jate de todo lo que pueda herir susceptibilidades.<\/span><\/p><h2><span style=\"font-weight: 400;\">Nada sobre ellos sin ellos<\/span><\/h2><p><span style=\"font-weight: 400;\">Una persona con discapacidad no es menos persona. No minimices sus experiencias hablando o actuando en su nombre, a menos que te lo pidan expresamente. Puedes permanecer a su lado y defender    <\/span><i><span style=\"font-weight: 400;\">con<\/span><\/i><span style=\"font-weight: 400;\"> ellos, pero no sientas que necesitas hacerlo <\/span><i><span style=\"font-weight: 400;\">para <\/span><\/i><span style=\"font-weight: 400;\">por ellos.<\/span><\/p>\t\t\t\t\t\t\t\t<\/div>\n\t\t\t\t<\/div>\n\t\t\t\t\t<\/div>\n\t\t\t\t<\/div>\n\t\t\t\t<\/div>\n\t\t","protected":false},"excerpt":{"rendered":"<p>Apoyo a los amigos con discapacidad https:\/\/youtu.be\/EqmARm_smvw Cada persona aporta a sus amistades sus propios antecedentes, personalidades, necesidades e intereses. Tanto si una persona procede de un entorno cultural o \u00e9tnico distinto del tuyo, tiene opiniones diferentes sobre pol\u00edtica u otros temas, como si tiene una discapacidad, sigue teniendo derecho a esperar cari\u00f1o, apoyo y [&hellip;]<\/p>\n","protected":false},"author":1,"featured_media":0,"parent":767,"menu_order":0,"comment_status":"closed","ping_status":"closed","template":"","meta":{"footnotes":""},"class_list":["post-839","page","type-page","status-publish","hentry"],"_links":{"self":[{"href":"https:\/\/nvtrip.sncil.org\/es\/wp-json\/wp\/v2\/pages\/839","targetHints":{"allow":["GET"]}}],"collection":[{"href":"https:\/\/nvtrip.sncil.org\/es\/wp-json\/wp\/v2\/pages"}],"about":[{"href":"https:\/\/nvtrip.sncil.org\/es\/wp-json\/wp\/v2\/types\/page"}],"author":[{"embeddable":true,"href":"https:\/\/nvtrip.sncil.org\/es\/wp-json\/wp\/v2\/users\/1"}],"replies":[{"embeddable":true,"href":"https:\/\/nvtrip.sncil.org\/es\/wp-json\/wp\/v2\/comments?post=839"}],"version-history":[{"count":3,"href":"https:\/\/nvtrip.sncil.org\/es\/wp-json\/wp\/v2\/pages\/839\/revisions"}],"predecessor-version":[{"id":1815,"href":"https:\/\/nvtrip.sncil.org\/es\/wp-json\/wp\/v2\/pages\/839\/revisions\/1815"}],"up":[{"embeddable":true,"href":"https:\/\/nvtrip.sncil.org\/es\/wp-json\/wp\/v2\/pages\/767"}],"wp:attachment":[{"href":"https:\/\/nvtrip.sncil.org\/es\/wp-json\/wp\/v2\/media?parent=839"}],"curies":[{"name":"wp","href":"https:\/\/api.w.org\/{rel}","templated":true}]}}