{"id":789,"date":"2025-03-28T19:15:22","date_gmt":"2025-03-28T19:15:22","guid":{"rendered":"https:\/\/nvtrip.sncil.org\/?page_id=789"},"modified":"2025-10-22T23:55:14","modified_gmt":"2025-10-22T23:55:14","slug":"casa-limpia-mente-despejada-consejos-para-un-espacio-reluciente","status":"publish","type":"page","link":"https:\/\/nvtrip.sncil.org\/es\/viaje-nv\/desarrollar-la-confianza-habilidad-a-habilidad\/casa-limpia-mente-despejada-consejos-para-un-espacio-reluciente\/","title":{"rendered":"Casa limpia, mente despejada: Consejos para un espacio reluciente"},"content":{"rendered":"\t\t<div data-elementor-type=\"wp-page\" data-elementor-id=\"789\" class=\"elementor elementor-789 elementor-207\" data-elementor-post-type=\"page\">\n\t\t\t\t<div data-particle_enable=\"false\" data-particle-mobile-disabled=\"false\" class=\"elementor-element elementor-element-3b177be8 e-con-full e-flex e-con e-parent\" data-id=\"3b177be8\" data-element_type=\"container\">\n\t\t\t\t<div class=\"elementor-element elementor-element-58ed3953 elementor-widget elementor-widget-image\" data-id=\"58ed3953\" data-element_type=\"widget\" data-widget_type=\"image.default\">\n\t\t\t\t<div class=\"elementor-widget-container\">\n\t\t\t\t\t\t\t\t\t\t\t\t\t\t\t<img fetchpriority=\"high\" decoding=\"async\" width=\"1440\" height=\"700\" src=\"https:\/\/nvtrip.sncil.org\/wp-content\/uploads\/2025\/03\/Clean-House-Clear-Mind.png\" class=\"attachment-full size-full wp-image-322\" alt=\"Illustration of two young people cleaning their apartment. He&#039;s dusting a table and she&#039;s vacuuming.\" srcset=\"https:\/\/nvtrip.sncil.org\/wp-content\/uploads\/2025\/03\/Clean-House-Clear-Mind.png 1440w, https:\/\/nvtrip.sncil.org\/wp-content\/uploads\/2025\/03\/Clean-House-Clear-Mind-300x146.png 300w, https:\/\/nvtrip.sncil.org\/wp-content\/uploads\/2025\/03\/Clean-House-Clear-Mind-1024x498.png 1024w, https:\/\/nvtrip.sncil.org\/wp-content\/uploads\/2025\/03\/Clean-House-Clear-Mind-768x373.png 768w\" sizes=\"(max-width: 1440px) 100vw, 1440px\" \/>\t\t\t\t\t\t\t\t\t\t\t\t\t\t\t<\/div>\n\t\t\t\t<\/div>\n\t\t\t\t<div class=\"elementor-element elementor-element-4718df5c elementor-widget elementor-widget-heading\" data-id=\"4718df5c\" data-element_type=\"widget\" data-widget_type=\"heading.default\">\n\t\t\t\t<div class=\"elementor-widget-container\">\n\t\t\t\t\t<h1 class=\"elementor-heading-title elementor-size-default\">Casa limpia, mente despejada\n<\/h1>\t\t\t\t<\/div>\n\t\t\t\t<\/div>\n\t\t\t\t<div class=\"elementor-element elementor-element-81c5188 elementor-widget elementor-widget-text-editor\" data-id=\"81c5188\" data-element_type=\"widget\" data-widget_type=\"text-editor.default\">\n\t\t\t\t<div class=\"elementor-widget-container\">\n\t\t\t\t\t\t\t\t\t<h2>Consejos para un espacio resplandeciente<\/h2>\t\t\t\t\t\t\t\t<\/div>\n\t\t\t\t<\/div>\n\t\t\t\t<div class=\"elementor-element elementor-element-4db42f3a elementor-widget elementor-widget-spacer\" data-id=\"4db42f3a\" data-element_type=\"widget\" data-widget_type=\"spacer.default\">\n\t\t\t\t<div class=\"elementor-widget-container\">\n\t\t\t\t\t\t\t<div class=\"elementor-spacer\">\n\t\t\t<div class=\"elementor-spacer-inner\"><\/div>\n\t\t<\/div>\n\t\t\t\t\t\t<\/div>\n\t\t\t\t<\/div>\n\t\t\t\t<\/div>\n\t\t<div data-particle_enable=\"false\" data-particle-mobile-disabled=\"false\" class=\"elementor-element elementor-element-1755dc37 e-flex e-con-boxed e-con e-parent\" data-id=\"1755dc37\" data-element_type=\"container\">\n\t\t\t\t\t<div class=\"e-con-inner\">\n\t\t\t\t<div class=\"elementor-element elementor-element-377abd55 elementor-widget elementor-widget-text-editor\" data-id=\"377abd55\" data-element_type=\"widget\" data-widget_type=\"text-editor.default\">\n\t\t\t\t<div class=\"elementor-widget-container\">\n\t\t\t\t\t\t\t\t\t<p><span style=\"font-weight: 400;\">Lo creas o no, una persona media pasa dos a\u00f1os de su vida limpiando. Y si eres como la mayor\u00eda, no te entusiasma, de hecho, puede que incluso te d\u00e9 pavor.   <\/span><\/p><p><span style=\"font-weight: 400;\">Sin embargo, la limpieza rutinaria es una parte importante de la vida independiente. Beneficia su salud f\u00edsica al eliminar virus y bacterias, prevenir la contaminaci\u00f3n de los alimentos, disminuir las infestaciones de plagas, minimizar las reacciones al\u00e9rgicas y reducir los desencadenantes del asma y los problemas respiratorios. <\/span><\/p><p><span style=\"font-weight: 400;\">Adem\u00e1s, mejora la salud mental y la sensaci\u00f3n de bienestar. Tener una casa limpia ayuda a reducir el estr\u00e9s, mejora la concentraci\u00f3n, mejora tu estado de \u00e1nimo y te da una maravillosa sensaci\u00f3n de logro. Es cierto lo que dicen: Limpiar el desorden de tu casa puede ayudar a reducir el desorden de tu mente, \u00a1y eso siempre sienta muy bien!  <\/span><\/p><p><span style=\"font-weight: 400;\">Aunque no te guste limpiar, no tiene por qu\u00e9 ser una experiencia terrible o dif\u00edcil. Hoy en d\u00eda existen muchos productos que facilitan la limpieza del hogar, incluso para las personas con discapacidad, as\u00ed como trucos para programar y realizar las tareas de limpieza.   <\/span><\/p><p><span style=\"font-weight: 400;\">En esta secci\u00f3n te ofrecemos informaci\u00f3n sobre qu\u00e9 hay que limpiar y con qu\u00e9 frecuencia, herramientas que puedes probar y trucos para que la limpieza sea m\u00e1s llevadera.<\/span><\/p><ul><li style=\"font-weight: 400;\" aria-level=\"1\"><a href=\"https:\/\/nvtrip.sncil.org\/es\/viaje-nv\/desarrollar-la-confianza-habilidad-a-habilidad\/conozca-su-tipo-de-limpieza\/\" target=\"_blank\" rel=\"noopener\"><span style=\"font-weight: 400;\">Conozca su tipo de limpieza<\/span><\/a><\/li><li style=\"font-weight: 400;\" aria-level=\"1\"><a href=\"https:\/\/nvtrip.sncil.org\/es\/viaje-nv\/desarrollar-la-confianza-habilidad-a-habilidad\/consejos-y-trucos-de-limpieza\/\" target=\"_blank\" rel=\"noopener\"><span style=\"font-weight: 400;\">Consejos y trucos de limpieza<\/span><\/a><\/li><li style=\"font-weight: 400;\" aria-level=\"1\"><a href=\"https:\/\/nvtrip.sncil.org\/es\/viaje-nv\/desarrollar-la-confianza-habilidad-a-habilidad\/calendario-de-limpieza-de-su-hogar\/\" target=\"_blank\" rel=\"noopener\"><span style=\"font-weight: 400;\">Calendario de limpieza de su hogar<\/span><\/a><\/li><li style=\"font-weight: 400;\" aria-level=\"1\"><a href=\"https:\/\/nvtrip.sncil.org\/es\/viaje-nv\/desarrollar-la-confianza-habilidad-a-habilidad\/utiles-de-limpieza\/\" target=\"_blank\" rel=\"noopener\"><span style=\"font-weight: 400;\">\u00datiles de limpieza<\/span><\/a><\/li><\/ul>\t\t\t\t\t\t\t\t<\/div>\n\t\t\t\t<\/div>\n\t\t\t\t\t<\/div>\n\t\t\t\t<\/div>\n\t\t\t\t<\/div>\n\t\t","protected":false},"excerpt":{"rendered":"<p>Casa limpia, mente despejada Consejos para un espacio resplandeciente Lo creas o no, una persona media pasa dos a\u00f1os de su vida limpiando. Y si eres como la mayor\u00eda, no te entusiasma, de hecho, puede que incluso te d\u00e9 pavor. Sin embargo, la limpieza rutinaria es una parte importante de la vida independiente. Beneficia su [&hellip;]<\/p>\n","protected":false},"author":1,"featured_media":0,"parent":758,"menu_order":0,"comment_status":"closed","ping_status":"closed","template":"","meta":{"footnotes":""},"class_list":["post-789","page","type-page","status-publish","hentry"],"_links":{"self":[{"href":"https:\/\/nvtrip.sncil.org\/es\/wp-json\/wp\/v2\/pages\/789","targetHints":{"allow":["GET"]}}],"collection":[{"href":"https:\/\/nvtrip.sncil.org\/es\/wp-json\/wp\/v2\/pages"}],"about":[{"href":"https:\/\/nvtrip.sncil.org\/es\/wp-json\/wp\/v2\/types\/page"}],"author":[{"embeddable":true,"href":"https:\/\/nvtrip.sncil.org\/es\/wp-json\/wp\/v2\/users\/1"}],"replies":[{"embeddable":true,"href":"https:\/\/nvtrip.sncil.org\/es\/wp-json\/wp\/v2\/comments?post=789"}],"version-history":[{"count":8,"href":"https:\/\/nvtrip.sncil.org\/es\/wp-json\/wp\/v2\/pages\/789\/revisions"}],"predecessor-version":[{"id":2113,"href":"https:\/\/nvtrip.sncil.org\/es\/wp-json\/wp\/v2\/pages\/789\/revisions\/2113"}],"up":[{"embeddable":true,"href":"https:\/\/nvtrip.sncil.org\/es\/wp-json\/wp\/v2\/pages\/758"}],"wp:attachment":[{"href":"https:\/\/nvtrip.sncil.org\/es\/wp-json\/wp\/v2\/media?parent=789"}],"curies":[{"name":"wp","href":"https:\/\/api.w.org\/{rel}","templated":true}]}}