{"id":787,"date":"2025-03-28T19:28:37","date_gmt":"2025-03-28T19:28:37","guid":{"rendered":"https:\/\/nvtrip.sncil.org\/desarrollar-la-confianza-habilidad-a-habilidad\/el-tiempo-esta-de-su-lado\/"},"modified":"2025-10-28T21:55:28","modified_gmt":"2025-10-28T21:55:28","slug":"el-tiempo-esta-de-su-lado","status":"publish","type":"page","link":"https:\/\/nvtrip.sncil.org\/es\/viaje-nv\/desarrollar-la-confianza-habilidad-a-habilidad\/el-tiempo-esta-de-su-lado\/","title":{"rendered":"El tiempo est\u00e1 de su lado"},"content":{"rendered":"\t\t<div data-elementor-type=\"wp-page\" data-elementor-id=\"787\" class=\"elementor elementor-787 elementor-226\" data-elementor-post-type=\"page\">\n\t\t\t\t<div data-particle_enable=\"false\" data-particle-mobile-disabled=\"false\" class=\"elementor-element elementor-element-6a523fa8 e-con-full e-flex e-con e-parent\" data-id=\"6a523fa8\" data-element_type=\"container\">\n\t\t\t\t<div class=\"elementor-element elementor-element-1c69b62c elementor-widget elementor-widget-image\" data-id=\"1c69b62c\" data-element_type=\"widget\" data-widget_type=\"image.default\">\n\t\t\t\t<div class=\"elementor-widget-container\">\n\t\t\t\t\t\t\t\t\t\t\t\t\t\t\t<img fetchpriority=\"high\" decoding=\"async\" width=\"1440\" height=\"700\" src=\"https:\/\/nvtrip.sncil.org\/wp-content\/uploads\/2025\/03\/Time-Is-On-Your-Side.png\" class=\"attachment-full size-full wp-image-638\" alt=\"Illustration of different people scheduling time together, one is in a wheelchair.\" srcset=\"https:\/\/nvtrip.sncil.org\/wp-content\/uploads\/2025\/03\/Time-Is-On-Your-Side.png 1440w, https:\/\/nvtrip.sncil.org\/wp-content\/uploads\/2025\/03\/Time-Is-On-Your-Side-300x146.png 300w, https:\/\/nvtrip.sncil.org\/wp-content\/uploads\/2025\/03\/Time-Is-On-Your-Side-1024x498.png 1024w, https:\/\/nvtrip.sncil.org\/wp-content\/uploads\/2025\/03\/Time-Is-On-Your-Side-768x373.png 768w\" sizes=\"(max-width: 1440px) 100vw, 1440px\" \/>\t\t\t\t\t\t\t\t\t\t\t\t\t\t\t<\/div>\n\t\t\t\t<\/div>\n\t\t\t\t<\/div>\n\t\t<div data-particle_enable=\"false\" data-particle-mobile-disabled=\"false\" class=\"elementor-element elementor-element-2286f213 e-flex e-con-boxed e-con e-parent\" data-id=\"2286f213\" data-element_type=\"container\">\n\t\t\t\t\t<div class=\"e-con-inner\">\n\t\t\t\t<div class=\"elementor-element elementor-element-d77fd0b elementor-widget elementor-widget-heading\" data-id=\"d77fd0b\" data-element_type=\"widget\" data-widget_type=\"heading.default\">\n\t\t\t\t<div class=\"elementor-widget-container\">\n\t\t\t\t\t<h2 class=\"elementor-heading-title elementor-size-default\">El tiempo est\u00e1 de su lado:\n<\/h2>\t\t\t\t<\/div>\n\t\t\t\t<\/div>\n\t\t\t\t<div class=\"elementor-element elementor-element-3af7ce2 elementor-widget elementor-widget-heading\" data-id=\"3af7ce2\" data-element_type=\"widget\" data-widget_type=\"heading.default\">\n\t\t\t\t<div class=\"elementor-widget-container\">\n\t\t\t\t\t<h2 class=\"elementor-heading-title elementor-size-default\">Organice su D\u00eda de la Independencia<\/h2>\t\t\t\t<\/div>\n\t\t\t\t<\/div>\n\t\t\t\t<div class=\"elementor-element elementor-element-39b8474 elementor-widget elementor-widget-spacer\" data-id=\"39b8474\" data-element_type=\"widget\" data-widget_type=\"spacer.default\">\n\t\t\t\t<div class=\"elementor-widget-container\">\n\t\t\t\t\t\t\t<div class=\"elementor-spacer\">\n\t\t\t<div class=\"elementor-spacer-inner\"><\/div>\n\t\t<\/div>\n\t\t\t\t\t\t<\/div>\n\t\t\t\t<\/div>\n\t\t\t\t<div class=\"elementor-element elementor-element-fbe0045 elementor-widget elementor-widget-video\" data-id=\"fbe0045\" data-element_type=\"widget\" data-settings=\"{&quot;youtube_url&quot;:&quot;https:\\\/\\\/youtu.be\\\/TIArF6IxgdM&quot;,&quot;video_type&quot;:&quot;youtube&quot;,&quot;controls&quot;:&quot;yes&quot;}\" data-widget_type=\"video.default\">\n\t\t\t\t<div class=\"elementor-widget-container\">\n\t\t\t\t\t\t\t<div class=\"elementor-wrapper elementor-open-inline\">\n\t\t\t<div class=\"elementor-video\"><\/div>\t\t<\/div>\n\t\t\t\t\t\t<\/div>\n\t\t\t\t<\/div>\n\t\t\t\t<div class=\"elementor-element elementor-element-a155882 elementor-widget elementor-widget-spacer\" data-id=\"a155882\" data-element_type=\"widget\" data-widget_type=\"spacer.default\">\n\t\t\t\t<div class=\"elementor-widget-container\">\n\t\t\t\t\t\t\t<div class=\"elementor-spacer\">\n\t\t\t<div class=\"elementor-spacer-inner\"><\/div>\n\t\t<\/div>\n\t\t\t\t\t\t<\/div>\n\t\t\t\t<\/div>\n\t\t\t\t<div class=\"elementor-element elementor-element-6bd4380f elementor-widget elementor-widget-text-editor\" data-id=\"6bd4380f\" data-element_type=\"widget\" data-widget_type=\"text-editor.default\">\n\t\t\t\t<div class=\"elementor-widget-container\">\n\t\t\t\t\t\t\t\t\t<p><span style=\"font-weight: 400;\">Hoy en d\u00eda, muchos tenemos la sensaci\u00f3n de que hay demasiadas cosas que hacer y poco tiempo para hacerlas. Todo el mundo tiene problemas de vez en cuando para gestionar su tiempo. Cuando la gente llega tarde a las citas o cumple los plazos, a veces puede ser algo incontrolable; por ejemplo, puede que haya mucho tr\u00e1fico o que una enfermedad sea inevitable. Pero a veces se debe a que esa persona no ha planificado su tiempo lo mejor posible.   <\/span><\/p>\t\t\t\t\t\t\t\t<\/div>\n\t\t\t\t<\/div>\n\t\t\t\t<div class=\"elementor-element elementor-element-2b27bd9 elementor-widget elementor-widget-text-editor\" data-id=\"2b27bd9\" data-element_type=\"widget\" data-widget_type=\"text-editor.default\">\n\t\t\t\t<div class=\"elementor-widget-container\">\n\t\t\t\t\t\t\t\t\t<h3><span style=\"font-weight: 400;\">La gesti\u00f3n del tiempo no tiene por qu\u00e9 significar hacer m\u00e1s cosas y m\u00e1s r\u00e1pido. Significa conseguir m\u00e1s   <\/span><i><span style=\"font-weight: 400;\">importante  <\/span><\/i><span style=\"font-weight: 400;\">cosas hechas en un d\u00eda. Se trata de utilizar el tiempo de forma eficiente. <\/span><\/h3>\t\t\t\t\t\t\t\t<\/div>\n\t\t\t\t<\/div>\n\t\t\t\t<div class=\"elementor-element elementor-element-af8c8c2 elementor-widget elementor-widget-text-editor\" data-id=\"af8c8c2\" data-element_type=\"widget\" data-widget_type=\"text-editor.default\">\n\t\t\t\t<div class=\"elementor-widget-container\">\n\t\t\t\t\t\t\t\t\t<p><span style=\"font-weight: 400;\">La gesti\u00f3n del tiempo es especialmente importante para las personas con discapacidad, y es esencial para vivir de forma independiente. A menudo, las personas con discapacidad tardan m\u00e1s en completar las tareas. Los distintos tipos de discapacidad pueden afectar a la gesti\u00f3n del tiempo de formas diferentes. Por ejemplo, una persona con una discapacidad f\u00edsica puede necesitar m\u00e1s tiempo para completar tareas, utilizar equipos accesibles o adaptarse a entornos variados. Por su parte, una persona con una discapacidad cognitiva puede tener dificultades para planificar, organizarse o seguir instrucciones. Entender c\u00f3mo afecta tu discapacidad a tu tiempo es importante.     <\/span><\/p><p><span style=\"font-weight: 400;\">Aqu\u00ed tienes algunos consejos para gestionar tu tiempo con eficacia:<\/span><\/p><h2><span style=\"font-weight: 400;\">Determine sus objetivos o las tareas que desea realizar<\/span><\/h2><p><span style=\"font-weight: 400;\">No s\u00f3lo debe saber lo que quiere o necesita conseguir, sino tambi\u00e9n si hay horarios asociados a ello. \u00bfHay alguna cita a la que deba acudir con una hora fija?   <\/span><\/p><h2><span style=\"font-weight: 400;\">Planifique su d\u00eda en orden inverso<\/span><\/h2><p><span style=\"font-weight: 400;\">Una vez que sepas lo que quieres conseguir, trabajar\u00e1s los pasos para completar la tarea en orden inverso para planificar tu d\u00eda. Por ejemplo, supongamos que quieres preparar una comida para servirla a las 6 de la tarde. En muchas recetas se indica el tiempo de preparaci\u00f3n y el tiempo de cocci\u00f3n, lo que puede ser \u00fatil para planificar.     <\/span><\/p><p><span style=\"font-weight: 400;\">Una vez que conozca la hora de su objetivo, piense en los pasos necesarios para alcanzarlo y en el tiempo que puede llevar cada uno de ellos. A continuaci\u00f3n, trabaja hacia atr\u00e1s para crear tu horario. Por ejemplo, si tienes una cita con el m\u00e9dico por la tarde, tus pasos, en orden inverso empezando por la cita con el m\u00e9dico, podr\u00edan ser los siguientes:  <\/span><\/p><ul><li style=\"font-weight: 400;\" aria-level=\"1\"><span style=\"font-weight: 400;\">Desplazamiento a la consulta del m\u00e9dico: 30 minutos<\/span><\/li><li style=\"font-weight: 400;\" aria-level=\"1\"><span style=\"font-weight: 400;\">Ducharse, vestirse, higiene personal: 90 minutos<\/span><\/li><li style=\"font-weight: 400;\" aria-level=\"1\"><span style=\"font-weight: 400;\">Desayunar: 30 minutos<\/span><\/li><li style=\"font-weight: 400;\" aria-level=\"1\"><span style=\"font-weight: 400;\">Preparaci\u00f3n del desayuno: 30 minutos<\/span><\/li><li style=\"font-weight: 400;\" aria-level=\"1\"><span style=\"font-weight: 400;\">Ejercicio: 60 minutos<\/span><\/li><li style=\"font-weight: 400;\" aria-level=\"1\"><span style=\"font-weight: 400;\">Dar de comer al perro: 15 minutos<\/span><\/li><li style=\"font-weight: 400;\" aria-level=\"1\"><span style=\"font-weight: 400;\">Cepillarse los dientes: 5 minutos<\/span><\/li><li style=\"font-weight: 400;\" aria-level=\"1\"><span style=\"font-weight: 400;\">Despierta<\/span><\/li><\/ul><p><span style=\"font-weight: 400;\">Si retrocede en el tiempo, a partir de la hora de la cita, sabr\u00e1 cu\u00e1ndo debe empezar a hacer la lista.  <\/span><\/p><h2><span style=\"font-weight: 400;\">Planifique las interrupciones y sea realista<\/span><\/h2><p><span style=\"font-weight: 400;\">Piensa en las cosas que podr\u00edan interferir con tu horario. Por ejemplo, \u00bfqu\u00e9 pasa si hay tr\u00e1fico en la carretera y tardas m\u00e1s en llegar a tu cita? \u00bfY si est\u00e1s bajo de energ\u00eda y tardas un poco m\u00e1s en realizar algunos pasos? Puede ser una buena idea prever un poco m\u00e1s de tiempo para evitar llegar tarde a cosas que tienen un horario fijo.   <\/span><\/p><p><span style=\"font-weight: 400;\">Otra cosa que hay que recordar es que es f\u00e1cil entusiasmarse o ser demasiado optimista sobre lo que podemos conseguir en un d\u00eda. Cuando empieces a pensar en cada paso y en el tiempo que realmente te llevar\u00e1, puede que te des cuenta de que no hay tiempo suficiente para hacerlo todo, o que algunos pasos te lleven m\u00e1s tiempo del que pensabas al principio. No pasa nada. Es una oportunidad para aprender y hacer cambios la pr\u00f3xima vez.   <\/span><\/p><h2><span style=\"font-weight: 400;\">Priorice sus actividades<\/span><\/h2><p><span style=\"font-weight: 400;\">Ahora mira tu agenda. \u00bfTe parece que puedes realizar todo lo que quieres? Si no es as\u00ed, es hora de decidir cu\u00e1les son las tareas m\u00e1s importantes o de priorizar las actividades. Preg\u00fantate: \u00ab\u00bfQu\u00e9 es lo m\u00e1s importante de mi agenda? \u00bfQu\u00e9 tiene que ocurrir hoy?\u00bb. Ordena las actividades del d\u00eda de mayor a menor importancia.    <\/span><\/p><p><span style=\"font-weight: 400;\">Tal vez haya cosas en tu agenda que te gustar\u00eda hacer, pero no necesariamente tienen que hacerse hoy. Quiz\u00e1 haya otros d\u00edas en los que puedas hacerlas. <\/span><\/p><p><span style=\"font-weight: 400;\">Tambi\u00e9n puedes pensar en formas de reducir el tiempo que te llevar\u00e1 hacer algo. Por ejemplo, \u00bfqu\u00e9 tal si piensas en un desayuno que sea m\u00e1s r\u00e1pido de preparar o que no haya que cocinar? \u00bfQuiz\u00e1 puedas comer un bol de cereales en su lugar? Tal vez puedas cortar algo de fruta la noche anterior, para que est\u00e9 lista para comer a la ma\u00f1ana siguiente. \u00bfTal vez puedas hacer ejercicio despu\u00e9s de la cita, para no tener prisa?    <\/span><\/p><p><span style=\"font-weight: 400;\">Puede que tengas que levantarte antes para adaptarte a tu horario. Si para ti es prioritario hacer ejercicio por la ma\u00f1ana, quiz\u00e1 puedas levantarte una hora antes de lo habitual para asegurarte de que tienes tiempo para ello. <\/span><\/p><h2><span style=\"font-weight: 400;\">Buscar atajos<\/span><\/h2><p><span style=\"font-weight: 400;\">Gracias a muchas comodidades modernas, puede haber formas de acortar el tiempo que llevan ciertas tareas. Por ejemplo, si quieres preparar una receta para la cena, quiz\u00e1 puedas utilizar una verdura enlatada o congelada que ya est\u00e9 cortada, una masa de hojaldre precocinada, una salsa precocinada o una mezcla de caja. <\/span><\/p><p><span style=\"font-weight: 400;\">Si necesitas ahorrar tiempo por la ma\u00f1ana, piensa en atajos como ducharte la noche anterior, recogerte el pelo en una coleta o bajo un gorro, elegir tu ropa la noche anterior y tenderla, etc.<\/span><\/p><h2><span style=\"font-weight: 400;\">Haz primero lo m\u00e1s dif\u00edcil<\/span><\/h2><p><span style=\"font-weight: 400;\">Es normal posponer las tareas que parecen dif\u00edciles o estresantes. Pero esto puede provocar ansiedad, que causa fatiga mental. Intenta hacer la tarea m\u00e1s dif\u00edcil primero, cuando tengas m\u00e1s energ\u00eda. Tachar de la lista lo m\u00e1s dif\u00edcil puede darte una sensaci\u00f3n de alivio y confianza, y as\u00ed tendr\u00e1s energ\u00eda para lo que queda.     <\/span><\/p><h2><span style=\"font-weight: 400;\">Utilizar herramientas de planificaci\u00f3n y gesti\u00f3n del tiempo<\/span><\/h2><p><span style=\"font-weight: 400;\">Existen muchas herramientas que le ayudar\u00e1n a planificar y gestionar su agenda. Entre ellas est\u00e1n los calendarios y agendas de papel, los calendarios electr\u00f3nicos para tel\u00e9fono, tableta u ordenador, las aplicaciones para smartphone (ver Recursos m\u00e1s abajo), los temporizadores y los dispositivos dom\u00e9sticos inteligentes activados por voz, como Amazon Echo. Algunas personas prefieren anotar las cosas, mientras que otras prefieren los dispositivos electr\u00f3nicos. Utiliza las herramientas que mejor se adapten a ti.     <\/span><\/p><p><span style=\"font-weight: 400;\">Recuerda que puede haber adaptaciones disponibles para ayudarte con tu discapacidad. Por ejemplo, se te puede conceder m\u00e1s tiempo para hacer los ex\u00e1menes y puede haber formatos alternativos de entrega de determinados materiales que te ayuden a asimilar la informaci\u00f3n m\u00e1s r\u00e1pidamente. <\/span><\/p><p><span style=\"font-weight: 400;\">El uso de calendarios y otras herramientas de planificaci\u00f3n proporciona estructura, lo que puede ayudar a crear h\u00e1bitos saludables y liberar tiempo y energ\u00eda mental. Tambi\u00e9n puede ser muy satisfactorio ir tachando cosas del calendario o de la lista de tareas pendientes a medida que se van completando. <\/span><\/p><h2><span style=\"font-weight: 400;\">Cu\u00eddate<\/span><\/h2><p><span style=\"font-weight: 400;\">T\u00f3mate unos minutos a lo largo del d\u00eda para comprobar tu estado de \u00e1nimo y tu agenda. Si te sientes cansado y abrumado, quiz\u00e1 tengas que replantearte tu horario. \u00bfQuiz\u00e1s haya algo que puedas dejar para otro d\u00eda? Cuando te sientes estresado, no puedes dar lo mejor de ti mismo. A veces, gestionar bien el tiempo significa hacer menos para poder hacerlo bien y disfrutar.      <\/span><\/p><p><strong>No pasa nada por decir que no.<\/strong> <span style=\"font-weight: 400;\">Evita comprometerte en exceso y comprueba tu agenda antes de comprometerte con algo nuevo. No dejes que otros controlen tu agenda o te desv\u00eden de ella. <\/span><\/p><p><b>Recuerda el autocuidado.  <\/b><span style=\"font-weight: 400;\">Esto puede significar reservar tiempo para relajarse, hacer actividades que le gusten, pasar tiempo con sus seres queridos y ser amable consigo mismo. Esto es lo que significa conciliar la vida laboral y familiar. Dedica tiempo a las cosas y las personas que te hacen feliz.  <\/span><\/p><h2><span style=\"font-weight: 400;\">Reflexione sobre lo que ha ido bien y lo que no<\/span><\/h2><p><span style=\"font-weight: 400;\">Al final del d\u00eda, piensa en los \u00e9xitos o en los aspectos que podr\u00edas mejorar. Si has conseguido todo lo que te hab\u00edas propuesto, preg\u00fantate qu\u00e9 ha ido bien. \u00bfHay alguna acci\u00f3n que podr\u00edas repetir? \u00bfQu\u00e9 te ayud\u00f3 a mantener la concentraci\u00f3n? Si no fue bien, \u00bfpor qu\u00e9 crees que fue? \u00bfHay algo que podr\u00edas mejorar la pr\u00f3xima vez?     <\/span><\/p><p><span style=\"font-weight: 400;\">Intenta dedicar tiempo al final de la jornada para planificar el d\u00eda siguiente, y piensa si hay formas de utilizar tu tiempo de manera m\u00e1s eficaz.<\/span><\/p><h2><span style=\"font-weight: 400;\">Recursos:<\/span><\/h2><ul><li><a href=\"https:\/\/www.timetimer.com\/\" target=\"_blank\" rel=\"noopener\">Temporizador<\/a><\/li><li><a href=\"https:\/\/www.learningresources.com\/item-magnetic-time-trackerr\" target=\"_blank\" rel=\"noopener\">Control del tiempo<\/a><\/li><li><a href=\"https:\/\/www.therapro.com\/TimeCue.html\" target=\"_blank\" rel=\"noopener\">Clave de tiempo<\/a><\/li><li><a href=\"https:\/\/www.therapro.com\/SchKIDiles-Education-Bundle.html#\" target=\"_blank\" rel=\"noopener\">Educaci\u00f3n<\/a><\/li><li><a href=\"https:\/\/www.therapro.com\/SchKIDules-Home-Collection-Combo-Pack.html\" target=\"_blank\" rel=\"noopener\">Colecci\u00f3n Hogar Combo Pack<\/a><\/li><li><a href=\"https:\/\/www.therapro.com\/Resetea.html\" target=\"_blank\" rel=\"noopener\">Resetea<\/a><\/li><li><a href=\"https:\/\/www.dueapp.com\/\" target=\"_blank\" rel=\"noopener\">Debido App<\/a><\/li><li><a href=\"https:\/\/www.any.do\/\" target=\"_blank\" rel=\"noopener\">Cualquier Do<\/a><\/li><li><a href=\"https:\/\/www.todoist.com\/\" target=\"_blank\" rel=\"noopener\">To Do Ist<\/a><\/li><\/ul>\t\t\t\t\t\t\t\t<\/div>\n\t\t\t\t<\/div>\n\t\t\t\t\t<\/div>\n\t\t\t\t<\/div>\n\t\t<div data-particle_enable=\"false\" data-particle-mobile-disabled=\"false\" class=\"elementor-element elementor-element-0842d2b e-flex e-con-boxed e-con e-parent\" data-id=\"0842d2b\" data-element_type=\"container\">\n\t\t\t\t\t<div class=\"e-con-inner\">\n\t\t\t\t<div class=\"elementor-element elementor-element-b1b1d78 elementor-widget elementor-widget-heading\" data-id=\"b1b1d78\" data-element_type=\"widget\" data-widget_type=\"heading.default\">\n\t\t\t\t<div class=\"elementor-widget-container\">\n\t\t\t\t\t<h3 class=\"elementor-heading-title elementor-size-default\">Tu turno<\/h3>\t\t\t\t<\/div>\n\t\t\t\t<\/div>\n\t\t\t\t<div class=\"elementor-element elementor-element-39390f0 elementor-widget elementor-widget-text-editor\" data-id=\"39390f0\" data-element_type=\"widget\" data-widget_type=\"text-editor.default\">\n\t\t\t\t<div class=\"elementor-widget-container\">\n\t\t\t\t\t\t\t\t\t<p>Descarga e imprime esta agenda diaria.<\/p>\t\t\t\t\t\t\t\t<\/div>\n\t\t\t\t<\/div>\n\t\t\t\t<div class=\"elementor-element elementor-element-9243943 elementor-widget elementor-widget-image\" data-id=\"9243943\" data-element_type=\"widget\" data-widget_type=\"image.default\">\n\t\t\t\t<div class=\"elementor-widget-container\">\n\t\t\t\t\t\t\t\t\t\t\t\t\t\t\t\t<a href=\"https:\/\/nvtrip.sncil.org\/wp-content\/uploads\/2025\/04\/Daily-Personal-Planner.png\" data-elementor-open-lightbox=\"yes\" data-elementor-lightbox-title=\"Daily Personal Planner\" data-e-action-hash=\"#elementor-action%3Aaction%3Dlightbox%26settings%3DeyJpZCI6ODAyLCJ1cmwiOiJodHRwczpcL1wvbnZ0cmlwLnNuY2lsLm9yZ1wvd3AtY29udGVudFwvdXBsb2Fkc1wvMjAyNVwvMDRcL0RhaWx5LVBlcnNvbmFsLVBsYW5uZXIucG5nIn0%3D\">\n\t\t\t\t\t\t\t<img decoding=\"async\" width=\"232\" height=\"300\" src=\"https:\/\/nvtrip.sncil.org\/wp-content\/uploads\/2025\/04\/Daily-Personal-Planner-232x300.png\" class=\"attachment-medium size-medium wp-image-802\" alt=\"Daily Personal Planner outlined by day of the week\" srcset=\"https:\/\/nvtrip.sncil.org\/wp-content\/uploads\/2025\/04\/Daily-Personal-Planner-232x300.png 232w, https:\/\/nvtrip.sncil.org\/wp-content\/uploads\/2025\/04\/Daily-Personal-Planner-791x1024.png 791w, https:\/\/nvtrip.sncil.org\/wp-content\/uploads\/2025\/04\/Daily-Personal-Planner-768x994.png 768w, https:\/\/nvtrip.sncil.org\/wp-content\/uploads\/2025\/04\/Daily-Personal-Planner-1187x1536.png 1187w, https:\/\/nvtrip.sncil.org\/wp-content\/uploads\/2025\/04\/Daily-Personal-Planner.png 1545w\" sizes=\"(max-width: 232px) 100vw, 232px\" \/>\t\t\t\t\t\t\t\t<\/a>\n\t\t\t\t\t\t\t\t\t\t\t\t\t\t\t<\/div>\n\t\t\t\t<\/div>\n\t\t\t\t<div class=\"elementor-element elementor-element-0c53494 elementor-button-info elementor-align-center elementor-widget elementor-widget-button\" data-id=\"0c53494\" data-element_type=\"widget\" data-widget_type=\"button.default\">\n\t\t\t\t<div class=\"elementor-widget-container\">\n\t\t\t\t\t\t\t\t\t<div class=\"elementor-button-wrapper\">\n\t\t\t\t\t<a class=\"elementor-button elementor-button-link elementor-size-sm\" href=\"https:\/\/nvtrip.sncil.org\/wp-content\/uploads\/2025\/10\/Daily-Personal-Planner.pdf\" target=\"_blank\">\n\t\t\t\t\t\t<span class=\"elementor-button-content-wrapper\">\n\t\t\t\t\t\t\t\t\t<span class=\"elementor-button-text\">Descargar Planificador diario<\/span>\n\t\t\t\t\t<\/span>\n\t\t\t\t\t<\/a>\n\t\t\t\t<\/div>\n\t\t\t\t\t\t\t\t<\/div>\n\t\t\t\t<\/div>\n\t\t\t\t\t<\/div>\n\t\t\t\t<\/div>\n\t\t\t\t<\/div>\n\t\t","protected":false},"excerpt":{"rendered":"<p>El tiempo est\u00e1 de su lado: Organice su D\u00eda de la Independencia Hoy en d\u00eda, muchos tenemos la sensaci\u00f3n de que hay demasiadas cosas que hacer y poco tiempo para hacerlas. Todo el mundo tiene problemas de vez en cuando para gestionar su tiempo. Cuando la gente llega tarde a las citas o cumple los [&hellip;]<\/p>\n","protected":false},"author":1,"featured_media":0,"parent":758,"menu_order":0,"comment_status":"closed","ping_status":"closed","template":"","meta":{"footnotes":""},"class_list":["post-787","page","type-page","status-publish","hentry"],"_links":{"self":[{"href":"https:\/\/nvtrip.sncil.org\/es\/wp-json\/wp\/v2\/pages\/787","targetHints":{"allow":["GET"]}}],"collection":[{"href":"https:\/\/nvtrip.sncil.org\/es\/wp-json\/wp\/v2\/pages"}],"about":[{"href":"https:\/\/nvtrip.sncil.org\/es\/wp-json\/wp\/v2\/types\/page"}],"author":[{"embeddable":true,"href":"https:\/\/nvtrip.sncil.org\/es\/wp-json\/wp\/v2\/users\/1"}],"replies":[{"embeddable":true,"href":"https:\/\/nvtrip.sncil.org\/es\/wp-json\/wp\/v2\/comments?post=787"}],"version-history":[{"count":8,"href":"https:\/\/nvtrip.sncil.org\/es\/wp-json\/wp\/v2\/pages\/787\/revisions"}],"predecessor-version":[{"id":2333,"href":"https:\/\/nvtrip.sncil.org\/es\/wp-json\/wp\/v2\/pages\/787\/revisions\/2333"}],"up":[{"embeddable":true,"href":"https:\/\/nvtrip.sncil.org\/es\/wp-json\/wp\/v2\/pages\/758"}],"wp:attachment":[{"href":"https:\/\/nvtrip.sncil.org\/es\/wp-json\/wp\/v2\/media?parent=787"}],"curies":[{"name":"wp","href":"https:\/\/api.w.org\/{rel}","templated":true}]}}