{"id":785,"date":"2025-03-28T19:14:28","date_gmt":"2025-03-28T19:14:28","guid":{"rendered":"https:\/\/nvtrip.sncil.org\/defensa\/defender-a-los-demas\/"},"modified":"2025-10-21T21:50:19","modified_gmt":"2025-10-21T21:50:19","slug":"defender-a-los-demas","status":"publish","type":"page","link":"https:\/\/nvtrip.sncil.org\/es\/viaje-nv\/defensa\/defender-a-los-demas\/","title":{"rendered":"Defender a los dem\u00e1s"},"content":{"rendered":"\t\t<div data-elementor-type=\"wp-page\" data-elementor-id=\"785\" class=\"elementor elementor-785 elementor-203\" data-elementor-post-type=\"page\">\n\t\t\t\t<div data-particle_enable=\"false\" data-particle-mobile-disabled=\"false\" class=\"elementor-element elementor-element-135db5d3 e-con-full e-flex e-con e-parent\" data-id=\"135db5d3\" data-element_type=\"container\">\n\t\t\t\t<div class=\"elementor-element elementor-element-197f0b53 elementor-widget elementor-widget-image\" data-id=\"197f0b53\" data-element_type=\"widget\" data-widget_type=\"image.default\">\n\t\t\t\t<div class=\"elementor-widget-container\">\n\t\t\t\t\t\t\t\t\t\t\t\t\t\t\t<img fetchpriority=\"high\" decoding=\"async\" width=\"1440\" height=\"703\" src=\"https:\/\/nvtrip.sncil.org\/wp-content\/uploads\/2025\/03\/Standing-Up-For-Others.png\" class=\"attachment-full size-full wp-image-310\" alt=\"Illustration of a woman teaching at the front of a classroom, with a woman in a wheelchair sitting next to a young man in the classroom.\" srcset=\"https:\/\/nvtrip.sncil.org\/wp-content\/uploads\/2025\/03\/Standing-Up-For-Others.png 1440w, https:\/\/nvtrip.sncil.org\/wp-content\/uploads\/2025\/03\/Standing-Up-For-Others-300x146.png 300w, https:\/\/nvtrip.sncil.org\/wp-content\/uploads\/2025\/03\/Standing-Up-For-Others-1024x500.png 1024w, https:\/\/nvtrip.sncil.org\/wp-content\/uploads\/2025\/03\/Standing-Up-For-Others-768x375.png 768w\" sizes=\"(max-width: 1440px) 100vw, 1440px\" \/>\t\t\t\t\t\t\t\t\t\t\t\t\t\t\t<\/div>\n\t\t\t\t<\/div>\n\t\t\t\t<div class=\"elementor-element elementor-element-15cd583f elementor-widget elementor-widget-heading\" data-id=\"15cd583f\" data-element_type=\"widget\" data-widget_type=\"heading.default\">\n\t\t\t\t<div class=\"elementor-widget-container\">\n\t\t\t\t\t<h1 class=\"elementor-heading-title elementor-size-default\">Defender a los dem\u00e1s<\/h1>\t\t\t\t<\/div>\n\t\t\t\t<\/div>\n\t\t\t\t<\/div>\n\t\t<div data-particle_enable=\"false\" data-particle-mobile-disabled=\"false\" class=\"elementor-element elementor-element-5b4bc230 e-flex e-con-boxed e-con e-parent\" data-id=\"5b4bc230\" data-element_type=\"container\">\n\t\t\t\t\t<div class=\"e-con-inner\">\n\t\t\t\t<div class=\"elementor-element elementor-element-29235da elementor-widget elementor-widget-text-editor\" data-id=\"29235da\" data-element_type=\"widget\" data-widget_type=\"text-editor.default\">\n\t\t\t\t<div class=\"elementor-widget-container\">\n\t\t\t\t\t\t\t\t\t<h3>\u00abLa injusticia en cualquier lugar es una amenaza para la justicia en todas partes\u00bb.<\/h3><h3>~ Martin Luther King, Jr. <\/h3>\t\t\t\t\t\t\t\t<\/div>\n\t\t\t\t<\/div>\n\t\t\t\t<div class=\"elementor-element elementor-element-4f89529 elementor-widget elementor-widget-video\" data-id=\"4f89529\" data-element_type=\"widget\" data-settings=\"{&quot;youtube_url&quot;:&quot;https:\\\/\\\/youtu.be\\\/o06Wi0etkVU&quot;,&quot;video_type&quot;:&quot;youtube&quot;,&quot;controls&quot;:&quot;yes&quot;}\" data-widget_type=\"video.default\">\n\t\t\t\t<div class=\"elementor-widget-container\">\n\t\t\t\t\t\t\t<div class=\"elementor-wrapper elementor-open-inline\">\n\t\t\t<div class=\"elementor-video\"><\/div>\t\t<\/div>\n\t\t\t\t\t\t<\/div>\n\t\t\t\t<\/div>\n\t\t\t\t<div class=\"elementor-element elementor-element-9760caf elementor-widget elementor-widget-text-editor\" data-id=\"9760caf\" data-element_type=\"widget\" data-widget_type=\"text-editor.default\">\n\t\t\t\t<div class=\"elementor-widget-container\">\n\t\t\t\t\t\t\t\t\t<h2>S\u00e9 el cambio que quieres ver<\/h2>\t\t\t\t\t\t\t\t<\/div>\n\t\t\t\t<\/div>\n\t\t\t\t<div class=\"elementor-element elementor-element-23d18e0b elementor-widget elementor-widget-text-editor\" data-id=\"23d18e0b\" data-element_type=\"widget\" data-widget_type=\"text-editor.default\">\n\t\t\t\t<div class=\"elementor-widget-container\">\n\t\t\t\t\t\t\t\t\t<p><span style=\"font-weight: 400;\">La autodefensa, o hablar por ti mismo, es muy importante. Te permite satisfacer tus necesidades y tomar tus propias decisiones. Pero para muchas personas con discapacidad, esto no es m\u00e1s que el principio.    <\/span><\/p><h3><span style=\"font-weight: 400;\">\u00bfQu\u00e9 es la defensa de los sistemas?<\/span><\/h3><p><span style=\"font-weight: 400;\">Como la autodefensa, que significa tomar tus propias decisiones y hablar por ti mismo, <\/span><b>defensa de los sistemas <\/b> <span style=\"font-weight: 400;\">significa que muchas personas y grupos trabajan juntos para defender y crear cambios pol\u00edticos que ayuden a grupos m\u00e1s amplios de personas con discapacidad. Esto puede implicar a dirigentes y organismos gubernamentales, empresas, organizaciones sin \u00e1nimo de lucro y otros.   <\/span><\/p><h3><span style=\"font-weight: 400;\">\u00bfQui\u00e9n puede defender los sistemas?<\/span><\/h3><p><span style=\"font-weight: 400;\">Depende de los problemas que haya que resolver y de qui\u00e9n est\u00e9 mejor capacitado para aportar esas soluciones.  <\/span><\/p><p><span style=\"font-weight: 400;\">Por ejemplo, si quieres que se cree o mejore una ley o un servicio p\u00fablico, los organismos p\u00fablicos locales o estatales son los m\u00e1s capacitados para introducir esos cambios. As\u00ed que puedes empezar por iniciar una campa\u00f1a de env\u00edo de cartas a los pol\u00edticos locales, crear una petici\u00f3n o ponerte en contacto con el Ministerio de Justicia.   <\/span><a href=\"https:\/\/ndalc.org\/\"><span style=\"font-weight: 400;\">Centro Jur\u00eddico y de Defensa de los Discapacitados de Nevada<\/span><\/a><span style=\"font-weight: 400;\">  (NDALC), una organizaci\u00f3n estatal sin \u00e1nimo de lucro que presta servicios jur\u00eddicos gratuitos a personas con discapacidad. Todas estas opciones pueden ayudar a empezar a crear este cambio. <\/span><\/p><p><span style=\"font-weight: 400;\">Por otra parte, un cambio en una pol\u00edtica escolar debe abordarse con el consejo escolar local o los administradores de la escuela. Puedes asistir a una reuni\u00f3n del consejo escolar o llamar al director del centro para solicitar ayuda. <\/span><\/p><h3><span style=\"font-weight: 400;\">Seguro que se le ocurren cosas que le gustar\u00eda que se abordaran.<\/span><\/h3><p><span style=\"font-weight: 400;\">Tal vez te interese conseguir un transporte m\u00e1s accesible, recibir servicios a tiempo, recibir la ayuda y la educaci\u00f3n que necesitas en tu IEP, y mucho m\u00e1s.  <\/span><\/p><p><a href=\"https:\/\/www.sncil.org\/community-systems-advocacy\/\" target=\"_blank\" rel=\"noopener\"><span style=\"font-weight: 400;\">SNCIL <\/span><\/a><span style=\"font-weight: 400;\">puede ayudarle a encontrar personas y organizaciones que le ayuden en la defensa de los sistemas. <\/span> <\/p>\t\t\t\t\t\t\t\t<\/div>\n\t\t\t\t<\/div>\n\t\t\t\t\t<\/div>\n\t\t\t\t<\/div>\n\t\t\t\t<\/div>\n\t\t","protected":false},"excerpt":{"rendered":"<p>Defender a los dem\u00e1s \u00abLa injusticia en cualquier lugar es una amenaza para la justicia en todas partes\u00bb. ~ Martin Luther King, Jr. https:\/\/youtu.be\/o06Wi0etkVU S\u00e9 el cambio que quieres ver La autodefensa, o hablar por ti mismo, es muy importante. Te permite satisfacer tus necesidades y tomar tus propias decisiones. Pero para muchas personas con [&hellip;]<\/p>\n","protected":false},"author":1,"featured_media":0,"parent":777,"menu_order":0,"comment_status":"closed","ping_status":"closed","template":"","meta":{"footnotes":""},"class_list":["post-785","page","type-page","status-publish","hentry"],"_links":{"self":[{"href":"https:\/\/nvtrip.sncil.org\/es\/wp-json\/wp\/v2\/pages\/785","targetHints":{"allow":["GET"]}}],"collection":[{"href":"https:\/\/nvtrip.sncil.org\/es\/wp-json\/wp\/v2\/pages"}],"about":[{"href":"https:\/\/nvtrip.sncil.org\/es\/wp-json\/wp\/v2\/types\/page"}],"author":[{"embeddable":true,"href":"https:\/\/nvtrip.sncil.org\/es\/wp-json\/wp\/v2\/users\/1"}],"replies":[{"embeddable":true,"href":"https:\/\/nvtrip.sncil.org\/es\/wp-json\/wp\/v2\/comments?post=785"}],"version-history":[{"count":6,"href":"https:\/\/nvtrip.sncil.org\/es\/wp-json\/wp\/v2\/pages\/785\/revisions"}],"predecessor-version":[{"id":2191,"href":"https:\/\/nvtrip.sncil.org\/es\/wp-json\/wp\/v2\/pages\/785\/revisions\/2191"}],"up":[{"embeddable":true,"href":"https:\/\/nvtrip.sncil.org\/es\/wp-json\/wp\/v2\/pages\/777"}],"wp:attachment":[{"href":"https:\/\/nvtrip.sncil.org\/es\/wp-json\/wp\/v2\/media?parent=785"}],"curies":[{"name":"wp","href":"https:\/\/api.w.org\/{rel}","templated":true}]}}