{"id":782,"date":"2025-03-28T19:17:04","date_gmt":"2025-03-28T19:17:04","guid":{"rendered":"https:\/\/nvtrip.sncil.org\/?page_id=782"},"modified":"2025-10-22T23:54:55","modified_gmt":"2025-10-22T23:54:55","slug":"en-movimiento-dominar-el-transporte","status":"publish","type":"page","link":"https:\/\/nvtrip.sncil.org\/es\/viaje-nv\/desarrollar-la-confianza-habilidad-a-habilidad\/en-movimiento-dominar-el-transporte\/","title":{"rendered":"En movimiento: dominar el transporte"},"content":{"rendered":"\t\t<div data-elementor-type=\"wp-page\" data-elementor-id=\"782\" class=\"elementor elementor-782 elementor-217\" data-elementor-post-type=\"page\">\n\t\t\t\t<div data-particle_enable=\"false\" data-particle-mobile-disabled=\"false\" class=\"elementor-element elementor-element-e4e68f e-con-full e-flex e-con e-parent\" data-id=\"e4e68f\" data-element_type=\"container\">\n\t\t\t\t<div class=\"elementor-element elementor-element-6b7734b2 elementor-widget elementor-widget-image\" data-id=\"6b7734b2\" data-element_type=\"widget\" data-widget_type=\"image.default\">\n\t\t\t\t<div class=\"elementor-widget-container\">\n\t\t\t\t\t\t\t\t\t\t\t\t\t\t\t<img fetchpriority=\"high\" decoding=\"async\" width=\"1440\" height=\"700\" src=\"https:\/\/nvtrip.sncil.org\/wp-content\/uploads\/2025\/03\/On-The-Move-1.png\" class=\"attachment-full size-full wp-image-486\" alt=\"Illustration of a young woman in a wheelchair with a service animal, getting on the bus.\" srcset=\"https:\/\/nvtrip.sncil.org\/wp-content\/uploads\/2025\/03\/On-The-Move-1.png 1440w, https:\/\/nvtrip.sncil.org\/wp-content\/uploads\/2025\/03\/On-The-Move-1-300x146.png 300w, https:\/\/nvtrip.sncil.org\/wp-content\/uploads\/2025\/03\/On-The-Move-1-1024x498.png 1024w, https:\/\/nvtrip.sncil.org\/wp-content\/uploads\/2025\/03\/On-The-Move-1-768x373.png 768w\" sizes=\"(max-width: 1440px) 100vw, 1440px\" \/>\t\t\t\t\t\t\t\t\t\t\t\t\t\t\t<\/div>\n\t\t\t\t<\/div>\n\t\t\t\t<div class=\"elementor-element elementor-element-705718e3 elementor-widget elementor-widget-heading\" data-id=\"705718e3\" data-element_type=\"widget\" data-widget_type=\"heading.default\">\n\t\t\t\t<div class=\"elementor-widget-container\">\n\t\t\t\t\t<h1 class=\"elementor-heading-title elementor-size-default\">En marcha<\/h1>\t\t\t\t<\/div>\n\t\t\t\t<\/div>\n\t\t\t\t<\/div>\n\t\t<div data-particle_enable=\"false\" data-particle-mobile-disabled=\"false\" class=\"elementor-element elementor-element-503cd4c6 e-flex e-con-boxed e-con e-parent\" data-id=\"503cd4c6\" data-element_type=\"container\">\n\t\t\t\t\t<div class=\"e-con-inner\">\n\t\t\t\t<div class=\"elementor-element elementor-element-d5bcd01 elementor-widget elementor-widget-spacer\" data-id=\"d5bcd01\" data-element_type=\"widget\" data-widget_type=\"spacer.default\">\n\t\t\t\t<div class=\"elementor-widget-container\">\n\t\t\t\t\t\t\t<div class=\"elementor-spacer\">\n\t\t\t<div class=\"elementor-spacer-inner\"><\/div>\n\t\t<\/div>\n\t\t\t\t\t\t<\/div>\n\t\t\t\t<\/div>\n\t\t\t\t<div class=\"elementor-element elementor-element-3ac71cae elementor-widget elementor-widget-text-editor\" data-id=\"3ac71cae\" data-element_type=\"widget\" data-widget_type=\"text-editor.default\">\n\t\t\t\t<div class=\"elementor-widget-container\">\n\t\t\t\t\t\t\t\t\t<p><span style=\"font-weight: 400;\">El transporte es la clave para vivir de forma independiente y participar en la sociedad. Le permite acceder a servicios importantes, como tiendas de comestibles, consultas m\u00e9dicas y otros. Adem\u00e1s, puede ser un salvavidas para mantenerse conectado con la familia, los amigos y el resto de la comunidad.    <\/span><\/p><p><span style=\"font-weight: 400;\">Tener una discapacidad no significa necesariamente no poder conducir. Muchas personas con discapacidad tienen carn\u00e9 de conducir y coche propio. Permanece atento a nuestras p\u00e1ginas \u00abPonerse al volante\u00bb, que incluir\u00e1n informaci\u00f3n sobre c\u00f3mo obtener el carn\u00e9 de conducir y todo lo que conlleva tener un coche.  <\/span><\/p><p><span style=\"font-weight: 400;\">Sin embargo, hay muchas personas en nuestra comunidad que no tienen veh\u00edculo propio o no conducen por diversas razones. Si ese es tu caso, quiz\u00e1 tengas familiares y amigos de confianza que puedan ayudarte. Tambi\u00e9n puedes probar el transporte p\u00fablico, las aplicaciones de viajes compartidos como Uber y Lyft, los taxis, etc.    <\/span><\/p><p><span style=\"font-weight: 400;\">Para las personas con discapacidad puede resultar m\u00e1s dif\u00edcil encontrar un medio de transporte que se adapte a sus necesidades espec\u00edficas, pero hay m\u00e1s opciones de las que cree. Existen varias organizaciones y recursos estatales y locales cerca de ti para garantizar que puedas llegar a donde necesites.   <\/span><\/p><h2><span style=\"font-weight: 400;\">Nevada 211<\/span><\/h2><p><span style=\"font-weight: 400;\">El Departamento de Salud y Servicios Humanos de Nevada ofrece transporte gratuito y de bajo coste para personas con discapacidad. S\u00f3lo tiene que marcar 2-1-1 en su tel\u00e9fono o visitar   <\/span><a href=\"http:\/\/www.nevada211.org\"><span style=\"font-weight: 400;\">www.nevada211.org<\/span><\/a><span style=\"font-weight: 400;\">\u00a1! <\/span> <\/p><p><span style=\"font-weight: 400;\">Tambi\u00e9n puede enviar un mensaje de texto con su c\u00f3digo postal al 898211 o descargar la aplicaci\u00f3n <\/span><a href=\"https:\/\/www.nevada211.org\/transportation\/\"><span style=\"font-weight: 400;\">Nevada 211 aplicaci\u00f3n<\/span><\/a><span style=\"font-weight: 400;\"> en las tiendas de aplicaciones de Apple o Google Play y, a continuaci\u00f3n, activar los servicios de localizaci\u00f3n para obtener informaci\u00f3n sobre los recursos de transporte m\u00e1s cercanos.<\/span><\/p><h2><span style=\"font-weight: 400;\">Transporte p\u00fablico<\/span><\/h2><p><span style=\"font-weight: 400;\">La agencia de transporte p\u00fablico de Nevada, la Autoridad Regional de Transporte (RTC), ofrece servicios de transporte especializados para personas con discapacidad en el norte y el sur de Nevada. Aseg\u00farese de tomar nota de los horarios de tr\u00e1nsito para discapacitados; es posible que tenga que programarlo con 24 horas o m\u00e1s de antelaci\u00f3n, y las horas disponibles pueden variar. En    <\/span><a href=\"https:\/\/www.rtcsnv.com\/ways-to-travel\/how-to-ride\/ridertc-app\/\"><span style=\"font-weight: 400;\">La aplicaci\u00f3n rideRTC<\/span><\/a><span style=\"font-weight: 400;\"> (disponible en las tiendas de aplicaciones de Apple y Google Play) es una forma estupenda de planificar tus viajes, comprar billetes y mucho m\u00e1s.<\/span><\/p><p><span style=\"font-weight: 400;\">En el condado de Clark, RTC gestiona un <\/span><a href=\"https:\/\/www.rtcsnv.com\/ways-to-travel\/paratransit-accessibility\/\"><span style=\"font-weight: 400;\">Servicio Paratransit<\/span><\/a><span style=\"font-weight: 400;\">  que puede proporcionar transporte de puerta a puerta a usuarios cualificados 24 horas al d\u00eda, siete d\u00edas a la semana, a trav\u00e9s de su flota de furgonetas accesibles. Las tarifas de este servicio empiezan en 3 $ para el usuario y un acompa\u00f1ante, y hay talonarios de billetes a la venta. Para m\u00e1s informaci\u00f3n, llame al servicio de atenci\u00f3n al cliente al (702) 228-4800 o al (702) 676-1834 (TDD) para personas con discapacidad auditiva. Visite el sitio web para m\u00e1s detalles.   <\/span><\/p><p><span style=\"font-weight: 400;\">RTC of Southern Nevada tambi\u00e9n <\/span><a href=\"https:\/\/www.rtcsnv.com\/ways-to-travel\/paratransit-accessibility\/alternative-transportation-options\/\"><span style=\"font-weight: 400;\">con muchas organizaciones comunitarias sin \u00e1nimo de lucro<\/span><\/a><span style=\"font-weight: 400;\">  para ayudar a proporcionar transporte alternativo, fiable y asequible a personas con discapacidad, mayores, residentes con bajos ingresos y otros grupos de poblaci\u00f3n especiales. Visite el sitio web para obtener m\u00e1s informaci\u00f3n. <\/span><\/p><h2><span style=\"font-weight: 400;\">Aplicaciones de transporte compartido<\/span><\/h2><p><span style=\"font-weight: 400;\">Probablemente hayas o\u00eddo hablar de <\/span><a href=\"https:\/\/www.lyft.com\/ride-with-lyft?\"><span style=\"font-weight: 400;\">Lyft <\/span><\/a> <span style=\"font-weight: 400;\">y Uber, y lo m\u00e1s probable es que ya las hayas utilizado alguna vez. Solo tienes que descargar la aplicaci\u00f3n en tu tel\u00e9fono inteligente, escribir tu destino y la aplicaci\u00f3n te empareja con un conductor que puede llevarte hasta all\u00ed y te dice cu\u00e1nto te costar\u00e1. Para las personas con discapacidad, Lyft y Uber ofrecen algunas funciones \u00fatiles adicionales.  <\/span><\/p><ul><li aria-level=\"1\"><b>Lyft:  <\/b><span style=\"font-weight: 400;\">Esta empresa ofrece viajes asistidos por Lyft para personas con discapacidad. Esto significa que el conductor te esperar\u00e1 en la puerta de tu lugar de recogida, te ayudar\u00e1 a entrar y salir del coche y te acompa\u00f1ar\u00e1 hasta la puerta de tu destino. El conductor tambi\u00e9n puede ayudar a cargar y descargar dispositivos de movilidad, como sillas de ruedas. Aunque la mayor\u00eda de los conductores de Lyft no disponen de veh\u00edculos accesibles para sillas de ruedas (WAV), esta opci\u00f3n de la aplicaci\u00f3n permite identificar a conductores de empresas asociadas que pueden prestar este servicio.   <\/span><\/li><li aria-level=\"1\"><b>Uber: <\/b><span style=\"font-weight: 400;\">Uber tambi\u00e9n ofrece asistencia puerta a puerta, en caso necesario, por parte de conductores formados que ayudar\u00e1n a los usuarios que utilicen andadores, bastones, sillas de ruedas plegables u otros dispositivos de asistencia.<\/span><\/li><\/ul><p><span style=\"font-weight: 400;\">Cuando utilices cualquiera de estas aplicaciones, puede que te des cuenta de que los conductores a veces cobran tasas por tiempo de espera si tardas m\u00e1s en reunirte con el conductor. Sin embargo, a veces este tiempo extra es necesario para una persona con discapacidad. Si este es su caso o el de un acompa\u00f1ante, puede solicitar el reembolso de estas tarifas o que no se le apliquen en un pr\u00f3ximo viaje si su discapacidad afecta a su capacidad para subir a un veh\u00edculo a los pocos minutos de la llegada del conductor. S\u00f3lo tiene que esperar 7 d\u00edas para que surta efecto.     <\/span><\/p><p><span style=\"font-weight: 400;\">Tambi\u00e9n es importante saber que, por ley, un conductor no puede discriminar o negar el servicio a pasajeros con discapacidad.<\/span><\/p><h2><span style=\"font-weight: 400;\">Taxis  <\/span><\/h2><p><span style=\"font-weight: 400;\">Numerosas empresas de taxis ofrecen servicios especiales para personas con discapacidad. Por ejemplo, Reno Sparks Cab ofrece un   <\/span><a href=\"https:\/\/renocab.com\/medical-transport\/\"><span style=\"font-weight: 400;\">servicio de transporte sanitario no urgente<\/span><\/a><span style=\"font-weight: 400;\">  que sea accesible para dispositivos de movilidad y prometa llevarle puntualmente a su cita. Y si vive en el sur de Nevada, la Nevada Taxicab Authority le ofrece la   <\/span><a href=\"https:\/\/adsd.nv.gov\/programs\/seniors\/tap\/tap_prog\/\"><span style=\"font-weight: 400;\">Programa de asistencia al taxi<\/span><\/a><span style=\"font-weight: 400;\"> (TAP), que ofrece descuentos en las tarifas de taxi a las personas con discapacidad a trav\u00e9s de talonarios de cupones que aceptan todas las compa\u00f1\u00edas de taxis del condado de Clark.<\/span><\/p>\t\t\t\t\t\t\t\t<\/div>\n\t\t\t\t<\/div>\n\t\t\t\t\t<\/div>\n\t\t\t\t<\/div>\n\t\t\t\t<\/div>\n\t\t","protected":false},"excerpt":{"rendered":"<p>En marcha El transporte es la clave para vivir de forma independiente y participar en la sociedad. Le permite acceder a servicios importantes, como tiendas de comestibles, consultas m\u00e9dicas y otros. Adem\u00e1s, puede ser un salvavidas para mantenerse conectado con la familia, los amigos y el resto de la comunidad. Tener una discapacidad no significa [&hellip;]<\/p>\n","protected":false},"author":1,"featured_media":0,"parent":758,"menu_order":0,"comment_status":"closed","ping_status":"closed","template":"","meta":{"footnotes":""},"class_list":["post-782","page","type-page","status-publish","hentry"],"_links":{"self":[{"href":"https:\/\/nvtrip.sncil.org\/es\/wp-json\/wp\/v2\/pages\/782","targetHints":{"allow":["GET"]}}],"collection":[{"href":"https:\/\/nvtrip.sncil.org\/es\/wp-json\/wp\/v2\/pages"}],"about":[{"href":"https:\/\/nvtrip.sncil.org\/es\/wp-json\/wp\/v2\/types\/page"}],"author":[{"embeddable":true,"href":"https:\/\/nvtrip.sncil.org\/es\/wp-json\/wp\/v2\/users\/1"}],"replies":[{"embeddable":true,"href":"https:\/\/nvtrip.sncil.org\/es\/wp-json\/wp\/v2\/comments?post=782"}],"version-history":[{"count":3,"href":"https:\/\/nvtrip.sncil.org\/es\/wp-json\/wp\/v2\/pages\/782\/revisions"}],"predecessor-version":[{"id":1850,"href":"https:\/\/nvtrip.sncil.org\/es\/wp-json\/wp\/v2\/pages\/782\/revisions\/1850"}],"up":[{"embeddable":true,"href":"https:\/\/nvtrip.sncil.org\/es\/wp-json\/wp\/v2\/pages\/758"}],"wp:attachment":[{"href":"https:\/\/nvtrip.sncil.org\/es\/wp-json\/wp\/v2\/media?parent=782"}],"curies":[{"name":"wp","href":"https:\/\/api.w.org\/{rel}","templated":true}]}}