{"id":781,"date":"2025-03-28T19:14:14","date_gmt":"2025-03-28T19:14:14","guid":{"rendered":"https:\/\/nvtrip.sncil.org\/defensa\/abogar-por-el-exito-de-los-estudiantes\/"},"modified":"2025-10-22T20:10:11","modified_gmt":"2025-10-22T20:10:11","slug":"abogar-por-el-exito-de-los-estudiantes","status":"publish","type":"page","link":"https:\/\/nvtrip.sncil.org\/es\/viaje-nv\/defensa\/abogar-por-el-exito-de-los-estudiantes\/","title":{"rendered":"Abogar por el \u00e9xito de los estudiantes"},"content":{"rendered":"\t\t<div data-elementor-type=\"wp-page\" data-elementor-id=\"781\" class=\"elementor elementor-781 elementor-201\" data-elementor-post-type=\"page\">\n\t\t\t\t<div data-particle_enable=\"false\" data-particle-mobile-disabled=\"false\" class=\"elementor-element elementor-element-77e01f98 e-con-full e-flex e-con e-parent\" data-id=\"77e01f98\" data-element_type=\"container\">\n\t\t\t\t<div class=\"elementor-element elementor-element-75f0fa32 elementor-widget elementor-widget-image\" data-id=\"75f0fa32\" data-element_type=\"widget\" data-widget_type=\"image.default\">\n\t\t\t\t<div class=\"elementor-widget-container\">\n\t\t\t\t\t\t\t\t\t\t\t\t\t\t\t<img fetchpriority=\"high\" decoding=\"async\" width=\"1440\" height=\"703\" src=\"https:\/\/nvtrip.sncil.org\/wp-content\/uploads\/2025\/03\/A-Guide-For-Parents-Teachers.png\" class=\"attachment-full size-full wp-image-277\" alt=\"Illustration of a teacher sitting at a desk talking to a young woman and her mom.\" srcset=\"https:\/\/nvtrip.sncil.org\/wp-content\/uploads\/2025\/03\/A-Guide-For-Parents-Teachers.png 1440w, https:\/\/nvtrip.sncil.org\/wp-content\/uploads\/2025\/03\/A-Guide-For-Parents-Teachers-300x146.png 300w, https:\/\/nvtrip.sncil.org\/wp-content\/uploads\/2025\/03\/A-Guide-For-Parents-Teachers-1024x500.png 1024w, https:\/\/nvtrip.sncil.org\/wp-content\/uploads\/2025\/03\/A-Guide-For-Parents-Teachers-768x375.png 768w\" sizes=\"(max-width: 1440px) 100vw, 1440px\" \/>\t\t\t\t\t\t\t\t\t\t\t\t\t\t\t<\/div>\n\t\t\t\t<\/div>\n\t\t\t\t<div class=\"elementor-element elementor-element-1fdc3dd7 elementor-widget elementor-widget-heading\" data-id=\"1fdc3dd7\" data-element_type=\"widget\" data-widget_type=\"heading.default\">\n\t\t\t\t<div class=\"elementor-widget-container\">\n\t\t\t\t\t<h1 class=\"elementor-heading-title elementor-size-default\">Abogar por el \u00e9xito de los estudiantes<\/h1>\t\t\t\t<\/div>\n\t\t\t\t<\/div>\n\t\t\t\t<div class=\"elementor-element elementor-element-fab49a6 elementor-widget elementor-widget-spacer\" data-id=\"fab49a6\" data-element_type=\"widget\" data-widget_type=\"spacer.default\">\n\t\t\t\t<div class=\"elementor-widget-container\">\n\t\t\t\t\t\t\t<div class=\"elementor-spacer\">\n\t\t\t<div class=\"elementor-spacer-inner\"><\/div>\n\t\t<\/div>\n\t\t\t\t\t\t<\/div>\n\t\t\t\t<\/div>\n\t\t\t\t<div class=\"elementor-element elementor-element-e5972be elementor-widget elementor-widget-video\" data-id=\"e5972be\" data-element_type=\"widget\" data-settings=\"{&quot;youtube_url&quot;:&quot;https:\\\/\\\/youtu.be\\\/G0eZUB_zHlI&quot;,&quot;video_type&quot;:&quot;youtube&quot;,&quot;controls&quot;:&quot;yes&quot;}\" data-widget_type=\"video.default\">\n\t\t\t\t<div class=\"elementor-widget-container\">\n\t\t\t\t\t\t\t<div class=\"elementor-wrapper elementor-open-inline\">\n\t\t\t<div class=\"elementor-video\"><\/div>\t\t<\/div>\n\t\t\t\t\t\t<\/div>\n\t\t\t\t<\/div>\n\t\t\t\t<div class=\"elementor-element elementor-element-78380292 elementor-widget elementor-widget-spacer\" data-id=\"78380292\" data-element_type=\"widget\" data-widget_type=\"spacer.default\">\n\t\t\t\t<div class=\"elementor-widget-container\">\n\t\t\t\t\t\t\t<div class=\"elementor-spacer\">\n\t\t\t<div class=\"elementor-spacer-inner\"><\/div>\n\t\t<\/div>\n\t\t\t\t\t\t<\/div>\n\t\t\t\t<\/div>\n\t\t\t\t<\/div>\n\t\t<div data-particle_enable=\"false\" data-particle-mobile-disabled=\"false\" class=\"elementor-element elementor-element-3b793d81 e-flex e-con-boxed e-con e-parent\" data-id=\"3b793d81\" data-element_type=\"container\">\n\t\t\t\t\t<div class=\"e-con-inner\">\n\t\t\t\t<div class=\"elementor-element elementor-element-5a45d32 elementor-widget elementor-widget-text-editor\" data-id=\"5a45d32\" data-element_type=\"widget\" data-widget_type=\"text-editor.default\">\n\t\t\t\t<div class=\"elementor-widget-container\">\n\t\t\t\t\t\t\t\t\t<h3 class=\"elementor-heading-title elementor-size-default elementor-inline-editing pen\" contenteditable=\"true\" spellcheck=\"false\" data-elementor-setting-key=\"title\" data-pen-placeholder=\"Type Here...\" data-qb-tmp-id=\"lt-558073\" data-gramm=\"false\">Gu\u00eda para padres y educadores<\/h3>\t\t\t\t\t\t\t\t<\/div>\n\t\t\t\t<\/div>\n\t\t\t\t<div class=\"elementor-element elementor-element-3cc2000f elementor-widget elementor-widget-text-editor\" data-id=\"3cc2000f\" data-element_type=\"widget\" data-widget_type=\"text-editor.default\">\n\t\t\t\t<div class=\"elementor-widget-container\">\n\t\t\t\t\t\t\t\t\t<p><span style=\"font-weight: 400;\">Una de las mejores formas de defender a las personas con discapacidad es entender qu\u00e9 es el capacitismo y trabajar para eliminarlo.<\/span><\/p>\t\t\t\t\t\t\t\t<\/div>\n\t\t\t\t<\/div>\n\t\t\t\t<div class=\"elementor-element elementor-element-dabf8bd elementor-widget elementor-widget-text-editor\" data-id=\"dabf8bd\" data-element_type=\"widget\" data-widget_type=\"text-editor.default\">\n\t\t\t\t<div class=\"elementor-widget-container\">\n\t\t\t\t\t\t\t\t\t<h3><a href=\"https:\/\/cdrnys.org\/blog\/uncategorized\/ableism\/\">\n  <span style=\"font-weight: 400;\">Able\u00edsmo<\/span>\n<\/a><span style=\"font-weight: 400;\"> se define como \u00abun conjunto de creencias o pr\u00e1cticas que deval\u00faan y discriminan a las personas con discapacidades f\u00edsicas, intelectuales o psiqui\u00e1tricas\u00bb. (Centro para los Derechos de las Personas con Discapacidad)<\/span><\/h3>\t\t\t\t\t\t\t\t<\/div>\n\t\t\t\t<\/div>\n\t\t\t\t<div class=\"elementor-element elementor-element-3a5f7fb elementor-widget elementor-widget-text-editor\" data-id=\"3a5f7fb\" data-element_type=\"widget\" data-widget_type=\"text-editor.default\">\n\t\t\t\t<div class=\"elementor-widget-container\">\n\t\t\t\t\t\t\t\t\t<p><span style=\"font-weight: 400;\">He aqu\u00ed algunas formas de abogar por una persona discapacitada:<\/span><\/p><ul><li style=\"font-weight: 400;\" aria-level=\"1\"><p><span style=\"font-weight: 400;\">Ver a la persona como algo independiente de la discapacidad.<\/span><\/p><\/li><li style=\"font-weight: 400;\" aria-level=\"1\"><p><span style=\"font-weight: 400;\">Sea un oyente activo.<\/span><\/p><\/li><li style=\"font-weight: 400;\" aria-level=\"1\"><p><span style=\"font-weight: 400;\">Apoye su derecho a tomar sus propias decisiones y respete sus opiniones.<\/span><\/p><\/li><li style=\"font-weight: 400;\" aria-level=\"1\"><p><span style=\"font-weight: 400;\">Trabaje para crear un hogar y una comunidad lo m\u00e1s accesibles posible.<\/span><\/p><\/li><li style=\"font-weight: 400;\" aria-level=\"1\"><p><span style=\"font-weight: 400;\">Apoyar su autonom\u00eda e independencia y proporcionarles asistencia que lo permita, como ayuda con los problemas de movilidad, orientaci\u00f3n laboral, formaci\u00f3n en tecnolog\u00eda, etc.  <\/span><\/p><\/li><li style=\"font-weight: 400;\" aria-level=\"1\"><p><span style=\"font-weight: 400;\">Defender la no discriminaci\u00f3n y la inclusi\u00f3n.<\/span><\/p><\/li><\/ul>\t\t\t\t\t\t\t\t<\/div>\n\t\t\t\t<\/div>\n\t\t\t\t\t<\/div>\n\t\t\t\t<\/div>\n\t\t\t\t<\/div>\n\t\t","protected":false},"excerpt":{"rendered":"<p>Abogar por el \u00e9xito de los estudiantes Gu\u00eda para padres y educadores Una de las mejores formas de defender a las personas con discapacidad es entender qu\u00e9 es el capacitismo y trabajar para eliminarlo. Able\u00edsmo se define como \u00abun conjunto de creencias o pr\u00e1cticas que deval\u00faan y discriminan a las personas con discapacidades f\u00edsicas, intelectuales [&hellip;]<\/p>\n","protected":false},"author":1,"featured_media":0,"parent":777,"menu_order":0,"comment_status":"closed","ping_status":"closed","template":"","meta":{"footnotes":""},"class_list":["post-781","page","type-page","status-publish","hentry"],"_links":{"self":[{"href":"https:\/\/nvtrip.sncil.org\/es\/wp-json\/wp\/v2\/pages\/781","targetHints":{"allow":["GET"]}}],"collection":[{"href":"https:\/\/nvtrip.sncil.org\/es\/wp-json\/wp\/v2\/pages"}],"about":[{"href":"https:\/\/nvtrip.sncil.org\/es\/wp-json\/wp\/v2\/types\/page"}],"author":[{"embeddable":true,"href":"https:\/\/nvtrip.sncil.org\/es\/wp-json\/wp\/v2\/users\/1"}],"replies":[{"embeddable":true,"href":"https:\/\/nvtrip.sncil.org\/es\/wp-json\/wp\/v2\/comments?post=781"}],"version-history":[{"count":3,"href":"https:\/\/nvtrip.sncil.org\/es\/wp-json\/wp\/v2\/pages\/781\/revisions"}],"predecessor-version":[{"id":2019,"href":"https:\/\/nvtrip.sncil.org\/es\/wp-json\/wp\/v2\/pages\/781\/revisions\/2019"}],"up":[{"embeddable":true,"href":"https:\/\/nvtrip.sncil.org\/es\/wp-json\/wp\/v2\/pages\/777"}],"wp:attachment":[{"href":"https:\/\/nvtrip.sncil.org\/es\/wp-json\/wp\/v2\/media?parent=781"}],"curies":[{"name":"wp","href":"https:\/\/api.w.org\/{rel}","templated":true}]}}