{"id":773,"date":"2025-03-28T19:11:27","date_gmt":"2025-03-28T19:11:27","guid":{"rendered":"https:\/\/nvtrip.sncil.org\/navegar-por-los-recursos-comunitarios-esenciales\/"},"modified":"2025-10-22T23:55:35","modified_gmt":"2025-10-22T23:55:35","slug":"navegar-por-los-recursos-comunitarios-esenciales","status":"publish","type":"page","link":"https:\/\/nvtrip.sncil.org\/es\/viaje-nv\/navegar-por-los-recursos-comunitarios-esenciales\/","title":{"rendered":"Navegar por los recursos comunitarios esenciales"},"content":{"rendered":"\t\t<div data-elementor-type=\"wp-page\" data-elementor-id=\"773\" class=\"elementor elementor-773 elementor-187\" data-elementor-post-type=\"page\">\n\t\t\t\t<div data-particle_enable=\"false\" data-particle-mobile-disabled=\"false\" class=\"elementor-element elementor-element-2d3a4d5a e-con-full e-flex e-con e-parent\" data-id=\"2d3a4d5a\" data-element_type=\"container\">\n\t\t\t\t<div class=\"elementor-element elementor-element-5e2b77d5 elementor-widget elementor-widget-image\" data-id=\"5e2b77d5\" data-element_type=\"widget\" data-widget_type=\"image.default\">\n\t\t\t\t<div class=\"elementor-widget-container\">\n\t\t\t\t\t\t\t\t\t\t\t\t\t\t\t<img fetchpriority=\"high\" decoding=\"async\" width=\"1440\" height=\"703\" src=\"https:\/\/nvtrip.sncil.org\/wp-content\/uploads\/2025\/03\/Essential-Community-Resources.png\" class=\"attachment-full size-full wp-image-469\" alt=\"Animated illustration of a group of young people talking on a school campus.\" srcset=\"https:\/\/nvtrip.sncil.org\/wp-content\/uploads\/2025\/03\/Essential-Community-Resources.png 1440w, https:\/\/nvtrip.sncil.org\/wp-content\/uploads\/2025\/03\/Essential-Community-Resources-300x146.png 300w, https:\/\/nvtrip.sncil.org\/wp-content\/uploads\/2025\/03\/Essential-Community-Resources-1024x500.png 1024w, https:\/\/nvtrip.sncil.org\/wp-content\/uploads\/2025\/03\/Essential-Community-Resources-768x375.png 768w\" sizes=\"(max-width: 1440px) 100vw, 1440px\" \/>\t\t\t\t\t\t\t\t\t\t\t\t\t\t\t<\/div>\n\t\t\t\t<\/div>\n\t\t\t\t<div class=\"elementor-element elementor-element-58555c2d elementor-widget elementor-widget-heading\" data-id=\"58555c2d\" data-element_type=\"widget\" data-widget_type=\"heading.default\">\n\t\t\t\t<div class=\"elementor-widget-container\">\n\t\t\t\t\t<h1 class=\"elementor-heading-title elementor-size-default\">Navegar por los recursos comunitarios esenciales<\/h1>\t\t\t\t<\/div>\n\t\t\t\t<\/div>\n\t\t\t\t<div class=\"elementor-element elementor-element-9043917 elementor-widget elementor-widget-spacer\" data-id=\"9043917\" data-element_type=\"widget\" data-widget_type=\"spacer.default\">\n\t\t\t\t<div class=\"elementor-widget-container\">\n\t\t\t\t\t\t\t<div class=\"elementor-spacer\">\n\t\t\t<div class=\"elementor-spacer-inner\"><\/div>\n\t\t<\/div>\n\t\t\t\t\t\t<\/div>\n\t\t\t\t<\/div>\n\t\t\t\t<div class=\"elementor-element elementor-element-989eae1 elementor-widget elementor-widget-video\" data-id=\"989eae1\" data-element_type=\"widget\" data-settings=\"{&quot;youtube_url&quot;:&quot;https:\\\/\\\/youtu.be\\\/kVlO_-7v-ws&quot;,&quot;video_type&quot;:&quot;youtube&quot;,&quot;controls&quot;:&quot;yes&quot;}\" data-widget_type=\"video.default\">\n\t\t\t\t<div class=\"elementor-widget-container\">\n\t\t\t\t\t\t\t<div class=\"elementor-wrapper elementor-open-inline\">\n\t\t\t<div class=\"elementor-video\"><\/div>\t\t<\/div>\n\t\t\t\t\t\t<\/div>\n\t\t\t\t<\/div>\n\t\t\t\t<\/div>\n\t\t<div data-particle_enable=\"false\" data-particle-mobile-disabled=\"false\" class=\"elementor-element elementor-element-56b7a955 e-flex e-con-boxed e-con e-parent\" data-id=\"56b7a955\" data-element_type=\"container\">\n\t\t\t\t\t<div class=\"e-con-inner\">\n\t\t\t\t<div class=\"elementor-element elementor-element-c916a6c elementor-widget elementor-widget-spacer\" data-id=\"c916a6c\" data-element_type=\"widget\" data-widget_type=\"spacer.default\">\n\t\t\t\t<div class=\"elementor-widget-container\">\n\t\t\t\t\t\t\t<div class=\"elementor-spacer\">\n\t\t\t<div class=\"elementor-spacer-inner\"><\/div>\n\t\t<\/div>\n\t\t\t\t\t\t<\/div>\n\t\t\t\t<\/div>\n\t\t\t\t<div class=\"elementor-element elementor-element-49c7248 elementor-widget elementor-widget-heading\" data-id=\"49c7248\" data-element_type=\"widget\" data-widget_type=\"heading.default\">\n\t\t\t\t<div class=\"elementor-widget-container\">\n\t\t\t\t\t<h2 class=\"elementor-heading-title elementor-size-default\">Informaci\u00f3n y derivaci\u00f3n<\/h2>\t\t\t\t<\/div>\n\t\t\t\t<\/div>\n\t\t\t\t<div class=\"elementor-element elementor-element-36f98925 elementor-widget elementor-widget-text-editor\" data-id=\"36f98925\" data-element_type=\"widget\" data-widget_type=\"text-editor.default\">\n\t\t\t\t<div class=\"elementor-widget-container\">\n\t\t\t\t\t\t\t\t\t<p><span style=\"font-weight: 400;\">La independencia es diferente para cada persona. Algunas personas pueden necesitar <\/span><span style=\"font-weight: 400;\">una vivienda accesible<\/span><span style=\"font-weight: 400;\"> o <\/span><span style=\"font-weight: 400;\">servicios de transporte<\/span><span style=\"font-weight: 400;\"> para desplazarse por s\u00ed mismas. Otras pueden necesitar <\/span><span style=\"font-weight: 400;\">tecnolog\u00eda asistencial<\/span><span style=\"font-weight: 400;\"> que les ayude en las tareas cotidianas, <\/span><span style=\"font-weight: 400;\">formaci\u00f3n laboral,<\/span><span style=\"font-weight: 400;\"> o <\/span><span style=\"font-weight: 400;\">formaci\u00f3n en defensa de los derechos<\/span><span style=\"font-weight: 400;\"> para ganar confianza a la hora de defender sus derechos. <\/span> <\/p><p><span style=\"font-weight: 400;\">Busques lo que busques, podemos ayudarte a encontrar opciones que se adapten a ti.<\/span><\/p><p><span style=\"font-weight: 400;\">Uno de los cinco servicios b\u00e1sicos de un Centro para la Vida Independiente es proporcionar recursos actualizados para conectar a las personas con programas, servicios e informaci\u00f3n que apoyen su independencia. No importa d\u00f3nde se encuentre en su viaje, le ayudaremos a encontrar las herramientas para alcanzar sus metas. <\/span><\/p><p><span style=\"font-weight: 400;\">Creemos que todo el mundo merece la oportunidad de vivir plena e independientemente en su comunidad. Por eso trabajamos con una amplia red de organizaciones para proporcionar acceso a recursos sanitarios, formaci\u00f3n en habilidades para la vida independiente y mucho m\u00e1s. Tanto si necesitas ayuda a corto plazo como apoyo a largo plazo, te orientaremos sobre las opciones que tienes para que puedas tomar las mejores decisiones para tu futuro.  <\/span><\/p><p><span style=\"font-weight: 400;\">He aqu\u00ed algunos de los recursos con los que podemos ponerle en contacto:  <\/span><\/p><ul><li style=\"font-weight: 400;\" aria-level=\"1\"><a href=\"https:\/\/nvtrip.sncil.org\/es\/viaje-nv\/desarrollar-la-confianza-habilidad-a-habilidad\/vivienda\/\" target=\"_blank\" rel=\"noopener\"><span style=\"font-weight: 400;\">Opciones de vivienda  <\/span><\/a><\/li><li style=\"font-weight: 400;\" aria-level=\"1\"><a href=\"https:\/\/nvtrip.sncil.org\/es\/viaje-nv\/desarrollar-la-confianza-habilidad-a-habilidad\/en-movimiento-dominar-el-transporte\/\" target=\"_blank\" rel=\"noopener\"><span style=\"font-weight: 400;\">Servicios de transporte  <\/span><\/a><\/li><li style=\"font-weight: 400;\" aria-level=\"1\"><a href=\"https:\/\/www.sncil.org\/adaptive-equipment\/\" target=\"_blank\" rel=\"noopener\"><span style=\"font-weight: 400;\">Tecnolog\u00eda asistencial  <\/span><\/a><\/li><li style=\"font-weight: 400;\" aria-level=\"1\"><a href=\"https:\/\/nvtrip.sncil.org\/es\/viaje-nv\/navegar-por-los-recursos-comunitarios-esenciales\/opciones-educativas-tras-el-bachillerato\/\" target=\"_blank\" rel=\"noopener\"><span style=\"font-weight: 400;\">Oportunidades educativas  <\/span><\/a><\/li><li style=\"font-weight: 400;\" aria-level=\"1\"><a href=\"https:\/\/nvtrip.sncil.org\/es\/viaje-nv\/desarrollar-la-confianza-habilidad-a-habilidad\/\" target=\"_blank\" rel=\"noopener\"><span style=\"font-weight: 400;\">Formaci\u00f3n en habilidades para la vida independiente  <\/span><\/a><\/li><li style=\"font-weight: 400;\" aria-level=\"1\"><a href=\"https:\/\/nvtrip.sncil.org\/es\/viaje-nv\/defensa\/\" target=\"_blank\" rel=\"noopener\"><span style=\"font-weight: 400;\">Apoyo a la autodefensa  <\/span><\/a><\/li><li style=\"font-weight: 400;\" aria-level=\"1\"><span style=\"font-weight: 400;\">Recursos sanitarios comunitarios  <\/span><\/li><li aria-level=\"1\"><a href=\"https:\/\/nvtrip.sncil.org\/es\/viaje-nv\/navegar-por-los-recursos-comunitarios-esenciales\/su-camino-hacia-el-aprendizaje-en-nevada\/\" target=\"_blank\" rel=\"noopener\">Programas de aprendizaje<\/a><\/li><\/ul><p> <\/p><p><span style=\"font-weight: 400;\">Si usted o alguien que conoce podr\u00eda beneficiarse de estos recursos, <a href=\"https:\/\/sncil.org\/contact\/\" target=\"_blank\" rel=\"noopener\">rellene el formulario de contacto<\/a>. <\/span><span style=\"font-weight: 400;\">Trabajemos juntos para encontrar las herramientas y el apoyo que te permitan vivir la vida a tu manera.<\/span><\/p>\t\t\t\t\t\t\t\t<\/div>\n\t\t\t\t<\/div>\n\t\t\t\t\t<\/div>\n\t\t\t\t<\/div>\n\t\t\t\t<\/div>\n\t\t","protected":false},"excerpt":{"rendered":"<p>Navegar por los recursos comunitarios esenciales Informaci\u00f3n y derivaci\u00f3n La independencia es diferente para cada persona. Algunas personas pueden necesitar una vivienda accesible o servicios de transporte para desplazarse por s\u00ed mismas. Otras pueden necesitar tecnolog\u00eda asistencial que les ayude en las tareas cotidianas, formaci\u00f3n laboral, o formaci\u00f3n en defensa de los derechos para ganar [&hellip;]<\/p>\n","protected":false},"author":1,"featured_media":0,"parent":840,"menu_order":0,"comment_status":"closed","ping_status":"closed","template":"","meta":{"footnotes":""},"class_list":["post-773","page","type-page","status-publish","hentry"],"_links":{"self":[{"href":"https:\/\/nvtrip.sncil.org\/es\/wp-json\/wp\/v2\/pages\/773","targetHints":{"allow":["GET"]}}],"collection":[{"href":"https:\/\/nvtrip.sncil.org\/es\/wp-json\/wp\/v2\/pages"}],"about":[{"href":"https:\/\/nvtrip.sncil.org\/es\/wp-json\/wp\/v2\/types\/page"}],"author":[{"embeddable":true,"href":"https:\/\/nvtrip.sncil.org\/es\/wp-json\/wp\/v2\/users\/1"}],"replies":[{"embeddable":true,"href":"https:\/\/nvtrip.sncil.org\/es\/wp-json\/wp\/v2\/comments?post=773"}],"version-history":[{"count":7,"href":"https:\/\/nvtrip.sncil.org\/es\/wp-json\/wp\/v2\/pages\/773\/revisions"}],"predecessor-version":[{"id":1980,"href":"https:\/\/nvtrip.sncil.org\/es\/wp-json\/wp\/v2\/pages\/773\/revisions\/1980"}],"up":[{"embeddable":true,"href":"https:\/\/nvtrip.sncil.org\/es\/wp-json\/wp\/v2\/pages\/840"}],"wp:attachment":[{"href":"https:\/\/nvtrip.sncil.org\/es\/wp-json\/wp\/v2\/media?parent=773"}],"curies":[{"name":"wp","href":"https:\/\/api.w.org\/{rel}","templated":true}]}}