{"id":767,"date":"2025-03-28T19:07:06","date_gmt":"2025-03-28T19:07:06","guid":{"rendered":"https:\/\/nvtrip.sncil.org\/apoyo-entre-iguales\/"},"modified":"2025-09-29T03:02:48","modified_gmt":"2025-09-29T03:02:48","slug":"apoyo-entre-iguales","status":"publish","type":"page","link":"https:\/\/nvtrip.sncil.org\/es\/viaje-nv\/apoyo-entre-iguales\/","title":{"rendered":"Apoyo entre iguales"},"content":{"rendered":"\t\t<div data-elementor-type=\"wp-page\" data-elementor-id=\"767\" class=\"elementor elementor-767 elementor-176\" data-elementor-post-type=\"page\">\n\t\t\t\t<div data-particle_enable=\"false\" data-particle-mobile-disabled=\"false\" class=\"elementor-element elementor-element-356d361b e-con-full e-flex e-con e-parent\" data-id=\"356d361b\" data-element_type=\"container\">\n\t\t\t\t<div class=\"elementor-element elementor-element-6cfc652b elementor-widget elementor-widget-image\" data-id=\"6cfc652b\" data-element_type=\"widget\" data-widget_type=\"image.default\">\n\t\t\t\t<div class=\"elementor-widget-container\">\n\t\t\t\t\t\t\t\t\t\t\t\t\t\t\t<img fetchpriority=\"high\" decoding=\"async\" width=\"1440\" height=\"700\" src=\"https:\/\/nvtrip.sncil.org\/wp-content\/uploads\/2025\/03\/Peer-Support.png\" class=\"attachment-full size-full wp-image-457\" alt=\"An illustration of a person standing at a podium speaking to a group of people at a table, one of whom is in a wheelchair.\" srcset=\"https:\/\/nvtrip.sncil.org\/wp-content\/uploads\/2025\/03\/Peer-Support.png 1440w, https:\/\/nvtrip.sncil.org\/wp-content\/uploads\/2025\/03\/Peer-Support-300x146.png 300w, https:\/\/nvtrip.sncil.org\/wp-content\/uploads\/2025\/03\/Peer-Support-1024x498.png 1024w, https:\/\/nvtrip.sncil.org\/wp-content\/uploads\/2025\/03\/Peer-Support-768x373.png 768w\" sizes=\"(max-width: 1440px) 100vw, 1440px\" \/>\t\t\t\t\t\t\t\t\t\t\t\t\t\t\t<\/div>\n\t\t\t\t<\/div>\n\t\t\t\t<div class=\"elementor-element elementor-element-288d1801 elementor-widget elementor-widget-heading\" data-id=\"288d1801\" data-element_type=\"widget\" data-widget_type=\"heading.default\">\n\t\t\t\t<div class=\"elementor-widget-container\">\n\t\t\t\t\t<h1 class=\"elementor-heading-title elementor-size-default\">Apoyo entre iguales<\/h1>\t\t\t\t<\/div>\n\t\t\t\t<\/div>\n\t\t\t\t<\/div>\n\t\t<div data-particle_enable=\"false\" data-particle-mobile-disabled=\"false\" class=\"elementor-element elementor-element-3743ca84 e-flex e-con-boxed e-con e-parent\" data-id=\"3743ca84\" data-element_type=\"container\">\n\t\t\t\t\t<div class=\"e-con-inner\">\n\t\t\t\t<div class=\"elementor-element elementor-element-07501fb elementor-widget elementor-widget-spacer\" data-id=\"07501fb\" data-element_type=\"widget\" data-widget_type=\"spacer.default\">\n\t\t\t\t<div class=\"elementor-widget-container\">\n\t\t\t\t\t\t\t<div class=\"elementor-spacer\">\n\t\t\t<div class=\"elementor-spacer-inner\"><\/div>\n\t\t<\/div>\n\t\t\t\t\t\t<\/div>\n\t\t\t\t<\/div>\n\t\t\t\t<div class=\"elementor-element elementor-element-a262364 elementor-widget elementor-widget-video\" data-id=\"a262364\" data-element_type=\"widget\" data-settings=\"{&quot;youtube_url&quot;:&quot;https:\\\/\\\/youtu.be\\\/pTpKgkobwD8?si=jKf-sLQE4nqQE58b&quot;,&quot;video_type&quot;:&quot;youtube&quot;,&quot;controls&quot;:&quot;yes&quot;}\" data-widget_type=\"video.default\">\n\t\t\t\t<div class=\"elementor-widget-container\">\n\t\t\t\t\t\t\t<div class=\"elementor-wrapper elementor-open-inline\">\n\t\t\t<div class=\"elementor-video\"><\/div>\t\t<\/div>\n\t\t\t\t\t\t<\/div>\n\t\t\t\t<\/div>\n\t\t\t\t<div class=\"elementor-element elementor-element-9d07fdc elementor-widget elementor-widget-spacer\" data-id=\"9d07fdc\" data-element_type=\"widget\" data-widget_type=\"spacer.default\">\n\t\t\t\t<div class=\"elementor-widget-container\">\n\t\t\t\t\t\t\t<div class=\"elementor-spacer\">\n\t\t\t<div class=\"elementor-spacer-inner\"><\/div>\n\t\t<\/div>\n\t\t\t\t\t\t<\/div>\n\t\t\t\t<\/div>\n\t\t\t\t<div class=\"elementor-element elementor-element-12768e83 elementor-widget elementor-widget-text-editor\" data-id=\"12768e83\" data-element_type=\"widget\" data-widget_type=\"text-editor.default\">\n\t\t\t\t<div class=\"elementor-widget-container\">\n\t\t\t\t\t\t\t\t\t<p><span style=\"font-weight: 400;\">\u00bfSab\u00edas que las personas con amigos \u00edntimos tienen menos estr\u00e9s y mejor salud que las que no los tienen? La amistad es   <\/span><i><span style=\"font-weight: 400;\">que <\/span><\/i><span style=\"font-weight: 400;\">importante, \u00a1tanto para su salud mental como f\u00edsica!<\/span><\/p><p><span style=\"font-weight: 400;\">Para las personas con discapacidad puede ser dif\u00edcil hacer amigos. Puede que tengas que superar dificultades para mostrarte vulnerable o encontrar personas que entiendan c\u00f3mo te afecta tu discapacidad. O puede que seas t\u00edmido, inseguro o no puedas dedicar mucho tiempo a hacer amigos. Puede que incluso tengas clases o actividades separadas de las de tus compa\u00f1eros, por lo que tienes menos oportunidades de estar con otros de tu edad.   <\/span><\/p><p><span style=\"font-weight: 400;\">En esta secci\u00f3n trataremos:<\/span><\/p><ul><li><b><a href=\"https:\/\/nvtrip.sncil.org\/es\/viaje-nv\/apoyo-entre-iguales\/encontrar-a-su-gente\/\" target=\"_blank\" rel=\"noopener\">Encontrar a tu gente<\/a>: <\/b><span style=\"font-weight: 400;\">Aqu\u00ed tienes algunos consejos para encontrar nuevas amistades y asegurarte de que se mantienen fuertes. <\/span> <\/li><li><b><a href=\"https:\/\/nvtrip.sncil.org\/es\/viaje-nv\/apoyo-entre-iguales\/conectar-con-la-comunidad\/\" target=\"_blank\" rel=\"noopener\">Conexi\u00f3n con la comunidad<\/a>: <\/b><span style=\"font-weight: 400;\">Unirte a estos grupos y organizaciones puede ayudarte a forjar conexiones y contribuir tambi\u00e9n a la sociedad.<\/span><\/li><li><b><\/b><a href=\"https:\/\/nvtrip.sncil.org\/es\/viaje-nv\/apoyo-entre-iguales\/apoyo-a-los-amigos-con-discapacidad\/\" target=\"_blank\" rel=\"noopener\"><b>Apoyar a los amigos con discapacidad:  <\/b><\/a><span style=\"font-weight: 400;\">No siempre es f\u00e1cil saber c\u00f3mo apoyar a una persona con discapacidad. Aqu\u00ed tienes algunos consejos. <\/span><\/li><\/ul>\t\t\t\t\t\t\t\t<\/div>\n\t\t\t\t<\/div>\n\t\t\t\t\t<\/div>\n\t\t\t\t<\/div>\n\t\t\t\t<\/div>\n\t\t","protected":false},"excerpt":{"rendered":"<p>Apoyo entre iguales \u00bfSab\u00edas que las personas con amigos \u00edntimos tienen menos estr\u00e9s y mejor salud que las que no los tienen? La amistad es que importante, \u00a1tanto para su salud mental como f\u00edsica! Para las personas con discapacidad puede ser dif\u00edcil hacer amigos. Puede que tengas que superar dificultades para mostrarte vulnerable o encontrar [&hellip;]<\/p>\n","protected":false},"author":1,"featured_media":0,"parent":840,"menu_order":0,"comment_status":"closed","ping_status":"closed","template":"","meta":{"footnotes":""},"class_list":["post-767","page","type-page","status-publish","hentry"],"_links":{"self":[{"href":"https:\/\/nvtrip.sncil.org\/es\/wp-json\/wp\/v2\/pages\/767","targetHints":{"allow":["GET"]}}],"collection":[{"href":"https:\/\/nvtrip.sncil.org\/es\/wp-json\/wp\/v2\/pages"}],"about":[{"href":"https:\/\/nvtrip.sncil.org\/es\/wp-json\/wp\/v2\/types\/page"}],"author":[{"embeddable":true,"href":"https:\/\/nvtrip.sncil.org\/es\/wp-json\/wp\/v2\/users\/1"}],"replies":[{"embeddable":true,"href":"https:\/\/nvtrip.sncil.org\/es\/wp-json\/wp\/v2\/comments?post=767"}],"version-history":[{"count":5,"href":"https:\/\/nvtrip.sncil.org\/es\/wp-json\/wp\/v2\/pages\/767\/revisions"}],"predecessor-version":[{"id":1802,"href":"https:\/\/nvtrip.sncil.org\/es\/wp-json\/wp\/v2\/pages\/767\/revisions\/1802"}],"up":[{"embeddable":true,"href":"https:\/\/nvtrip.sncil.org\/es\/wp-json\/wp\/v2\/pages\/840"}],"wp:attachment":[{"href":"https:\/\/nvtrip.sncil.org\/es\/wp-json\/wp\/v2\/media?parent=767"}],"curies":[{"name":"wp","href":"https:\/\/api.w.org\/{rel}","templated":true}]}}