{"id":761,"date":"2025-03-28T19:16:25","date_gmt":"2025-03-28T19:16:25","guid":{"rendered":"https:\/\/nvtrip.sncil.org\/desarrollar-la-confianza-habilidad-a-habilidad\/vivienda\/"},"modified":"2025-09-29T03:02:56","modified_gmt":"2025-09-29T03:02:56","slug":"vivienda","status":"publish","type":"page","link":"https:\/\/nvtrip.sncil.org\/es\/viaje-nv\/desarrollar-la-confianza-habilidad-a-habilidad\/vivienda\/","title":{"rendered":"Vivienda"},"content":{"rendered":"\t\t<div data-elementor-type=\"wp-page\" data-elementor-id=\"761\" class=\"elementor elementor-761 elementor-213\" data-elementor-post-type=\"page\">\n\t\t\t\t<div data-particle_enable=\"false\" data-particle-mobile-disabled=\"false\" class=\"elementor-element elementor-element-6d304a74 e-con-full e-flex e-con e-parent\" data-id=\"6d304a74\" data-element_type=\"container\">\n\t\t\t\t<div class=\"elementor-element elementor-element-3645388a elementor-widget elementor-widget-image\" data-id=\"3645388a\" data-element_type=\"widget\" data-widget_type=\"image.default\">\n\t\t\t\t<div class=\"elementor-widget-container\">\n\t\t\t\t\t\t\t\t\t\t\t\t\t\t\t<img fetchpriority=\"high\" decoding=\"async\" width=\"1440\" height=\"700\" src=\"https:\/\/nvtrip.sncil.org\/wp-content\/uploads\/2025\/03\/Housing.png\" class=\"attachment-full size-full wp-image-359\" alt=\"Illustration of a group of buildings and apartments.\" srcset=\"https:\/\/nvtrip.sncil.org\/wp-content\/uploads\/2025\/03\/Housing.png 1440w, https:\/\/nvtrip.sncil.org\/wp-content\/uploads\/2025\/03\/Housing-300x146.png 300w, https:\/\/nvtrip.sncil.org\/wp-content\/uploads\/2025\/03\/Housing-1024x498.png 1024w, https:\/\/nvtrip.sncil.org\/wp-content\/uploads\/2025\/03\/Housing-768x373.png 768w\" sizes=\"(max-width: 1440px) 100vw, 1440px\" \/>\t\t\t\t\t\t\t\t\t\t\t\t\t\t\t<\/div>\n\t\t\t\t<\/div>\n\t\t\t\t<div class=\"elementor-element elementor-element-5d0b93a4 elementor-widget elementor-widget-heading\" data-id=\"5d0b93a4\" data-element_type=\"widget\" data-widget_type=\"heading.default\">\n\t\t\t\t<div class=\"elementor-widget-container\">\n\t\t\t\t\t<h1 class=\"elementor-heading-title elementor-size-default\">\u00bfListo para vivir solo?<\/h1>\t\t\t\t<\/div>\n\t\t\t\t<\/div>\n\t\t\t\t<\/div>\n\t\t<div data-particle_enable=\"false\" data-particle-mobile-disabled=\"false\" class=\"elementor-element elementor-element-7e7d8ae0 e-flex e-con-boxed e-con e-parent\" data-id=\"7e7d8ae0\" data-element_type=\"container\">\n\t\t\t\t\t<div class=\"e-con-inner\">\n\t\t\t\t<div class=\"elementor-element elementor-element-45cd155 elementor-widget elementor-widget-spacer\" data-id=\"45cd155\" data-element_type=\"widget\" data-widget_type=\"spacer.default\">\n\t\t\t\t<div class=\"elementor-widget-container\">\n\t\t\t\t\t\t\t<div class=\"elementor-spacer\">\n\t\t\t<div class=\"elementor-spacer-inner\"><\/div>\n\t\t<\/div>\n\t\t\t\t\t\t<\/div>\n\t\t\t\t<\/div>\n\t\t\t\t<div class=\"elementor-element elementor-element-73b5e52 elementor-widget elementor-widget-video\" data-id=\"73b5e52\" data-element_type=\"widget\" data-settings=\"{&quot;youtube_url&quot;:&quot;https:\\\/\\\/youtu.be\\\/Wz7v-VPyBhI&quot;,&quot;video_type&quot;:&quot;youtube&quot;,&quot;controls&quot;:&quot;yes&quot;}\" data-widget_type=\"video.default\">\n\t\t\t\t<div class=\"elementor-widget-container\">\n\t\t\t\t\t\t\t<div class=\"elementor-wrapper elementor-open-inline\">\n\t\t\t<div class=\"elementor-video\"><\/div>\t\t<\/div>\n\t\t\t\t\t\t<\/div>\n\t\t\t\t<\/div>\n\t\t\t\t<div class=\"elementor-element elementor-element-a156801 elementor-widget elementor-widget-heading\" data-id=\"a156801\" data-element_type=\"widget\" data-widget_type=\"heading.default\">\n\t\t\t\t<div class=\"elementor-widget-container\">\n\t\t\t\t\t<h2 class=\"elementor-heading-title elementor-size-default\">Por d\u00f3nde empezar<\/h2>\t\t\t\t<\/div>\n\t\t\t\t<\/div>\n\t\t\t\t<div class=\"elementor-element elementor-element-fa2c99c elementor-widget elementor-widget-spacer\" data-id=\"fa2c99c\" data-element_type=\"widget\" data-widget_type=\"spacer.default\">\n\t\t\t\t<div class=\"elementor-widget-container\">\n\t\t\t\t\t\t\t<div class=\"elementor-spacer\">\n\t\t\t<div class=\"elementor-spacer-inner\"><\/div>\n\t\t<\/div>\n\t\t\t\t\t\t<\/div>\n\t\t\t\t<\/div>\n\t\t\t\t<div class=\"elementor-element elementor-element-7cb89312 elementor-widget elementor-widget-text-editor\" data-id=\"7cb89312\" data-element_type=\"widget\" data-widget_type=\"text-editor.default\">\n\t\t\t\t<div class=\"elementor-widget-container\">\n\t\t\t\t\t\t\t\t\t<p><span style=\"font-weight: 400;\">Cuando est\u00e9s seguro de que quieres y puedes vivir solo, tienes varias opciones de alojamiento.  <\/span><\/p><p><span style=\"font-weight: 400;\">Entre ellas figuran:<\/span><\/p><h3><span style=\"font-weight: 400;\">Unidad de vivienda accesoria (ADU)<\/span><\/h3><p><span style=\"font-weight: 400;\">Una ADU es una peque\u00f1a unidad de vivienda situada dentro de una casa independiente o en una propiedad compartida. Puede ser un garaje, una casita en el patio trasero, una suite para la suegra o un apartamento independiente. Una vivienda de este tipo tiene la ventaja de ser tu propia casa.    <\/span><\/p><h3><span style=\"font-weight: 400;\">Vivir con compa\u00f1ero(s) de piso  <\/span><\/h3><p><span style=\"font-weight: 400;\">Puedes optar por vivir con un familiar o un amigo. Los compa\u00f1eros de piso pueden tener ya su propia casa o pod\u00e9is elegir juntos un lugar nuevo. Esta puede ser una buena manera de asegurarte de que tienes a alguien que se preocupa por ti para ayudarte con ciertas tareas diarias, as\u00ed como para compartir gastos.  <\/span><\/p><p><span style=\"font-weight: 400;\">Es importante saber que, en Nevada y en algunos otros estados, Medicaid cubre los servicios de cuidados a largo plazo y el apoyo en domicilios o comunidades. Pueden estar disponibles a trav\u00e9s del   <\/span><a href=\"https:\/\/adsd.nv.gov\/Programs\/Seniors\/PD_Waiver\/Waiver_for_Person%E2%80%99s_with_Physical_Disabilities_(PD)\/\" target=\"_blank\" rel=\"noopener\"><span style=\"font-weight: 400;\">Exenci\u00f3n para servicios a domicilio y comunitarios (HCBS)<\/span><\/a><span style=\"font-weight: 400;\">.<\/span><\/p><h3><span style=\"font-weight: 400;\">Hogares de acogida<\/span><\/h3><p><span style=\"font-weight: 400;\">Un hogar de acogida, a veces llamado hogar de acogida para adultos, significa que una familia ha abierto su casa a personas con discapacidad. La familia proporciona un entorno c\u00f3modo y de apoyo a la persona, ofreci\u00e9ndole comidas, ayud\u00e1ndole con sus actividades cotidianas e incluso simplemente haci\u00e9ndole compa\u00f1\u00eda.   <\/span><\/p><h3><a href=\"https:\/\/www.usa.gov\/housing-voucher-section-8\"><span style=\"font-weight: 400;\">Secci\u00f3n 8 Vivienda<\/span><\/a><\/h3><p><span style=\"font-weight: 400;\">Este tipo de vivienda est\u00e1 dise\u00f1ado para cumplir los requisitos del art\u00edculo 8 de la Ley de Vivienda, que es una ley que ayuda a las personas con bajos ingresos a permitirse vivir de forma independiente. Las personas discapacitadas que perciben una Seguridad de Ingreso Suplementario (SSI) o una Renta de Discapacidad de la Seguridad Social (SSDI) suelen poder acogerse a este programa.   <\/span><\/p><p><span style=\"font-weight: 400;\">Las personas que cumplen los requisitos reciben vales para ayudarles a pagar la vivienda. Con estos vales, s\u00f3lo un tercio de sus ingresos totales puede destinarse al coste de la vivienda. El resto lo paga el gobierno.  <\/span><\/p><h3><span style=\"font-weight: 400;\">Hogar colectivo\/vivienda de apoyo<\/span><\/h3><p><span style=\"font-weight: 400;\">Las residencias colectivas, tambi\u00e9n llamadas a veces viviendas de apoyo, son hogares donde un grupo de personas con necesidades especiales, que de otro modo no podr\u00edan vivir solas, pueden compartir la misma vivienda. Pueden tener sus propias habitaciones y cuartos de ba\u00f1o, pero comparten zonas comunes, como salas de estar y cocinas. Muchos de estos hogares cuentan con asesores o ayudantes que pueden ayudar a los residentes con determinadas tareas. Tambi\u00e9n pueden ser \u00fatiles para crear un sentimiento de comunidad, en el que los residentes se apoyen mutuamente y comprendan las preocupaciones de los dem\u00e1s.   <\/span><\/p><h3><span style=\"font-weight: 400;\">Residencias asistidas<\/span><\/h3><p><span style=\"font-weight: 400;\">Una persona con discapacidad tambi\u00e9n puede ser capaz de vivir de forma independiente en su propio apartamento o edificio, dentro de una comunidad que ofrezca un personal que se ocupe de algunas actividades de la vida diaria, como ba\u00f1arse, limpiar o preparar las comidas. Sin embargo, esta opci\u00f3n no ser\u00eda adecuada para alguien que necesite cuidados las 24 horas del d\u00eda.   <\/span><\/p><p><span style=\"font-weight: 400;\">No deje de visitar nuestra secci\u00f3n sobre <\/span><a href=\"https:\/\/nncil.org\/nv-trip\/from-high-school-to-independence-transition-services-for-young-people-with-disabilities\/\" target=\"_blank\" rel=\"noopener\"><span style=\"font-weight: 400;\">Servicios de transici\u00f3n<\/span><\/a><span style=\"font-weight: 400;\"> para saber m\u00e1s sobre los pasos que hay que dar para que vivir solo sea una realidad.<\/span><\/p>\t\t\t\t\t\t\t\t<\/div>\n\t\t\t\t<\/div>\n\t\t\t\t\t<\/div>\n\t\t\t\t<\/div>\n\t\t\t\t<\/div>\n\t\t","protected":false},"excerpt":{"rendered":"<p>\u00bfListo para vivir solo? Por d\u00f3nde empezar Cuando est\u00e9s seguro de que quieres y puedes vivir solo, tienes varias opciones de alojamiento. Entre ellas figuran: Unidad de vivienda accesoria (ADU) Una ADU es una peque\u00f1a unidad de vivienda situada dentro de una casa independiente o en una propiedad compartida. Puede ser un garaje, una casita [&hellip;]<\/p>\n","protected":false},"author":1,"featured_media":0,"parent":758,"menu_order":0,"comment_status":"closed","ping_status":"closed","template":"","meta":{"footnotes":""},"class_list":["post-761","page","type-page","status-publish","hentry"],"_links":{"self":[{"href":"https:\/\/nvtrip.sncil.org\/es\/wp-json\/wp\/v2\/pages\/761","targetHints":{"allow":["GET"]}}],"collection":[{"href":"https:\/\/nvtrip.sncil.org\/es\/wp-json\/wp\/v2\/pages"}],"about":[{"href":"https:\/\/nvtrip.sncil.org\/es\/wp-json\/wp\/v2\/types\/page"}],"author":[{"embeddable":true,"href":"https:\/\/nvtrip.sncil.org\/es\/wp-json\/wp\/v2\/users\/1"}],"replies":[{"embeddable":true,"href":"https:\/\/nvtrip.sncil.org\/es\/wp-json\/wp\/v2\/comments?post=761"}],"version-history":[{"count":2,"href":"https:\/\/nvtrip.sncil.org\/es\/wp-json\/wp\/v2\/pages\/761\/revisions"}],"predecessor-version":[{"id":1811,"href":"https:\/\/nvtrip.sncil.org\/es\/wp-json\/wp\/v2\/pages\/761\/revisions\/1811"}],"up":[{"embeddable":true,"href":"https:\/\/nvtrip.sncil.org\/es\/wp-json\/wp\/v2\/pages\/758"}],"wp:attachment":[{"href":"https:\/\/nvtrip.sncil.org\/es\/wp-json\/wp\/v2\/media?parent=761"}],"curies":[{"name":"wp","href":"https:\/\/api.w.org\/{rel}","templated":true}]}}