{"id":758,"date":"2025-03-28T19:14:55","date_gmt":"2025-03-28T19:14:55","guid":{"rendered":"https:\/\/nvtrip.sncil.org\/desarrollar-la-confianza-habilidad-a-habilidad\/"},"modified":"2025-10-22T23:55:22","modified_gmt":"2025-10-22T23:55:22","slug":"desarrollar-la-confianza-habilidad-a-habilidad","status":"publish","type":"page","link":"https:\/\/nvtrip.sncil.org\/es\/viaje-nv\/desarrollar-la-confianza-habilidad-a-habilidad\/","title":{"rendered":"Desarrollar la confianza, habilidad a habilidad"},"content":{"rendered":"\t\t<div data-elementor-type=\"wp-page\" data-elementor-id=\"758\" class=\"elementor elementor-758 elementor-205\" data-elementor-post-type=\"page\">\n\t\t\t\t<div data-particle_enable=\"false\" data-particle-mobile-disabled=\"false\" class=\"elementor-element elementor-element-e591aef e-con-full e-flex e-con e-parent\" data-id=\"e591aef\" data-element_type=\"container\">\n\t\t\t\t<div class=\"elementor-element elementor-element-1e6b254d elementor-widget elementor-widget-image\" data-id=\"1e6b254d\" data-element_type=\"widget\" data-widget_type=\"image.default\">\n\t\t\t\t<div class=\"elementor-widget-container\">\n\t\t\t\t\t\t\t\t\t\t\t\t\t\t\t<img fetchpriority=\"high\" decoding=\"async\" width=\"1440\" height=\"700\" src=\"https:\/\/nvtrip.sncil.org\/wp-content\/uploads\/2025\/03\/Giving-Back-Gaining-Confidence.png\" class=\"attachment-full size-full wp-image-316\" alt=\"Illustration of a young person sitting in a chair reading to an older person sitting in a wheelchair knitting.\" srcset=\"https:\/\/nvtrip.sncil.org\/wp-content\/uploads\/2025\/03\/Giving-Back-Gaining-Confidence.png 1440w, https:\/\/nvtrip.sncil.org\/wp-content\/uploads\/2025\/03\/Giving-Back-Gaining-Confidence-300x146.png 300w, https:\/\/nvtrip.sncil.org\/wp-content\/uploads\/2025\/03\/Giving-Back-Gaining-Confidence-1024x498.png 1024w, https:\/\/nvtrip.sncil.org\/wp-content\/uploads\/2025\/03\/Giving-Back-Gaining-Confidence-768x373.png 768w\" sizes=\"(max-width: 1440px) 100vw, 1440px\" \/>\t\t\t\t\t\t\t\t\t\t\t\t\t\t\t<\/div>\n\t\t\t\t<\/div>\n\t\t\t\t<div class=\"elementor-element elementor-element-119e8a99 elementor-widget elementor-widget-heading\" data-id=\"119e8a99\" data-element_type=\"widget\" data-widget_type=\"heading.default\">\n\t\t\t\t<div class=\"elementor-widget-container\">\n\t\t\t\t\t<h1 class=\"elementor-heading-title elementor-size-default\">Desarrollar la confianza, habilidad a habilidad\n<\/h1>\t\t\t\t<\/div>\n\t\t\t\t<\/div>\n\t\t\t\t<div class=\"elementor-element elementor-element-4bdb2248 elementor-widget elementor-widget-spacer\" data-id=\"4bdb2248\" data-element_type=\"widget\" data-widget_type=\"spacer.default\">\n\t\t\t\t<div class=\"elementor-widget-container\">\n\t\t\t\t\t\t\t<div class=\"elementor-spacer\">\n\t\t\t<div class=\"elementor-spacer-inner\"><\/div>\n\t\t<\/div>\n\t\t\t\t\t\t<\/div>\n\t\t\t\t<\/div>\n\t\t\t\t<\/div>\n\t\t<div data-particle_enable=\"false\" data-particle-mobile-disabled=\"false\" class=\"elementor-element elementor-element-5f78196e e-flex e-con-boxed e-con e-parent\" data-id=\"5f78196e\" data-element_type=\"container\">\n\t\t\t\t\t<div class=\"e-con-inner\">\n\t\t\t\t<div class=\"elementor-element elementor-element-60b2ef31 elementor-widget elementor-widget-text-editor\" data-id=\"60b2ef31\" data-element_type=\"widget\" data-widget_type=\"text-editor.default\">\n\t\t\t\t<div class=\"elementor-widget-container\">\n\t\t\t\t\t\t\t\t\t<p><span style=\"font-weight: 400;\">Vivir de forma independiente significa tener las habilidades y la confianza necesarias para realizar las tareas de la vida diaria, desde programar el d\u00eda hasta comprar los art\u00edculos que necesita, pagar las facturas, ir y volver del trabajo y otras citas, y terminar las tareas dom\u00e9sticas.  <\/span><\/p><p><span style=\"font-weight: 400;\">Las personas con discapacidad pueden ganar confianza, sentimientos de autoestima y una mayor calidad de vida sabiendo que pueden vivir de forma independiente. Puede ser un pelda\u00f1o importante para dar los siguientes pasos en la vida, como conseguir un trabajo y contribuir a su comunidad.   <\/span><\/p><p><span style=\"font-weight: 400;\">En esta secci\u00f3n aprender\u00e1s las habilidades que necesitas para vivir por tu cuenta:<\/span><\/p><ul><li style=\"font-weight: 400;\" aria-level=\"1\"><a href=\"https:\/\/nvtrip.sncil.org\/es\/viaje-nv\/desarrollar-la-confianza-habilidad-a-habilidad\/tu-espacio-tu-vida\/\" target=\"_blank\" rel=\"noopener\">\u00bfEst\u00e1s preparado para vivir solo?<\/a><\/li><li aria-level=\"1\"><a href=\"https:\/\/nvtrip.sncil.org\/es\/viaje-nv\/desarrollar-la-confianza-habilidad-a-habilidad\/tu-espacio-tu-vida\/\" target=\"_blank\" rel=\"noopener\">Tu espacio, tu vida<\/a><\/li><li style=\"font-weight: 400;\" aria-level=\"1\"><a href=\"https:\/\/nncil.org\/nv-trip\/skills-training\/housing\/\" target=\"_blank\" rel=\"noopener\">Vivienda<\/a><\/li><li style=\"font-weight: 400;\" aria-level=\"1\"><a href=\"https:\/\/nvtrip.sncil.org\/es\/viaje-nv\/desarrollar-la-confianza-habilidad-a-habilidad\/dominar-su-dinero\/\" target=\"_blank\" rel=\"noopener\">Presupuesto y gesti\u00f3n del dinero<\/a><\/li><li style=\"font-weight: 400;\" aria-level=\"1\"><a href=\"https:\/\/nvtrip.sncil.org\/es\/viaje-nv\/desarrollar-la-confianza-habilidad-a-habilidad\/para-reflexionar-planificacion-de-comidas\/\" target=\"_blank\" rel=\"noopener\">Planificaci\u00f3n de comidas<\/a><\/li><li aria-level=\"1\"><a href=\"https:\/\/nvtrip.sncil.org\/es\/viaje-nv\/desarrollar-la-confianza-habilidad-a-habilidad\/compras\/\" target=\"_blank\" rel=\"noopener\">Compras<\/a><\/li><li aria-level=\"1\"><a href=\"https:\/\/nvtrip.sncil.org\/es\/viaje-nv\/desarrollar-la-confianza-habilidad-a-habilidad\/compras\/a-cocinar\/\" target=\"_blank\" rel=\"noopener\">Cocinar<\/a><\/li><li aria-level=\"1\"><a href=\"https:\/\/nvtrip.sncil.org\/es\/viaje-nv\/desarrollar-la-confianza-habilidad-a-habilidad\/control-de-los-medicamentos\/\" target=\"_blank\" rel=\"noopener\">Control de los medicamentos<\/a><\/li><li aria-level=\"1\"><a href=\"https:\/\/nvtrip.sncil.org\/es\/viaje-nv\/desarrollar-la-confianza-habilidad-a-habilidad\/mantener-la-calma-seguir-siendo-independiente\/\" target=\"_blank\" rel=\"noopener\">Gesti\u00f3n del estr\u00e9s<\/a><\/li><li aria-level=\"1\"><a href=\"https:\/\/nvtrip.sncil.org\/es\/viaje-nv\/desarrollar-la-confianza-habilidad-a-habilidad\/el-tiempo-esta-de-su-lado\/\" target=\"_blank\" rel=\"noopener\">Gesti\u00f3n del tiempo<\/a><\/li><li aria-level=\"1\"><a href=\"https:\/\/nvtrip.sncil.org\/es\/viaje-nv\/desarrollar-la-confianza-habilidad-a-habilidad\/work-it-out-su-guia-para-conseguir-trabajo\/\" target=\"_blank\" rel=\"noopener\">Conseguir trabajo<\/a><\/li><li aria-level=\"1\"><a href=\"https:\/\/nvtrip.sncil.org\/es\/viaje-nv\/desarrollar-la-confianza-habilidad-a-habilidad\/mantente-limpio-mantente-sano-higiene-personal\/\" target=\"_blank\" rel=\"noopener\">Casa limpia, mente despejada<\/a><\/li><li aria-level=\"1\"><a href=\"https:\/\/nvtrip.sncil.org\/es\/viaje-nv\/desarrollar-la-confianza-habilidad-a-habilidad\/mantente-limpio-mantente-sano-higiene-personal\/\" target=\"_blank\" rel=\"noopener\">Higiene personal<\/a><\/li><li aria-level=\"1\"><a href=\"https:\/\/nvtrip.sncil.org\/es\/viaje-nv\/desarrollar-la-confianza-habilidad-a-habilidad\/en-movimiento-dominar-el-transporte\/\" target=\"_blank\" rel=\"noopener\">Dominio del transporte<\/a><\/li><li aria-level=\"1\"><a href=\"https:\/\/nvtrip.sncil.org\/es\/viaje-nv\/desarrollar-la-confianza-habilidad-a-habilidad\/disfrutar-del-aire-libre-con-una-discapacidad\/\" target=\"_blank\" rel=\"noopener\">Disfrutar del aire libre con una discapacidad<\/a><\/li><li aria-level=\"1\"><a href=\"https:\/\/nvtrip.sncil.org\/es\/viaje-nv\/desarrollar-la-confianza-habilidad-a-habilidad\/muevete-consejos-para-hacer-ejercicio-con-una-discapacidad\/\" target=\"_blank\" rel=\"noopener\">Consejos para hacer ejercicio con una discapacidad<\/a><\/li><\/ul>\t\t\t\t\t\t\t\t<\/div>\n\t\t\t\t<\/div>\n\t\t\t\t\t<\/div>\n\t\t\t\t<\/div>\n\t\t\t\t<\/div>\n\t\t","protected":false},"excerpt":{"rendered":"<p>Desarrollar la confianza, habilidad a habilidad Vivir de forma independiente significa tener las habilidades y la confianza necesarias para realizar las tareas de la vida diaria, desde programar el d\u00eda hasta comprar los art\u00edculos que necesita, pagar las facturas, ir y volver del trabajo y otras citas, y terminar las tareas dom\u00e9sticas. Las personas con [&hellip;]<\/p>\n","protected":false},"author":1,"featured_media":0,"parent":840,"menu_order":0,"comment_status":"closed","ping_status":"closed","template":"","meta":{"footnotes":""},"class_list":["post-758","page","type-page","status-publish","hentry"],"_links":{"self":[{"href":"https:\/\/nvtrip.sncil.org\/es\/wp-json\/wp\/v2\/pages\/758","targetHints":{"allow":["GET"]}}],"collection":[{"href":"https:\/\/nvtrip.sncil.org\/es\/wp-json\/wp\/v2\/pages"}],"about":[{"href":"https:\/\/nvtrip.sncil.org\/es\/wp-json\/wp\/v2\/types\/page"}],"author":[{"embeddable":true,"href":"https:\/\/nvtrip.sncil.org\/es\/wp-json\/wp\/v2\/users\/1"}],"replies":[{"embeddable":true,"href":"https:\/\/nvtrip.sncil.org\/es\/wp-json\/wp\/v2\/comments?post=758"}],"version-history":[{"count":7,"href":"https:\/\/nvtrip.sncil.org\/es\/wp-json\/wp\/v2\/pages\/758\/revisions"}],"predecessor-version":[{"id":1935,"href":"https:\/\/nvtrip.sncil.org\/es\/wp-json\/wp\/v2\/pages\/758\/revisions\/1935"}],"up":[{"embeddable":true,"href":"https:\/\/nvtrip.sncil.org\/es\/wp-json\/wp\/v2\/pages\/840"}],"wp:attachment":[{"href":"https:\/\/nvtrip.sncil.org\/es\/wp-json\/wp\/v2\/media?parent=758"}],"curies":[{"name":"wp","href":"https:\/\/api.w.org\/{rel}","templated":true}]}}