{"id":756,"date":"2025-03-29T00:32:46","date_gmt":"2025-03-29T00:32:46","guid":{"rendered":"https:\/\/nvtrip.sncil.org\/que-es-la-vida-independiente\/"},"modified":"2025-10-29T19:51:48","modified_gmt":"2025-10-29T19:51:48","slug":"que-es-la-vida-independiente","status":"publish","type":"page","link":"https:\/\/nvtrip.sncil.org\/es\/viaje-nv\/que-es-la-vida-independiente\/","title":{"rendered":"\u00bfQu\u00e9 es la vida independiente?"},"content":{"rendered":"\t\t<div data-elementor-type=\"wp-page\" data-elementor-id=\"756\" class=\"elementor elementor-756 elementor-399\" data-elementor-post-type=\"page\">\n\t\t\t\t<div data-particle_enable=\"false\" data-particle-mobile-disabled=\"false\" class=\"elementor-element elementor-element-6a70123f e-con-full e-flex e-con e-parent\" data-id=\"6a70123f\" data-element_type=\"container\">\n\t\t\t\t<div class=\"elementor-element elementor-element-4fd5e11f elementor-widget elementor-widget-image\" data-id=\"4fd5e11f\" data-element_type=\"widget\" data-widget_type=\"image.default\">\n\t\t\t\t<div class=\"elementor-widget-container\">\n\t\t\t\t\t\t\t\t\t\t\t\t\t\t\t<img fetchpriority=\"high\" decoding=\"async\" width=\"1440\" height=\"700\" src=\"https:\/\/nvtrip.sncil.org\/wp-content\/uploads\/2025\/03\/Independent-Living.png\" class=\"attachment-full size-full wp-image-405\" alt=\"Animated illustration of a group of diverse people with diverse disabilities.\" srcset=\"https:\/\/nvtrip.sncil.org\/wp-content\/uploads\/2025\/03\/Independent-Living.png 1440w, https:\/\/nvtrip.sncil.org\/wp-content\/uploads\/2025\/03\/Independent-Living-300x146.png 300w, https:\/\/nvtrip.sncil.org\/wp-content\/uploads\/2025\/03\/Independent-Living-1024x498.png 1024w, https:\/\/nvtrip.sncil.org\/wp-content\/uploads\/2025\/03\/Independent-Living-768x373.png 768w\" sizes=\"(max-width: 1440px) 100vw, 1440px\" \/>\t\t\t\t\t\t\t\t\t\t\t\t\t\t\t<\/div>\n\t\t\t\t<\/div>\n\t\t\t\t<div class=\"elementor-element elementor-element-3c97133b elementor-widget elementor-widget-heading\" data-id=\"3c97133b\" data-element_type=\"widget\" data-widget_type=\"heading.default\">\n\t\t\t\t<div class=\"elementor-widget-container\">\n\t\t\t\t\t<h1 class=\"elementor-heading-title elementor-size-default\">\u00bfQu\u00e9 es la vida independiente?<\/h1>\t\t\t\t<\/div>\n\t\t\t\t<\/div>\n\t\t\t\t<\/div>\n\t\t<div data-particle_enable=\"false\" data-particle-mobile-disabled=\"false\" class=\"elementor-element elementor-element-67144a15 e-flex e-con-boxed e-con e-parent\" data-id=\"67144a15\" data-element_type=\"container\">\n\t\t\t\t\t<div class=\"e-con-inner\">\n\t\t\t\t<div class=\"elementor-element elementor-element-6355d8e elementor-widget elementor-widget-spacer\" data-id=\"6355d8e\" data-element_type=\"widget\" data-widget_type=\"spacer.default\">\n\t\t\t\t<div class=\"elementor-widget-container\">\n\t\t\t\t\t\t\t<div class=\"elementor-spacer\">\n\t\t\t<div class=\"elementor-spacer-inner\"><\/div>\n\t\t<\/div>\n\t\t\t\t\t\t<\/div>\n\t\t\t\t<\/div>\n\t\t\t\t<div class=\"elementor-element elementor-element-1f735bc elementor-widget elementor-widget-video\" data-id=\"1f735bc\" data-element_type=\"widget\" data-settings=\"{&quot;youtube_url&quot;:&quot;https:\\\/\\\/youtu.be\\\/tEu_Ltjr17Y&quot;,&quot;video_type&quot;:&quot;youtube&quot;,&quot;controls&quot;:&quot;yes&quot;}\" data-widget_type=\"video.default\">\n\t\t\t\t<div class=\"elementor-widget-container\">\n\t\t\t\t\t\t\t<div class=\"elementor-wrapper elementor-open-inline\">\n\t\t\t<div class=\"elementor-video\"><\/div>\t\t<\/div>\n\t\t\t\t\t\t<\/div>\n\t\t\t\t<\/div>\n\t\t\t\t<div class=\"elementor-element elementor-element-ac8bcde elementor-widget elementor-widget-heading\" data-id=\"ac8bcde\" data-element_type=\"widget\" data-widget_type=\"heading.default\">\n\t\t\t\t<div class=\"elementor-widget-container\">\n\t\t\t\t\t<h2 class=\"elementor-heading-title elementor-size-default\">Tu futuro. A tu manera.<\/h2>\t\t\t\t<\/div>\n\t\t\t\t<\/div>\n\t\t\t\t<div class=\"elementor-element elementor-element-7c0cf00b elementor-widget elementor-widget-text-editor\" data-id=\"7c0cf00b\" data-element_type=\"widget\" data-widget_type=\"text-editor.default\">\n\t\t\t\t<div class=\"elementor-widget-container\">\n\t\t\t\t\t\t\t\t\t<p>Gracias por viajar hasta aqu\u00ed desde el <a href=\"https:\/\/nevadatrip.nv.gov\/\" target=\"_blank\" rel=\"noopener\"><strong>sitio web de Nevada La Hoja de Ruta a trav\u00e9s de Asociaciones Innovadoras (Nevada TRIP)<\/strong><\/a>. <span style=\"font-weight: 400;\">En el Southern Nevada Center for Independent Living (SNCIL<\/span><span style=\"font-weight: 400;\">), estamos aqu\u00ed para proporcionar los recursos, el apoyo y la informaci\u00f3n que necesita para la transici\u00f3n a la edad adulta con confianza. <\/span> <\/p><p><span style=\"font-weight: 400;\">Crecer significa tomar grandes decisiones: la escuela, el trabajo, la independencia y encontrar tu camino en el mundo. Te mereces vivir la vida a tu aire como cualquier otra persona, con libertad para tomar decisiones, marcarte objetivos y forjar tu futuro.<\/span><\/p><p><span style=\"font-weight: 400;\">Creemos en:<\/span><\/p><h3><span style=\"font-weight: 400;\">Autodeterminaci\u00f3n y capacitaci\u00f3n<\/span><\/h3><p><span style=\"font-weight: 400;\">Tu futuro te pertenece <\/span><b>a ti.<\/b><span style=\"font-weight: 400;\">  Tomar tus propias decisiones y fijarte tus propios objetivos es el primer paso hacia la independencia. Estamos aqu\u00ed para ayudarte a adquirir las habilidades y la confianza necesarias para tomar las riendas de tu vida.<\/span><\/p><h3><span style=\"font-weight: 400;\">Igualdad de acceso e inclusi\u00f3n<\/span><\/h3><p><span style=\"font-weight: 400;\">Ya sea a trav\u00e9s de la educaci\u00f3n, el empleo, la vivienda o la vida en comunidad, usted tiene el <\/span><b>adecuado<\/b><span style=\"font-weight: 400;\">  participar plenamente en la sociedad. Le ponemos en contacto con las herramientas y servicios que hacen posible su independencia.<\/span><\/p><h3><span style=\"font-weight: 400;\">Autodefensa y autorespeto<\/span><\/h3><p><span style=\"font-weight: 400;\">Defenderse es una habilidad muy poderosa. Aprenda a conocer sus derechos, a comunicar sus necesidades y a abogar por el apoyo que merece.<\/span><\/p><h3><span style=\"font-weight: 400;\">Cambio pol\u00edtico y su voz<\/span><\/h3><p><span style=\"font-weight: 400;\">Tu voz importa. Las leyes y pol\u00edticas determinan las oportunidades de las personas con discapacidad, y t\u00fa tienes el poder de marcar la diferencia. Ya sea votando, sum\u00e1ndose a las iniciativas de defensa de derechos o colaborando con los legisladores, usted puede ayudar a crear un mundo m\u00e1s accesible e integrador.<\/span><\/p><p><span style=\"font-weight: 400;\">La edad adulta es un viaje apasionante. Con el apoyo y los recursos adecuados, puedes construir la vida que deseas: una vida de independencia, respeto y oportunidades.<\/span><\/p><p><span style=\"font-weight: 400;\">Explore nuestros recursos y comience su viaje hoy mismo.<\/span><\/p>\t\t\t\t\t\t\t\t<\/div>\n\t\t\t\t<\/div>\n\t\t\t\t<div class=\"elementor-element elementor-element-eb80918 elementor-widget elementor-widget-spacer\" data-id=\"eb80918\" data-element_type=\"widget\" data-widget_type=\"spacer.default\">\n\t\t\t\t<div class=\"elementor-widget-container\">\n\t\t\t\t\t\t\t<div class=\"elementor-spacer\">\n\t\t\t<div class=\"elementor-spacer-inner\"><\/div>\n\t\t<\/div>\n\t\t\t\t\t\t<\/div>\n\t\t\t\t<\/div>\n\t\t\t\t<div class=\"elementor-element elementor-element-5d995f4 elementor-widget elementor-widget-image\" data-id=\"5d995f4\" data-element_type=\"widget\" data-widget_type=\"image.default\">\n\t\t\t\t<div class=\"elementor-widget-container\">\n\t\t\t\t\t\t\t\t\t\t\t\t\t\t\t\t<a href=\"https:\/\/nevadatrip.nv.gov\/\">\n\t\t\t\t\t\t\t<img decoding=\"async\" width=\"300\" height=\"169\" src=\"https:\/\/nvtrip.sncil.org\/wp-content\/uploads\/2025\/08\/Nevada-TRIP-Logo-copy-300x169.png\" class=\"attachment-medium size-medium wp-image-1548\" alt=\"Nevada TRIP Logo\" srcset=\"https:\/\/nvtrip.sncil.org\/wp-content\/uploads\/2025\/08\/Nevada-TRIP-Logo-copy-300x169.png 300w, https:\/\/nvtrip.sncil.org\/wp-content\/uploads\/2025\/08\/Nevada-TRIP-Logo-copy-1024x576.png 1024w, https:\/\/nvtrip.sncil.org\/wp-content\/uploads\/2025\/08\/Nevada-TRIP-Logo-copy-768x432.png 768w, https:\/\/nvtrip.sncil.org\/wp-content\/uploads\/2025\/08\/Nevada-TRIP-Logo-copy-1536x864.png 1536w, https:\/\/nvtrip.sncil.org\/wp-content\/uploads\/2025\/08\/Nevada-TRIP-Logo-copy.png 1920w\" sizes=\"(max-width: 300px) 100vw, 300px\" \/>\t\t\t\t\t\t\t\t<\/a>\n\t\t\t\t\t\t\t\t\t\t\t\t\t\t\t<\/div>\n\t\t\t\t<\/div>\n\t\t\t\t<div class=\"elementor-element elementor-element-3e99b80 elementor-widget elementor-widget-text-editor\" data-id=\"3e99b80\" data-element_type=\"widget\" data-widget_type=\"text-editor.default\">\n\t\t\t\t<div class=\"elementor-widget-container\">\n\t\t\t\t\t\t\t\t\t<h6>El contenido de este sitio web se ha desarrollado gracias a la subvenci\u00f3n H421E230026 &#8211; NEVADA DEPARTMENT OF EDUCATION del Departamento de Educaci\u00f3n de EE.UU. (Departamento). El Departamento no ordena ni prescribe pr\u00e1cticas, modelos u otras actividades descritas o discutidas en este documento. El contenido de este sitio web puede contener ejemplos, adaptaciones y enlaces a recursos creados y mantenidos por otra organizaci\u00f3n p\u00fablica o privada. El Departamento no controla ni garantiza la exactitud, pertinencia, actualidad o integridad de esta informaci\u00f3n externa. El contenido de este v\u00eddeo no representa necesariamente la pol\u00edtica del Departamento. Esta publicaci\u00f3n no pretende representar los puntos de vista o la pol\u00edtica de ninguna agencia federal, ni constituir una aprobaci\u00f3n de los puntos de vista expresados o de los materiales proporcionados por las mismas. (EDGAR 75.620)      <\/h6>\t\t\t\t\t\t\t\t<\/div>\n\t\t\t\t<\/div>\n\t\t\t\t<div class=\"elementor-element elementor-element-97b1e42 elementor-widget elementor-widget-spacer\" data-id=\"97b1e42\" data-element_type=\"widget\" data-widget_type=\"spacer.default\">\n\t\t\t\t<div class=\"elementor-widget-container\">\n\t\t\t\t\t\t\t<div class=\"elementor-spacer\">\n\t\t\t<div class=\"elementor-spacer-inner\"><\/div>\n\t\t<\/div>\n\t\t\t\t\t\t<\/div>\n\t\t\t\t<\/div>\n\t\t\t\t\t<\/div>\n\t\t\t\t<\/div>\n\t\t\t\t<\/div>\n\t\t","protected":false},"excerpt":{"rendered":"<p>\u00bfQu\u00e9 es la vida independiente? Tu futuro. A tu manera. Gracias por viajar hasta aqu\u00ed desde el sitio web de Nevada La Hoja de Ruta a trav\u00e9s de Asociaciones Innovadoras (Nevada TRIP). En el Southern Nevada Center for Independent Living (SNCIL), estamos aqu\u00ed para proporcionar los recursos, el apoyo y la informaci\u00f3n que necesita para [&hellip;]<\/p>\n","protected":false},"author":1,"featured_media":0,"parent":840,"menu_order":0,"comment_status":"closed","ping_status":"closed","template":"","meta":{"footnotes":""},"class_list":["post-756","page","type-page","status-publish","hentry"],"_links":{"self":[{"href":"https:\/\/nvtrip.sncil.org\/es\/wp-json\/wp\/v2\/pages\/756","targetHints":{"allow":["GET"]}}],"collection":[{"href":"https:\/\/nvtrip.sncil.org\/es\/wp-json\/wp\/v2\/pages"}],"about":[{"href":"https:\/\/nvtrip.sncil.org\/es\/wp-json\/wp\/v2\/types\/page"}],"author":[{"embeddable":true,"href":"https:\/\/nvtrip.sncil.org\/es\/wp-json\/wp\/v2\/users\/1"}],"replies":[{"embeddable":true,"href":"https:\/\/nvtrip.sncil.org\/es\/wp-json\/wp\/v2\/comments?post=756"}],"version-history":[{"count":7,"href":"https:\/\/nvtrip.sncil.org\/es\/wp-json\/wp\/v2\/pages\/756\/revisions"}],"predecessor-version":[{"id":2373,"href":"https:\/\/nvtrip.sncil.org\/es\/wp-json\/wp\/v2\/pages\/756\/revisions\/2373"}],"up":[{"embeddable":true,"href":"https:\/\/nvtrip.sncil.org\/es\/wp-json\/wp\/v2\/pages\/840"}],"wp:attachment":[{"href":"https:\/\/nvtrip.sncil.org\/es\/wp-json\/wp\/v2\/media?parent=756"}],"curies":[{"name":"wp","href":"https:\/\/api.w.org\/{rel}","templated":true}]}}