{"id":748,"date":"2025-03-28T19:28:51","date_gmt":"2025-03-28T19:28:51","guid":{"rendered":"https:\/\/nvtrip.sncil.org\/tu-espacio-tu-vida\/"},"modified":"2025-09-29T03:03:01","modified_gmt":"2025-09-29T03:03:01","slug":"tu-espacio-tu-vida","status":"publish","type":"page","link":"https:\/\/nvtrip.sncil.org\/es\/viaje-nv\/desarrollar-la-confianza-habilidad-a-habilidad\/tu-espacio-tu-vida\/","title":{"rendered":"Tu espacio, tu vida"},"content":{"rendered":"\t\t<div data-elementor-type=\"wp-page\" data-elementor-id=\"748\" class=\"elementor elementor-748 elementor-228\" data-elementor-post-type=\"page\">\n\t\t\t\t<div data-particle_enable=\"false\" data-particle-mobile-disabled=\"false\" class=\"elementor-element elementor-element-62f67f9 e-con-full e-flex e-con e-parent\" data-id=\"62f67f9\" data-element_type=\"container\">\n\t\t\t\t<div class=\"elementor-element elementor-element-5db98fb1 elementor-widget elementor-widget-image\" data-id=\"5db98fb1\" data-element_type=\"widget\" data-widget_type=\"image.default\">\n\t\t\t\t<div class=\"elementor-widget-container\">\n\t\t\t\t\t\t\t\t\t\t\t\t\t\t\t<img fetchpriority=\"high\" decoding=\"async\" width=\"1440\" height=\"700\" src=\"https:\/\/nvtrip.sncil.org\/wp-content\/uploads\/2025\/03\/Celebratory.png\" class=\"attachment-full size-full wp-image-451\" alt=\"Illustration of young people celebrating in an apartment. One is in a wheelchair and one has a support dog.\" srcset=\"https:\/\/nvtrip.sncil.org\/wp-content\/uploads\/2025\/03\/Celebratory.png 1440w, https:\/\/nvtrip.sncil.org\/wp-content\/uploads\/2025\/03\/Celebratory-300x146.png 300w, https:\/\/nvtrip.sncil.org\/wp-content\/uploads\/2025\/03\/Celebratory-1024x498.png 1024w, https:\/\/nvtrip.sncil.org\/wp-content\/uploads\/2025\/03\/Celebratory-768x373.png 768w\" sizes=\"(max-width: 1440px) 100vw, 1440px\" \/>\t\t\t\t\t\t\t\t\t\t\t\t\t\t\t<\/div>\n\t\t\t\t<\/div>\n\t\t\t\t<div class=\"elementor-element elementor-element-343fd0b2 elementor-widget elementor-widget-heading\" data-id=\"343fd0b2\" data-element_type=\"widget\" data-widget_type=\"heading.default\">\n\t\t\t\t<div class=\"elementor-widget-container\">\n\t\t\t\t\t<h1 class=\"elementor-heading-title elementor-size-default\">Tu espacio, tu vida<\/h1>\t\t\t\t<\/div>\n\t\t\t\t<\/div>\n\t\t\t\t<\/div>\n\t\t<div data-particle_enable=\"false\" data-particle-mobile-disabled=\"false\" class=\"elementor-element elementor-element-2a0a23b6 e-flex e-con-boxed e-con e-parent\" data-id=\"2a0a23b6\" data-element_type=\"container\">\n\t\t\t\t\t<div class=\"e-con-inner\">\n\t\t\t\t<div class=\"elementor-element elementor-element-82f4865 elementor-widget elementor-widget-spacer\" data-id=\"82f4865\" data-element_type=\"widget\" data-widget_type=\"spacer.default\">\n\t\t\t\t<div class=\"elementor-widget-container\">\n\t\t\t\t\t\t\t<div class=\"elementor-spacer\">\n\t\t\t<div class=\"elementor-spacer-inner\"><\/div>\n\t\t<\/div>\n\t\t\t\t\t\t<\/div>\n\t\t\t\t<\/div>\n\t\t\t\t<div class=\"elementor-element elementor-element-7d2c584 elementor-widget elementor-widget-heading\" data-id=\"7d2c584\" data-element_type=\"widget\" data-widget_type=\"heading.default\">\n\t\t\t\t<div class=\"elementor-widget-container\">\n\t\t\t\t\t<h2 class=\"elementor-heading-title elementor-size-default\">\u00bfEst\u00e1s preparado para vivir solo?<\/h2>\t\t\t\t<\/div>\n\t\t\t\t<\/div>\n\t\t\t\t<div class=\"elementor-element elementor-element-6e3f7603 elementor-widget elementor-widget-text-editor\" data-id=\"6e3f7603\" data-element_type=\"widget\" data-widget_type=\"text-editor.default\">\n\t\t\t\t<div class=\"elementor-widget-container\">\n\t\t\t\t\t\t\t\t\t<h3><span style=\"font-weight: 400;\">Vivir por tu cuenta significa:<\/span><\/h3><ul><li style=\"font-weight: 400;\" aria-checked=\"false\" aria-level=\"1\"><span style=\"font-weight: 400;\">Gestionar su propio horario<\/span><\/li><li style=\"font-weight: 400;\" aria-checked=\"false\" aria-level=\"1\"><span style=\"font-weight: 400;\">Poder hacer frente a los gastos de manutenci\u00f3n (alquiler, servicios, comida, etc.)<\/span><\/li><li style=\"font-weight: 400;\" aria-checked=\"false\" aria-level=\"1\"><span style=\"font-weight: 400;\">Gestionar su dinero<\/span><\/li><li style=\"font-weight: 400;\" aria-checked=\"false\" aria-level=\"1\"><span style=\"font-weight: 400;\">Desplazarse por la casa solo o casi solo<\/span><\/li><li style=\"font-weight: 400;\" aria-checked=\"false\" aria-level=\"1\"><span style=\"font-weight: 400;\">Arreglarse y vestirse<\/span><\/li><li style=\"font-weight: 400;\" aria-checked=\"false\" aria-level=\"1\"><span style=\"font-weight: 400;\">Organizar su propio transporte<\/span><\/li><li style=\"font-weight: 400;\" aria-checked=\"false\" aria-level=\"1\"><span style=\"font-weight: 400;\">Comprar y preparar su propia comida<\/span><\/li><li style=\"font-weight: 400;\" aria-checked=\"false\" aria-level=\"1\"><span style=\"font-weight: 400;\">Cocinar y alimentarse<\/span><\/li><li style=\"font-weight: 400;\" aria-checked=\"false\" aria-level=\"1\"><span style=\"font-weight: 400;\">Limpieza de su casa y sus pertenencias<\/span><\/li><\/ul><p> <\/p><p><span style=\"font-weight: 400;\">Estas son las actividades de la vida diaria (AVD). Que tengas una discapacidad no significa que no puedas hacer estas cosas por ti mismo.   <\/span><\/p>\t\t\t\t\t\t\t\t<\/div>\n\t\t\t\t<\/div>\n\t\t\t\t<div class=\"elementor-element elementor-element-3d8804a elementor-widget elementor-widget-heading\" data-id=\"3d8804a\" data-element_type=\"widget\" data-widget_type=\"heading.default\">\n\t\t\t\t<div class=\"elementor-widget-container\">\n\t\t\t\t\t<h2 class=\"elementor-heading-title elementor-size-default\">\"Toda persona tiene derecho a la vida, a la libertad y a la seguridad\". \n~ Declaraci\u00f3n de los Derechos Humanos de las Naciones Unidas<\/h2>\t\t\t\t<\/div>\n\t\t\t\t<\/div>\n\t\t\t\t\t<\/div>\n\t\t\t\t<\/div>\n\t\t<div data-particle_enable=\"false\" data-particle-mobile-disabled=\"false\" class=\"elementor-element elementor-element-f76d8d1 e-flex e-con-boxed e-con e-parent\" data-id=\"f76d8d1\" data-element_type=\"container\">\n\t\t\t\t\t<div class=\"e-con-inner\">\n\t\t\t\t<div class=\"elementor-element elementor-element-260eacf elementor-widget elementor-widget-spacer\" data-id=\"260eacf\" data-element_type=\"widget\" data-widget_type=\"spacer.default\">\n\t\t\t\t<div class=\"elementor-widget-container\">\n\t\t\t\t\t\t\t<div class=\"elementor-spacer\">\n\t\t\t<div class=\"elementor-spacer-inner\"><\/div>\n\t\t<\/div>\n\t\t\t\t\t\t<\/div>\n\t\t\t\t<\/div>\n\t\t\t\t<div class=\"elementor-element elementor-element-29dd8dd elementor-widget elementor-widget-text-editor\" data-id=\"29dd8dd\" data-element_type=\"widget\" data-widget_type=\"text-editor.default\">\n\t\t\t\t<div class=\"elementor-widget-container\">\n\t\t\t\t\t\t\t\t\t<p>Vivir libre e independientemente es un derecho humano que TODOS tenemos. Esto significa que debes poder vivir tu vida como T\u00da quieras, tomar tus propias decisiones e incluso cometer errores y aprender de ellos.   <\/p><p>De hecho, es probable que cometas algunos errores viviendo solo. No pasa nada. Forma parte del proceso. Todo el mundo comete errores. De lo que se trata es de saber afrontarlos y aprender de ellos.      <\/p><p>Por ley, tienes derecho a vivir solo. La ley tambi\u00e9n exige que las empresas y los edificios p\u00fablicos sean accesibles. Esto significa que deben estar dise\u00f1ados para que las personas con discapacidad puedan moverse en ellos, como cualquier otra persona, para permitir una vida independiente. Adem\u00e1s, tambi\u00e9n hay muchas subvenciones, programas y estrategias disponibles para ayudarte a permitirte vivir por tu cuenta. En primer lugar, tienes que decidir si est\u00e1s preparado para vivir de forma independiente.    <\/p><h3>\u00bfC\u00f3mo saber si est\u00e1s preparado para vivir de forma independiente?<\/h3><p>\u00bfEst\u00e1s pensando en vivir solo? Intenta responder con sinceridad a las siguientes preguntas.   <\/p><p>Puede ser \u00fatil hablar de ellas con uno de tus padres o con otra persona que se preocupe por ti.  <\/p><h3>Si puedes responder \u00abs\u00ed\u00bb a todas estas preguntas, puede que est\u00e9s preparado para vivir solo.<\/h3><ul><li aria-level=\"1\">\u00bfSabe realizar las AVD, como desplazarse dentro o fuera de casa, ir al ba\u00f1o, vestirse o comer, con poca o ninguna ayuda?<\/li><li aria-level=\"1\">\u00bfTe ilusionan los retos de la vida independiente y sabes que puede haber estr\u00e9s?<\/li><li aria-level=\"1\">\u00bfSabes c\u00f3mo actuar en caso de emergencia? \u00bfPuedes pedir ayuda si la necesitas? <\/li><li aria-level=\"1\">\u00bfPuede comunicar sus necesidades y preocupaciones?<\/li><li aria-level=\"1\">\u00bfQuieres vivir por tu cuenta, aun sabiendo que puede costar mucho trabajo funcionar de forma independiente? (Puede que hayas estado trabajando para conseguirlo aprendiendo a utilizar equipos).   <\/li><li aria-level=\"1\">\u00bfDispone de medios de transporte para ir al trabajo, a citas m\u00e9dicas y otros desplazamientos rutinarios?<\/li><\/ul><p>\u00bfCree que est\u00e1 listo para dar el siguiente paso hacia la vida independiente? El personal de SNCIL puede ayudarle a identificar los pros y los contras de vivir por su cuenta, seleccionar las opciones de vivienda adecuadas para usted, explicarle los tr\u00e1mites e indicarle recursos \u00fatiles. <\/p><p>Visite <a href=\"https:\/\/www.sncil.org\/transition-diversion-services\/\" target=\"_blank\" rel=\"noopener\">la p\u00e1gina de Servicios de Transici\u00f3n<\/a> del SNCIL para obtener m\u00e1s informaci\u00f3n.<\/p>\t\t\t\t\t\t\t\t<\/div>\n\t\t\t\t<\/div>\n\t\t\t\t\t<\/div>\n\t\t\t\t<\/div>\n\t\t\t\t<\/div>\n\t\t","protected":false},"excerpt":{"rendered":"<p>Tu espacio, tu vida \u00bfEst\u00e1s preparado para vivir solo? Vivir por tu cuenta significa: Gestionar su propio horario Poder hacer frente a los gastos de manutenci\u00f3n (alquiler, servicios, comida, etc.) Gestionar su dinero Desplazarse por la casa solo o casi solo Arreglarse y vestirse Organizar su propio transporte Comprar y preparar su propia comida Cocinar [&hellip;]<\/p>\n","protected":false},"author":1,"featured_media":0,"parent":758,"menu_order":0,"comment_status":"closed","ping_status":"closed","template":"","meta":{"footnotes":""},"class_list":["post-748","page","type-page","status-publish","hentry"],"_links":{"self":[{"href":"https:\/\/nvtrip.sncil.org\/es\/wp-json\/wp\/v2\/pages\/748","targetHints":{"allow":["GET"]}}],"collection":[{"href":"https:\/\/nvtrip.sncil.org\/es\/wp-json\/wp\/v2\/pages"}],"about":[{"href":"https:\/\/nvtrip.sncil.org\/es\/wp-json\/wp\/v2\/types\/page"}],"author":[{"embeddable":true,"href":"https:\/\/nvtrip.sncil.org\/es\/wp-json\/wp\/v2\/users\/1"}],"replies":[{"embeddable":true,"href":"https:\/\/nvtrip.sncil.org\/es\/wp-json\/wp\/v2\/comments?post=748"}],"version-history":[{"count":5,"href":"https:\/\/nvtrip.sncil.org\/es\/wp-json\/wp\/v2\/pages\/748\/revisions"}],"predecessor-version":[{"id":1822,"href":"https:\/\/nvtrip.sncil.org\/es\/wp-json\/wp\/v2\/pages\/748\/revisions\/1822"}],"up":[{"embeddable":true,"href":"https:\/\/nvtrip.sncil.org\/es\/wp-json\/wp\/v2\/pages\/758"}],"wp:attachment":[{"href":"https:\/\/nvtrip.sncil.org\/es\/wp-json\/wp\/v2\/media?parent=748"}],"curies":[{"name":"wp","href":"https:\/\/api.w.org\/{rel}","templated":true}]}}