{"id":747,"date":"2025-03-29T00:55:11","date_gmt":"2025-03-29T00:55:11","guid":{"rendered":"https:\/\/nvtrip.sncil.org\/del-instituto-a-la-independencia\/"},"modified":"2025-10-22T23:54:12","modified_gmt":"2025-10-22T23:54:12","slug":"del-instituto-a-la-independencia","status":"publish","type":"page","link":"https:\/\/nvtrip.sncil.org\/es\/viaje-nv\/del-instituto-a-la-independencia\/","title":{"rendered":"Del instituto a la independencia"},"content":{"rendered":"\t\t<div data-elementor-type=\"wp-page\" data-elementor-id=\"747\" class=\"elementor elementor-747 elementor-173\" data-elementor-post-type=\"page\">\n\t\t\t\t<div data-particle_enable=\"false\" data-particle-mobile-disabled=\"false\" class=\"elementor-element elementor-element-62afc53b e-con-full e-flex e-con e-parent\" data-id=\"62afc53b\" data-element_type=\"container\">\n\t\t\t\t<div class=\"elementor-element elementor-element-4d023567 elementor-widget elementor-widget-image\" data-id=\"4d023567\" data-element_type=\"widget\" data-widget_type=\"image.default\">\n\t\t\t\t<div class=\"elementor-widget-container\">\n\t\t\t\t\t\t\t\t\t\t\t\t\t\t\t<img fetchpriority=\"high\" decoding=\"async\" width=\"1440\" height=\"700\" src=\"https:\/\/nvtrip.sncil.org\/wp-content\/uploads\/2025\/03\/From-High-School-To-Independence.png\" class=\"attachment-full size-full wp-image-442\" alt=\"Animated illustration of t\" srcset=\"https:\/\/nvtrip.sncil.org\/wp-content\/uploads\/2025\/03\/From-High-School-To-Independence.png 1440w, https:\/\/nvtrip.sncil.org\/wp-content\/uploads\/2025\/03\/From-High-School-To-Independence-300x146.png 300w, https:\/\/nvtrip.sncil.org\/wp-content\/uploads\/2025\/03\/From-High-School-To-Independence-1024x498.png 1024w, https:\/\/nvtrip.sncil.org\/wp-content\/uploads\/2025\/03\/From-High-School-To-Independence-768x373.png 768w\" sizes=\"(max-width: 1440px) 100vw, 1440px\" \/>\t\t\t\t\t\t\t\t\t\t\t\t\t\t\t<\/div>\n\t\t\t\t<\/div>\n\t\t\t\t<div class=\"elementor-element elementor-element-4d5bc503 elementor-widget elementor-widget-heading\" data-id=\"4d5bc503\" data-element_type=\"widget\" data-widget_type=\"heading.default\">\n\t\t\t\t<div class=\"elementor-widget-container\">\n\t\t\t\t\t<h1 class=\"elementor-heading-title elementor-size-default\">Del instituto a la independencia<\/h1>\t\t\t\t<\/div>\n\t\t\t\t<\/div>\n\t\t\t\t<\/div>\n\t\t<div data-particle_enable=\"false\" data-particle-mobile-disabled=\"false\" class=\"elementor-element elementor-element-494d5be9 e-flex e-con-boxed e-con e-parent\" data-id=\"494d5be9\" data-element_type=\"container\">\n\t\t\t\t\t<div class=\"e-con-inner\">\n\t\t\t\t<div class=\"elementor-element elementor-element-7884946 elementor-widget elementor-widget-spacer\" data-id=\"7884946\" data-element_type=\"widget\" data-widget_type=\"spacer.default\">\n\t\t\t\t<div class=\"elementor-widget-container\">\n\t\t\t\t\t\t\t<div class=\"elementor-spacer\">\n\t\t\t<div class=\"elementor-spacer-inner\"><\/div>\n\t\t<\/div>\n\t\t\t\t\t\t<\/div>\n\t\t\t\t<\/div>\n\t\t\t\t<div class=\"elementor-element elementor-element-1b9eae0 elementor-widget elementor-widget-video\" data-id=\"1b9eae0\" data-element_type=\"widget\" data-settings=\"{&quot;youtube_url&quot;:&quot;https:\\\/\\\/youtu.be\\\/NpRcdyOYnNY&quot;,&quot;video_type&quot;:&quot;youtube&quot;,&quot;controls&quot;:&quot;yes&quot;}\" data-widget_type=\"video.default\">\n\t\t\t\t<div class=\"elementor-widget-container\">\n\t\t\t\t\t\t\t<div class=\"elementor-wrapper elementor-open-inline\">\n\t\t\t<div class=\"elementor-video\"><\/div>\t\t<\/div>\n\t\t\t\t\t\t<\/div>\n\t\t\t\t<\/div>\n\t\t\t\t<div class=\"elementor-element elementor-element-c48d659 elementor-widget elementor-widget-heading\" data-id=\"c48d659\" data-element_type=\"widget\" data-widget_type=\"heading.default\">\n\t\t\t\t<div class=\"elementor-widget-container\">\n\t\t\t\t\t<h2 class=\"elementor-heading-title elementor-size-default\">Servicios de transici\u00f3n para j\u00f3venes con discapacidad<\/h2>\t\t\t\t<\/div>\n\t\t\t\t<\/div>\n\t\t\t\t<div class=\"elementor-element elementor-element-7cd94dd3 elementor-widget elementor-widget-text-editor\" data-id=\"7cd94dd3\" data-element_type=\"widget\" data-widget_type=\"text-editor.default\">\n\t\t\t\t<div class=\"elementor-widget-container\">\n\t\t\t\t\t\t\t\t\t<p><span style=\"font-weight: 400;\">Crecer e independizarse es un gran paso. En   <\/span><span style=\"font-weight: 400;\">SNCIL<\/span><span style=\"font-weight: 400;\">ofrecemos servicios de transici\u00f3n para ayudar a los j\u00f3venes discapacitados a adquirir las habilidades y la confianza necesarias para vivir solos, encontrar trabajo y planificar su futuro.<\/span><\/p><h3><span style=\"font-weight: 400;\">Lo que ofrecemos:<\/span><\/h3><ul><li style=\"font-weight: 400;\" aria-level=\"1\"><b><a href=\"https:\/\/nvtrip.sncil.org\/es\/viaje-nv\/navegar-por-los-recursos-comunitarios-esenciales\/\" target=\"_blank\" rel=\"noopener\">Ayuda para entender papeleo importante<\/a>:<\/b><span style=\"font-weight: 400;\"> Inf\u00f3rmate sobre la Seguridad Social, el seguro m\u00e9dico, los contratos de alquiler y otros formularios importantes que tendr\u00e1s que entender cuando seas adulto.<\/span><\/li><li style=\"font-weight: 400;\" aria-level=\"1\"><a href=\"https:\/\/nvtrip.sncil.org\/es\/viaje-nv\/desarrollar-la-confianza-habilidad-a-habilidad\/\">\n  <b>Habilidades para la vida independiente<\/b>\n<\/a><span style=\"font-weight: 400;\">: Aprender habilidades importantes para la vida como <\/span><span style=\"font-weight: 400;\">presupuestar, cocinar, gestionar el tiempo <\/span><span style=\"font-weight: 400;\">y <\/span><span style=\"font-weight: 400;\">usar el transporte,<\/span><span style=\"font-weight: 400;\"> para que puedas cuidar de ti mismo.<\/span><\/li><li style=\"font-weight: 400;\" aria-level=\"1\"><b>Educaci\u00f3n y apoyo al empleo<\/b><span style=\"font-weight: 400;\">: Obt\u00e9n ayuda con las transiciones escolares, la exploraci\u00f3n de carreras y la formaci\u00f3n laboral. Tambi\u00e9n podemos ponerte en contacto con pr\u00e1cticas y oportunidades de empleo. <\/span><\/li><li style=\"font-weight: 400;\" aria-level=\"1\"><a href=\"https:\/\/nvtrip.sncil.org\/es\/viaje-nv\/defensa\/\" target=\"_blank\" rel=\"noopener\">\n  <b>Autodefensa y liderazgo<\/b>\n<\/a><span style=\"font-weight: 400;\">: Aprende a hablar por ti mismo, a fijarte objetivos y a tomar las riendas de tu futuro con confianza.<\/span><\/li><li style=\"font-weight: 400;\" aria-level=\"1\"><b>Comunidad y vida social<\/b><span style=\"font-weight: 400;\">: Conoce a gente nueva, participa en actividades sociales e invol\u00facrate en tu comunidad para sentirte conectado y respaldado.<\/span><\/li><li style=\"font-weight: 400;\" aria-level=\"1\"><a href=\"https:\/\/nvtrip.sncil.org\/es\/viaje-nv\/navegar-por-los-recursos-comunitarios-esenciales\/\" target=\"_blank\" rel=\"noopener\">\n  <b>Recursos \u00fatiles<\/b>\n<\/a><span style=\"font-weight: 400;\">: Le guiaremos hacia <\/span><span style=\"font-weight: 400;\">opciones de alojamiento<\/span><span style=\"font-weight: 400;\">, <\/span><span style=\"font-weight: 400;\">tecnolog\u00eda asistencial<\/span><span style=\"font-weight: 400;\">y otros servicios para hacerle la vida m\u00e1s f\u00e1cil y accesible.<\/span><\/li><\/ul><p> <\/p><p><span style=\"font-weight: 400;\">Aprender a vivir de forma independiente puede resultar abrumador, pero la independencia no significa que est\u00e9s solo. Estamos aqu\u00ed para responder a tus preguntas, ofrecerte orientaci\u00f3n y ponerte en contacto con los recursos adecuados para ayudarte a tener \u00e9xito. Tanto si acabas de empezar a pensar en tu futuro como si est\u00e1s listo para dar el siguiente paso, te apoyaremos en todo momento.  <\/span><\/p><p><span style=\"font-weight: 400;\">Su futuro est\u00e1 lleno de posibilidades <\/span><a href=\"https:\/\/sncil.org\/contact\/\" target=\"_blank\" rel=\"noopener\">\n  <span style=\"font-weight: 400;\">Ponte en contacto con nosotros <\/span>\n<\/a><span style=\"font-weight: 400;\">para saber m\u00e1s sobre c\u00f3mo podemos ayudarte a adquirir la confianza y las habilidades necesarias para vivir la vida a tu manera.<\/span><\/p>\t\t\t\t\t\t\t\t<\/div>\n\t\t\t\t<\/div>\n\t\t\t\t\t<\/div>\n\t\t\t\t<\/div>\n\t\t\t\t<\/div>\n\t\t","protected":false},"excerpt":{"rendered":"<p>Del instituto a la independencia Servicios de transici\u00f3n para j\u00f3venes con discapacidad Crecer e independizarse es un gran paso. En SNCILofrecemos servicios de transici\u00f3n para ayudar a los j\u00f3venes discapacitados a adquirir las habilidades y la confianza necesarias para vivir solos, encontrar trabajo y planificar su futuro. Lo que ofrecemos: Ayuda para entender papeleo importante: [&hellip;]<\/p>\n","protected":false},"author":1,"featured_media":0,"parent":840,"menu_order":0,"comment_status":"closed","ping_status":"closed","template":"","meta":{"footnotes":""},"class_list":["post-747","page","type-page","status-publish","hentry"],"_links":{"self":[{"href":"https:\/\/nvtrip.sncil.org\/es\/wp-json\/wp\/v2\/pages\/747","targetHints":{"allow":["GET"]}}],"collection":[{"href":"https:\/\/nvtrip.sncil.org\/es\/wp-json\/wp\/v2\/pages"}],"about":[{"href":"https:\/\/nvtrip.sncil.org\/es\/wp-json\/wp\/v2\/types\/page"}],"author":[{"embeddable":true,"href":"https:\/\/nvtrip.sncil.org\/es\/wp-json\/wp\/v2\/users\/1"}],"replies":[{"embeddable":true,"href":"https:\/\/nvtrip.sncil.org\/es\/wp-json\/wp\/v2\/comments?post=747"}],"version-history":[{"count":5,"href":"https:\/\/nvtrip.sncil.org\/es\/wp-json\/wp\/v2\/pages\/747\/revisions"}],"predecessor-version":[{"id":2104,"href":"https:\/\/nvtrip.sncil.org\/es\/wp-json\/wp\/v2\/pages\/747\/revisions\/2104"}],"up":[{"embeddable":true,"href":"https:\/\/nvtrip.sncil.org\/es\/wp-json\/wp\/v2\/pages\/840"}],"wp:attachment":[{"href":"https:\/\/nvtrip.sncil.org\/es\/wp-json\/wp\/v2\/media?parent=747"}],"curies":[{"name":"wp","href":"https:\/\/api.w.org\/{rel}","templated":true}]}}