{"id":2280,"date":"2025-10-23T14:08:59","date_gmt":"2025-10-23T14:08:59","guid":{"rendered":"https:\/\/nvtrip.sncil.org\/como-encender-tu-chispa-creativa\/"},"modified":"2025-10-23T15:46:33","modified_gmt":"2025-10-23T15:46:33","slug":"como-encender-tu-chispa-creativa","status":"publish","type":"page","link":"https:\/\/nvtrip.sncil.org\/es\/como-encender-tu-chispa-creativa\/","title":{"rendered":"C\u00f3mo encender tu chispa creativa"},"content":{"rendered":"\t\t<div data-elementor-type=\"wp-page\" data-elementor-id=\"2280\" class=\"elementor elementor-2280 elementor-2274\" data-elementor-post-type=\"page\">\n\t\t\t\t<div data-particle_enable=\"false\" data-particle-mobile-disabled=\"false\" class=\"elementor-element elementor-element-2e31ab8a e-con-full e-flex e-con e-parent\" data-id=\"2e31ab8a\" data-element_type=\"container\">\n\t\t\t\t<div class=\"elementor-element elementor-element-66a0d08b elementor-widget elementor-widget-image\" data-id=\"66a0d08b\" data-element_type=\"widget\" data-widget_type=\"image.default\">\n\t\t\t\t<div class=\"elementor-widget-container\">\n\t\t\t\t\t\t\t\t\t\t\t\t\t\t\t<img fetchpriority=\"high\" decoding=\"async\" width=\"1440\" height=\"700\" src=\"https:\/\/nvtrip.sncil.org\/wp-content\/uploads\/2025\/10\/How-to-Light-Your-Creative-Spark-SNCIL.svg\" class=\"attachment-full size-full wp-image-2276\" alt=\"Illustration of a group of people at a painting class\" \/>\t\t\t\t\t\t\t\t\t\t\t\t\t\t\t<\/div>\n\t\t\t\t<\/div>\n\t\t\t\t<div class=\"elementor-element elementor-element-3f1238d0 elementor-widget elementor-widget-heading\" data-id=\"3f1238d0\" data-element_type=\"widget\" data-widget_type=\"heading.default\">\n\t\t\t\t<div class=\"elementor-widget-container\">\n\t\t\t\t\t<h1 class=\"elementor-heading-title elementor-size-default\">C\u00f3mo encender tu chispa creativa<\/h1>\t\t\t\t<\/div>\n\t\t\t\t<\/div>\n\t\t\t\t<div class=\"elementor-element elementor-element-6db2b0c9 elementor-widget elementor-widget-spacer\" data-id=\"6db2b0c9\" data-element_type=\"widget\" data-widget_type=\"spacer.default\">\n\t\t\t\t<div class=\"elementor-widget-container\">\n\t\t\t\t\t\t\t<div class=\"elementor-spacer\">\n\t\t\t<div class=\"elementor-spacer-inner\"><\/div>\n\t\t<\/div>\n\t\t\t\t\t\t<\/div>\n\t\t\t\t<\/div>\n\t\t\t\t<\/div>\n\t\t<div data-particle_enable=\"false\" data-particle-mobile-disabled=\"false\" class=\"elementor-element elementor-element-3856644d e-flex e-con-boxed e-con e-parent\" data-id=\"3856644d\" data-element_type=\"container\">\n\t\t\t\t\t<div class=\"e-con-inner\">\n\t\t\t\t<div class=\"elementor-element elementor-element-f422999 elementor-widget elementor-widget-spacer\" data-id=\"f422999\" data-element_type=\"widget\" data-widget_type=\"spacer.default\">\n\t\t\t\t<div class=\"elementor-widget-container\">\n\t\t\t\t\t\t\t<div class=\"elementor-spacer\">\n\t\t\t<div class=\"elementor-spacer-inner\"><\/div>\n\t\t<\/div>\n\t\t\t\t\t\t<\/div>\n\t\t\t\t<\/div>\n\t\t\t\t<div class=\"elementor-element elementor-element-b5d2ec9 elementor-widget elementor-widget-text-editor\" data-id=\"b5d2ec9\" data-element_type=\"widget\" data-widget_type=\"text-editor.default\">\n\t\t\t\t<div class=\"elementor-widget-container\">\n\t\t\t\t\t\t\t\t\t<p><span style=\"font-weight: 400;\">El arte es una forma poderosa de comunicar ideas, abogar por uno mismo y expresar emociones. Para una persona con discapacidad, el arte -en sus m\u00faltiples formas- puede proporcionar otra manera de compartir sentimientos complejos que tal vez le cueste articular verbalmente. A veces puede ayudar dibujar, pintar, esculpir o incluso escribir una canci\u00f3n o un poema para transmitir tus ideas.    <\/span><\/p><h2><span style=\"font-weight: 400;\">El poder del arte con discapacidad<\/span><\/h2><p><span style=\"font-weight: 400;\">Tus experiencias vitales te aportan ideas \u00fanicas que pueden dar lugar a un hermoso proyecto creativo: un cuadro, una canci\u00f3n o incluso un expresivo movimiento de danza. El impacto de tu discapacidad espec\u00edfica en el proceso creativo puede variar mucho; por ejemplo, las personas ciegas pueden desarrollar sentidos del o\u00eddo y el tacto m\u00e1s agudos que podr\u00edan dar lugar a innovadoras creaciones musicales, escritas o art\u00edsticas t\u00e1ctiles. Algunos usuarios de sillas de ruedas pueden desarrollar herramientas creativas que influyan en el dise\u00f1o de sus casas o incluso afecten a la visi\u00f3n que tienen del mundo. Y una persona con discapacidades cognitivas o del desarrollo puede utilizar patrones de pensamiento poco convencionales que pueden dar lugar a notables obras de arte.   <\/span><\/p><p><span style=\"font-weight: 400;\">Por ejemplo, la famosa artista mexicana <\/span><a href=\"https:\/\/www.fineartjah.com\/post\/art-for-your-disability-unlocking-the-power-of-creativity\"><span style=\"font-weight: 400;\">Frida Kahlo<\/span><\/a><span style=\"font-weight: 400;\">  sufri\u00f3 un accidente de ni\u00f1a y, a causa de ello, luch\u00f3 contra el dolor cr\u00f3nico durante toda su vida. Aprovech\u00f3 ese dolor y lo convirti\u00f3 en autorretratos que han sido apreciados en todo el mundo. Y la pintora estadounidense    <\/span><a href=\"https:\/\/en.wikipedia.org\/wiki\/Chuck_Close\"><span style=\"font-weight: 400;\">Chuck Close<\/span><\/a><span style=\"font-weight: 400;\"> sufri\u00f3 un colapso de la arteria vertebral que le dej\u00f3 paralizado del cuello para abajo; empez\u00f3 a utilizar un pincel atado a la mu\u00f1eca para crear cuadros que le ayudaban a expresar sus emociones.<\/span><\/p><h2><span style=\"font-weight: 400;\">Las ventajas de ser creativo<\/span><\/h2><p><span style=\"font-weight: 400;\">Aprovechar tu creatividad tambi\u00e9n puede ayudarte a resolver problemas. Le ayuda a liberarse de los patrones de pensamiento habituales y a ver los problemas de otra manera. Le ayuda a visualizar problemas y a crear im\u00e1genes mentales de ideas abstractas. Tambi\u00e9n fomenta el pensamiento cr\u00edtico, ya que desaf\u00eda a la mente a cuestionar supuestos y explorar puntos de vista alternativos.   <\/span><\/p><p><span style=\"font-weight: 400;\">Se ha demostrado que la creatividad <\/span><a href=\"https:\/\/pmc.ncbi.nlm.nih.gov\/articles\/PMC5004743\/\"><span style=\"font-weight: 400;\">reduce el estr\u00e9s<\/span><\/a><span style=\"font-weight: 400;\">  al reducir los niveles de cortisol, y fomenta la felicidad. Ayuda a resolver problemas y a resetear la mente, ya que permite trabajar de forma desestructurada. Se relaciona con una mayor sensaci\u00f3n de bienestar, ayuda a procesar emociones dif\u00edciles, mejora la funci\u00f3n cognitiva, activa la dopamina (sustancias qu\u00edmicas que te hacen sentir bien) en el cuerpo, te ayuda a descubrirte a ti mismo y a aprovechar tus sentimientos.  <\/span><\/p><h2><span style=\"font-weight: 400;\">\u00bfQu\u00e9 se considera \u00abcreativo\u00bb?<\/span><\/h2><p><span style=\"font-weight: 400;\">No todo el mundo se considera creativo, \u00a1pero todo el mundo puede serlo! La clave est\u00e1 en encontrar los m\u00e9todos de creatividad que te interesan. Sabes que dibujar o escribir historias es creativo, pero \u00bfsab\u00edas que estas actividades tambi\u00e9n lo son?  <\/span><\/p><ul><li style=\"font-weight: 400;\" aria-level=\"1\"><span style=\"font-weight: 400;\">Inventar objetos o procesos<\/span><\/li><li style=\"font-weight: 400;\" aria-level=\"1\"><span style=\"font-weight: 400;\">Jardiner\u00eda<\/span><\/li><li style=\"font-weight: 400;\" aria-level=\"1\"><span style=\"font-weight: 400;\">Arreglo de flores<\/span><\/li><li style=\"font-weight: 400;\" aria-level=\"1\"><span style=\"font-weight: 400;\">Decoraci\u00f3n del hogar<\/span><\/li><li style=\"font-weight: 400;\" aria-level=\"1\"><span style=\"font-weight: 400;\">Punto\/aguja\/artes de aguja<\/span><\/li><li style=\"font-weight: 400;\" aria-level=\"1\"><span style=\"font-weight: 400;\">Hacer \u00e1lbumes de fotos<\/span><\/li><li style=\"font-weight: 400;\" aria-level=\"1\"><span style=\"font-weight: 400;\">Hacer collages<\/span><\/li><li style=\"font-weight: 400;\" aria-level=\"1\"><span style=\"font-weight: 400;\">Creaci\u00f3n de trajes y disfraces<\/span><\/li><li style=\"font-weight: 400;\" aria-level=\"1\"><span style=\"font-weight: 400;\">Cocinar<\/span><\/li><li style=\"font-weight: 400;\" aria-level=\"1\"><span style=\"font-weight: 400;\">Tocar un instrumento musical<\/span><\/li><li style=\"font-weight: 400;\" aria-level=\"1\"><span style=\"font-weight: 400;\">Idear canciones o arreglos musicales<\/span><\/li><li style=\"font-weight: 400;\" aria-level=\"1\"><span style=\"font-weight: 400;\">Hacer listas de reproducci\u00f3n de m\u00fasica o discos recopilatorios<\/span><\/li><li style=\"font-weight: 400;\" aria-level=\"1\"><span style=\"font-weight: 400;\">Bailando<\/span><\/li><li style=\"font-weight: 400;\" aria-level=\"1\"><span style=\"font-weight: 400;\">Planificaci\u00f3n de viajes o eventos<\/span><\/li><li style=\"font-weight: 400;\" aria-level=\"1\"><span style=\"font-weight: 400;\">Creaci\u00f3n de sitios web o blogs<\/span><\/li><\/ul><p><span style=\"font-weight: 400;\">Independientemente de tus habilidades, talentos y experiencias, CUALQUIERA puede hacer su propio tipo de arte. El arte es un lenguaje universal. <\/span><\/p><h2><span style=\"font-weight: 400;\">Formas de explotar tu creatividad<\/span><\/h2><p><span style=\"font-weight: 400;\">\u00bfNo sabe c\u00f3mo dar rienda suelta a su creatividad? Aqu\u00ed tienes algunas ideas: <\/span><\/p><ul><li style=\"font-weight: 400;\" aria-level=\"1\"><b>Utilizar herramientas adaptativas<\/b><span style=\"font-weight: 400;\">: Encontrar herramientas art\u00edsticas innovadoras, como mangos especializados para pinceles o tabletas digitales de dibujo, mediante una r\u00e1pida b\u00fasqueda en Internet de \u00abherramientas art\u00edsticas adaptables\u00bb o \u00abproyectos art\u00edsticos accesibles\u00bb, puede inspirarte a probar m\u00e9todos diferentes para crear arte que quiz\u00e1 nunca antes te hab\u00edas planteado.<\/span><\/li><\/ul><ul><li aria-level=\"1\"><b>Haz m\u00fasica: <\/b><span style=\"font-weight: 400;\">Al igual que existen materiales de arte adaptables, tambi\u00e9n puedes encontrar instrumentos musicales adaptables o programas inform\u00e1ticos que pueden ayudarte a componer o mezclar m\u00fasica digitalmente en tu tel\u00e9fono, tableta u ordenador. <\/span> <\/li><\/ul><ul><li aria-level=\"1\"><b>S\u00f3lo baila:  <\/b><span style=\"font-weight: 400;\">Puedes bailar de pie, sentado o en silla de ruedas. Bailar puede mejorar tu flexibilidad, fuerza y coordinaci\u00f3n. Adem\u00e1s, es divertido y una forma estupenda de aliviar el estr\u00e9s. Sube el volumen y deja que tu cuerpo se mueva. Tambi\u00e9n hay varias clases de baile adaptado en Nevada donde puedes aprender a empezar (ver \u00abClases y actividades\u00bb m\u00e1s abajo.)    <\/span><\/li><\/ul><ul><li aria-level=\"1\"><b>S\u00e9 astuto:  <\/b><span style=\"font-weight: 400;\">La artesan\u00eda es como el arte, pero consiste en fabricar objetos con un fin espec\u00edfico -por ejemplo, tejer un jersey, hacer un cuenco de cer\u00e1mica o tejer una cesta- en lugar de ser una expresi\u00f3n emocional en s\u00ed misma. La artesan\u00eda tambi\u00e9n puede adaptarse a las personas con discapacidad, por ejemplo con enhebradores autom\u00e1ticos de agujas para coser, pinzas para trabajar la madera con una sola mano, agujas de tricotar ergon\u00f3micas, etc. Hacer manualidades no s\u00f3lo es una forma estupenda de usar tu creatividad, sino que tambi\u00e9n mejora la coordinaci\u00f3n mano-ojo, y es f\u00e1cil empezar: s\u00f3lo tienes que comprar los materiales (hilo, lana, pinturas, etc.) y los libros de instrucciones en tiendas o en Internet, o apuntarte a una clase, como las que aparecen al final de esta p\u00e1gina.  <\/span><\/li><\/ul><ul><li aria-level=\"1\"><b>Haz fotos y v\u00eddeos:  <\/b><span style=\"font-weight: 400;\">Si tienes un smartphone, \u00a1puedes ser fot\u00f3grafo o vide\u00f3grafo! Con unas cuantas herramientas extra -por ejemplo, soportes adaptables para la c\u00e1mara, mandos a distancia y software de edici\u00f3n- puedes abrir un canal de YouTube o crear una serie de fotos art\u00edsticas o incluso tu propio cortometraje. <\/span><\/li><\/ul><ul><li aria-level=\"1\"><b>Escr\u00edbelo:  <\/b><span style=\"font-weight: 400;\">Escribir es una forma poderosa de expresar tus pensamientos y sentimientos. Escribir un diario, relatar historias, crear canciones o poemas y escribir en un blog son formas estupendas de mejorar tu claridad mental y tu capacidad de comunicaci\u00f3n. Incluso puedes unirte a un grupo de escritura o asistir a clases de escritura creativa.  <\/span><\/li><\/ul><ul><li aria-level=\"1\"><b>Jardiner\u00eda o comuni\u00f3n con la naturaleza:  <\/b><span style=\"font-weight: 400;\">La gente no suele considerar la jardiner\u00eda como algo creativo, \u00a1pero puede serlo! Desde elegir plantas para ponerlas en macetas hasta hacer ramos de flores, crear parterres de jard\u00edn, hacer grabados bot\u00e1nicos o arte\/esculturas de jard\u00edn, o utilizar materiales naturales (flores, pi\u00f1as, etc.) en obras de arte, hay muchas formas de que la naturaleza te ayude a ponerte en contacto con tu lado creativo. Adem\u00e1s, salir al aire libre es beneficioso en muchos sentidos.  <\/span><\/li><\/ul><ul><li aria-level=\"1\"><b>Prueba con las artes esc\u00e9nicas:  <\/b><span style=\"font-weight: 400;\">El teatro es una forma estupenda de fomentar el sentido de comunidad y aprender a expresarse verbal y no verbalmente, con el cuerpo y las expresiones faciales. Tanto si act\u00faas como si dise\u00f1as decorados, aprendes iluminaci\u00f3n, escribes guiones o diriges a otros int\u00e9rpretes, los grupos locales de artes esc\u00e9nicas siempre buscan personas entusiastas y creativas con diversas habilidades y formaci\u00f3n que puedan contribuir a sus representaciones. <\/span><\/li><\/ul><h2><span style=\"font-weight: 400;\">Utilizar el arte para conectar con los dem\u00e1s<\/span><\/h2><p><span style=\"font-weight: 400;\">El arte tambi\u00e9n puede ser una forma estupenda de conectar con los dem\u00e1s, ya que trabajan juntos para crear algo nuevo. Los clubes, las clases y otras actividades en grupo son una forma estupenda de aprovechar la creatividad y, al mismo tiempo, entablar relaciones. <\/span><\/p><p><span style=\"font-weight: 400;\">Aqu\u00ed tienes algunas formas en las que ser creativo tambi\u00e9n puede ayudarte a establecer contactos y hacer amigos:<\/span><\/p><ul><li style=\"font-weight: 400;\" aria-level=\"1\"><span style=\"font-weight: 400;\">\u00danete a una clase de arte local o a un club de artesan\u00eda para aprender y practicar junto a otros aspirantes a artesanos. Algunos tambi\u00e9n est\u00e1n disponibles en l\u00ednea, para que puedas trabajar con otros desde la comodidad de tu casa. <\/span><\/li><li style=\"font-weight: 400;\" aria-level=\"1\"><span style=\"font-weight: 400;\">Crea un club o un grupo de proyectos o \u00fanete a ellos para celebrar reuniones peri\u00f3dicas en las que puedas trabajar en proyectos espec\u00edficos codo con codo con otras personas. Por ejemplo, t\u00fa y un peque\u00f1o grupo pod\u00e9is trabajar juntos en la realizaci\u00f3n de un cortometraje, la creaci\u00f3n de una p\u00e1gina web o la planificaci\u00f3n de un evento. <\/span><\/li><li style=\"font-weight: 400;\" aria-level=\"1\"><span style=\"font-weight: 400;\">Organiza una noche creativa con amigos o familiares, o asiste a reuniones en bibliotecas o cafeter\u00edas locales. Puedes pintar, hacer cer\u00e1mica, escribir o incluso crear tableros de visi\u00f3n. <\/span><\/li><\/ul><h2><span style=\"font-weight: 400;\">Clases y actividades<\/span><\/h2><p><span style=\"font-weight: 400;\">Las siguientes clases y grupos del norte y el sur de Nevada est\u00e1n dise\u00f1ados espec\u00edficamente para que las personas con discapacidad puedan acceder a sus capacidades creativas.<\/span><\/p><h3><span style=\"font-weight: 400;\">Programas de arteterapia<\/span><\/h3><ul><li style=\"font-weight: 400;\" aria-level=\"1\"><a href=\"https:\/\/www.arttherapystudioofreno.com\/\"><span style=\"font-weight: 400;\">Estudio de arteterapia de Reno:<\/span><\/a><span style=\"font-weight: 400;\"> Ofrece terapia art\u00edstica personalizada y en grupo <\/span> <\/li><li style=\"font-weight: 400;\" aria-level=\"1\"><a href=\"https:\/\/inspiredlifetherapy.org\/\"><span style=\"font-weight: 400;\">Terapia de vida inspirada:<\/span><\/a><span style=\"font-weight: 400;\"> Ofrece terapia art\u00edstica en l\u00ednea, asesoramiento y mucho m\u00e1s para usuarios de Nevada.<\/span><\/li><li style=\"font-weight: 400;\" aria-level=\"1\"><a href=\"https:\/\/edenarttherapy.com\/\"><span style=\"font-weight: 400;\">Terapias Eden<\/span><\/a><span style=\"font-weight: 400;\">: Ofrece terapia art\u00edstica en l\u00ednea en Nevada<\/span><\/li><\/ul><h3><span style=\"font-weight: 400;\">Programas de arte y artesan\u00eda<\/span><\/h3><ul><li style=\"font-weight: 400;\" aria-level=\"1\"><a href=\"https:\/\/www.artsforallnevada.org\/\"><span style=\"font-weight: 400;\">Artes para todos Nevada:<\/span><\/a><span style=\"font-weight: 400;\"> Esta organizaci\u00f3n sin \u00e1nimo de lucro de Reno ofrece varias clases de bellas artes al p\u00fablico y en centros escolares, como pintura, dibujo, escritura creativa y mucho m\u00e1s.<\/span><\/li><li style=\"font-weight: 400;\" aria-level=\"1\"><a href=\"https:\/\/www.lasvegasnevada.gov\/Government\/Departments\/Parks-Recreation\/Adaptive-Recreation\"><span style=\"font-weight: 400;\">Actividades recreativas adaptadas de la ciudad de Las Vegas:<\/span><\/a><span style=\"font-weight: 400;\"> Los residentes de Las Vegas pueden aprovechar el arte, el club de teatro, las campanas e incluso un calendario de eventos de danza adaptada para mayores de 14 a\u00f1os.<\/span><\/li><li style=\"font-weight: 400;\" aria-level=\"1\"><a href=\"https:\/\/www.cityofsparks.us\/rec_home\/all_abilities_programs\/leisure_without_limits_program.php\"><span style=\"font-weight: 400;\">Ciudad de Sparks Ocio sin l\u00edmites:<\/span><\/a><span style=\"font-weight: 400;\"> Sparks Parks and Recreation ofrece talleres de arte y manualidades para personas de todos los niveles.<\/span><\/li><li style=\"font-weight: 400;\" aria-level=\"1\"><a href=\"https:\/\/www.opportunityvillage.org\/disability-programs-and-services\/youth-student-services\/very-important-arts\"><span style=\"font-weight: 400;\">Programa VIA de Opportunity Village:<\/span><\/a><span style=\"font-weight: 400;\"> El programa Very Important Arts ofrece clases de arte, m\u00fasica y danza a personas discapacitadas de hasta 22 a\u00f1os.<\/span><\/li><li style=\"font-weight: 400;\" aria-level=\"1\"><a href=\"https:\/\/radlv.org\/programs-services\/\"><span style=\"font-weight: 400;\">RAD:<\/span><\/a><span style=\"font-weight: 400;\"> Esta organizaci\u00f3n de Henderson, cuyo nombre significa \u00abReal Autism Difference\u00bb, ofrece clases de arte gratuitas dos veces al mes para personas con autismo y sus familias.<\/span><\/li><li style=\"font-weight: 400;\" aria-level=\"1\"><a href=\"https:\/\/www.veryspecialcamps.com\/summer-camps\/Amplify-Life-Camp-Lotsafun-2272.html\"><span style=\"font-weight: 400;\">Campamentos muy especiales:<\/span><\/a><span style=\"font-weight: 400;\">  Esta organizaci\u00f3n organiza el Campamento Lotsafun en Reno para ni\u00f1os, adolescentes y adultos con discapacidad. Las actividades incluyen arte y artesan\u00eda. <\/span><\/li><\/ul><h3><span style=\"font-weight: 400;\">Clases de danza y movimiento<\/span><\/h3><ul><li style=\"font-weight: 400;\" aria-level=\"1\"><a href=\"https:\/\/www.reno.gov\/government\/departments\/parks-recreation-community-services\/adaptive-recreation\/adaptive-programs\"><span style=\"font-weight: 400;\">Programas de ocio adaptado de la ciudad de Reno:<\/span><\/a><span style=\"font-weight: 400;\"> La ciudad de Reno ofrece varios programas de ocio adaptado, incluida una serie de baile para adolescentes y adultos.<\/span><\/li><li style=\"font-weight: 400;\" aria-level=\"1\"><a href=\"https:\/\/lynnebauer.com\/dance-abilities\/\"><span style=\"font-weight: 400;\">Habilidades de danza:<\/span><\/a><span style=\"font-weight: 400;\"> La danzaterapeuta Lynne Bauer ofrece clases de movimiento individuales o en grupo en Henderson para personas con discapacidad.<\/span><\/li><li style=\"font-weight: 400;\" aria-level=\"1\"><a href=\"https:\/\/www.nevadayouthballet.org\/special-needsautism-dance-program.html\"><span style=\"font-weight: 400;\">Ballet Juvenil de Nevada:<\/span><\/a><span style=\"font-weight: 400;\"> Esta organizaci\u00f3n ofrece un programa de danza para necesidades especiales\/autismo.<\/span><\/li><li style=\"font-weight: 400;\" aria-level=\"1\"><a href=\"https:\/\/www.nmtsreno.org\/serviceslist\"><span style=\"font-weight: 400;\">Servicios de musicoterapia Note-able:<\/span><\/a><span style=\"font-weight: 400;\"> Esta organizaci\u00f3n de Reno ofrece clases de m\u00fasica y danza adaptadas y musicoterapia individual. <\/span> <\/li><li style=\"font-weight: 400;\" aria-level=\"1\"><a href=\"https:\/\/www.opportunityvillage.org\/disability-programs-and-services\/youth-student-services\/very-important-arts\"><span style=\"font-weight: 400;\">Programa VIA de Opportunity Village:<\/span><\/a><span style=\"font-weight: 400;\"> El programa Very Important Arts ofrece clases de arte, m\u00fasica y danza a personas discapacitadas de hasta 22 a\u00f1os.<\/span><\/li><li style=\"font-weight: 400;\" aria-level=\"1\"><a href=\"https:\/\/sncnn.org\/events\/\"><span style=\"font-weight: 400;\">Special Needs CommUNITY of Northern Nevada:<\/span><\/a><span style=\"font-weight: 400;\"> Esta organizaci\u00f3n sin \u00e1nimo de lucro organiza diversos actos para personas con discapacidad, como clases de m\u00fasica y movimiento.<\/span><\/li><\/ul><h3><span style=\"font-weight: 400;\">Programas de teatro<\/span><\/h3><ul><li style=\"font-weight: 400;\" aria-level=\"1\"><a href=\"https:\/\/registration.lasvegasnevada.gov\/NV\/las-vegas-nv\/catalog\/index\/a2434122fd2a1592fca8c7bc56767f02?filter=c2VhcmNoPSZjYXRlZ29yeSU1QjExNTY5JTVEPTEmY2F0ZWdvcnklNUIxMTU3MCU1RD0xJmNhdGVnb3J5JTVCMTE1NzElNUQ9MSZjYXRlZ29yeSU1QjExNTcyJTVEPTEmY2F0ZWdvcnklNUIxMTU3NCU1RD0xJmNhdGVnb3J5JTVCMTE1NzUlNUQ9MSZhZ2VHcm91cCU1QjUlNUQ9MQ==\"><span style=\"font-weight: 400;\">Club de teatro adaptado de la ciudad de Las Vegas:<\/span><\/a><span style=\"font-weight: 400;\"> Este club de iniciaci\u00f3n al teatro est\u00e1 dirigido a personas con discapacidad a partir de 11 a\u00f1os.<\/span><\/li><li style=\"font-weight: 400;\" aria-level=\"1\"><a href=\"https:\/\/nvhendersonweb.myvscloud.com\/webtrac\/web\/search.html?Action=Start&amp;SubAction=&amp;_csrf_token=pTPrAYYMJFnnjiXt7xYEM1nb4mukw2vbJ7q39Fl3t13YEWzoUzarg4b1bSiQl6DdF2Vv2Az8EfPVCEe7ettwbA%3D%3D&amp;module=global&amp;keyword=adaptive&amp;subtype=&amp;spotsavailable=&amp;beginmonth=&amp;daysofweek=&amp;dayoption=All&amp;timeblock=&amp;beginyear=&amp;keywordoption=Match+One&amp;display=Detail&amp;search=yes&amp;page=2&amp;multiselectlist_value=\"><span style=\"font-weight: 400;\">Parques y actividades recreativas de la ciudad de Henderson:<\/span><\/a><span style=\"font-weight: 400;\"> Henderson ofrece a los residentes una variedad de programas de teatro y m\u00fasica para personas con discapacidad.<\/span><\/li><\/ul><h3><span style=\"font-weight: 400;\">Programas musicales<\/span><\/h3><ul><li style=\"font-weight: 400;\" aria-level=\"1\"><a href=\"https:\/\/www.nmtsreno.org\/serviceslist\"><span style=\"font-weight: 400;\">Servicios de musicoterapia Note-able:<\/span><\/a><span style=\"font-weight: 400;\"> Esta organizaci\u00f3n de Reno ofrece clases de m\u00fasica y danza adaptadas y musicoterapia individual. <\/span> <\/li><li style=\"font-weight: 400;\" aria-level=\"1\"><a href=\"https:\/\/ww2.danielsmusic.org\/activities-for-adults-with-disabilities\"><span style=\"font-weight: 400;\">Fundaci\u00f3n Musical Daniel:<\/span><\/a><span style=\"font-weight: 400;\"> Esta organizaci\u00f3n sin \u00e1nimo de lucro capacita a personas con discapacidad para expresarse a trav\u00e9s de la m\u00fasica, con v\u00eddeos de actividades y eventos en directo por Internet.<\/span><\/li><li style=\"font-weight: 400;\" aria-level=\"1\"><a style=\"font-family: -apple-system, BlinkMacSystemFont, 'Segoe UI', Roboto, 'Helvetica Neue', Arial, 'Noto Sans', sans-serif, 'Apple Color Emoji', 'Segoe UI Emoji', 'Segoe UI Symbol', 'Noto Color Emoji';\" href=\"https:\/\/www.opportunityvillage.org\/disability-programs-and-services\/youth-student-services\/very-important-arts\"><span>Programa VIA de Opportunity Village:<\/span><\/a><span style=\"font-weight: 400;\"> El programa Very Important Arts ofrece clases de arte, m\u00fasica y danza a personas discapacitadas de hasta 22 a\u00f1os.<\/span><\/li><\/ul>\t\t\t\t\t\t\t\t<\/div>\n\t\t\t\t<\/div>\n\t\t\t\t\t<\/div>\n\t\t\t\t<\/div>\n\t\t\t\t<\/div>\n\t\t","protected":false},"excerpt":{"rendered":"<p>C\u00f3mo encender tu chispa creativa El arte es una forma poderosa de comunicar ideas, abogar por uno mismo y expresar emociones. Para una persona con discapacidad, el arte -en sus m\u00faltiples formas- puede proporcionar otra manera de compartir sentimientos complejos que tal vez le cueste articular verbalmente. A veces puede ayudar dibujar, pintar, esculpir o [&hellip;]<\/p>\n","protected":false},"author":1,"featured_media":0,"parent":0,"menu_order":0,"comment_status":"closed","ping_status":"closed","template":"","meta":{"footnotes":""},"class_list":["post-2280","page","type-page","status-publish","hentry"],"_links":{"self":[{"href":"https:\/\/nvtrip.sncil.org\/es\/wp-json\/wp\/v2\/pages\/2280","targetHints":{"allow":["GET"]}}],"collection":[{"href":"https:\/\/nvtrip.sncil.org\/es\/wp-json\/wp\/v2\/pages"}],"about":[{"href":"https:\/\/nvtrip.sncil.org\/es\/wp-json\/wp\/v2\/types\/page"}],"author":[{"embeddable":true,"href":"https:\/\/nvtrip.sncil.org\/es\/wp-json\/wp\/v2\/users\/1"}],"replies":[{"embeddable":true,"href":"https:\/\/nvtrip.sncil.org\/es\/wp-json\/wp\/v2\/comments?post=2280"}],"version-history":[{"count":2,"href":"https:\/\/nvtrip.sncil.org\/es\/wp-json\/wp\/v2\/pages\/2280\/revisions"}],"predecessor-version":[{"id":2285,"href":"https:\/\/nvtrip.sncil.org\/es\/wp-json\/wp\/v2\/pages\/2280\/revisions\/2285"}],"wp:attachment":[{"href":"https:\/\/nvtrip.sncil.org\/es\/wp-json\/wp\/v2\/media?parent=2280"}],"curies":[{"name":"wp","href":"https:\/\/api.w.org\/{rel}","templated":true}]}}