{"id":2272,"date":"2025-10-23T14:05:51","date_gmt":"2025-10-23T14:05:51","guid":{"rendered":"https:\/\/nvtrip.sncil.org\/viaje-nv\/navegar-por-los-recursos-comunitarios-esenciales\/charla-tecnica-tecnologia-y-aplicaciones-accesibles\/"},"modified":"2025-10-29T16:38:00","modified_gmt":"2025-10-29T16:38:00","slug":"charla-tecnica-tecnologia-y-aplicaciones-accesibles","status":"publish","type":"page","link":"https:\/\/nvtrip.sncil.org\/es\/viaje-nv\/navegar-por-los-recursos-comunitarios-esenciales\/charla-tecnica-tecnologia-y-aplicaciones-accesibles\/","title":{"rendered":"Charla t\u00e9cnica: Tecnolog\u00eda y aplicaciones accesibles"},"content":{"rendered":"\t\t<div data-elementor-type=\"wp-page\" data-elementor-id=\"2272\" class=\"elementor elementor-2272 elementor-2265\" data-elementor-post-type=\"page\">\n\t\t\t\t<div data-particle_enable=\"false\" data-particle-mobile-disabled=\"false\" class=\"elementor-element elementor-element-41137f75 e-con-full e-flex e-con e-parent\" data-id=\"41137f75\" data-element_type=\"container\">\n\t\t\t\t<div class=\"elementor-element elementor-element-11af02e0 elementor-widget elementor-widget-image\" data-id=\"11af02e0\" data-element_type=\"widget\" data-widget_type=\"image.default\">\n\t\t\t\t<div class=\"elementor-widget-container\">\n\t\t\t\t\t\t\t\t\t\t\t\t\t\t\t<img fetchpriority=\"high\" decoding=\"async\" width=\"1440\" height=\"700\" src=\"https:\/\/nvtrip.sncil.org\/wp-content\/uploads\/2025\/10\/Tech-Talk-SNCIL.svg\" class=\"attachment-full size-full wp-image-2268\" alt=\"Illustration of a young man in a wheelchair working at a table holding a laptop\" \/>\t\t\t\t\t\t\t\t\t\t\t\t\t\t\t<\/div>\n\t\t\t\t<\/div>\n\t\t\t\t<div class=\"elementor-element elementor-element-5c9ee9cd elementor-widget elementor-widget-heading\" data-id=\"5c9ee9cd\" data-element_type=\"widget\" data-widget_type=\"heading.default\">\n\t\t\t\t<div class=\"elementor-widget-container\">\n\t\t\t\t\t<h1 class=\"elementor-heading-title elementor-size-default\">Charla t\u00e9cnica: Tecnolog\u00eda y aplicaciones accesibles<\/h1>\t\t\t\t<\/div>\n\t\t\t\t<\/div>\n\t\t\t\t<div class=\"elementor-element elementor-element-16376228 elementor-widget elementor-widget-spacer\" data-id=\"16376228\" data-element_type=\"widget\" data-widget_type=\"spacer.default\">\n\t\t\t\t<div class=\"elementor-widget-container\">\n\t\t\t\t\t\t\t<div class=\"elementor-spacer\">\n\t\t\t<div class=\"elementor-spacer-inner\"><\/div>\n\t\t<\/div>\n\t\t\t\t\t\t<\/div>\n\t\t\t\t<\/div>\n\t\t\t\t<\/div>\n\t\t<div data-particle_enable=\"false\" data-particle-mobile-disabled=\"false\" class=\"elementor-element elementor-element-1bdb6887 e-flex e-con-boxed e-con e-parent\" data-id=\"1bdb6887\" data-element_type=\"container\">\n\t\t\t\t\t<div class=\"e-con-inner\">\n\t\t\t\t<div class=\"elementor-element elementor-element-48fc6e3e elementor-widget elementor-widget-spacer\" data-id=\"48fc6e3e\" data-element_type=\"widget\" data-widget_type=\"spacer.default\">\n\t\t\t\t<div class=\"elementor-widget-container\">\n\t\t\t\t\t\t\t<div class=\"elementor-spacer\">\n\t\t\t<div class=\"elementor-spacer-inner\"><\/div>\n\t\t<\/div>\n\t\t\t\t\t\t<\/div>\n\t\t\t\t<\/div>\n\t\t\t\t<div class=\"elementor-element elementor-element-2d84cc16 elementor-widget elementor-widget-text-editor\" data-id=\"2d84cc16\" data-element_type=\"widget\" data-widget_type=\"text-editor.default\">\n\t\t\t\t<div class=\"elementor-widget-container\">\n\t\t\t\t\t\t\t\t\t<p><span style=\"font-weight: 400;\">Hoy en d\u00eda existen muchos sitios web y aplicaciones creativos e ingeniosos que facilitan la vida a las personas con discapacidad, tanto si necesitan ayuda para leer, entender instrucciones, moverse por su comunidad o comunicarse con los dem\u00e1s. Con un tel\u00e9fono inteligente o una tableta, la ayuda est\u00e1 al alcance de un toque. He aqu\u00ed algunos de los mejores programas disponibles, y la mayor\u00eda de ellos son gratuitos o cuestan muy poco.  <\/span><\/p><h2><span style=\"font-weight: 400;\">Ayuda para la visi\u00f3n<\/span><\/h2><p><a href=\"https:\/\/accessibilityspark.com\/\"><b>AccesibilidadSpark.com<\/b><\/a><b>:<\/b><span style=\"font-weight: 400;\">  Este sitio web y su correspondiente aplicaci\u00f3n ayudan a mejorar la experiencia del usuario al acceder a sitios web. Ofrece inversi\u00f3n del color, contraste oscuro o claro, desaturaci\u00f3n del color, una gu\u00eda de lectura, tama\u00f1o del texto, espaciado, resaltado del contenido, navegaci\u00f3n con el teclado, comandos de voz y optimizaci\u00f3n de la lectura en pantalla.   <\/span><\/p><p><a href=\"https:\/\/www.bemyeyes.com\/\"><b>BeMyEyes.com<\/b><\/a><b>: <\/b> <span style=\"font-weight: 400;\">Be My Eyes permite a los usuarios obtener descripciones visuales gratuitas e instant\u00e1neas a trav\u00e9s de sus tel\u00e9fonos, 24 horas al d\u00eda, 7 d\u00edas a la semana. Puedes conectarte con un voluntario, hacer una foto y la funci\u00f3n de inteligencia artificial de la aplicaci\u00f3n o el sitio web puede describirla, o puedes ponerte en contacto con socios a trav\u00e9s del directorio de servicios para que te ayuden con los productos. Si buscas una oportunidad de voluntariado, \u00a1\u00e9sta es buena!  <\/span><\/p><p><a href=\"https:\/\/taptapseeapp.com\/\"><b>TapTapSee<\/b><\/a><b>: <\/b><span style=\"font-weight: 400;\">Esta aplicaci\u00f3n de c\u00e1mara m\u00f3vil para usuarios invidentes o con problemas de visi\u00f3n funciona con la c\u00e1mara del tel\u00e9fono y la funci\u00f3n de voz para hacer una foto o grabar un v\u00eddeo de cualquier cosa e identificarla en voz alta para ti.<\/span><\/p><p><a href=\"https:\/\/www.seeingai.com\/\"><b>Viendo AI<\/b><\/a><b>:<\/b><span style=\"font-weight: 400;\">  Esta aplicaci\u00f3n gratuita narra en voz alta lo que te rodea, lo que resulta \u00fatil para usuarios ciegos o con baja visi\u00f3n. Puede describir fotos, identificar productos y mucho m\u00e1s. Y como se trata de un proyecto de investigaci\u00f3n en curso de Microsoft, sus funciones seguir\u00e1n evolucionando.  <\/span><\/p><p><a href=\"https:\/\/www.voicedream.com\/\"><b>Voz Sue\u00f1o Lector<\/b><\/a><b>:<\/b><span style=\"font-weight: 400;\">  Esta aplicaci\u00f3n utiliza voces naturales con diferentes acentos y dialectos para leer en voz alta PDF, art\u00edculos, escaneos de c\u00e1mara, libros electr\u00f3nicos y mucho m\u00e1s. Funciona incluso sin conexi\u00f3n a Internet. <\/span><\/p><p><a href=\"https:\/\/apps.apple.com\/us\/app\/oko-cross-streets-and-maps\/id1583614988\"><b>Oko<\/b><\/a><b>:<\/b><span style=\"font-weight: 400;\">  Oko es una aplicaci\u00f3n de navegaci\u00f3n basada en inteligencia artificial para usuarios de iPhone que proporciona indicaciones detalladas giro a giro. Tambi\u00e9n te avisa cuando est\u00e1 encendida la se\u00f1al de caminar, te ofrece informaci\u00f3n sobre intersecciones y te dice cu\u00e1ndo es seguro cruzar la calle. <\/span><\/p><h2><span style=\"font-weight: 400;\">Ayuda auditiva<\/span><\/h2><p><a href=\"https:\/\/clearcaptions.com\/bing\/?msclkid=86894a261fa91387201c22d7496d7368\"><b>ClearCaptions.com<\/b><\/a><b>: <\/b> <span style=\"font-weight: 400;\">La tecnolog\u00eda ClearCaptions es un sistema gratuito para usuarios con problemas de audici\u00f3n. Viene con una unidad telef\u00f3nica que proporciona subt\u00edtulos en pantalla de lo que dice la persona que llama, casi en tiempo real.   <\/span><\/p><p><a href=\"https:\/\/sorenson.com\/captioncall\/\"><b>Sorenson.com\/CaptionCall<\/b><\/a><b>:<\/b><span style=\"font-weight: 400;\">  CaptionCall es otro servicio de tecnolog\u00eda de subtitulaci\u00f3n que proporciona subt\u00edtulos para tel\u00e9fonos fijos, smartphones o el servicio de Internet en casa. El sonido tambi\u00e9n se puede personalizar seg\u00fan tus necesidades y tu p\u00e9rdida auditiva espec\u00edfica. <\/span><\/p><p><a href=\"https:\/\/otter.ai\/home\"><b>Otter.ai<\/b><\/a><b>: <\/b> <span style=\"font-weight: 400;\">Este sitio web y aplicaci\u00f3n basados en IA te permiten grabar conversaciones y verlas transcritas casi en tiempo real. Tambi\u00e9n puedes subir archivos de audio para que los transcriba. Adem\u00e1s, proporciona res\u00famenes de las conversaciones. Ideal para hacer un seguimiento de las reuniones y los puntos de acci\u00f3n.   <\/span><\/p><p><a href=\"https:\/\/rogervoice.com\/\"><b>RogerVoice<\/b><\/a><b>:<\/b><span style=\"font-weight: 400;\"> Esta aplicaci\u00f3n transcribe llamadas telef\u00f3nicas en tiempo real, o puedes escribir un mensaje y hacer que RogerVoice lo pronuncie en voz alta.<\/span><\/p><p><a href=\"https:\/\/apps.apple.com\/us\/app\/the-asl-app\/id921030207\"><b>La aplicaci\u00f3n ASL<\/b><\/a><b>:<\/b><span style=\"font-weight: 400;\"> Esta aplicaci\u00f3n para iPhone de Apple permite a los usuarios aprender el lenguaje de signos americano conversacional.<\/span><\/p><h2><span style=\"font-weight: 400;\">Ayuda a la movilidad<\/span><\/h2><p><a href=\"https:\/\/wheelmap.org\/\"><b>WheelMap.org<\/b><\/a><b>: <\/b><span style=\"font-weight: 400;\">Este sitio web y aplicaci\u00f3n te permite marcar y encontrar lugares accesibles en todo el mundo, de forma gratuita. <\/span> <\/p><p><a href=\"https:\/\/accessnow.com\/\"><b>Accessnow.com<\/b><\/a><b>:<\/b><span style=\"font-weight: 400;\"> Este sitio web y su correspondiente aplicaci\u00f3n utilizan el crowdsourcing para recopilar informaci\u00f3n sobre accesibilidad en rutas y empresas. <\/span> <\/p><p><a href=\"https:\/\/www.google.com\/maps\"><b>Google Maps:  <\/b><\/a><span style=\"font-weight: 400;\">Probablemente ya la tengas, pero quiz\u00e1 no sepas que ofrece vistas de las calles, comparte informaci\u00f3n sobre el tr\u00e1fico y el transporte p\u00fablico y te permite hacer zoom en las calles para ver si los bordillos est\u00e1n rebajados. Selecciona la opci\u00f3n \u00abAccesible para sillas de ruedas\u00bb para planificar tus rutas. Tambi\u00e9n puedes activar \u00abLugares accesibles\u00bb para que muestre el icono de la silla de ruedas si hay una entrada, aseo, asientos, etc. accesibles.  <\/span><\/p><p><a href=\"https:\/\/www.rollmobility.com\/\"><b>Rodar Movilidad<\/b><\/a><b>: <\/b> <span style=\"font-weight: 400;\">Esta aplicaci\u00f3n permite a los usuarios evaluar la accesibilidad de los lugares y descubrir qu\u00e9 caracter\u00edsticas de accesibilidad ofrecen los lugares p\u00fablicos. Puedes a\u00f1adir fotos y v\u00eddeos a tus rese\u00f1as e interactuar con otros usuarios.   <\/span><\/p><h2><span style=\"font-weight: 400;\">Ayuda a la comunicaci\u00f3n<\/span><\/h2><p><a href=\"https:\/\/www.assistiveware.com\/products\/proloquo2go\"><b>Proloquo2Go<\/b><\/a><b>:<\/b><span style=\"font-weight: 400;\">  Esta aplicaci\u00f3n de comunicaci\u00f3n aumentativa y alternativa (CAA) para iPhones y iPads permite a las personas que no hablan expresarse con confianza e iniciar conversaciones. Sus funciones pueden personalizarse para distintas discapacidades. Las personas con autismo, par\u00e1lisis cerebral o s\u00edndrome de Down que no siempre pueden utilizar el habla pueden usar esta opci\u00f3n, del mismo modo que los sordos utilizan el ASL. Los usuarios pueden se\u00f1alar iconos y la aplicaci\u00f3n los verbaliza como palabras, que los usuarios encadenan como frases.     <\/span><\/p><p><a href=\"https:\/\/www.texthelp.com\/en-gb\/solutions\/dsa\/claroread\/\"><b>ClaroRead &#8211; Software de conversi\u00f3n de texto a voz<\/b><\/a><b>:<\/b><span style=\"font-weight: 400;\"> El software ClaroRead proporciona un conjunto de herramientas de lectura, escritura y estudio, como texto a voz con una gama de voces, voz a texto, conversi\u00f3n de documentos en papel e im\u00e1genes en archivos digitales accesibles, correcci\u00f3n de trabajos escritos y mucho m\u00e1s.<\/span><\/p><p><b>Asistente t\u00e1ctil: <\/b><span style=\"font-weight: 400;\">La <a href=\"https:\/\/themighty.com\/topic\/disability\/apps-for-people-with-disabilities\/\" target=\"_blank\" rel=\"noopener\">aplicaci\u00f3n Assistive<\/a> Touch est\u00e1 probablemente en su smartphone actual, y est\u00e1 dise\u00f1ada para ayudar a las personas con discapacidad a realizar funciones del tel\u00e9fono m\u00e1s f\u00e1cilmente, como pellizcar, deslizar y utilizar Siri. <\/span> <\/p><p><a href=\"https:\/\/workspace.google.com\/products\/voice\/\"><b>Voz Google<\/b><\/a><b>:<\/b><span style=\"font-weight: 400;\">  Google Voice es un servicio VoIP (voz sobre protocolo de Internet) basado en Internet que permite a los usuarios con destreza reducida realizar muchas tareas de comunicaci\u00f3n a trav\u00e9s de Internet, como realizar llamadas por ordenador, transcripci\u00f3n de mensajes de voz, grabaci\u00f3n autom\u00e1tica de llamadas, etc. El usuario no tiene que tocar el tel\u00e9fono, hacer clic ni desplazarse. Todo es manos libres y utiliza comandos de voz. <\/span><\/p><p><a href=\"https:\/\/apps.apple.com\/us\/app\/assistive-express\/id379891874\"><b>Asistencia Express<\/b><\/a><b>:<\/b><span style=\"font-weight: 400;\"> Assistive Express es una aplicaci\u00f3n de CAA para iPhone y iPad que utiliza predicci\u00f3n de palabras, aprendizaje adaptativo, favoritos para frases comunes, volumen y velocidad ajustables, predicci\u00f3n de la siguiente palabra y mucho m\u00e1s.<\/span><\/p><p><a href=\"https:\/\/www.assistiveware.com\/products\/keeble\"><b>Keeble &#8211; AssistiveWare<\/b><\/a><b>: <\/b> <span style=\"font-weight: 400;\">Keeble es un teclado descargable y accesible que facilita la escritura en el tel\u00e9fono o la tableta. Tambi\u00e9n tiene funciones para ayudar a los disl\u00e9xicos. Cuenta con colores y fuentes personalizables, incluida la fuente para disl\u00e9xicos, ofrece texto predictivo y mucho m\u00e1s.  <\/span><\/p><h2><span style=\"font-weight: 400;\">Ayuda para el bienestar<\/span><\/h2><p><a href=\"https:\/\/www.curablehealth.com\/clara\"><b>The Curable App &#8211; Recuperaci\u00f3n del dolor cr\u00f3nico<\/b><\/a><b>:<\/b><span style=\"font-weight: 400;\">  Clara, de Curable, es una entrenadora virtual contra el dolor. Se interact\u00faa con ella mediante texto y gif. Ayuda a los usuarios a controlar el dolor mediante meditaciones y actividades guiadas.    <\/span><\/p><p><a href=\"https:\/\/apps.apple.com\/us\/app\/ice-in-case-of-emergency\/id311410069\"><b>ICE (&#8216;En caso de EMERGENCIA&#8217;)<\/b><\/a><b>: <\/b><span style=\"font-weight: 400;\">ICE es una aplicaci\u00f3n que mantiene un registro de tu informaci\u00f3n m\u00e9dica de emergencia, organiza tus contactos y pone todo en un formato f\u00e1cil de usar para que los m\u00e9dicos o param\u00e9dicos puedan acceder f\u00e1cilmente.<\/span><\/p><p><a href=\"https:\/\/flaredown.com\/\"><b>Flaredown.com<\/b><\/a><b>:<\/b><span style=\"font-weight: 400;\">  Flaredown es un sitio web y una aplicaci\u00f3n de seguimiento de s\u00edntomas para personas con enfermedades cr\u00f3nicas. Te ayuda a identificar los alimentos que puedes y no puedes comer, a controlar las dosis de medicaci\u00f3n, a registrar el estado de salud mental y a hacer un seguimiento de los s\u00edntomas de tu enfermedad. <\/span><\/p><p><a href=\"https:\/\/medisafeapp.com\/\"><b>Aplicaci\u00f3n Medisafe<\/b><\/a><b>:<\/b><span style=\"font-weight: 400;\"> Este sitio web y aplicaci\u00f3n ofrece seguimiento y recordatorios de la medicaci\u00f3n, env\u00eda advertencias sobre interacciones de medicamentos, realiza un seguimiento de los medicamentos para usted y sus seres queridos, ayuda a comunicarse con los m\u00e9dicos y mucho m\u00e1s.<\/span><\/p>\t\t\t\t\t\t\t\t<\/div>\n\t\t\t\t<\/div>\n\t\t\t\t\t<\/div>\n\t\t\t\t<\/div>\n\t\t\t\t<\/div>\n\t\t","protected":false},"excerpt":{"rendered":"<p>Charla t\u00e9cnica: Tecnolog\u00eda y aplicaciones accesibles Hoy en d\u00eda existen muchos sitios web y aplicaciones creativos e ingeniosos que facilitan la vida a las personas con discapacidad, tanto si necesitan ayuda para leer, entender instrucciones, moverse por su comunidad o comunicarse con los dem\u00e1s. Con un tel\u00e9fono inteligente o una tableta, la ayuda est\u00e1 al [&hellip;]<\/p>\n","protected":false},"author":1,"featured_media":0,"parent":773,"menu_order":0,"comment_status":"closed","ping_status":"closed","template":"","meta":{"footnotes":""},"class_list":["post-2272","page","type-page","status-publish","hentry"],"_links":{"self":[{"href":"https:\/\/nvtrip.sncil.org\/es\/wp-json\/wp\/v2\/pages\/2272","targetHints":{"allow":["GET"]}}],"collection":[{"href":"https:\/\/nvtrip.sncil.org\/es\/wp-json\/wp\/v2\/pages"}],"about":[{"href":"https:\/\/nvtrip.sncil.org\/es\/wp-json\/wp\/v2\/types\/page"}],"author":[{"embeddable":true,"href":"https:\/\/nvtrip.sncil.org\/es\/wp-json\/wp\/v2\/users\/1"}],"replies":[{"embeddable":true,"href":"https:\/\/nvtrip.sncil.org\/es\/wp-json\/wp\/v2\/comments?post=2272"}],"version-history":[{"count":3,"href":"https:\/\/nvtrip.sncil.org\/es\/wp-json\/wp\/v2\/pages\/2272\/revisions"}],"predecessor-version":[{"id":2356,"href":"https:\/\/nvtrip.sncil.org\/es\/wp-json\/wp\/v2\/pages\/2272\/revisions\/2356"}],"up":[{"embeddable":true,"href":"https:\/\/nvtrip.sncil.org\/es\/wp-json\/wp\/v2\/pages\/773"}],"wp:attachment":[{"href":"https:\/\/nvtrip.sncil.org\/es\/wp-json\/wp\/v2\/media?parent=2272"}],"curies":[{"name":"wp","href":"https:\/\/api.w.org\/{rel}","templated":true}]}}