{"id":2028,"date":"2025-10-10T19:58:37","date_gmt":"2025-10-10T19:58:37","guid":{"rendered":"https:\/\/nvtrip.sncil.org\/animales-de-servicio-socios-para-la-independencia\/"},"modified":"2025-10-22T23:46:42","modified_gmt":"2025-10-22T23:46:42","slug":"animales-de-servicio-socios-para-la-independencia","status":"publish","type":"page","link":"https:\/\/nvtrip.sncil.org\/es\/animales-de-servicio-socios-para-la-independencia\/","title":{"rendered":"Animales de servicio: Socios para la independencia"},"content":{"rendered":"\t\t<div data-elementor-type=\"wp-page\" data-elementor-id=\"2028\" class=\"elementor elementor-2028 elementor-2021\" data-elementor-post-type=\"page\">\n\t\t\t\t<div data-particle_enable=\"false\" data-particle-mobile-disabled=\"false\" class=\"elementor-element elementor-element-15c8afde e-con-full e-flex e-con e-parent\" data-id=\"15c8afde\" data-element_type=\"container\">\n\t\t\t\t<div class=\"elementor-element elementor-element-46e9e141 elementor-widget elementor-widget-image\" data-id=\"46e9e141\" data-element_type=\"widget\" data-widget_type=\"image.default\">\n\t\t\t\t<div class=\"elementor-widget-container\">\n\t\t\t\t\t\t\t\t\t\t\t\t\t\t\t<img fetchpriority=\"high\" decoding=\"async\" width=\"1440\" height=\"700\" src=\"https:\/\/nvtrip.sncil.org\/wp-content\/uploads\/2025\/10\/Service-Dogs-SNCIL.svg\" class=\"attachment-full size-full wp-image-2024\" alt=\"Illustration of a blind person walking outside with their service dog\" \/>\t\t\t\t\t\t\t\t\t\t\t\t\t\t\t<\/div>\n\t\t\t\t<\/div>\n\t\t\t\t<div class=\"elementor-element elementor-element-195f8085 elementor-widget elementor-widget-heading\" data-id=\"195f8085\" data-element_type=\"widget\" data-widget_type=\"heading.default\">\n\t\t\t\t<div class=\"elementor-widget-container\">\n\t\t\t\t\t<h1 class=\"elementor-heading-title elementor-size-default\">Animales de servicio: Socios para la independencia<\/h1>\t\t\t\t<\/div>\n\t\t\t\t<\/div>\n\t\t\t\t<div class=\"elementor-element elementor-element-5aa2c098 elementor-widget elementor-widget-spacer\" data-id=\"5aa2c098\" data-element_type=\"widget\" data-widget_type=\"spacer.default\">\n\t\t\t\t<div class=\"elementor-widget-container\">\n\t\t\t\t\t\t\t<div class=\"elementor-spacer\">\n\t\t\t<div class=\"elementor-spacer-inner\"><\/div>\n\t\t<\/div>\n\t\t\t\t\t\t<\/div>\n\t\t\t\t<\/div>\n\t\t\t\t<\/div>\n\t\t<div data-particle_enable=\"false\" data-particle-mobile-disabled=\"false\" class=\"elementor-element elementor-element-5ba1da9e e-flex e-con-boxed e-con e-parent\" data-id=\"5ba1da9e\" data-element_type=\"container\">\n\t\t\t\t\t<div class=\"e-con-inner\">\n\t\t\t\t<div class=\"elementor-element elementor-element-7be9bf26 elementor-widget elementor-widget-text-editor\" data-id=\"7be9bf26\" data-element_type=\"widget\" data-widget_type=\"text-editor.default\">\n\t\t\t\t<div class=\"elementor-widget-container\">\n\t\t\t\t\t\t\t\t\t<p><span style=\"font-weight: 400;\">Seguro que ha o\u00eddo alguna vez esa vieja expresi\u00f3n: \u00abEl perro es el mejor amigo del hombre (o de la mujer)\u00bb. Para una persona discapacitada, un perro puede ser algo m\u00e1s que un amigo: puede ser un salvavidas que le preste servicios que le mantengan seguro y protegido. Un animal de servicio puede ayudarle a experimentar una mayor sensaci\u00f3n de independencia y confianza.  <\/span><\/p><p><span style=\"font-weight: 400;\">La asistencia que prestan los animales de servicio est\u00e1 protegida por la ley. No pueden cobrarte nada por depender de un animal de servicio en cualquier lugar p\u00fablico, incluidos el transporte p\u00fablico y los comercios locales, y aunque puede resultar costoso comprar y adiestrar un animal de servicio, sus protecciones legales se extienden hasta ser deducibles de impuestos. <\/span><\/p><p><span style=\"font-weight: 400;\">En esta gu\u00eda te ofrecemos algunos datos b\u00e1sicos sobre los animales de servicio, as\u00ed como recursos donde puedes aprender mucho m\u00e1s.<\/span><\/p><h2><span style=\"font-weight: 400;\">\u00bfQu\u00e9 son los animales de servicio?<\/span><\/h2><p><span style=\"font-weight: 400;\">La definici\u00f3n legal, seg\u00fan la <\/span><a href=\"https:\/\/www.ada.gov\/topics\/service-animals\/\"><span style=\"font-weight: 400;\">Ley sobre Estadounidenses con Discapacidades (ADA)<\/span><\/a><span style=\"font-weight: 400;\">es \u00abun perro que ha sido adiestrado individualmente para realizar trabajos o tareas para una persona con discapacidad\u00bb. Aunque la ley dice que el t\u00e9rmino \u00abanimales de servicio\u00bb se refiere a los perros, hay   <\/span><a href=\"https:\/\/www.ada.gov\/resources\/service-animals-2010-requirements\/#miniature-horses\"><span style=\"font-weight: 400;\">ciertos casos<\/span><\/a><span style=\"font-weight: 400;\">  donde se permite un caballo miniatura, siempre que est\u00e9 domesticado, bajo el control del propietario y otras restricciones. La persona que posee o utiliza el animal de servicio se denomina adiestrador. <\/span><\/p><p><span style=\"font-weight: 400;\">La ley federal los considera animales de trabajo, no animales de compa\u00f1\u00eda. En otras palabras, si un negocio tiene una pol\u00edtica de \u00abno mascotas\u00bb, eso no se refiere a los animales de servicio, por lo que todav\u00eda puede llevar el suyo dentro. <\/span><\/p><p><span style=\"font-weight: 400;\">\u00bfQu\u00e9 diferencia a los animales de servicio de las mascotas o los animales de terapia? Est\u00e1 en la definici\u00f3n de la ADA: realiza tareas espec\u00edficas de apoyo a una persona con discapacidad. El animal ha sido adiestrado para realizar esta tarea, y puede ser presenciado haci\u00e9ndola. Puede ser algo sutil o peque\u00f1o, como lamer una mano para calmarle durante un ataque de ansiedad.     <\/span><\/p><h2><span style=\"font-weight: 400;\">\u00bfQu\u00e9 puede hacer un perro de servicio?<\/span><\/h2><p><span style=\"font-weight: 400;\">Los perros de servicio pueden adiestrarse para ayudar al adiestrador de muchas maneras. Pueden:   <\/span><\/p><ul><li style=\"font-weight: 400;\" aria-level=\"1\"><span style=\"font-weight: 400;\">Ayudar a las personas ciegas o con baja visi\u00f3n a desplazarse por lugares p\u00fablicos<\/span><\/li><li style=\"font-weight: 400;\" aria-level=\"1\"><span style=\"font-weight: 400;\">Alertar a las personas sordas o con dificultades auditivas de la presencia de personas o sonidos.<\/span><\/li><li style=\"font-weight: 400;\" aria-level=\"1\"><span style=\"font-weight: 400;\">Tirar de una silla de ruedas<\/span><\/li><li style=\"font-weight: 400;\" aria-level=\"1\"><span style=\"font-weight: 400;\">Avisar al manipulador si hay un al\u00e9rgeno mortal cerca<\/span><\/li><li style=\"font-weight: 400;\" aria-level=\"1\"><span style=\"font-weight: 400;\">Ayudar a una persona que est\u00e1 sufriendo un ataque a mantenerse a salvo<\/span><\/li><li style=\"font-weight: 400;\" aria-level=\"1\"><span style=\"font-weight: 400;\">Recuperar objetos como medicamentos o un tel\u00e9fono en caso de emergencia.<\/span><\/li><li style=\"font-weight: 400;\" aria-level=\"1\"><span style=\"font-weight: 400;\">Proporcionar apoyo f\u00edsico a alguien con problemas de movilidad<\/span><\/li><li style=\"font-weight: 400;\" aria-level=\"1\"><span style=\"font-weight: 400;\">Ayudar a una persona con discapacidad psiqui\u00e1trica o neurol\u00f3gica evitando o interrumpiendo comportamientos destructivos o peligrosos.<\/span><\/li><li style=\"font-weight: 400;\" aria-level=\"1\"><span style=\"font-weight: 400;\">Sentir un ataque de p\u00e1nico inminente y alertar al adiestrador lami\u00e9ndole la mano o realizando otra acci\u00f3n<\/span><\/li><\/ul><h2><span style=\"font-weight: 400;\">\u00bfCu\u00e1les son las normas aplicables a los animales de servicio?<\/span><\/h2><p><span style=\"font-weight: 400;\">Numerosas leyes protegen a los propietarios de perros de servicio, permiti\u00e9ndoles llevar a su perro a lugares p\u00fablicos, como aviones, taxis, su lugar de trabajo, un hotel, un restaurante, una escuela y otros. No pueden cobrarle nada por llevar un animal de servicio con usted -ni siquiera una tasa de limpieza- ni negarle el acceso de ninguna manera.   <\/span><\/p><p><span style=\"font-weight: 400;\">Nadie puede exigirle que vaya a lugares especiales \u00abaptos para mascotas\u00bb, como mesas al aire libre o habitaciones de hotel. Recuerde que se trata de un animal de trabajo, no de una mascota, y que tiene todo el derecho a estar con usted dondequiera que vaya. Nadie puede pedirte que retires a un animal de servicio a menos que:  <\/span><\/p><ul><li style=\"font-weight: 400;\" aria-level=\"1\"><span style=\"font-weight: 400;\">No est\u00e1 domesticado (es decir, hace sus necesidades en el suelo)<\/span><\/li><li style=\"font-weight: 400;\" aria-level=\"1\"><span style=\"font-weight: 400;\">est\u00e1 fuera de control o no puede ser controlado por su cuidador<\/span><\/li><\/ul><p><span style=\"font-weight: 400;\">Quiz\u00e1 se pregunte si tendr\u00e1 que presentar alg\u00fan documento o permiso oficial para tener un animal de servicio. La respuesta es no. La ley dice que no es obligatorio autorizar o certificar a un perro de servicio -esto supone una carga excesiva para el propietario-, as\u00ed que no necesitas llevar ninguna prueba. Ni siquiera es necesario ponerle un chaleco, aunque mucha gente lo hace para que los dem\u00e1s vean inmediatamente que el perro est\u00e1 trabajando.     <\/span><\/p><p><span style=\"font-weight: 400;\">Estas son las \u00fanicas normas aplicables a los animales de servicio:<\/span><\/p><ul><li style=\"font-weight: 400;\" aria-level=\"1\"><span style=\"font-weight: 400;\">El animal debe llevar correa\/arn\u00e9s\/amarre para que el adiestrador siempre tenga el control sobre \u00e9l.<\/span><\/li><li style=\"font-weight: 400;\" aria-level=\"1\"><span style=\"font-weight: 400;\">El animal debe comportarse bien en p\u00fablico y no suponer nunca una amenaza ni causar molestias.<\/span><\/li><li style=\"font-weight: 400;\" aria-level=\"1\"><span style=\"font-weight: 400;\">Debe estar domesticado.<\/span><\/li><li style=\"font-weight: 400;\" aria-level=\"1\"><span style=\"font-weight: 400;\">Si el gobierno estatal o local tiene leyes que exigen que todos los perros tengan licencia o est\u00e9n vacunados, debes cumplirlas.  <\/span><\/li><\/ul><p><span style=\"font-weight: 400;\">Adem\u00e1s, nadie puede preguntarle por qu\u00e9 tiene el perro de servicio o qu\u00e9 discapacidad padece. Nadie puede pedirle una nota m\u00e9dica u otra documentaci\u00f3n que demuestre que necesita el animal o que es \u00aboficialmente\u00bb un animal de servicio. Nadie puede exigir el registro del animal. No se puede prohibir ninguna raza concreta de perro. Y nadie puede pedirte que demuestres la tarea que realiza para ayudarte.    <\/span><\/p><p><span style=\"font-weight: 400;\">S\u00f3lo hay dos preguntas que la ley permite hacerle sobre su animal:<\/span><\/p><ol><li style=\"font-weight: 400;\" aria-level=\"1\"><span style=\"font-weight: 400;\">\u00bfSe trata de un animal de servicio necesario debido a una discapacidad?<\/span><\/li><li style=\"font-weight: 400;\" aria-level=\"1\"><span style=\"font-weight: 400;\">\u00bfPara qu\u00e9 trabajo o tarea ha sido adiestrado el animal?<\/span><\/li><\/ol><p><span style=\"font-weight: 400;\">La ley no exige ning\u00fan certificado para los animales de servicio, pero sigue habiendo muchas empresas que los venden. Cualquiera que intente venderle una licencia o certificaci\u00f3n de este tipo est\u00e1 cometiendo un fraude. Es ilegal, y usted no necesita comprar esto.  <\/span><\/p><p><span style=\"font-weight: 400;\">Por desgracia, siempre hay algunas manzanas podridas que estropean el racimo. Tambi\u00e9n hay personas deshonestas que dicen que sus mascotas son perros de servicio s\u00f3lo para poder beneficiarse de protecciones legales. Esto no s\u00f3lo es un delito que conlleva multas caras, sino que afecta a la credibilidad de los verdaderos perros de servicio. Es importante conseguir un animal de servicio adiestrado de la forma legal adecuada para asegurarse de no infringir esta ley.   <\/span><\/p><h2><span style=\"font-weight: 400;\">\u00bfC\u00f3mo consigo un animal de servicio?<\/span><\/h2><p><span style=\"font-weight: 400;\">Si cree que podr\u00eda beneficiarse de un animal de servicio, el primer paso es reunirse con su proveedor de atenci\u00f3n sanitaria, como su m\u00e9dico de atenci\u00f3n primaria. El m\u00e9dico puede hablar contigo sobre si un perro de servicio podr\u00eda ayudarte. El profesional sanitario puede facilitarle una carta en la que confirme que padece una discapacidad que le hace merecedor de ese servicio, as\u00ed como cualquier otro documento relacionado con su diagn\u00f3stico. Entre las afecciones que re\u00fanen los requisitos se encuentran los problemas de movilidad, los trastornos convulsivos, la diabetes, el autismo, las deficiencias auditivas o visuales y el trastorno por estr\u00e9s postraum\u00e1tico (TEPT).   <\/span><\/p><p><span style=\"font-weight: 400;\">A continuaci\u00f3n, tendr\u00e1 que presentar una solicitud a un proveedor de perros de servicio acreditado, junto con este documento, para pedir el perro.  <\/span><\/p><p><span style=\"font-weight: 400;\">Hay organizaciones en todo el pa\u00eds que adiestran y proporcionan perros de servicio a quienes lo solicitan. Sin embargo, su n\u00famero es limitado debido a la cantidad de adiestramiento necesario para preparar a los perros de servicio. Como resultado, suele haber una lista de espera de varios meses o m\u00e1s.    <\/span><\/p><p><span style=\"font-weight: 400;\">Algunas organizaciones proporcionan perros de servicio a solicitantes de todo el pa\u00eds. Sin embargo, si su solicitud es aceptada, es posible que tenga que viajar fuera del estado para recoger al perro. Entre las organizaciones que proporcionan animales de servicio figuran    <\/span><\/p><ul><li style=\"font-weight: 400;\" aria-level=\"1\"><a href=\"https:\/\/www.servicedogsamerica.org\/\" target=\"_blank\" rel=\"noopener\">Perros de servicio Am\u00e9rica<\/a><\/li><li style=\"font-weight: 400;\" aria-level=\"1\"><a href=\"https:\/\/www.servicedogsforamerica.org\/how-to-apply\/\"><span style=\"font-weight: 400;\">Perros de servicio para Am\u00e9rica<\/span><\/a><span style=\"font-weight: 400;\"> en Dakota del Norte<\/span><\/li><li style=\"font-weight: 400;\" aria-level=\"1\"><a href=\"https:\/\/assistancedogsinternational.org\/\"><span style=\"font-weight: 400;\">Perros de Asistencia Internacional<\/span><\/a><span style=\"font-weight: 400;\"> en m\u00faltiples lugares, incluidos varios en el oeste, en California, Arizona y Oreg\u00f3n<\/span><\/li><\/ul><p><span style=\"font-weight: 400;\">\u00bfY si ya tiene un perro que le gustar\u00eda utilizar como perro de servicio? Hay muchas escuelas disponibles localmente en Nevada que pueden ayudarle a adiestrar a su perro de servicio. Sin embargo, tenga en cuenta que entrenar a un perro de servicio puede llevar cientos de horas de trabajo, por lo que es un gran compromiso. Una b\u00fasqueda en l\u00ednea puede revelar muchas empresas de adiestramiento de perros de servicio, pero aqu\u00ed en Nevada, incluyen:   <\/span><\/p><ul><li style=\"font-weight: 400;\" aria-level=\"1\"><a href=\"https:\/\/www.dogtrainingbypj.com\/\"><span style=\"font-weight: 400;\">Adiestramiento de perros por PJ<\/span><\/a><span style=\"font-weight: 400;\"> en Reno<\/span><\/li><li style=\"font-weight: 400;\" aria-level=\"1\"><a href=\"https:\/\/www.smartypaws.com\/\"><span style=\"font-weight: 400;\">Smarty Paws<\/span><\/a><span style=\"font-weight: 400;\"> en Las Vegas<\/span><\/li><li style=\"font-weight: 400;\" aria-level=\"1\"><a href=\"https:\/\/canine.org\/\"><span style=\"font-weight: 400;\">Canine Companions for Independence<\/span><\/a><span style=\"font-weight: 400;\">que tiene sedes en <\/span><a href=\"https:\/\/canine.org\/location\/northwest\/\"><span style=\"font-weight: 400;\">Nevada del Norte<\/span><\/a><span style=\"font-weight: 400;\"> y en varias zonas de California<\/span><\/li><\/ul><h2><span style=\"font-weight: 400;\">Cuestiones a tener en cuenta con los perros de servicio<\/span><\/h2><p><span style=\"font-weight: 400;\">Hay que tener en cuenta varios factores a la hora de plantearse adquirir o adiestrar un perro de servicio. He aqu\u00ed algunos de los m\u00e1s importantes: <\/span><\/p><ul><li style=\"font-weight: 400;\" aria-level=\"1\"><b>Tareas:  <\/b><span style=\"font-weight: 400;\">\u00bfQu\u00e9 tareas necesita que realice el perro? Esto puede influir en el tipo de perro que elija. Por ejemplo, un perro muy peque\u00f1o puede no ser capaz de alcanzar una encimera y coger sus medicamentos o ayudarle con la movilidad, pero puede ser bueno para proporcionar consuelo a ciertas discapacidades psiqui\u00e1tricas o neurol\u00f3gicas, especialmente si el espacio es limitado en su casa.  <\/span><\/li><li style=\"font-weight: 400;\" aria-level=\"1\"><b>Raza:  <\/b><span style=\"font-weight: 400;\">Adiestrar a un perro de servicio lleva muchas decenas de horas, y algunas razas pueden no ser adecuadas para ese tipo de trabajo. Debe comportarse lo mejor posible, permanecer en silencio a su lado en todo momento y llevar bien la correa. Piense en sus necesidades, su rutina diaria y otras consideraciones a la hora de elegir un perro de servicio.  <\/span><\/li><li style=\"font-weight: 400;\" aria-level=\"1\"><b>Coste:<\/b><span style=\"font-weight: 400;\">  Tener un perro conlleva gastos, como la comida y las visitas al veterinario. Adem\u00e1s, algunos perros de servicio cuestan mucho dinero comprarlos o adiestrarlos. <\/span><\/li><li style=\"font-weight: 400;\" aria-level=\"1\"><b>Compromiso:  <\/b><span style=\"font-weight: 400;\">Tener un perro es una gran responsabilidad. Tienes que estar dispuesto a tener al animal a tu lado en todo momento, pasar mucho tiempo conoci\u00e9ndolo y trabajando con \u00e9l, para que ambos confi\u00e9is el uno en el otro. Significa tener siempre otro cuerpo contigo, asegur\u00e1ndote de que recibe la comida, el agua y otros cuidados que necesita para estar sano y realizar su trabajo, durante todo el tiempo que viva contigo. S\u00f3lo deber\u00edas tener un perro de servicio si realmente est\u00e1s dispuesto a comprometerte con esta responsabilidad para toda la vida.   <\/span><\/li><\/ul><h2><span style=\"font-weight: 400;\">\u00bfEn qu\u00e9 se diferencia un animal de servicio de un animal de terapia o de apoyo emocional?<\/span><\/h2><p><span style=\"font-weight: 400;\">En primer lugar, y lo m\u00e1s importante, los perros de apoyo emocional y de terapia no est\u00e1n adiestrados para realizar ninguna tarea espec\u00edfica relacionada con las discapacidades de sus cuidadores. En lugar de ello, proporcionan una sensaci\u00f3n de seguridad, consuelo o compa\u00f1\u00eda simplemente con su presencia. Como t\u00e9cnicamente no son animales de trabajo, no est\u00e1n protegidos por las mismas leyes que protegen a los animales de servicio. Aunque pueden ofrecer beneficios terap\u00e9uticos, no se ajustan a la definici\u00f3n de animales de servicio. En otras palabras, su derecho a llevar un animal de apoyo emocional en los espacios p\u00fablicos no est\u00e1 protegido por la ley de Nevada o la ADA.      <\/span><\/p><p><span style=\"font-weight: 400;\">Sin embargo, existen leyes estatales y federales &#8211; la<\/span><a href=\"https:\/\/www.transportation.gov\/airconsumer\/passengers-disabilities\"><span style=\"font-weight: 400;\"> Ley de Acceso de las Compa\u00f1\u00edas A\u00e9reas<\/span><\/a><span style=\"font-weight: 400;\"> y la <\/span><a href=\"https:\/\/www.justice.gov\/crt\/fair-housing-act-1\"><span style=\"font-weight: 400;\">Ley de Vivienda Justa<\/span><\/a><span style=\"font-weight: 400;\"> &#8211; que protegen tu derecho a vivir con uno o llevarlo en los aviones. <\/span> <\/p><p><span style=\"font-weight: 400;\">Los animales de apoyo emocional no necesitan tener una formaci\u00f3n espec\u00edfica, a diferencia de los animales de servicio. Sin embargo, s\u00ed tienen que mostrar un buen comportamiento y no suponer nunca una amenaza para una persona.   <\/span><\/p><h2><span style=\"font-weight: 400;\">Recursos adicionales<\/span><\/h2><p><span style=\"font-weight: 400;\">Para saber m\u00e1s sobre lo que implica tener un animal de servicio, explore estos recursos:<\/span><\/p><ul><li style=\"font-weight: 400;\" aria-level=\"1\"><a href=\"https:\/\/www.ndalc.org\/wp-content\/uploads\/2016\/09\/Service-Animals.pdf\"><b>Nevada Disability Advocacy &amp; Law Center, \u00abAnimales de servicio: <\/b><\/a><span style=\"font-weight: 400;\">Este documento proporciona detalles sobre las leyes de Nevada en torno a los animales de servicio, informaci\u00f3n sobre c\u00f3mo presentar quejas, e informaci\u00f3n de contacto para los centros de entrenamiento de perros de servicio en Nevada, y m\u00e1s.<\/span><\/li><li style=\"font-weight: 400;\" aria-level=\"1\"><a href=\"https:\/\/www.ada.gov\/topics\/service-animals\/\"><b>Gu\u00eda de la ADA sobre animales de servicio:<\/b><\/a><span style=\"font-weight: 400;\"> Esta p\u00e1gina web detalla las leyes en torno a los animales de servicio e informaci\u00f3n sobre leyes estatales y locales.<\/span><\/li><li style=\"font-weight: 400;\" aria-level=\"1\"><a href=\"https:\/\/www.transportation.gov\/resources\/individuals\/aviation-consumer-protection\/service-animals\"><b>Departamento de Transporte de EE.UU., \u00abAnimales de servicio\u00bb:<\/b><\/a> Informaci\u00f3n sobre las leyes relativas a viajar con animales de servicio en los aviones.<\/li><\/ul>\t\t\t\t\t\t\t\t<\/div>\n\t\t\t\t<\/div>\n\t\t\t\t\t<\/div>\n\t\t\t\t<\/div>\n\t\t\t\t<\/div>\n\t\t","protected":false},"excerpt":{"rendered":"<p>Animales de servicio: Socios para la independencia Seguro que ha o\u00eddo alguna vez esa vieja expresi\u00f3n: \u00abEl perro es el mejor amigo del hombre (o de la mujer)\u00bb. Para una persona discapacitada, un perro puede ser algo m\u00e1s que un amigo: puede ser un salvavidas que le preste servicios que le mantengan seguro y protegido. [&hellip;]<\/p>\n","protected":false},"author":1,"featured_media":0,"parent":0,"menu_order":0,"comment_status":"closed","ping_status":"closed","template":"","meta":{"footnotes":""},"class_list":["post-2028","page","type-page","status-publish","hentry"],"_links":{"self":[{"href":"https:\/\/nvtrip.sncil.org\/es\/wp-json\/wp\/v2\/pages\/2028","targetHints":{"allow":["GET"]}}],"collection":[{"href":"https:\/\/nvtrip.sncil.org\/es\/wp-json\/wp\/v2\/pages"}],"about":[{"href":"https:\/\/nvtrip.sncil.org\/es\/wp-json\/wp\/v2\/types\/page"}],"author":[{"embeddable":true,"href":"https:\/\/nvtrip.sncil.org\/es\/wp-json\/wp\/v2\/users\/1"}],"replies":[{"embeddable":true,"href":"https:\/\/nvtrip.sncil.org\/es\/wp-json\/wp\/v2\/comments?post=2028"}],"version-history":[{"count":3,"href":"https:\/\/nvtrip.sncil.org\/es\/wp-json\/wp\/v2\/pages\/2028\/revisions"}],"predecessor-version":[{"id":2235,"href":"https:\/\/nvtrip.sncil.org\/es\/wp-json\/wp\/v2\/pages\/2028\/revisions\/2235"}],"wp:attachment":[{"href":"https:\/\/nvtrip.sncil.org\/es\/wp-json\/wp\/v2\/media?parent=2028"}],"curies":[{"name":"wp","href":"https:\/\/api.w.org\/{rel}","templated":true}]}}