{"id":1998,"date":"2025-10-01T19:54:41","date_gmt":"2025-10-01T19:54:41","guid":{"rendered":"https:\/\/nvtrip.sncil.org\/viaje-nv\/desarrollar-la-confianza-habilidad-a-habilidad\/resolucion-pacifica-de-problemas-como-gestionar-los-conflictos\/"},"modified":"2025-10-22T23:47:07","modified_gmt":"2025-10-22T23:47:07","slug":"resolucion-pacifica-de-problemas-como-gestionar-los-conflictos","status":"publish","type":"page","link":"https:\/\/nvtrip.sncil.org\/es\/viaje-nv\/desarrollar-la-confianza-habilidad-a-habilidad\/resolucion-pacifica-de-problemas-como-gestionar-los-conflictos\/","title":{"rendered":"Resoluci\u00f3n pac\u00edfica de problemas: C\u00f3mo gestionar los conflictos"},"content":{"rendered":"\t\t<div data-elementor-type=\"wp-page\" data-elementor-id=\"1998\" class=\"elementor elementor-1998 elementor-1991\" data-elementor-post-type=\"page\">\n\t\t\t\t<div data-particle_enable=\"false\" data-particle-mobile-disabled=\"false\" class=\"elementor-element elementor-element-ea212af e-con-full e-flex e-con e-parent\" data-id=\"ea212af\" data-element_type=\"container\">\n\t\t\t\t<div class=\"elementor-element elementor-element-78987c65 elementor-widget elementor-widget-image\" data-id=\"78987c65\" data-element_type=\"widget\" data-widget_type=\"image.default\">\n\t\t\t\t<div class=\"elementor-widget-container\">\n\t\t\t\t\t\t\t\t\t\t\t\t\t\t\t<img fetchpriority=\"high\" decoding=\"async\" width=\"1440\" height=\"700\" src=\"https:\/\/nvtrip.sncil.org\/wp-content\/uploads\/2025\/10\/Managing-Conflict-SNCIL.svg\" class=\"attachment-full size-full wp-image-1994\" alt=\"Illustration of two young women having an argument. One is in a wheelchair.\" \/>\t\t\t\t\t\t\t\t\t\t\t\t\t\t\t<\/div>\n\t\t\t\t<\/div>\n\t\t\t\t<div class=\"elementor-element elementor-element-99e9a60 elementor-widget elementor-widget-heading\" data-id=\"99e9a60\" data-element_type=\"widget\" data-widget_type=\"heading.default\">\n\t\t\t\t<div class=\"elementor-widget-container\">\n\t\t\t\t\t<h1 class=\"elementor-heading-title elementor-size-default\">Resoluci\u00f3n pac\u00edfica de problemas: \nC\u00f3mo gestionar los conflictos<\/h1>\t\t\t\t<\/div>\n\t\t\t\t<\/div>\n\t\t\t\t<\/div>\n\t\t<div data-particle_enable=\"false\" data-particle-mobile-disabled=\"false\" class=\"elementor-element elementor-element-15e1e748 e-flex e-con-boxed e-con e-parent\" data-id=\"15e1e748\" data-element_type=\"container\">\n\t\t\t\t\t<div class=\"e-con-inner\">\n\t\t\t\t<div class=\"elementor-element elementor-element-1fdad684 elementor-widget elementor-widget-spacer\" data-id=\"1fdad684\" data-element_type=\"widget\" data-widget_type=\"spacer.default\">\n\t\t\t\t<div class=\"elementor-widget-container\">\n\t\t\t\t\t\t\t<div class=\"elementor-spacer\">\n\t\t\t<div class=\"elementor-spacer-inner\"><\/div>\n\t\t<\/div>\n\t\t\t\t\t\t<\/div>\n\t\t\t\t<\/div>\n\t\t\t\t<div class=\"elementor-element elementor-element-048e099 elementor-widget elementor-widget-video\" data-id=\"048e099\" data-element_type=\"widget\" data-settings=\"{&quot;youtube_url&quot;:&quot;https:\\\/\\\/youtu.be\\\/YtzHwf5tGtg&quot;,&quot;video_type&quot;:&quot;youtube&quot;,&quot;controls&quot;:&quot;yes&quot;}\" data-widget_type=\"video.default\">\n\t\t\t\t<div class=\"elementor-widget-container\">\n\t\t\t\t\t\t\t<div class=\"elementor-wrapper elementor-open-inline\">\n\t\t\t<div class=\"elementor-video\"><\/div>\t\t<\/div>\n\t\t\t\t\t\t<\/div>\n\t\t\t\t<\/div>\n\t\t\t\t<div class=\"elementor-element elementor-element-ab42544 elementor-widget elementor-widget-spacer\" data-id=\"ab42544\" data-element_type=\"widget\" data-widget_type=\"spacer.default\">\n\t\t\t\t<div class=\"elementor-widget-container\">\n\t\t\t\t\t\t\t<div class=\"elementor-spacer\">\n\t\t\t<div class=\"elementor-spacer-inner\"><\/div>\n\t\t<\/div>\n\t\t\t\t\t\t<\/div>\n\t\t\t\t<\/div>\n\t\t\t\t<div class=\"elementor-element elementor-element-213acefb elementor-widget elementor-widget-text-editor\" data-id=\"213acefb\" data-element_type=\"widget\" data-widget_type=\"text-editor.default\">\n\t\t\t\t<div class=\"elementor-widget-container\">\n\t\t\t\t\t\t\t\t\t<p><span style=\"font-weight: 400;\">Los conflictos surgen en todos los \u00e1mbitos de nuestra vida. De ni\u00f1os, podemos discutir con nuestros hermanos o amigos por compartir juguetes o jugar. A medida que crecemos, los conflictos se vuelven m\u00e1s dif\u00edciles: Los sentimientos de los amigos se ven heridos, alguien que nos hizo una promesa nos decepciona o los miembros de un equipo no se ponen de acuerdo sobre c\u00f3mo terminar un proyecto. Los compa\u00f1eros de piso plantean conflictos adicionales: cuando vives con alguien, ten\u00e9is que llevaros bien, aunque vuestras opiniones, personalidades y actividades cotidianas sean muy distintas.   <\/span><\/p><p><span style=\"font-weight: 400;\">Todos hemos tenido conflictos, y pueden ser molestos. Incluso pueden hacer que quieras huir o evitar la situaci\u00f3n o a la persona con la que discutes.   <\/span><\/p>\t\t\t\t\t\t\t\t<\/div>\n\t\t\t\t<\/div>\n\t\t\t\t<div class=\"elementor-element elementor-element-98e6081 elementor-widget elementor-widget-text-editor\" data-id=\"98e6081\" data-element_type=\"widget\" data-widget_type=\"text-editor.default\">\n\t\t\t\t<div class=\"elementor-widget-container\">\n\t\t\t\t\t\t\t\t\t<h2><b>Conflicto<\/b><span style=\"font-weight: 400;\"> es un desacuerdo o discusi\u00f3n con otra persona o personas. <\/span> <\/h2><h2><b>La resoluci\u00f3n de conflictos<\/b><span style=\"font-weight: 400;\"> es el proceso de encontrar una soluci\u00f3n al desacuerdo.<\/span><\/h2>\t\t\t\t\t\t\t\t<\/div>\n\t\t\t\t<\/div>\n\t\t\t\t<div class=\"elementor-element elementor-element-9ab46f0 elementor-widget elementor-widget-text-editor\" data-id=\"9ab46f0\" data-element_type=\"widget\" data-widget_type=\"text-editor.default\">\n\t\t\t\t<div class=\"elementor-widget-container\">\n\t\t\t\t\t\t\t\t\t<p><span style=\"font-weight: 400;\">Es importante resolver los conflictos en lugar de dejar que contin\u00faen. Como una enfermedad, un conflicto que no se trata puede empeorar. Si dejas que un conflicto contin\u00fae, puede crecer. Esto puede provocar estr\u00e9s, da\u00f1os en la relaci\u00f3n, sentimientos heridos, la p\u00e9rdida de un trabajo o de una responsabilidad, e incluso violencia. Gestionar un conflicto forma parte de ser un adulto independiente y con \u00e9xito, as\u00ed que tienes que aprender a superarlo.    <\/span><\/p><h2><span style=\"font-weight: 400;\">Paso 1: Detente, respira y piensa<\/span><\/h2><p><span style=\"font-weight: 400;\">Cuando no est\u00e1s de acuerdo con alguien o te enfadas por algo que ha hecho o dicho, puede que al principio sientas ganas de explotar. Quieres gritar, llorar o incluso salir corriendo. Pero hacer cualquiera de estas cosas empeorar\u00e1 las cosas.    <\/span><\/p><p><span style=\"font-weight: 400;\">Piensa en c\u00f3mo te sientes cuando alguien te grita. No te dan ganas de escuchar ni de que te importe lo que dicen, sino que te hacen sentir a la defensiva. Te dan ganas de devolver el grito.    <\/span><\/p><p><span style=\"font-weight: 400;\">As\u00ed que cuando sientas ese impulso, detente. Respira hondo. Luego piensa en lo que ha pasado y en c\u00f3mo vas a reaccionar. No es f\u00e1cil parar y evitar responder, pero tener control sobre ti mismo y tus emociones es un primer paso importante.   <\/span><\/p><h2><span style=\"font-weight: 400;\">Paso 2: Tratar de comprender<\/span><\/h2><p><span style=\"font-weight: 400;\">Dos personas grit\u00e1ndose no es resoluci\u00f3n de conflictos. Nada puede solucionarse a menos que empec\u00e9is a escucharos el uno al otro. Convierte tu conflicto en una discusi\u00f3n en la que cada uno explique su punto de vista, con seguridad pero con educaci\u00f3n, mientras el otro escucha.  <\/span><\/p><p><span style=\"font-weight: 400;\">Escuchar atenta y activamente es lo mejor que puedes hacer. No busques formas de interrumpir y responder. Lim\u00edtate a escuchar. Asimila lo que dice la otra persona y rep\u00edteselo para demostrar que has escuchado y entendido correctamente. S\u00e9 paciente.    <\/span><\/p><h2><span style=\"font-weight: 400;\">Paso 3: Centrarse en los hechos y los sentimientos<\/span><\/h2><p><span style=\"font-weight: 400;\">Recuerda que las opiniones no son hechos. Exponer tu opini\u00f3n una y otra vez no soluciona nada. Lo \u00fanico que consigue es enfadar m\u00e1s a todo el mundo y hacer perder el tiempo. Una vez que ambos expongan sus puntos de vista, es posible que encuentren cosas en las que est\u00e9n de acuerdo. Si no, simplemente tendr\u00e9is que acordar que no est\u00e1is de acuerdo. En otras palabras, tendr\u00e1s que decidir si merece la pena seguir discutiendo. Tal vez sea mejor continuar con la actividad y seguir adelante.        <\/span><\/p><p><span style=\"font-weight: 400;\">Habla con asertividad, es decir, con confianza y fuerza. Es una buena autodefensa. Pero esto no significa ser insistente o agresivo. Se trata de estar seguro de que lo que dices importa y es importante, pero con paciencia y amabilidad.   <\/span><\/p><p><span style=\"font-weight: 400;\">Cuando hables, evita el lenguaje que acuse o culpe a otra persona. Asume la responsabilidad de tus actos o de cualquier cosa que hayas hecho que pueda haber herido a la otra persona. Y ten cuidado con el tono de voz y el lenguaje corporal. Piensa en lo que sientes cuando alguien te levanta la voz o parece utilizar su cuerpo contra ti. Puede asustar y empeorar las cosas.      <\/span><\/p><p><span style=\"font-weight: 400;\">No saques a relucir viejos problemas; c\u00e9ntrate en el problema que tienes entre manos. No intentes abordar todo lo que te molesta. Esto distrae a todo el mundo y dificulta la b\u00fasqueda de una soluci\u00f3n. Aborda un solo problema cada vez.   <\/span><\/p><p><span style=\"font-weight: 400;\">Utiliza el lenguaje del \u00abyo\u00bb, como \u00abCuando pasa esto, me siento&#8230;\u00bb o \u00abCreo que esto ser\u00eda una buena idea porque&#8230;\u00bb. Esto evita que la otra persona se sienta a la defensiva. Y evita los absolutos, como \u00abT\u00fa nunca\u00bb o \u00abYo siempre\u00bb. <\/span><\/p><h2><span style=\"font-weight: 400;\">Paso 4: Encontrar una soluci\u00f3n<\/span><\/h2><p><span style=\"font-weight: 400;\">En muchos casos, no \u00abganar\u00e1s\u00bb una discusi\u00f3n. Por el contrario, la mejor soluci\u00f3n es aquella en la que todo el mundo se compromete: ceder un poco para obtener un poco. El objetivo no es ganar, sino avanzar con una nueva forma de hacer las cosas.  <\/span><\/p><p><span style=\"font-weight: 400;\">Cuando el conflicto se produce en el seno de un grupo, las cosas se ponen un poco m\u00e1s dif\u00edciles, porque puede que haya que tratar con varias opiniones, no s\u00f3lo con dos. En este caso, puede ser mejor seguir el viejo dicho: \u00abLa mayor\u00eda manda\u00bb. En otras palabras, si la mayor\u00eda de las personas del grupo est\u00e1n de acuerdo, suele ser mejor seguir su punto de vista o decisi\u00f3n. Es como en unas elecciones, donde gana la persona con m\u00e1s votos. A menos que todos llegu\u00e9is a un acuerdo, seguir a la mayor\u00eda es una forma democr\u00e1tica de resolver los problemas que hace feliz al mayor n\u00famero de personas.      <\/span><\/p><p><span style=\"font-weight: 400;\">Cuando encuentres una soluci\u00f3n, vete.<\/span><span style=\"font-weight: 400;\">n plan. Esto puede significar hablar   <\/span><span style=\"font-weight: 400;\">m\u00e1s tarde, cuando todo el mundo se haya calmado, o acordar volver al cabo de unas semanas, para ver c\u00f3mo est\u00e1 funcionando el plan.  <\/span><\/p><h2><span style=\"font-weight: 400;\">Consejos para conversaciones dif\u00edciles<\/span><\/h2><p><span style=\"font-weight: 400;\">Cuando est\u00e1s muy disgustado y preocupado por un conflicto, el estr\u00e9s y la ansiedad pueden hacer que sientas deseos de evitarlo por completo. Pero hay algunas cosas que puedes hacer para reducir el estr\u00e9s y prepararte. <\/span><\/p><p><span style=\"font-weight: 400;\">En primer lugar, como hemos sugerido antes, respira hondo. A veces, contar hasta 10 lentamente puede ayudar. Da un paseo de unos minutos o simplemente sal a respirar aire fresco: \u00a1la naturaleza puede hacer maravillas por tu salud mental!  <\/span><\/p><p><span style=\"font-weight: 400;\">Otra forma estupenda de sentirte preparado es hacer un juego de roles, o fingir que tienes esa conversaci\u00f3n con otra persona. Por ejemplo, si tienes un desacuerdo con un amigo y te pone nervioso hablar de ello con \u00e9l, puedes practicar con otra persona, como otro amigo que no conozca a las partes implicadas. Practica lo que te gustar\u00eda decir y deja que te respondan. Puede que incluso te den su opini\u00f3n sobre c\u00f3mo has sonado u otras palabras que podr\u00edas probar en su lugar. Practicar puede hacerte sentir m\u00e1s seguro en el momento de la verdad.    <\/span><\/p><h2><span style=\"font-weight: 400;\">C\u00f3mo disculparse<\/span><\/h2><p><span style=\"font-weight: 400;\">Disculparse puede ser duro. Puede hacerte sentir que \u00abhas perdido\u00bb o que est\u00e1s renunciando a algo. Pero disculparse es, en realidad, una actitud valiente y adulta. Una disculpa buena y sincera es una de las mejores maneras de resolver un conflicto. Puede rebajar el estr\u00e9s y la tristeza de todos por un problema, y te ayuda a llegar a una soluci\u00f3n m\u00e1s r\u00e1pidamente.    <\/span><\/p><p><span style=\"font-weight: 400;\">\u00bfCu\u00e1ndo hay que pedir perd\u00f3n?<\/span><\/p><ul><li style=\"font-weight: 400;\" aria-level=\"1\"><span style=\"font-weight: 400;\">Cuando tus acciones han causado dolor emocional o confusi\u00f3n<\/span><\/li><li style=\"font-weight: 400;\" aria-level=\"1\"><span style=\"font-weight: 400;\">Cuando has roto la confianza de una persona<\/span><\/li><li style=\"font-weight: 400;\" aria-level=\"1\"><span style=\"font-weight: 400;\">Cuando tus acciones han creado tensi\u00f3n<\/span><\/li><li style=\"font-weight: 400;\" aria-level=\"1\"><span style=\"font-weight: 400;\">Cuando has decepcionado a alguien o le has defraudado<\/span><\/li><li style=\"font-weight: 400;\" aria-level=\"1\"><span style=\"font-weight: 400;\">Cuando has hecho que alguien sienta miedo o le has excluido<\/span><\/li><\/ul><p><span style=\"font-weight: 400;\">Si ha ocurrido alguna de estas cosas, es hora de disculparse. He aqu\u00ed lo que constituye una buena disculpa: <\/span><\/p><ul><li><b>Reconozca <\/b><span style=\"font-weight: 400;\">lo que hiciste o dijiste que caus\u00f3 da\u00f1o. <\/span> <\/li><li><b>Asume la responsabilidad <\/b><span style=\"font-weight: 400;\">de tus actos, sin poner excusas.<\/span><\/li><li><b>Expresar remordimiento<\/b><span style=\"font-weight: 400;\"> o arrepentimiento por sus acciones.<\/span><\/li><li><b style=\"font-family: -apple-system, BlinkMacSystemFont, 'Segoe UI', Roboto, 'Helvetica Neue', Arial, 'Noto Sans', sans-serif, 'Apple Color Emoji', 'Segoe UI Emoji', 'Segoe UI Symbol', 'Noto Color Emoji';\">Plan <\/b><span style=\"font-weight: 400;\">c\u00f3mo hacer las cosas bien.<\/span><\/li><li>Pide <b style=\"font-family: -apple-system, BlinkMacSystemFont, 'Segoe UI', Roboto, 'Helvetica Neue', Arial, 'Noto Sans', sans-serif, 'Apple Color Emoji', 'Segoe UI Emoji', 'Segoe UI Symbol', 'Noto Color Emoji';\">perd\u00f3n. <\/b> <\/li><\/ul><p><span style=\"font-weight: 400;\">Cuando te disculpes, no eches la culpa a los dem\u00e1s, no minimices el da\u00f1o ni hagas que parezca que no es para tanto, no apoyes ninguna acci\u00f3n t\u00f3xica o violenta y no esperes el perd\u00f3n, al menos no de inmediato. Puede llevar alg\u00fan tiempo, pero si pides perd\u00f3n de coraz\u00f3n, es m\u00e1s probable que la otra persona te perdone. <\/span><\/p><h2><span style=\"font-weight: 400;\">Busque ayuda si la necesita<\/span><\/h2><p><span style=\"font-weight: 400;\">En algunos casos, cuando los conflictos son muy graves, es posible que no puedas resolverlo t\u00fa solo. Est\u00e1 bien pedir ayuda a otra persona, como un orientador, un profesor, un directivo o un miembro de la comunidad. Hay personas formadas que pueden ayudarte a resolver problemas dif\u00edciles y orientarte hacia respuestas que quiz\u00e1 ni siquiera conozcas.  <\/span><\/p>\t\t\t\t\t\t\t\t<\/div>\n\t\t\t\t<\/div>\n\t\t\t\t\t<\/div>\n\t\t\t\t<\/div>\n\t\t\t\t<\/div>\n\t\t","protected":false},"excerpt":{"rendered":"<p>Resoluci\u00f3n pac\u00edfica de problemas: C\u00f3mo gestionar los conflictos Los conflictos surgen en todos los \u00e1mbitos de nuestra vida. De ni\u00f1os, podemos discutir con nuestros hermanos o amigos por compartir juguetes o jugar. A medida que crecemos, los conflictos se vuelven m\u00e1s dif\u00edciles: Los sentimientos de los amigos se ven heridos, alguien que nos hizo una [&hellip;]<\/p>\n","protected":false},"author":1,"featured_media":0,"parent":758,"menu_order":0,"comment_status":"closed","ping_status":"closed","template":"","meta":{"footnotes":""},"class_list":["post-1998","page","type-page","status-publish","hentry"],"_links":{"self":[{"href":"https:\/\/nvtrip.sncil.org\/es\/wp-json\/wp\/v2\/pages\/1998","targetHints":{"allow":["GET"]}}],"collection":[{"href":"https:\/\/nvtrip.sncil.org\/es\/wp-json\/wp\/v2\/pages"}],"about":[{"href":"https:\/\/nvtrip.sncil.org\/es\/wp-json\/wp\/v2\/types\/page"}],"author":[{"embeddable":true,"href":"https:\/\/nvtrip.sncil.org\/es\/wp-json\/wp\/v2\/users\/1"}],"replies":[{"embeddable":true,"href":"https:\/\/nvtrip.sncil.org\/es\/wp-json\/wp\/v2\/comments?post=1998"}],"version-history":[{"count":5,"href":"https:\/\/nvtrip.sncil.org\/es\/wp-json\/wp\/v2\/pages\/1998\/revisions"}],"predecessor-version":[{"id":2093,"href":"https:\/\/nvtrip.sncil.org\/es\/wp-json\/wp\/v2\/pages\/1998\/revisions\/2093"}],"up":[{"embeddable":true,"href":"https:\/\/nvtrip.sncil.org\/es\/wp-json\/wp\/v2\/pages\/758"}],"wp:attachment":[{"href":"https:\/\/nvtrip.sncil.org\/es\/wp-json\/wp\/v2\/media?parent=1998"}],"curies":[{"name":"wp","href":"https:\/\/api.w.org\/{rel}","templated":true}]}}