{"id":1957,"date":"2025-10-01T00:50:51","date_gmt":"2025-10-01T00:50:51","guid":{"rendered":"https:\/\/nvtrip.sncil.org\/viaje-nv\/desarrollar-la-confianza-habilidad-a-habilidad\/roommate-ready-navegar-por-la-vida-compartida-con-confianza\/"},"modified":"2025-10-22T23:47:17","modified_gmt":"2025-10-22T23:47:17","slug":"roommate-ready-navegar-por-la-vida-compartida-con-confianza","status":"publish","type":"page","link":"https:\/\/nvtrip.sncil.org\/es\/viaje-nv\/desarrollar-la-confianza-habilidad-a-habilidad\/roommate-ready-navegar-por-la-vida-compartida-con-confianza\/","title":{"rendered":"Roommate Ready: Navegar por la vida compartida con confianza"},"content":{"rendered":"\t\t<div data-elementor-type=\"wp-page\" data-elementor-id=\"1957\" class=\"elementor elementor-1957 elementor-1955\" data-elementor-post-type=\"page\">\n\t\t\t\t<div data-particle_enable=\"false\" data-particle-mobile-disabled=\"false\" class=\"elementor-element elementor-element-17918a83 e-con-full e-flex e-con e-parent\" data-id=\"17918a83\" data-element_type=\"container\">\n\t\t\t\t<div class=\"elementor-element elementor-element-4030b734 elementor-widget elementor-widget-image\" data-id=\"4030b734\" data-element_type=\"widget\" data-widget_type=\"image.default\">\n\t\t\t\t<div class=\"elementor-widget-container\">\n\t\t\t\t\t\t\t\t\t\t\t\t\t\t\t<img fetchpriority=\"high\" decoding=\"async\" width=\"1440\" height=\"700\" src=\"https:\/\/nvtrip.sncil.org\/wp-content\/uploads\/2025\/10\/Roommates-SNCIL.svg\" class=\"attachment-full size-full wp-image-1960\" alt=\"Illlustration of a group of young people in their shared apartment.\" \/>\t\t\t\t\t\t\t\t\t\t\t\t\t\t\t<\/div>\n\t\t\t\t<\/div>\n\t\t\t\t<div class=\"elementor-element elementor-element-147642e8 elementor-widget elementor-widget-spacer\" data-id=\"147642e8\" data-element_type=\"widget\" data-widget_type=\"spacer.default\">\n\t\t\t\t<div class=\"elementor-widget-container\">\n\t\t\t\t\t\t\t<div class=\"elementor-spacer\">\n\t\t\t<div class=\"elementor-spacer-inner\"><\/div>\n\t\t<\/div>\n\t\t\t\t\t\t<\/div>\n\t\t\t\t<\/div>\n\t\t\t\t<\/div>\n\t\t<div data-particle_enable=\"false\" data-particle-mobile-disabled=\"false\" class=\"elementor-element elementor-element-22aa9ecd e-flex e-con-boxed e-con e-parent\" data-id=\"22aa9ecd\" data-element_type=\"container\">\n\t\t\t\t\t<div class=\"e-con-inner\">\n\t\t\t\t<div class=\"elementor-element elementor-element-12425745 elementor-widget elementor-widget-heading\" data-id=\"12425745\" data-element_type=\"widget\" data-widget_type=\"heading.default\">\n\t\t\t\t<div class=\"elementor-widget-container\">\n\t\t\t\t\t<h2 class=\"elementor-heading-title elementor-size-default\">Roommate Ready: Navegar por la vida compartida con confianza<\/h2>\t\t\t\t<\/div>\n\t\t\t\t<\/div>\n\t\t\t\t<div class=\"elementor-element elementor-element-09368ce elementor-widget elementor-widget-video\" data-id=\"09368ce\" data-element_type=\"widget\" data-settings=\"{&quot;youtube_url&quot;:&quot;https:\\\/\\\/youtu.be\\\/mInsH-mBuUY&quot;,&quot;video_type&quot;:&quot;youtube&quot;,&quot;controls&quot;:&quot;yes&quot;}\" data-widget_type=\"video.default\">\n\t\t\t\t<div class=\"elementor-widget-container\">\n\t\t\t\t\t\t\t<div class=\"elementor-wrapper elementor-open-inline\">\n\t\t\t<div class=\"elementor-video\"><\/div>\t\t<\/div>\n\t\t\t\t\t\t<\/div>\n\t\t\t\t<\/div>\n\t\t\t\t<div class=\"elementor-element elementor-element-d953afc elementor-widget elementor-widget-spacer\" data-id=\"d953afc\" data-element_type=\"widget\" data-widget_type=\"spacer.default\">\n\t\t\t\t<div class=\"elementor-widget-container\">\n\t\t\t\t\t\t\t<div class=\"elementor-spacer\">\n\t\t\t<div class=\"elementor-spacer-inner\"><\/div>\n\t\t<\/div>\n\t\t\t\t\t\t<\/div>\n\t\t\t\t<\/div>\n\t\t\t\t<div class=\"elementor-element elementor-element-3d477ee2 elementor-widget elementor-widget-text-editor\" data-id=\"3d477ee2\" data-element_type=\"widget\" data-widget_type=\"text-editor.default\">\n\t\t\t\t<div class=\"elementor-widget-container\">\n\t\t\t\t\t\t\t\t\t<p><span style=\"font-weight: 400;\">La vida compartida puede ser una gran alternativa a las residencias colectivas o los centros de cuidados de larga duraci\u00f3n. Vivir con un compa\u00f1ero de piso te permite vivir de forma independiente al tiempo que compartes las muchas responsabilidades que ello conlleva. Adem\u00e1s, te ofrece compa\u00f1\u00eda y la sensaci\u00f3n de formar parte de una comunidad.    <\/span><\/p><p><span style=\"font-weight: 400;\">Recuerda que los compa\u00f1eros de piso participan en pie de igualdad en el mantenimiento de la casa y en la toma de decisiones sobre ella. Eso significa que debes pensar bien a la hora de elegir a tu compa\u00f1ero de piso. <\/span><\/p><p><span style=\"font-weight: 400;\">Mucha gente asume (falsamente) que las personas con discapacidad s\u00f3lo deben vivir con familiares u otras personas con discapacidad. Esto no es necesariamente as\u00ed. Como ver\u00e1s aqu\u00ed, algunas personas sin discapacidad est\u00e1n encantadas de compartir habitaci\u00f3n con quienes s\u00ed la tienen y, en algunas situaciones, incluso pueden aceptar prestar apoyo m\u00e1s all\u00e1 de compartir espacio y alquiler.  <\/span><\/p><h2><span style=\"font-weight: 400;\">Compa\u00f1eros de piso solidarios<\/span><\/h2><p><span style=\"font-weight: 400;\">Un compa\u00f1ero de piso que ofrece apoyo se conoce a veces como compa\u00f1ero de piso cuidador. Esta persona puede tener o no una discapacidad. Por lo general, ayudan de una forma orientada a los compa\u00f1eros de piso, como encarg\u00e1ndose de m\u00e1s tareas dom\u00e9sticas o conduciendo, aunque en algunos casos pueden ofrecer m\u00e1s cuidados personales. Esto puede hacerse a cambio de una ayuda para el alquiler u otros medios de pago, pero no siempre.     <\/span><\/p><p><span style=\"font-weight: 400;\">Si decides buscar un compa\u00f1ero de piso que te apoye, existen servicios que pueden ayudarte a encontrarlo (v\u00e9ase \u00abEncontrar un compa\u00f1ero de piso\u00bb m\u00e1s adelante). No obstante, sea cual sea el acuerdo al que llegues, aseg\u00farate de que existe un acuerdo claro sobre si esa persona ofrecer\u00e1 determinados tipos de servicios y si se le pagar\u00e1 por ellos.   <\/span><\/p><p><span style=\"font-weight: 400;\">Adem\u00e1s, recuerda que ser compa\u00f1ero de piso suele ser un puesto temporal. Puede ser \u00fatil preguntar sobre los planes de futuro de cada uno, y luego considerar c\u00f3mo encajan esos planes. Los estudiantes se grad\u00faan, la gente se casa o consigue trabajo, se muda&#8230; tener un compa\u00f1ero de piso que te apoye puede facilitar la transici\u00f3n a la vida independiente, pero es importante no contar con que sea una situaci\u00f3n permanente.    <\/span><\/p><h2><span style=\"font-weight: 400;\">Encontrar compa\u00f1ero de piso<\/span><\/h2><p><span style=\"font-weight: 400;\">Empieza por hablar con amigos, compa\u00f1eros y familiares sobre tu deseo de compartir vivienda: a veces esas personas pueden ponerte en contacto con gente que conocen y que podr\u00eda estar interesada. Adem\u00e1s, pueden conocer contigo a posibles compa\u00f1eros de piso y ayudarte a decidir si encajan bien. <\/span><\/p><p><span style=\"font-weight: 400;\">Los Centros para la Vida Independiente y <\/span><a href=\"https:\/\/www.nevada211.org\/disability-services\/\">\n  <span style=\"font-weight: 400;\">Nevada 211<\/span>\n<\/a><span style=\"font-weight: 400;\">  son dos excelentes recursos que pueden ayudarte a encontrar vivienda, ayuda econ\u00f3mica e incluso un compa\u00f1ero de piso que te apoye. Ponerse en contacto con las organizaciones comunitarias locales que apoyan a las personas con discapacidad tambi\u00e9n puede ser un buen paso para encontrar un compa\u00f1ero de piso que tambi\u00e9n tenga una discapacidad.   <\/span><\/p><p><span style=\"font-weight: 400;\">Tambi\u00e9n hay sitios web y aplicaciones que pueden ayudarte a encontrar compa\u00f1ero de piso. Sitios como   <\/span><a href=\"https:\/\/meetmyrumi.com\/\">\n  <span style=\"font-weight: 400;\">Rumi<\/span>\n<\/a><span style=\"font-weight: 400;\"> o <\/span><a href=\"https:\/\/www.meethomies.com\/updates\/supportive-roommates-for-adults-with-disabilities\">\n  <span style=\"font-weight: 400;\">Homies<\/span>\n<\/a><span style=\"font-weight: 400;\">  est\u00e1n dise\u00f1ados espec\u00edficamente para ayudar a las personas con discapacidad a encontrar compa\u00f1eros de piso que les apoyen. Tambi\u00e9n pueden ser \u00fatiles otros sitios no centrados en la discapacidad, algunos de los cuales permiten filtrar las coincidencias por estilo de vida (como   <\/span><a href=\"https:\/\/www.iroomit.com\/roommates\/nv\"><span style=\"font-weight: 400;\">https:\/\/www.iroomit.com\/roommates\/nv<\/span><\/a><span style=\"font-weight: 400;\">). Por ejemplo, puedes configurarlo para que descarte a las personas que fuman, tienen mascotas, etc. Cuanto m\u00e1s comparta cada uno sobre s\u00ed mismo en estos sitios, m\u00e1s f\u00e1cil ser\u00e1 seleccionar a las personas que son una buena pareja.   <\/span><\/p><p><span style=\"font-weight: 400;\">Si tu primera experiencia de vida independiente es en una residencia universitaria, es posible que te asignen un compa\u00f1ero de piso al azar. En esta situaci\u00f3n, es posible que no sep\u00e1is casi nada el uno del otro cuando os mud\u00e9is. Para las personas con discapacidad, especialmente las que no son visibles, puede resultar dif\u00edcil averiguar c\u00f3mo compartir esta informaci\u00f3n. En esta situaci\u00f3n, es importante ser claro desde el principio sobre tu discapacidad, c\u00f3mo afecta a la forma en que te mueves y utilizas el espacio compartido, y puedes abordar cualquier malentendido o expectativa. Tambi\u00e9n es importante informarles de las zonas a las que no puedes acceder, como una estanter\u00eda alta, y decirles si hay alguna tarea dom\u00e9stica que no puedas hacer.    <\/span><\/p><h2><span style=\"font-weight: 400;\">Selecci\u00f3n del compa\u00f1ero de piso<\/span><\/h2><p><span style=\"font-weight: 400;\">Si vives con alguien, es bueno que su estilo de vida complemente el tuyo. Por ejemplo, si eres madrugador, pero tu compa\u00f1ero de piso es un b\u00faho nocturno y se queda hasta tarde viendo la tele, es posible que teng\u00e1is desacuerdos por el ruido a altas horas de la noche o a primera hora de la ma\u00f1ana. Del mismo modo, si tu compa\u00f1ero de piso fuma y t\u00fa no, o si t\u00fa comes carne pero \u00e9l es vegetariano, estas cuestiones pueden causar graves conflictos por los olores del humo o de la carne cocin\u00e1ndose, las cenizas en la casa o la carne de hamburguesa en el frigor\u00edfico.  <\/span><\/p><p><span style=\"font-weight: 400;\">Hable de lo que cada uno espera de la relaci\u00f3n. Algunas personas consideran a los compa\u00f1eros de piso como amigos incorporados, mientras que otras s\u00f3lo quieren a alguien con quien compartir gastos y no tienen expectativas ni inter\u00e9s en ser amigos. No hay un \u00fanico enfoque correcto, pero si buscas compa\u00f1\u00eda de alguien que est\u00e1 fuera la mayor\u00eda de los d\u00edas y s\u00f3lo quiere un lugar donde dormir, podr\u00edas acabar decepcionado.  <\/span><\/p><p><span style=\"font-weight: 400;\">Decide con antelaci\u00f3n cu\u00e1les son los aspectos que te impiden llegar a un acuerdo, es decir, en qu\u00e9 cosas no transigir\u00e1s pase lo que pase. Por ejemplo, para algunas personas, fumar es una <\/span><span style=\"font-weight: 400;\">  rompe-tratos.<\/span><span style=\"font-weight: 400;\">  Para otros, son las mascotas. Si encuentras un posible compa\u00f1ero de piso que es al\u00e9rgico a los perros y t\u00fa tienes un perro de servicio, no funcionar\u00e1. <\/span><\/p><p><span style=\"font-weight: 400;\">A la hora de considerar posibles compa\u00f1eros de piso, deber\u00edais planear reuniros, ya sea en persona o por tel\u00e9fono o videollamada, al menos un par de veces para conoceros y saber lo que cada uno necesita del acuerdo. \u00c9stas son algunas de las cosas de las que deber\u00edais hablar: <\/span><\/p><ul><li><b>Dinero:  <\/b><span style=\"font-weight: 400;\">Puede ser un tema delicado, pero no puede permitirse el lujo de evitarlo. Cada uno debe poder pagar la parte que le corresponde. Hablen de cu\u00e1nto pagar\u00e1 cada uno por el alquiler, los servicios y otros gastos. Aseg\u00farate de hablar de tus ingresos y de si son fiables. Si alguno de los dos pierde inesperadamente su trabajo, \u00bfc\u00f3mo se pagar\u00e1n las facturas?    <\/span><\/li><li aria-level=\"1\"><b>Limpieza:  <\/b><span style=\"font-weight: 400;\">\u00bfCu\u00e1les son sus preferencias a la hora de mantener la casa? Algunas personas son mani\u00e1ticas del orden, mientras que a otras simplemente les da igual. Quiz\u00e1 uno de los dos prefiera fregar los platos y el otro disfrutar con el c\u00e9sped. \u00bfPod\u00e9is poneros de acuerdo sobre algunas normas b\u00e1sicas para mantener limpios los espacios que compart\u00eds?     <\/span><\/li><li aria-level=\"1\"><b>Vida social:  <\/b><span style=\"font-weight: 400;\">Preg\u00fantense sobre su vida social y sus h\u00e1bitos. Si uno de vosotros es hogare\u00f1o y al otro le gustan las fiestas y los invitados nocturnos, pod\u00e9is chocar r\u00e1pidamente. Si eres estudiante y necesitas horarios tranquilos, busca a alguien cuyos h\u00e1bitos sociales encajen con los tuyos.    <\/span><\/li><li aria-level=\"1\"><b>Compa\u00f1eros de piso inesperados:  <\/b><span style=\"font-weight: 400;\">Hablando de invitados nocturnos, pregunta a cualquier compa\u00f1ero de piso potencial si tiene amigos o parejas rom\u00e1nticas que puedan pasar mucho tiempo en tu nuevo hogar. Lo \u00faltimo que quieres es un compa\u00f1ero de piso que no esperabas y que no te ayuda a pagar las facturas. Es una buena idea establecer normas b\u00e1sicas sobre las visitas frecuentes.  <\/span><\/li><li aria-level=\"1\"><b>Comida:  <\/b><span style=\"font-weight: 400;\">Todos tenemos que comer, pero la forma de hacerlo es diferente. Algunos prefieren comprar alimentos y comer en casa, mientras que otros prefieren la comida para llevar o ir a restaurantes. \u00bfC\u00f3mo vais a resolver esta cuesti\u00f3n? \u00bfPrefer\u00eds comprar y comer cada uno lo vuestro, o compartir la compra y la cocina?     <\/span><\/li><li aria-level=\"1\"><b>Entretenimiento:  <\/b><span style=\"font-weight: 400;\">Las zonas comunes suelen tener elementos de ocio, como televisores, equipos de m\u00fasica, consolas de videojuegos o incluso juegos de mesa, como billares o futbolines. \u00bfC\u00f3mo se van a utilizar y c\u00f3mo puedes estar seguro de que los compartir\u00e9is de forma justa para ambos? <\/span><\/li><\/ul><ul><li style=\"list-style-type: none;\"> <\/li><\/ul><p><span style=\"font-weight: 400;\">Parte de lo bueno de encontrar un compa\u00f1ero de piso es conocer a alguien nuevo. No pasa nada si sois diferentes el uno del otro. De hecho, \u00a1est\u00e1 bien! S\u00f3lo aseg\u00farate de que os tom\u00e1is el tiempo necesario para escucharos el uno al otro y pensar si os parece que encajan bien. Tu instinto te guiar\u00e1 a menudo en la direcci\u00f3n correcta.    <\/span><\/p><h2><span style=\"font-weight: 400;\">Adaptarse<\/span><\/h2><p><span style=\"font-weight: 400;\">Una vez que hayas encontrado compa\u00f1ero de piso y comenzado el proceso de mudanza, es un buen momento para establecer algunas normas dom\u00e9sticas. Si no sabes por d\u00f3nde empezar,   <\/span><a href=\"https:\/\/homeshareonline.org\/\">\n  <span style=\"font-weight: 400;\">Home Share Online<\/span>\n<\/a><span style=\"font-weight: 400;\"> ofrece una estupenda plantilla de acuerdo de compa\u00f1eros de piso que puede ayudarte a empezar a establecer juntos algunas normas b\u00e1sicas.<\/span><\/p><p><span style=\"font-weight: 400;\">Incluso sin un reglamento escrito, es buena idea programar reuniones para conocerse y establecer algunas normas sencillas para la casa: c\u00f3mo y cu\u00e1ndo se paga cada factura, c\u00f3mo y cu\u00e1ndo se hacen las tareas dom\u00e9sticas, c\u00f3mo se organizan las zonas comunes, como la cocina o el sal\u00f3n, y c\u00f3mo se resuelven las disputas. Piensa en un sistema para comunicaros entre vosotros: \u00bftexto? \u00bfUn tabl\u00f3n de anuncios o de borrado en seco? \u00bfUn bloc de notas? Tambi\u00e9n deber\u00edas      <\/span><a href=\"http:\/\/www.bereadynv.org\">\n  <span style=\"font-weight: 400;\">planifique las emergencias<\/span>\n<\/a><span style=\"font-weight: 400;\">Comparte la informaci\u00f3n de contacto en caso de emergencia y explica c\u00f3mo actuar ante posibles emergencias m\u00e9dicas o de otro tipo. <\/span> <\/p><p><span style=\"font-weight: 400;\">Haz una lista de los art\u00edculos que necesitar\u00e1s para tu casa y que ninguno de los dos tiene actualmente. \u00bfComprar\u00e1n juntos estos art\u00edculos y cada uno pagar\u00e1 una parte? \u00bfComprar\u00e1 uno de vosotros una serie de art\u00edculos y el otro el resto? Aseg\u00farate de que queda muy claro, y estate dispuesto a llegar a un acuerdo. Vivir con un compa\u00f1ero de piso es cuesti\u00f3n de compromiso: cada uno de vosotros cede un poco para llegar a un acuerdo que os permita llevaros bien.    <\/span><\/p><p><span style=\"font-weight: 400;\">Por \u00faltimo, recuerda que mudarse con un compa\u00f1ero de piso puede ser abrumador. Mudarse es una de las experiencias m\u00e1s estresantes que se pueden vivir, y hacerlo con una persona nueva, alguien con quien nunca has vivido antes y a quien ni siquiera conoces del todo bien, puede ser aterrador. T\u00f3mese su tiempo para adaptarse, incluso dividiendo la mudanza en peque\u00f1os pasos para evitar sentirse abrumado.    <\/span><\/p><p><span style=\"font-weight: 400;\">No pasa nada si sientes cierta pena o tristeza por la mudanza. Puede que a veces sientas miedo o nostalgia. Es muy normal. Si vas a un consejero, h\u00e1blalo con \u00e9l. O habla con un familiar o amigo de confianza sobre c\u00f3mo te sientes y piensa en algunas formas de sobrellevarlo. Y habla con tu compa\u00f1ero de piso sobre cualquier preocupaci\u00f3n que tengas. Puede que se sienta igual que t\u00fa. Puede que tardes alg\u00fan tiempo en adaptarte del todo, pero lo conseguir\u00e1s; ten paciencia contigo mismo.       <\/span><\/p><h2><span style=\"font-weight: 400;\">La relaci\u00f3n de compa\u00f1eros de piso<\/span><\/h2><p><span style=\"font-weight: 400;\">Cuando se trata de vivir con un compa\u00f1ero de piso -alguien que no es pariente tuyo- la clave del \u00e9xito es la comunicaci\u00f3n. Deb\u00e9is ser capaces de hablar abiertamente el uno con el otro, escucharos mutuamente y compartir vuestros pensamientos con sinceridad. Adem\u00e1s, organizarse y planificar juntos puede mejorar la convivencia. Construir una base de confianza y respeto es clave para ser un buen compa\u00f1ero de piso.   <\/span><\/p><p><b><i>Tu compa\u00f1ero de piso no es tu familia.<\/i><\/b><span style=\"font-weight: 400;\">  Es muy importante recordarlo. Las normas son distintas con los compa\u00f1eros de piso. Tiene que haber l\u00edmites, normas mutuamente acordadas. Y la forma de comportarse es, y debe ser, diferente con un compa\u00f1ero de piso que con un padre o un hermano. Los compa\u00f1eros de piso participan en pie de igualdad en el mantenimiento de la casa y en la toma de decisiones. Para algunos, esto puede significar tener reuniones peri\u00f3dicas en casa para discutir los problemas. Para otros, puede ser \u00fatil una lista escrita de normas b\u00e1sicas. Decidas lo que decidas, aseg\u00farate de mantener una l\u00ednea de comunicaci\u00f3n abierta.       <\/span><\/p><p><span style=\"font-weight: 400;\">Otra cosa sobre los compa\u00f1eros de piso: Mant\u00e9n los l\u00edmites. Tus cosas son tuyas y las de tu compa\u00f1ero son suyas. No es como en una familia, donde la mayor\u00eda de las cosas se comparten. Eso significa que no entres en su habitaci\u00f3n si no te han invitado; no comas su comida ni te pongas su ropa ni utilices sus productos a menos que te den permiso. Respeta su espacio personal y sus pertenencias (\u00a1incluida la comida!). Acost\u00fambrate a pedir permiso para entrar en sus espacios personales o utilizar sus pertenencias. Incluso puede ser bueno practicar esto en casa con tu familia antes de irte a vivir con tu compa\u00f1ero de piso.      <\/span><\/p>\t\t\t\t\t\t\t\t<\/div>\n\t\t\t\t<\/div>\n\t\t\t\t<div class=\"elementor-element elementor-element-f98883c elementor-widget elementor-widget-text-editor\" data-id=\"f98883c\" data-element_type=\"widget\" data-widget_type=\"text-editor.default\">\n\t\t\t\t<div class=\"elementor-widget-container\">\n\t\t\t\t\t\t\t\t\t<h3><a href=\"https:\/\/nvtrip.sncil.org\/es\/viaje-nv\/desarrollar-la-confianza-habilidad-a-habilidad\/resolucion-pacifica-de-problemas-como-gestionar-los-conflictos\/\" target=\"_blank\" rel=\"noopener\"><span style=\"font-weight: 400;\">Siguiente: Resoluci\u00f3n pac\u00edfica de problemas: C\u00f3mo gestionar los conflictos<\/span><\/a><\/h3>\t\t\t\t\t\t\t\t<\/div>\n\t\t\t\t<\/div>\n\t\t\t\t\t<\/div>\n\t\t\t\t<\/div>\n\t\t\t\t<\/div>\n\t\t","protected":false},"excerpt":{"rendered":"<p>Roommate Ready: Navegar por la vida compartida con confianza La vida compartida puede ser una gran alternativa a las residencias colectivas o los centros de cuidados de larga duraci\u00f3n. Vivir con un compa\u00f1ero de piso te permite vivir de forma independiente al tiempo que compartes las muchas responsabilidades que ello conlleva. Adem\u00e1s, te ofrece compa\u00f1\u00eda [&hellip;]<\/p>\n","protected":false},"author":1,"featured_media":0,"parent":758,"menu_order":0,"comment_status":"closed","ping_status":"closed","template":"","meta":{"footnotes":""},"class_list":["post-1957","page","type-page","status-publish","hentry"],"_links":{"self":[{"href":"https:\/\/nvtrip.sncil.org\/es\/wp-json\/wp\/v2\/pages\/1957","targetHints":{"allow":["GET"]}}],"collection":[{"href":"https:\/\/nvtrip.sncil.org\/es\/wp-json\/wp\/v2\/pages"}],"about":[{"href":"https:\/\/nvtrip.sncil.org\/es\/wp-json\/wp\/v2\/types\/page"}],"author":[{"embeddable":true,"href":"https:\/\/nvtrip.sncil.org\/es\/wp-json\/wp\/v2\/users\/1"}],"replies":[{"embeddable":true,"href":"https:\/\/nvtrip.sncil.org\/es\/wp-json\/wp\/v2\/comments?post=1957"}],"version-history":[{"count":5,"href":"https:\/\/nvtrip.sncil.org\/es\/wp-json\/wp\/v2\/pages\/1957\/revisions"}],"predecessor-version":[{"id":2051,"href":"https:\/\/nvtrip.sncil.org\/es\/wp-json\/wp\/v2\/pages\/1957\/revisions\/2051"}],"up":[{"embeddable":true,"href":"https:\/\/nvtrip.sncil.org\/es\/wp-json\/wp\/v2\/pages\/758"}],"wp:attachment":[{"href":"https:\/\/nvtrip.sncil.org\/es\/wp-json\/wp\/v2\/media?parent=1957"}],"curies":[{"name":"wp","href":"https:\/\/api.w.org\/{rel}","templated":true}]}}