{"id":1953,"date":"2025-10-01T00:44:59","date_gmt":"2025-10-01T00:44:59","guid":{"rendered":"https:\/\/nvtrip.sncil.org\/viaje-nv\/navegar-por-los-recursos-comunitarios-esenciales\/su-camino-hacia-el-aprendizaje-en-nevada\/"},"modified":"2025-10-22T23:47:29","modified_gmt":"2025-10-22T23:47:29","slug":"su-camino-hacia-el-aprendizaje-en-nevada","status":"publish","type":"page","link":"https:\/\/nvtrip.sncil.org\/es\/viaje-nv\/navegar-por-los-recursos-comunitarios-esenciales\/su-camino-hacia-el-aprendizaje-en-nevada\/","title":{"rendered":"Su camino hacia el aprendizaje en Nevada"},"content":{"rendered":"\t\t<div data-elementor-type=\"wp-page\" data-elementor-id=\"1953\" class=\"elementor elementor-1953 elementor-1946\" data-elementor-post-type=\"page\">\n\t\t\t\t<div data-particle_enable=\"false\" data-particle-mobile-disabled=\"false\" class=\"elementor-element elementor-element-2c530cdb e-con-full e-flex e-con e-parent\" data-id=\"2c530cdb\" data-element_type=\"container\">\n\t\t\t\t<div class=\"elementor-element elementor-element-26b686d8 elementor-widget elementor-widget-image\" data-id=\"26b686d8\" data-element_type=\"widget\" data-widget_type=\"image.default\">\n\t\t\t\t<div class=\"elementor-widget-container\">\n\t\t\t\t\t\t\t\t\t\t\t\t\t\t\t<img fetchpriority=\"high\" decoding=\"async\" width=\"1440\" height=\"700\" src=\"https:\/\/nvtrip.sncil.org\/wp-content\/uploads\/2025\/10\/Apprenticeships-SNCIL.svg\" class=\"attachment-full size-full wp-image-1949\" alt=\"Illustration of a young man working on a construction site.\" \/>\t\t\t\t\t\t\t\t\t\t\t\t\t\t\t<\/div>\n\t\t\t\t<\/div>\n\t\t\t\t<div class=\"elementor-element elementor-element-32bcc01 elementor-widget elementor-widget-heading\" data-id=\"32bcc01\" data-element_type=\"widget\" data-widget_type=\"heading.default\">\n\t\t\t\t<div class=\"elementor-widget-container\">\n\t\t\t\t\t<h1 class=\"elementor-heading-title elementor-size-default\">Su camino hacia el aprendizaje en Nevada<\/h1>\t\t\t\t<\/div>\n\t\t\t\t<\/div>\n\t\t\t\t<div class=\"elementor-element elementor-element-7a35f0e2 elementor-widget elementor-widget-spacer\" data-id=\"7a35f0e2\" data-element_type=\"widget\" data-widget_type=\"spacer.default\">\n\t\t\t\t<div class=\"elementor-widget-container\">\n\t\t\t\t\t\t\t<div class=\"elementor-spacer\">\n\t\t\t<div class=\"elementor-spacer-inner\"><\/div>\n\t\t<\/div>\n\t\t\t\t\t\t<\/div>\n\t\t\t\t<\/div>\n\t\t\t\t<\/div>\n\t\t<div data-particle_enable=\"false\" data-particle-mobile-disabled=\"false\" class=\"elementor-element elementor-element-5d502098 e-flex e-con-boxed e-con e-parent\" data-id=\"5d502098\" data-element_type=\"container\">\n\t\t\t\t\t<div class=\"e-con-inner\">\n\t\t\t\t<div class=\"elementor-element elementor-element-2236d76d elementor-widget elementor-widget-text-editor\" data-id=\"2236d76d\" data-element_type=\"widget\" data-widget_type=\"text-editor.default\">\n\t\t\t\t<div class=\"elementor-widget-container\">\n\t\t\t\t\t\t\t\t\t<p><span style=\"font-weight: 400;\">El aumento del coste de los estudios universitarios y las exigencias de tiempo pueden dificultar la asistencia a la universidad. Y algunas personas prefieren el aprendizaje pr\u00e1ctico a sentarse en un aula. Si ese es tu caso, quiz\u00e1 quieras plantearte un aprendizaje.  <\/span><\/p><h2><span style=\"font-weight: 400;\">\u00bfQu\u00e9 es el aprendizaje?<\/span><\/h2><p><span style=\"font-weight: 400;\">El aprendizaje es una v\u00eda profesional de alta calidad impulsada por la industria en la que los empresarios pueden desarrollar y preparar su futura mano de obra. A trav\u00e9s de un aprendizaje, un individuo puede recibir experiencia laboral remunerada, instrucci\u00f3n en el aula, tutor\u00eda y una credencial que lleva a lo largo de su carrera, en cualquier estado. (Departamento de Trabajo de EE.UU, <\/span><a href=\"http:\/\/apprenticeship.gov\">\n  <span style=\"font-weight: 400;\">Apprenticeship.gov<\/span>\n<\/a><span style=\"font-weight: 400;\">)<\/span><\/p><p><span style=\"font-weight: 400;\">Funciona as\u00ed: Un empresario de un oficio especializado colabora con el Estado para ofrecer un aprendizaje, es decir, una oportunidad para que un trabajador principiante aprenda y practique las habilidades de esa profesi\u00f3n. El empresario paga al aprendiz un salario a tiempo completo, y el aprendiz se compromete a aprender, bajo la direcci\u00f3n de uno o varios mentores, todo lo relacionado con esa profesi\u00f3n. Como parte de la formaci\u00f3n, el empresario tambi\u00e9n paga para que el aprendiz asista a clases en una escuela o centro de formaci\u00f3n local, durante un determinado n\u00famero de horas, que se incluye en el horario de trabajo.    <\/span><\/p><p><span style=\"font-weight: 400;\">Una vez completado el aprendizaje -entre uno y cinco a\u00f1os en Nevada-, el aprendiz se grad\u00faa como trabajador de viaje, que es una credencial que significa que puede trabajar como profesional en ejercicio en esa carrera, en cualquier lugar de EE.UU. Normalmente, el aprendiz pasa a desempe\u00f1ar un papel plenamente profesional con el mismo empleador.  <\/span><\/p><p><span style=\"font-weight: 400;\">El aprendizaje beneficia a todos los implicados: El aprendiz aprende una habilidad, al tiempo que recibe una remuneraci\u00f3n y asiste a los cursos de forma gratuita. Y el empleador, y la industria en general, consiguen aumentar su propia mano de obra con trabajadores que aprenden habilidades relevantes del mundo real. <\/span><\/p><h2><span style=\"font-weight: 400;\">\u00bfPara qu\u00e9 trabajos pueden formarse los aprendices?<\/span><\/h2><p><span style=\"font-weight: 400;\">En <\/span><a href=\"https:\/\/laborcommissioner.com\/apprenticeship_list.html\">\n  <span style=\"font-weight: 400;\">Nevada<\/span>\n<\/a><span style=\"font-weight: 400;\">hay 47 programas de aprendizaje registrados, en campos que van desde alba\u00f1il hasta cuidado de ni\u00f1os, cocinero, electricista, asistente m\u00e9dico y telecomunicaciones, aunque la inmensa mayor\u00eda de ellos se encuentran en el sector de la construcci\u00f3n. En 2025 hab\u00eda <\/span><a href=\"https:\/\/www.apprenticeship.gov\/data-and-statistics\/apprentices-by-state-dashboard\">\n  <span style=\"font-weight: 400;\">6.653 aprendices activos en el Estado<\/span>\n<\/a><span style=\"font-weight: 400;\">y el 15% de ellos eran aprendices de electricista.<\/span><\/p><h2><span style=\"font-weight: 400;\">\u00bfProporciona el aprendizaje una formaci\u00f3n de calidad?<\/span><\/h2><p><span style=\"font-weight: 400;\">Un aprendizaje no s\u00f3lo es un buen sustituto de un t\u00edtulo universitario, sino que la formaci\u00f3n es relevante para la industria, lo que significa que los aprendices aprenden la tecnolog\u00eda y las habilidades que m\u00e1s necesitan los empresarios del sector. Es como obtener un t\u00edtulo y experiencia profesional, todo al mismo tiempo. Adem\u00e1s, \u00a1te pagan!  <\/span><\/p><p><span style=\"font-weight: 400;\">J.D. Friend, director de Nevada para el <\/span><a href=\"https:\/\/www.oe3.org\/nevada-training\/\">\n  <span style=\"font-weight: 400;\">Programa de Aprendizaje de los Ingenieros de Operaciones del Norte de Nevada<\/span>\n<\/a><span style=\"font-weight: 400;\"> explica que los departamentos estatales de trabajo aprueban y supervisan el contenido de los programas de aprendizaje. As\u00ed que puedes estar seguro de que est\u00e1s recibiendo la calidad necesaria de formaci\u00f3n para completar el aprendizaje con una credencial reconocida por la industria. As\u00ed que si usted hace su aprendizaje en Nevada o en otro estado, puede utilizar esa credencial para trabajar aqu\u00ed o en cualquier otro lugar en el pa\u00eds. Es un conjunto de habilidades que puede utilizar donde quiera que vaya.<\/span><\/p><h2><span style=\"font-weight: 400;\">\u00bfC\u00f3mo se hace un aprendiz?<\/span><\/h2><p><span style=\"font-weight: 400;\">El Consejo de Aprendizaje del Estado de Nevada dice que para ser aprendiz hay que cumplir estos requisitos:<\/span><\/p><ul><li style=\"font-weight: 400;\" aria-level=\"1\"><span style=\"font-weight: 400;\">Debe tener al menos 18 a\u00f1os.<\/span><\/li><li style=\"font-weight: 400;\" aria-level=\"1\"><span style=\"font-weight: 400;\">Debes tener un t\u00edtulo de bachillerato o su equivalente (m\u00e1s informaci\u00f3n sobre la equivalencia de bachillerato <\/span><a href=\"https:\/\/govfacts.org\/federal\/ed\/your-path-to-a-high-school-equivalency-ged-hiset-and-the-hep-program\/\">\n  <span style=\"font-weight: 400;\">aqu\u00ed<\/span>\n<\/a><span style=\"font-weight: 400;\">). <\/span> <\/li><li style=\"font-weight: 400;\" aria-level=\"1\"><span style=\"font-weight: 400;\">Presente su solicitud a programas de aprendizaje individuales que est\u00e9n contratando aprendices. A menudo encontrar\u00e1 puestos de aprendizaje disponibles en peri\u00f3dicos, tablones de anuncios escolares y otros lugares donde los empresarios publican ofertas de empleo. <\/span><\/li><\/ul><p><span style=\"font-weight: 400;\">Es posible que tambi\u00e9n tengas que cumplir otros requisitos relacionados con el desempe\u00f1o de las tareas requeridas del aprendizaje, como disponer de transporte propio, ser capaz de permanecer de pie durante largos periodos de tiempo, tener buena destreza manual, etc.<\/span><\/p><p><span style=\"font-weight: 400;\">Una vez que solicitas un puesto de aprendiz, el proceso de contrataci\u00f3n es muy similar al de un trabajo normal. Suele haber una entrevista, evaluaci\u00f3n de resultados de ex\u00e1menes u otras credenciales, etc. Adem\u00e1s, el consejo de aprendices que supervisa ese aprendizaje puede necesitar tiempo adicional para identificar un mentor, un programa de formaci\u00f3n en el aula, etc.    <\/span><\/p><h2><span style=\"font-weight: 400;\">\u00bfPuede una persona con discapacidad realizar un aprendizaje?<\/span><\/h2><p><span style=\"font-weight: 400;\">S\u00ed, al igual que la Ley de Estadounidenses con Discapacidades garantiza que las personas con discapacidad no sean discriminadas en el proceso de contrataci\u00f3n para un empleo normal, las mismas normas se aplican a los aprendices. Los empresarios que contratan aprendices no pueden rechazar a un solicitante s\u00f3lo porque tenga una discapacidad o necesite adaptaciones. Sin embargo, debe ser capaz de realizar las tareas requeridas para ese trabajo.    <\/span><\/p><p><span style=\"font-weight: 400;\">En otras palabras, si el aprendizaje implica poder levantar o mover objetos pesados, conducir carretillas elevadoras u otra maquinaria, ver colores en el cableado el\u00e9ctrico, etc., y su discapacidad le impide poder realizar esas tareas, no podr\u00eda optar al aprendizaje.<\/span><\/p><h2><span style=\"font-weight: 400;\">\u00bfD\u00f3nde puede obtener m\u00e1s informaci\u00f3n?<\/span><\/h2><p><span style=\"font-weight: 400;\">Para informarse sobre los programas de aprendizaje en el estado de Nevada, visite estos recursos:<\/span><\/p><ul><li><a href=\"https:\/\/laborcommissioner.com\/home.html\">\n  <b>Comisionado Laboral de Nevada<\/b>\n<\/a><b>: <\/b><span style=\"font-weight: 400;\">La oficina del Comisionado Laboral del estado supervisa los programas de aprendizaje. En este sitio web, aprender acerca de las leyes y reglamentos de aprendizaje, preguntas frecuentes y respuestas, una lista de los aprendizajes aprobados por el estado y la informaci\u00f3n de contacto para cada uno, y m\u00e1s.<\/span><\/li><li><a href=\"https:\/\/nshe.nevada.edu\/system-administration\/departments\/workforce\/apprenticeships\/\">\n  <b>Sistema de Educaci\u00f3n Superior de Nevada Aprendizaje<\/b>\n<\/a><b>: <\/b><span style=\"font-weight: 400;\">Esta p\u00e1gina web de NSHE enumera las empresas e industrias que ofrecen programas de aprendizaje, as\u00ed como las escuelas y los sindicatos de trabajadores con los que se asocian para proporcionar formaci\u00f3n. <\/span> <\/li><li><a href=\"https:\/\/vrnevada.nv.gov\/\">\n  <b>Rehabilitaci\u00f3n profesional en Nevada<\/b>\n<\/a><b>: <\/b><span style=\"font-weight: 400;\">Nevada Voc Rehab trabaja con personas que tienen discapacidades para proporcionar entrenamiento, asesoramiento y planes de empleo, incluyendo la identificaci\u00f3n de aprendizajes para los que pueden calificar.<\/span><\/li><\/ul>\t\t\t\t\t\t\t\t<\/div>\n\t\t\t\t<\/div>\n\t\t\t\t\t<\/div>\n\t\t\t\t<\/div>\n\t\t\t\t<\/div>\n\t\t","protected":false},"excerpt":{"rendered":"<p>Su camino hacia el aprendizaje en Nevada El aumento del coste de los estudios universitarios y las exigencias de tiempo pueden dificultar la asistencia a la universidad. Y algunas personas prefieren el aprendizaje pr\u00e1ctico a sentarse en un aula. Si ese es tu caso, quiz\u00e1 quieras plantearte un aprendizaje. \u00bfQu\u00e9 es el aprendizaje? El aprendizaje [&hellip;]<\/p>\n","protected":false},"author":1,"featured_media":0,"parent":773,"menu_order":0,"comment_status":"closed","ping_status":"closed","template":"","meta":{"footnotes":""},"class_list":["post-1953","page","type-page","status-publish","hentry"],"_links":{"self":[{"href":"https:\/\/nvtrip.sncil.org\/es\/wp-json\/wp\/v2\/pages\/1953","targetHints":{"allow":["GET"]}}],"collection":[{"href":"https:\/\/nvtrip.sncil.org\/es\/wp-json\/wp\/v2\/pages"}],"about":[{"href":"https:\/\/nvtrip.sncil.org\/es\/wp-json\/wp\/v2\/types\/page"}],"author":[{"embeddable":true,"href":"https:\/\/nvtrip.sncil.org\/es\/wp-json\/wp\/v2\/users\/1"}],"replies":[{"embeddable":true,"href":"https:\/\/nvtrip.sncil.org\/es\/wp-json\/wp\/v2\/comments?post=1953"}],"version-history":[{"count":2,"href":"https:\/\/nvtrip.sncil.org\/es\/wp-json\/wp\/v2\/pages\/1953\/revisions"}],"predecessor-version":[{"id":1971,"href":"https:\/\/nvtrip.sncil.org\/es\/wp-json\/wp\/v2\/pages\/1953\/revisions\/1971"}],"up":[{"embeddable":true,"href":"https:\/\/nvtrip.sncil.org\/es\/wp-json\/wp\/v2\/pages\/773"}],"wp:attachment":[{"href":"https:\/\/nvtrip.sncil.org\/es\/wp-json\/wp\/v2\/media?parent=1953"}],"curies":[{"name":"wp","href":"https:\/\/api.w.org\/{rel}","templated":true}]}}