{"id":1912,"date":"2025-09-30T03:26:31","date_gmt":"2025-09-30T03:26:31","guid":{"rendered":"https:\/\/nvtrip.sncil.org\/viaje-nv\/desarrollar-la-confianza-habilidad-a-habilidad\/control-de-los-medicamentos\/"},"modified":"2025-10-28T21:47:50","modified_gmt":"2025-10-28T21:47:50","slug":"control-de-los-medicamentos","status":"publish","type":"page","link":"https:\/\/nvtrip.sncil.org\/es\/viaje-nv\/desarrollar-la-confianza-habilidad-a-habilidad\/control-de-los-medicamentos\/","title":{"rendered":"Control de los medicamentos"},"content":{"rendered":"\t\t<div data-elementor-type=\"wp-page\" data-elementor-id=\"1912\" class=\"elementor elementor-1912 elementor-1903\" data-elementor-post-type=\"page\">\n\t\t\t\t<div data-particle_enable=\"false\" data-particle-mobile-disabled=\"false\" class=\"elementor-element elementor-element-4fc99e5 e-con-full e-flex e-con e-parent\" data-id=\"4fc99e5\" data-element_type=\"container\">\n\t\t\t\t<div class=\"elementor-element elementor-element-e5aaf56 elementor-widget elementor-widget-image\" data-id=\"e5aaf56\" data-element_type=\"widget\" data-widget_type=\"image.default\">\n\t\t\t\t<div class=\"elementor-widget-container\">\n\t\t\t\t\t\t\t\t\t\t\t\t\t\t\t<img fetchpriority=\"high\" decoding=\"async\" width=\"1440\" height=\"700\" src=\"https:\/\/nvtrip.sncil.org\/wp-content\/uploads\/2025\/09\/Managing-Medications-SNCIL.svg\" class=\"attachment-full size-full wp-image-1906\" alt=\"Illustration of a blind man talking with a pharmacist through the computer.\" \/>\t\t\t\t\t\t\t\t\t\t\t\t\t\t\t<\/div>\n\t\t\t\t<\/div>\n\t\t\t\t<div class=\"elementor-element elementor-element-760929c elementor-widget elementor-widget-heading\" data-id=\"760929c\" data-element_type=\"widget\" data-widget_type=\"heading.default\">\n\t\t\t\t<div class=\"elementor-widget-container\">\n\t\t\t\t\t<h1 class=\"elementor-heading-title elementor-size-default\">Control de los medicamentos<\/h1>\t\t\t\t<\/div>\n\t\t\t\t<\/div>\n\t\t\t\t<div class=\"elementor-element elementor-element-3d996fea elementor-widget elementor-widget-spacer\" data-id=\"3d996fea\" data-element_type=\"widget\" data-widget_type=\"spacer.default\">\n\t\t\t\t<div class=\"elementor-widget-container\">\n\t\t\t\t\t\t\t<div class=\"elementor-spacer\">\n\t\t\t<div class=\"elementor-spacer-inner\"><\/div>\n\t\t<\/div>\n\t\t\t\t\t\t<\/div>\n\t\t\t\t<\/div>\n\t\t\t\t<\/div>\n\t\t<div data-particle_enable=\"false\" data-particle-mobile-disabled=\"false\" class=\"elementor-element elementor-element-5a6441ed e-flex e-con-boxed e-con e-parent\" data-id=\"5a6441ed\" data-element_type=\"container\">\n\t\t\t\t\t<div class=\"e-con-inner\">\n\t\t\t\t<div class=\"elementor-element elementor-element-4040ef4a elementor-widget elementor-widget-spacer\" data-id=\"4040ef4a\" data-element_type=\"widget\" data-widget_type=\"spacer.default\">\n\t\t\t\t<div class=\"elementor-widget-container\">\n\t\t\t\t\t\t\t<div class=\"elementor-spacer\">\n\t\t\t<div class=\"elementor-spacer-inner\"><\/div>\n\t\t<\/div>\n\t\t\t\t\t\t<\/div>\n\t\t\t\t<\/div>\n\t\t\t\t<div class=\"elementor-element elementor-element-6f5835c5 elementor-widget elementor-widget-text-editor\" data-id=\"6f5835c5\" data-element_type=\"widget\" data-widget_type=\"text-editor.default\">\n\t\t\t\t<div class=\"elementor-widget-container\">\n\t\t\t\t\t\t\t\t\t<p><span style=\"font-weight: 400;\">Las personas con discapacidad tienen m\u00e1s probabilidades de tener que administrar al menos cinco medicamentos (lo que se conoce como <\/span><a href=\"https:\/\/www.ndiscommission.gov.au\/rules-and-standards\/quality-practice#paragraph-id-8531\"><span style=\"font-weight: 400;\">polifarmacia<\/span><\/a><span style=\"font-weight: 400;\">) que las personas sin discapacidad. Cuantos m\u00e1s medicamentos necesite tomar una persona, m\u00e1s probable es que se salte dosis, abuse de ellos u olvide tomarlos por completo. <\/span><\/p><p><span style=\"font-weight: 400;\">\u00bfPor qu\u00e9? En un   <\/span><a href=\"https:\/\/onlinelibrary.wiley.com\/doi\/full\/10.1111\/jar.70059\"><span style=\"font-weight: 400;\">estudio<\/span><\/a><span style=\"font-weight: 400;\">Los investigadores descubrieron que estos eran los principales problemas para gestionar adecuadamente la medicaci\u00f3n:<\/span><\/p><ul><li style=\"font-weight: 400;\" aria-level=\"1\"><span style=\"font-weight: 400;\">Palabras e instrucciones dif\u00edciles de entender de m\u00e9dicos y farmac\u00e9uticos<\/span><\/li><li style=\"font-weight: 400;\" aria-level=\"1\"><span style=\"font-weight: 400;\">Dificultad para llegar a tiempo a las farmacias a recoger los medicamentos<\/span><\/li><li style=\"font-weight: 400;\" aria-level=\"1\"><span style=\"font-weight: 400;\">Cambios en las rutinas diarias o en el envase de la medicaci\u00f3n que alteran los horarios o causan confusi\u00f3n.<\/span><\/li><li style=\"font-weight: 400;\" aria-level=\"1\"><span style=\"font-weight: 400;\">Olvidar qu\u00e9 medicamentos tomar y cu\u00e1ndo, porque hay muchos.<\/span><\/li><\/ul><p><span style=\"font-weight: 400;\">Acordarse de tomar una pastilla cada d\u00eda puede ser complicado para cualquiera si no es un h\u00e1bito. Pero tomar dos, tres, cuatro o cinco medicamentos al d\u00eda puede causar problemas de salud importantes. <\/span><\/p><p><span style=\"font-weight: 400;\">He aqu\u00ed algunas cosas que puede hacer para que le resulte mucho m\u00e1s f\u00e1cil cumplir su horario de medicaci\u00f3n.<\/span><\/p><h2><span style=\"font-weight: 400;\">Aseg\u00farese de entender las instrucciones<\/span><\/h2><p><span style=\"font-weight: 400;\">Cuando su m\u00e9dico le recete un medicamento, aseg\u00farese de saber su nombre, para qu\u00e9 sirve exactamente, c\u00f3mo reconocerlo, qu\u00e9 cantidad debe tomar de una vez y con qu\u00e9 frecuencia debe tomarlo. Pregunte si el m\u00e9dico puede darle instrucciones escritas claras que expliquen todo esto, y aseg\u00farese de leerlas y entenderlas perfectamente antes de marcharse. Y aseg\u00farate de entender qu\u00e9 efectos secundarios pueden tener esos medicamentos. Por ejemplo, algunos pueden causar malestar estomacal. Tambi\u00e9n puedes anotar esta informaci\u00f3n en tu propio bloc de notas.      <\/span><\/p><p><span style=\"font-weight: 400;\">A menudo, los m\u00e9dicos utilizan palabras m\u00e9dicas largas y dif\u00edciles de entender o incluso de pronunciar. No tengas miedo de preguntar qu\u00e9 significan esas palabras.   <\/span><\/p><p><span style=\"font-weight: 400;\">Adem\u00e1s, a algunas personas les cuesta tragar pastillas grandes. Puedes hablar con tu m\u00e9dico y tu farmac\u00e9utico sobre la posibilidad de conseguir sustitutos, como jarabes, que pueden ser m\u00e1s f\u00e1ciles de tragar. Si no le gusta tomar  <\/span><span style=\"font-weight: 400;\">g medicamentos<\/span><span style=\"font-weight: 400;\">  tan a menudo a lo largo del d\u00eda o te cuesta recordarlas, pregunta a tu m\u00e9dico si puede ajustar la dosis para que las tomes con menos frecuencia a lo largo del d\u00eda. Y algunos medicamentos en jarabe pueden aromatizarse para que sepan mejor. <\/span><\/p><h2><span style=\"font-weight: 400;\">Desarrolle una relaci\u00f3n con su farmac\u00e9utico.<\/span><\/h2><p><span style=\"font-weight: 400;\">Es una buena idea llevar todas las recetas a la misma farmacia. Sus sistemas suelen estar preparados para detectar cualquier medicamento que pueda interactuar con otros que est\u00e9s tomando. Tambi\u00e9n es m\u00e1s f\u00e1cil recoger m\u00e1s de una receta a la vez.  <\/span><\/p><p><span style=\"font-weight: 400;\">Cuando vayas a la farmacia, aseg\u00farate de comparar sus instrucciones con las que te dijo el m\u00e9dico, para saber que tienes la medicaci\u00f3n correcta y saber exactamente c\u00f3mo debe ser.  <\/span><\/p><p><span style=\"font-weight: 400;\">Hable con el farmac\u00e9utico sobre cualquier efecto secundario y p\u00eddale sugerencias que puedan ayudarle a solucionarlo. Por ejemplo, para evitar las n\u00e1useas, el farmac\u00e9utico puede recomendar tomar un comprimido con comida. <\/span><\/p><p><span style=\"font-weight: 400;\">Tambi\u00e9n puede hablar con el farmac\u00e9utico sobre envases m\u00e1s f\u00e1ciles de abrir, como tapas no a prueba de ni\u00f1os, para que las personas con problemas de destreza en las manos puedan abrir los frascos con m\u00e1s facilidad.<\/span><\/p><h2><span style=\"font-weight: 400;\">Busque el apoyo de alguien de confianza<\/span><\/h2><p><span style=\"font-weight: 400;\">A veces, es una buena idea que un cuidador o un amigo te acompa\u00f1e a las citas con el m\u00e9dico, para que est\u00e9 al tanto de tu horario de medicaci\u00f3n y te haga preguntas que a ti se te pueden olvidar. Tambi\u00e9n pueden ayudarte recogiendo las recetas o record\u00e1ndote que te tomes la medicaci\u00f3n, sobre todo cuando los cambios en tu rutina hacen que te olvides con facilidad. <\/span><\/p><h2><span style=\"font-weight: 400;\">Siga un calendario y un sistema de recordatorios f\u00e1ciles de usar<\/span><\/h2><p><span style=\"font-weight: 400;\">Para algunas personas, un simple horario impreso colgado en la nevera, el espejo del ba\u00f1o u otro lugar f\u00e1cil de ver es suficiente recordatorio para tomar los medicamentos a tiempo. El que se encuentra   <\/span><a href=\"https:\/\/www.singlecare.com\/blog\/wp-content\/uploads\/2019\/08\/Daily-Medication-Schedule.pdf\"><span style=\"font-weight: 400;\">aqu\u00ed<\/span><\/a><span style=\"font-weight: 400;\">  es una buena, pero hay otras disponibles gratuitamente en Internet. Es posible que tu farmacia tambi\u00e9n disponga de ellos. <\/span><\/p><p> <\/p><p> <\/p>\t\t\t\t\t\t\t\t<\/div>\n\t\t\t\t<\/div>\n\t\t\t\t<div class=\"elementor-element elementor-element-67247ea elementor-widget elementor-widget-image\" data-id=\"67247ea\" data-element_type=\"widget\" data-widget_type=\"image.default\">\n\t\t\t\t<div class=\"elementor-widget-container\">\n\t\t\t\t\t\t\t\t\t\t\t\t\t\t\t<img decoding=\"async\" width=\"231\" height=\"300\" src=\"https:\/\/nvtrip.sncil.org\/wp-content\/uploads\/2025\/09\/SCR-20250930-lznz-231x300.png\" class=\"attachment-medium size-medium wp-image-1939\" alt=\"Downloadable medication schedule\" srcset=\"https:\/\/nvtrip.sncil.org\/wp-content\/uploads\/2025\/09\/SCR-20250930-lznz-231x300.png 231w, https:\/\/nvtrip.sncil.org\/wp-content\/uploads\/2025\/09\/SCR-20250930-lznz-789x1024.png 789w, https:\/\/nvtrip.sncil.org\/wp-content\/uploads\/2025\/09\/SCR-20250930-lznz-768x997.png 768w, https:\/\/nvtrip.sncil.org\/wp-content\/uploads\/2025\/09\/SCR-20250930-lznz-1183x1536.png 1183w, https:\/\/nvtrip.sncil.org\/wp-content\/uploads\/2025\/09\/SCR-20250930-lznz.png 1214w\" sizes=\"(max-width: 231px) 100vw, 231px\" \/>\t\t\t\t\t\t\t\t\t\t\t\t\t\t\t<\/div>\n\t\t\t\t<\/div>\n\t\t\t\t<div class=\"elementor-element elementor-element-22590c4 elementor-align-center elementor-widget elementor-widget-button\" data-id=\"22590c4\" data-element_type=\"widget\" data-widget_type=\"button.default\">\n\t\t\t\t<div class=\"elementor-widget-container\">\n\t\t\t\t\t\t\t\t\t<div class=\"elementor-button-wrapper\">\n\t\t\t\t\t<a class=\"elementor-button elementor-button-link elementor-size-sm\" href=\"https:\/\/nvtrip.sncil.org\/wp-content\/uploads\/2025\/10\/Daily-Medication-Schedule.pdf\">\n\t\t\t\t\t\t<span class=\"elementor-button-content-wrapper\">\n\t\t\t\t\t\t\t\t\t<span class=\"elementor-button-text\">Descargar el programa diario de medicaci\u00f3n<\/span>\n\t\t\t\t\t<\/span>\n\t\t\t\t\t<\/a>\n\t\t\t\t<\/div>\n\t\t\t\t\t\t\t\t<\/div>\n\t\t\t\t<\/div>\n\t\t\t\t<div class=\"elementor-element elementor-element-1b8d859 elementor-widget elementor-widget-text-editor\" data-id=\"1b8d859\" data-element_type=\"widget\" data-widget_type=\"text-editor.default\">\n\t\t\t\t<div class=\"elementor-widget-container\">\n\t\t\t\t\t\t\t\t\t<p><span style=\"font-weight: 400;\">Tambi\u00e9n puede ser \u00fatil vincular la medicaci\u00f3n a otras rutinas diarias, como lavarse los dientes antes de acostarse. Cuando forma parte de tu rutina, es m\u00e1s f\u00e1cil recordarlo. <\/span><\/p><p><span style=\"font-weight: 400;\">Algunas personas prefieren utilizar la tecnolog\u00eda en lugar de los horarios en papel. O tal vez prefieran combinarlas para obtener resultados a\u00fan mejores. Aqu\u00ed tienes algunas herramientas tecnol\u00f3gicas que puedes utilizar para gestionar tus medicamentos:  <\/span><\/p><ul><li style=\"font-weight: 400;\" aria-level=\"1\"><span style=\"font-weight: 400;\">Utilice una aplicaci\u00f3n m\u00f3vil que mantenga una lista de control de la medicaci\u00f3n, como <\/span><a href=\"https:\/\/www.mytherapyapp.com\/\"><span style=\"font-weight: 400;\">MyTherapy<\/span><\/a><span style=\"font-weight: 400;\">, <\/span><a href=\"https:\/\/www.medisafe.com\/\"><span style=\"font-weight: 400;\">Medisafe<\/span><\/a><span style=\"font-weight: 400;\">o <\/span><a href=\"https:\/\/apps.apple.com\/us\/app\/pill-reminder-all-in-one\/id816347839\"><span style=\"font-weight: 400;\">Recordatorio de p\u00edldoras<\/span><\/a><span style=\"font-weight: 400;\">.<\/span><\/li><li style=\"font-weight: 400;\" aria-level=\"1\"><span style=\"font-weight: 400;\">Utilice un calendario electr\u00f3nico (calendario del iPhone, Google Calendar, Outlook, etc.) para crear recordatorios que se repitan cuando llegue el momento de tomar cada medicamento.<\/span><\/li><li style=\"font-weight: 400;\" aria-level=\"1\"><span style=\"font-weight: 400;\">Utiliza tu Amazon Alexa u otro dispositivo dom\u00e9stico inteligente para que te env\u00ede recordatorios verbales en las horas y d\u00edas en los que debes tomar tus medicamentos.<\/span><\/li><li style=\"font-weight: 400;\" aria-level=\"1\"><span style=\"font-weight: 400;\">Utiliza un reloj inteligente, como un Apple Watch o Fitbit, y programa un temporizador para que suene cuando llegue la hora de tomar la pastilla.<\/span><\/li><li style=\"font-weight: 400;\" aria-level=\"1\"><span style=\"font-weight: 400;\">Algunos dispositivos electr\u00f3nicos se acoplan a los envases de los medicamentos y reproducen grabaciones que le indican c\u00f3mo y cu\u00e1ndo tomarlos. Incluso pueden conectarse a una aplicaci\u00f3n m\u00f3vil <\/span><\/li><\/ul><h2><span style=\"font-weight: 400;\">Utilice un organizador de pastillas<\/span><\/h2><p><span style=\"font-weight: 400;\">Al igual que existen sencillas agendas impresas que puedes utilizar para llevar un control de la medicaci\u00f3n, tambi\u00e9n hay organizadores de pastillas sencillos con compartimentos separados para cada d\u00eda de la semana. Algunos son lo suficientemente grandes como para que quepan varias pastillas cada d\u00eda. Antes de cada nueva semana, a\u00f1ade todas las pastillas que vayas a necesitar para cada d\u00eda de la semana siguiente.    <\/span><\/p><p><span style=\"font-weight: 400;\">A muchos les resulta \u00fatil utilizar organizadores y pastilleros electr\u00f3nicos que ayudan a evitar errores al contar y dispensar las pastillas. Algunos incluso utilizan pantallas electr\u00f3nicas, recordatorios de voz y alarmas\/alertas por vibraci\u00f3n para avisarte de cu\u00e1ndo es el momento de tomar una pastilla; incluso pueden avisarte si te has saltado una dosis o bloquearte si intentas tomar demasiadas pastillas o tomarlas antes de lo debido. Existen muchos en el mercado, algunos m\u00e1s caros y con m\u00e1s funciones que otros. Entre ellos se incluyen     <\/span><a href=\"https:\/\/www.amazon.com\/dp\/B000RZPL0M?SubscriptionId=AKIAIFRY4QFKVOBO5NHA&amp;tag=chtrbr107998-20&amp;asc_source=bing&amp;asc_campaign=419&amp;asc_refurl=https%3A%2F%2Fbestreviews.com%2F%2F&amp;th=1\"><span style=\"font-weight: 400;\">Centro M\u00e9dico<\/span><\/a><span style=\"font-weight: 400;\">, <\/span><a href=\"https:\/\/www.amazon.com\/dp\/B001OK1YUA?SubscriptionId=AKIAIFRY4QFKVOBO5NHA&amp;tag=chtrbr107998-20&amp;asc_source=bing&amp;asc_campaign=419&amp;asc_refurl=https%3A%2F%2Fbestreviews.com%2F%2F&amp;th=1\"><span style=\"font-weight: 400;\">Dosis EZY<\/span><\/a><span style=\"font-weight: 400;\">y <\/span><a href=\"https:\/\/www.amazon.com\/dp\/B001TFFD3O?SubscriptionId=AKIAIFRY4QFKVOBO5NHA&amp;tag=chtrbr107998-20&amp;asc_source=bing&amp;asc_campaign=419&amp;asc_refurl=https%3A%2F%2Fbestreviews.com%2F%2F\"><span style=\"font-weight: 400;\">ePill<\/span><\/a><span style=\"font-weight: 400;\">pero una r\u00e1pida b\u00fasqueda en Internet puede revelar cientos de opciones.<\/span><\/p><h2><span style=\"font-weight: 400;\">Opciones de dosificaci\u00f3n sencillas<\/span><\/h2><p><span style=\"font-weight: 400;\">Algunos medicamentos pueden comprarse en envases de dosis preclasificadas, para evitar que tome la cantidad equivocada cada d\u00eda. Algunas farmacias pueden incluso personalizar y simplificar su horario de prescripci\u00f3n para que sepa cu\u00e1les son los mejores momentos del d\u00eda para tomar sus medicamentos. Pregunte a su farmac\u00e9utico o m\u00e9dico si esta es una opci\u00f3n.    <\/span><\/p><p><span style=\"font-weight: 400;\">Si su receta exige tomar s\u00f3lo una parte de la pastilla, puede comprar en la farmacia o en Internet un cortapastillas que puede cortar las pastillas por la mitad o incluso en cuartos. En   <\/span><a href=\"https:\/\/www.amazon.com\/dp\/B08FKCJS76?ref_=ppx_hzsearch_conn_dt_b_fed_asin_title_5\"><span style=\"font-weight: 400;\">Equadose<\/span><\/a><span style=\"font-weight: 400;\"> es una buena opci\u00f3n que puede cortar incluso las pastillas m\u00e1s peque\u00f1as.<\/span><\/p><h2><span style=\"font-weight: 400;\">Preste atenci\u00f3n al envase<\/span><\/h2><p><span style=\"font-weight: 400;\">Una cuesti\u00f3n que suele causar confusi\u00f3n a la hora de tomar medicamentos es que las empresas que los fabrican cambian a veces sus envases. Para las personas con discapacidades que pueden afectar a su capacidad de lectura, visi\u00f3n escasa o nula, o problemas de coordinaci\u00f3n de las manos, este tipo de cambios puede dificultar saber si se est\u00e1 tomando el medicamento correcto. Si encuentras un envase o un estilo de pastilla que no te resulta familiar, antes de tomarlo, aseg\u00farate de preguntar a tu farmac\u00e9utico o m\u00e9dico si el cambio afecta en algo a tu receta.  <\/span><\/p><h2><span style=\"font-weight: 400;\">Adaptaciones para personas con discapacidad.<\/span><\/h2><p><span style=\"font-weight: 400;\">Algunos envases de medicamentos est\u00e1n dise\u00f1ados para personas con discapacidad. Por ejemplo, los tipos de letra grandes y las etiquetas en Braille son \u00fatiles para las personas sin visi\u00f3n, y algunos dispositivos utilizan etiquetas parlantes. Los envases bl\u00edster y los sistemas de cartuchos pueden ser m\u00e1s f\u00e1ciles de abrir para algunas personas que los frascos para quienes tienen problemas de coordinaci\u00f3n manual. Por \u00faltimo, recuerde que hoy en d\u00eda muchas farmacias hacen entregas a domicilio. Esto puede ser \u00fatil para las personas con problemas de movilidad.    <\/span><\/p>\t\t\t\t\t\t\t\t<\/div>\n\t\t\t\t<\/div>\n\t\t\t\t\t<\/div>\n\t\t\t\t<\/div>\n\t\t\t\t<\/div>\n\t\t","protected":false},"excerpt":{"rendered":"<p>Control de los medicamentos Las personas con discapacidad tienen m\u00e1s probabilidades de tener que administrar al menos cinco medicamentos (lo que se conoce como polifarmacia) que las personas sin discapacidad. Cuantos m\u00e1s medicamentos necesite tomar una persona, m\u00e1s probable es que se salte dosis, abuse de ellos u olvide tomarlos por completo. \u00bfPor qu\u00e9? En [&hellip;]<\/p>\n","protected":false},"author":1,"featured_media":0,"parent":758,"menu_order":0,"comment_status":"closed","ping_status":"closed","template":"","meta":{"footnotes":""},"class_list":["post-1912","page","type-page","status-publish","hentry"],"_links":{"self":[{"href":"https:\/\/nvtrip.sncil.org\/es\/wp-json\/wp\/v2\/pages\/1912","targetHints":{"allow":["GET"]}}],"collection":[{"href":"https:\/\/nvtrip.sncil.org\/es\/wp-json\/wp\/v2\/pages"}],"about":[{"href":"https:\/\/nvtrip.sncil.org\/es\/wp-json\/wp\/v2\/types\/page"}],"author":[{"embeddable":true,"href":"https:\/\/nvtrip.sncil.org\/es\/wp-json\/wp\/v2\/users\/1"}],"replies":[{"embeddable":true,"href":"https:\/\/nvtrip.sncil.org\/es\/wp-json\/wp\/v2\/comments?post=1912"}],"version-history":[{"count":5,"href":"https:\/\/nvtrip.sncil.org\/es\/wp-json\/wp\/v2\/pages\/1912\/revisions"}],"predecessor-version":[{"id":2309,"href":"https:\/\/nvtrip.sncil.org\/es\/wp-json\/wp\/v2\/pages\/1912\/revisions\/2309"}],"up":[{"embeddable":true,"href":"https:\/\/nvtrip.sncil.org\/es\/wp-json\/wp\/v2\/pages\/758"}],"wp:attachment":[{"href":"https:\/\/nvtrip.sncil.org\/es\/wp-json\/wp\/v2\/media?parent=1912"}],"curies":[{"name":"wp","href":"https:\/\/api.w.org\/{rel}","templated":true}]}}