{"id":1901,"date":"2025-09-30T03:16:05","date_gmt":"2025-09-30T03:16:05","guid":{"rendered":"https:\/\/nvtrip.sncil.org\/viaje-nv\/del-instituto-a-la-independencia\/preparacion-para-la-educacion-postsecundaria\/"},"modified":"2025-10-22T23:47:38","modified_gmt":"2025-10-22T23:47:38","slug":"preparacion-para-la-educacion-postsecundaria","status":"publish","type":"page","link":"https:\/\/nvtrip.sncil.org\/es\/viaje-nv\/navegar-por-los-recursos-comunitarios-esenciales\/preparacion-para-la-educacion-postsecundaria\/","title":{"rendered":"Preparaci\u00f3n para la educaci\u00f3n postsecundaria"},"content":{"rendered":"\t\t<div data-elementor-type=\"wp-page\" data-elementor-id=\"1901\" class=\"elementor elementor-1901 elementor-1892\" data-elementor-post-type=\"page\">\n\t\t\t\t<div data-particle_enable=\"false\" data-particle-mobile-disabled=\"false\" class=\"elementor-element elementor-element-396cfd24 e-con-full e-flex e-con e-parent\" data-id=\"396cfd24\" data-element_type=\"container\">\n\t\t\t\t<div class=\"elementor-element elementor-element-1f3b07a7 elementor-widget elementor-widget-image\" data-id=\"1f3b07a7\" data-element_type=\"widget\" data-widget_type=\"image.default\">\n\t\t\t\t<div class=\"elementor-widget-container\">\n\t\t\t\t\t\t\t\t\t\t\t\t\t\t\t<img fetchpriority=\"high\" decoding=\"async\" width=\"1440\" height=\"700\" src=\"https:\/\/nvtrip.sncil.org\/wp-content\/uploads\/2025\/09\/Post-High-School-Educational-Options-SNCIL.svg\" class=\"attachment-full size-full wp-image-1897\" alt=\"Illustration of young man with a guide dog, walking on a college campus.\" \/>\t\t\t\t\t\t\t\t\t\t\t\t\t\t\t<\/div>\n\t\t\t\t<\/div>\n\t\t\t\t<div class=\"elementor-element elementor-element-705dbfb5 elementor-widget elementor-widget-heading\" data-id=\"705dbfb5\" data-element_type=\"widget\" data-widget_type=\"heading.default\">\n\t\t\t\t<div class=\"elementor-widget-container\">\n\t\t\t\t\t<h1 class=\"elementor-heading-title elementor-size-default\">Preparaci\u00f3n para la educaci\u00f3n postsecundaria<\/h1>\t\t\t\t<\/div>\n\t\t\t\t<\/div>\n\t\t\t\t<div class=\"elementor-element elementor-element-6273f291 elementor-widget elementor-widget-spacer\" data-id=\"6273f291\" data-element_type=\"widget\" data-widget_type=\"spacer.default\">\n\t\t\t\t<div class=\"elementor-widget-container\">\n\t\t\t\t\t\t\t<div class=\"elementor-spacer\">\n\t\t\t<div class=\"elementor-spacer-inner\"><\/div>\n\t\t<\/div>\n\t\t\t\t\t\t<\/div>\n\t\t\t\t<\/div>\n\t\t\t\t<div class=\"elementor-element elementor-element-7f33713 elementor-widget elementor-widget-video\" data-id=\"7f33713\" data-element_type=\"widget\" data-settings=\"{&quot;youtube_url&quot;:&quot;https:\\\/\\\/youtu.be\\\/d0JCiCB58oI?si=K-ycaHAu6o362EXR&quot;,&quot;video_type&quot;:&quot;youtube&quot;,&quot;controls&quot;:&quot;yes&quot;}\" data-widget_type=\"video.default\">\n\t\t\t\t<div class=\"elementor-widget-container\">\n\t\t\t\t\t\t\t<div class=\"elementor-wrapper elementor-open-inline\">\n\t\t\t<div class=\"elementor-video\"><\/div>\t\t<\/div>\n\t\t\t\t\t\t<\/div>\n\t\t\t\t<\/div>\n\t\t\t\t<\/div>\n\t\t<div data-particle_enable=\"false\" data-particle-mobile-disabled=\"false\" class=\"elementor-element elementor-element-3df2a3be e-flex e-con-boxed e-con e-parent\" data-id=\"3df2a3be\" data-element_type=\"container\">\n\t\t\t\t\t<div class=\"e-con-inner\">\n\t\t\t\t<div class=\"elementor-element elementor-element-5828e4c8 elementor-widget elementor-widget-spacer\" data-id=\"5828e4c8\" data-element_type=\"widget\" data-widget_type=\"spacer.default\">\n\t\t\t\t<div class=\"elementor-widget-container\">\n\t\t\t\t\t\t\t<div class=\"elementor-spacer\">\n\t\t\t<div class=\"elementor-spacer-inner\"><\/div>\n\t\t<\/div>\n\t\t\t\t\t\t<\/div>\n\t\t\t\t<\/div>\n\t\t\t\t<div class=\"elementor-element elementor-element-7eb646de elementor-widget elementor-widget-text-editor\" data-id=\"7eb646de\" data-element_type=\"widget\" data-widget_type=\"text-editor.default\">\n\t\t\t\t<div class=\"elementor-widget-container\">\n\t\t\t\t\t\t\t\t\t<p><span style=\"font-weight: 400;\">Ir a la universidad puede asustar a cualquier estudiante nuevo. Todo el mundo llega a la universidad con un mill\u00f3n de preguntas sobre los profesores, los deberes, la elecci\u00f3n de las clases adecuadas y c\u00f3mo hacer amigos. Si tienes una discapacidad, tambi\u00e9n tienes otras preocupaciones que tienen que ver con conseguir adaptaciones en tus clases, asegurarte de que puedes acceder a las aulas y a las instalaciones, y encajar con los dem\u00e1s estudiantes. Todas estas preocupaciones son muy normales.     <\/span><\/p><p><span style=\"font-weight: 400;\">Afortunadamente, las escuelas postsecundarias de Nevada tienen muchos programas y recursos para ayudar. Tambi\u00e9n puede aprender m\u00e1s sobre los colegios y universidades de Nevada en <\/span><a href=\"https:\/\/nevadatrip.nv.gov\/university\/\">\n  <span style=\"font-weight: 400;\">Nevada TRIP<\/span>\n<\/a><span style=\"font-weight: 400;\">.<\/span><\/p><h2><span style=\"font-weight: 400;\">Recursos para discapacitados<\/span><\/h2><p><span style=\"font-weight: 400;\">La p\u00e1gina <\/span><a href=\"https:\/\/nshe.nevada.edu\/our-institutions\/\">\n  <span style=\"font-weight: 400;\">Sistema de Educaci\u00f3n Superior de Nevada (NSHE)<\/span>\n<\/a><span style=\"font-weight: 400;\"> tiene siete facultades y universidades, y todas ellas tienen Centros de Recursos para Discapacitados\/Centros de Servicios de Apoyo para Discapacitados que se crearon para evaluar y apoyar a los estudiantes a la hora de afrontar los retos de la universidad. Esto incluye proporcionar adaptaciones a medida a los estudiantes que re\u00fanan los requisitos, ya sea conseguir m\u00e1s tiempo para los ex\u00e1menes para los estudiantes con dificultades de aprendizaje o recibir instrucciones verbales, entre otras cosas. Estos centros tambi\u00e9n se aseguran de que los profesores de todo el campus hagan accesibles sus materiales multimedia a las personas con discapacidad y utilicen un lenguaje inclusivo en los programas y las instrucciones de los cursos.<\/span><\/p><h2><span style=\"font-weight: 400;\">Programas inclusivos de educaci\u00f3n postsecundaria<\/span><\/h2><p><span style=\"font-weight: 400;\">En el norte y el sur de Nevada, los estudiantes con discapacidades intelectuales\/del desarrollo (IDD) que quieren asistir a sus universidades locales tienen acceso a una educaci\u00f3n profesional que se adapta espec\u00edficamente a sus necesidades. Estos programas ofrecen un calendario de cursos universitarios inclusivos dise\u00f1ados espec\u00edficamente para alcanzar sus objetivos, compa\u00f1eros mentores para proporcionar apoyo en clase, ayuda para la exploraci\u00f3n y planificaci\u00f3n de carreras, y mucho m\u00e1s.   <\/span><\/p><p><span style=\"font-weight: 400;\">En la Universidad de Nevada, Reno, el programa <\/span><a href=\"https:\/\/www.unr.edu\/path-to-independence\">\n  <span style=\"font-weight: 400;\">Programa Camino a la Independencia (P2I)<\/span>\n<\/a><span style=\"font-weight: 400;\"> es el \u00fanico programa de este tipo en Nevada que ofrece alojamiento totalmente inclusivo en el campus para estudiantes con IDD, y entrenadores residenciales capacitados pueden ayudar con cuestiones cotidianas relacionadas con la vida en la universidad.<\/span><\/p><p><span style=\"font-weight: 400;\">En la Universidad de Nevada, Las Vegas, <\/span><a href=\"https:\/\/www.unlv.edu\/education\/focus\">\n  <span style=\"font-weight: 400;\">Proyecto F.O.C.U.S.<\/span>\n<\/a><span style=\"font-weight: 400;\"> permite a los estudiantes con IDD hacer cursos de inter\u00e9s, que conducen a un certificado de finalizaci\u00f3n, mientras que tambi\u00e9n les ayuda a planificar carreras a trav\u00e9s de la formaci\u00f3n laboral, compartiendo oportunidades de pr\u00e1cticas, e identificando recursos de empleo de ayuda. Los estudiantes tambi\u00e9n adquieren importantes habilidades para la vida independiente que les servir\u00e1n mucho despu\u00e9s de graduarse.<\/span><\/p><h2><span style=\"font-weight: 400;\">Servicios a los estudiantes<\/span><\/h2><p><span style=\"font-weight: 400;\">Todos los estudiantes que asisten a las escuelas NSHE tienen acceso a servicios que est\u00e1n dise\u00f1ados para ayudarles a tener \u00e9xito. Lo mejor de todo es que son gratuitos con la matr\u00edcula. Entre ellos se incluyen:  <\/span><\/p><ul><li><b>Recursos para el \u00e9xito acad\u00e9mico:<\/b><span style=\"font-weight: 400;\"> Estos incluyen centros de tutor\u00eda, centros de matem\u00e1ticas y escritura, biblioteca y coaching acad\u00e9mico, y centros de \u00e9xito acad\u00e9mico, que trabajan directamente con los estudiantes para ayudarles a rendir bien en sus clases.<\/span><\/li><li><b>Recursos de primera generaci\u00f3n y bajos ingresos: <\/b><span style=\"font-weight: 400;\">Estos centros trabajan para abordar problemas como la asequibilidad, la gesti\u00f3n del tiempo y la navegaci\u00f3n por la vida universitaria de los estudiantes que proceden de entornos con bajos ingresos o que son los primeros de su familia en ir a la universidad.<\/span><\/li><li><b>Recursos de salud y bienestar: <\/b><span style=\"font-weight: 400;\">Los estudiantes pueden aprovechar los centros de bienestar, las despensas de alimentos, los gimnasios, los centros de salud mental y los equipos de apoyo y asesoramiento.<\/span><\/li><li><b>Transporte en el campus: <\/b><span style=\"font-weight: 400;\">Las escuelas NSHE proporcionan lanzaderas accesibles al campus, aparcamiento accesible para minusv\u00e1lidos y pases de autob\u00fas RTC gratuitos.<\/span><\/li><li style=\"list-style-type: none;\"> <\/li><\/ul>\t\t\t\t\t\t\t\t<\/div>\n\t\t\t\t<\/div>\n\t\t\t\t<div class=\"elementor-element elementor-element-7bf978b elementor-widget elementor-widget-spacer\" data-id=\"7bf978b\" data-element_type=\"widget\" data-widget_type=\"spacer.default\">\n\t\t\t\t<div class=\"elementor-widget-container\">\n\t\t\t\t\t\t\t<div class=\"elementor-spacer\">\n\t\t\t<div class=\"elementor-spacer-inner\"><\/div>\n\t\t<\/div>\n\t\t\t\t\t\t<\/div>\n\t\t\t\t<\/div>\n\t\t\t\t<div class=\"elementor-element elementor-element-0926cbd elementor-widget elementor-widget-text-editor\" data-id=\"0926cbd\" data-element_type=\"widget\" data-widget_type=\"text-editor.default\">\n\t\t\t\t<div class=\"elementor-widget-container\">\n\t\t\t\t\t\t\t\t\t<h2><a href=\"https:\/\/nvtrip.sncil.org\/es\/viaje-nv\/navegar-por-los-recursos-comunitarios-esenciales\/su-camino-hacia-el-aprendizaje-en-nevada\/\" target=\"_blank\" rel=\"noopener\"><span style=\"font-weight: 400;\">Siguiente: Su camino hacia el aprendizaje en Nevada<\/span><\/a><\/h2>\t\t\t\t\t\t\t\t<\/div>\n\t\t\t\t<\/div>\n\t\t\t\t\t<\/div>\n\t\t\t\t<\/div>\n\t\t\t\t<\/div>\n\t\t","protected":false},"excerpt":{"rendered":"<p>Preparaci\u00f3n para la educaci\u00f3n postsecundaria Ir a la universidad puede asustar a cualquier estudiante nuevo. Todo el mundo llega a la universidad con un mill\u00f3n de preguntas sobre los profesores, los deberes, la elecci\u00f3n de las clases adecuadas y c\u00f3mo hacer amigos. Si tienes una discapacidad, tambi\u00e9n tienes otras preocupaciones que tienen que ver con [&hellip;]<\/p>\n","protected":false},"author":1,"featured_media":0,"parent":773,"menu_order":0,"comment_status":"closed","ping_status":"closed","template":"","meta":{"footnotes":""},"class_list":["post-1901","page","type-page","status-publish","hentry"],"_links":{"self":[{"href":"https:\/\/nvtrip.sncil.org\/es\/wp-json\/wp\/v2\/pages\/1901","targetHints":{"allow":["GET"]}}],"collection":[{"href":"https:\/\/nvtrip.sncil.org\/es\/wp-json\/wp\/v2\/pages"}],"about":[{"href":"https:\/\/nvtrip.sncil.org\/es\/wp-json\/wp\/v2\/types\/page"}],"author":[{"embeddable":true,"href":"https:\/\/nvtrip.sncil.org\/es\/wp-json\/wp\/v2\/users\/1"}],"replies":[{"embeddable":true,"href":"https:\/\/nvtrip.sncil.org\/es\/wp-json\/wp\/v2\/comments?post=1901"}],"version-history":[{"count":5,"href":"https:\/\/nvtrip.sncil.org\/es\/wp-json\/wp\/v2\/pages\/1901\/revisions"}],"predecessor-version":[{"id":1985,"href":"https:\/\/nvtrip.sncil.org\/es\/wp-json\/wp\/v2\/pages\/1901\/revisions\/1985"}],"up":[{"embeddable":true,"href":"https:\/\/nvtrip.sncil.org\/es\/wp-json\/wp\/v2\/pages\/773"}],"wp:attachment":[{"href":"https:\/\/nvtrip.sncil.org\/es\/wp-json\/wp\/v2\/media?parent=1901"}],"curies":[{"name":"wp","href":"https:\/\/api.w.org\/{rel}","templated":true}]}}