{"id":1831,"date":"2025-09-18T23:13:38","date_gmt":"2025-09-18T23:13:38","guid":{"rendered":"https:\/\/nvtrip.sncil.org\/viaje-nv\/desarrollar-la-confianza-habilidad-a-habilidad\/mantenimiento-de-su-dulce-hogar-de-alquiler\/"},"modified":"2025-10-22T23:47:59","modified_gmt":"2025-10-22T23:47:59","slug":"mantenimiento-de-su-dulce-hogar-de-alquiler","status":"publish","type":"page","link":"https:\/\/nvtrip.sncil.org\/es\/viaje-nv\/desarrollar-la-confianza-habilidad-a-habilidad\/mantenimiento-de-su-dulce-hogar-de-alquiler\/","title":{"rendered":"Mantenimiento de su dulce hogar (de alquiler)"},"content":{"rendered":"\t\t<div data-elementor-type=\"wp-page\" data-elementor-id=\"1831\" class=\"elementor elementor-1831 elementor-1729\" data-elementor-post-type=\"page\">\n\t\t\t\t<div data-particle_enable=\"false\" data-particle-mobile-disabled=\"false\" class=\"elementor-element elementor-element-7d91f94 e-con-full e-flex e-con e-parent\" data-id=\"7d91f94\" data-element_type=\"container\">\n\t\t\t\t<div class=\"elementor-element elementor-element-138ab769 elementor-widget elementor-widget-image\" data-id=\"138ab769\" data-element_type=\"widget\" data-widget_type=\"image.default\">\n\t\t\t\t<div class=\"elementor-widget-container\">\n\t\t\t\t\t\t\t\t\t\t\t\t\t\t\t<img fetchpriority=\"high\" decoding=\"async\" width=\"1440\" height=\"700\" src=\"https:\/\/nvtrip.sncil.org\/wp-content\/uploads\/2025\/09\/Maintaining-Your-Home-Sweet-Rental-Home-SNCIL.svg\" class=\"attachment-full size-full wp-image-1732\" alt=\"Illustration of two people standing in front of a house.\" \/>\t\t\t\t\t\t\t\t\t\t\t\t\t\t\t<\/div>\n\t\t\t\t<\/div>\n\t\t\t\t<div class=\"elementor-element elementor-element-0d1e07d elementor-widget elementor-widget-heading\" data-id=\"0d1e07d\" data-element_type=\"widget\" data-widget_type=\"heading.default\">\n\t\t\t\t<div class=\"elementor-widget-container\">\n\t\t\t\t\t<h2 class=\"elementor-heading-title elementor-size-default\">Mantenimiento de su dulce hogar (de alquiler)<\/h2>\t\t\t\t<\/div>\n\t\t\t\t<\/div>\n\t\t\t\t<div class=\"elementor-element elementor-element-8f8a25d elementor-widget elementor-widget-spacer\" data-id=\"8f8a25d\" data-element_type=\"widget\" data-widget_type=\"spacer.default\">\n\t\t\t\t<div class=\"elementor-widget-container\">\n\t\t\t\t\t\t\t<div class=\"elementor-spacer\">\n\t\t\t<div class=\"elementor-spacer-inner\"><\/div>\n\t\t<\/div>\n\t\t\t\t\t\t<\/div>\n\t\t\t\t<\/div>\n\t\t\t\t<div class=\"elementor-element elementor-element-e5b70a0 elementor-widget elementor-widget-video\" data-id=\"e5b70a0\" data-element_type=\"widget\" data-settings=\"{&quot;youtube_url&quot;:&quot;https:\\\/\\\/youtu.be\\\/YbGQXrBIsSM&quot;,&quot;video_type&quot;:&quot;youtube&quot;,&quot;controls&quot;:&quot;yes&quot;}\" data-widget_type=\"video.default\">\n\t\t\t\t<div class=\"elementor-widget-container\">\n\t\t\t\t\t\t\t<div class=\"elementor-wrapper elementor-open-inline\">\n\t\t\t<div class=\"elementor-video\"><\/div>\t\t<\/div>\n\t\t\t\t\t\t<\/div>\n\t\t\t\t<\/div>\n\t\t\t\t<\/div>\n\t\t<div data-particle_enable=\"false\" data-particle-mobile-disabled=\"false\" class=\"elementor-element elementor-element-1a73014e e-flex e-con-boxed e-con e-parent\" data-id=\"1a73014e\" data-element_type=\"container\">\n\t\t\t\t\t<div class=\"e-con-inner\">\n\t\t\t\t<div class=\"elementor-element elementor-element-44a7b747 elementor-widget elementor-widget-spacer\" data-id=\"44a7b747\" data-element_type=\"widget\" data-widget_type=\"spacer.default\">\n\t\t\t\t<div class=\"elementor-widget-container\">\n\t\t\t\t\t\t\t<div class=\"elementor-spacer\">\n\t\t\t<div class=\"elementor-spacer-inner\"><\/div>\n\t\t<\/div>\n\t\t\t\t\t\t<\/div>\n\t\t\t\t<\/div>\n\t\t\t\t<div class=\"elementor-element elementor-element-3df8958b elementor-widget elementor-widget-text-editor\" data-id=\"3df8958b\" data-element_type=\"widget\" data-widget_type=\"text-editor.default\">\n\t\t\t\t<div class=\"elementor-widget-container\">\n\t\t\t\t\t\t\t\t\t<p><span style=\"font-weight: 400;\">Parte de la vida independiente consiste en realizar tareas peri\u00f3dicas de mantenimiento del hogar. A menos que sea propietario o pague hipoteca por su casa (lo cual, a su edad, es poco probable), probablemente la alquile. <\/span><\/p><p><span style=\"font-weight: 400;\">Si es la primera vez que alquila, le sorprender\u00e1 saber que la mayor\u00eda de las responsabilidades de mantenimiento corren a cargo del propietario (quienquiera que sea el due\u00f1o del inmueble) o del administrador de la propiedad contratado para gestionarla. Eso incluye cosas como fontaner\u00eda, aire acondicionado\/calefacci\u00f3n, electrodom\u00e9sticos averiados, etc. &#8211; b\u00e1sicamente, cualquier cosa que tenga que ver con la estructura del edificio o unidad de alquiler. De hecho, esto es probablemente lo mejor del alquiler.   <\/span><\/p><p><span style=\"font-weight: 400;\">Pero eso no significa que, como inquilino, no tenga que hacer nada para mantener su casa. Sigues teniendo ciertas responsabilidades que garantizan que tu casa se mantenga en buen estado y siga siendo habitable, incluso despu\u00e9s de que te mudes. Esto incluye tareas b\u00e1sicas como el mantenimiento regular del jard\u00edn o el patio (como cortar y regar la hierba, regar las flores, arrancar las malas hierbas), as\u00ed como quitar la nieve, limpiar los canalones y la limpieza u orden general de la vivienda (como limpiar los ba\u00f1os, fregar los suelos, etc.).  <\/span><\/p><h2><span style=\"font-weight: 400;\">Por qu\u00e9 es importante el mantenimiento del hogar<\/span><\/h2><p><span style=\"font-weight: 400;\">Por supuesto, es agradable vivir en una casa limpia. Afecta a tu bienestar mental e incluso puede ayudarte a mantenerte f\u00edsicamente sano (consulta nuestras p\u00e1ginas \u00abCasa limpia, mente despejada\u00bb). Pero hay otras razones importantes para estar al tanto de las tareas de mantenimiento del hogar cuando se alquila:  <\/span><\/p><h3><span style=\"font-weight: 400;\">Recuperar la fianza<\/span><\/h3><p><span style=\"font-weight: 400;\">Muchos propietarios de Nevada cobran dep\u00f3sitos de seguridad a los inquilinos. Se trata de una cantidad que usted paga antes de mudarse y que ayuda a proteger al propietario en caso de que se produzcan da\u00f1os en la vivienda; garantiza que puedan pagar las reparaciones necesarias cuando usted se mude. Los dep\u00f3sitos de seguridad ayudan a los propietarios a recuperar las p\u00e9rdidas en caso de impago del alquiler o si el inquilino ha causado da\u00f1os (aparte del desgaste normal), como hacer un agujero en la pared o manchar excesivamente la moqueta. Se espera que los inquilinos dejen la vivienda en las mismas condiciones en las que la encontraron cuando se mudaron.   <\/span><\/p><p><span style=\"font-weight: 400;\">Sin embargo, si est\u00e1s al d\u00eda en el pago del alquiler y las facturas de los servicios p\u00fablicos, no dejas ning\u00fan desperfecto aparte del desgaste normal, devuelves todas las llaves y cumples todos los requisitos del contrato de alquiler, puedes recibir la devoluci\u00f3n de la fianza.  <\/span><\/p><p><span style=\"font-weight: 400;\">Al mantener su casa mientras vive en ella, contribuye a garantizar que el alquiler se mantenga en buenas condiciones, lo que mejora sus posibilidades de recuperar la fianza cuando se mude.<\/span><\/p><h3><span style=\"font-weight: 400;\">Evite problemas graves en su hogar<\/span><\/h3><p><span style=\"font-weight: 400;\">Igual que <\/span><span style=\"font-weight: 400;\">cepillarse los dientes<\/span><span style=\"font-weight: 400;\"> todos los d\u00edas ayuda a prevenir problemas graves como las caries, las peque\u00f1as tareas de mantenimiento de la casa la protegen de problemas graves que pueden da\u00f1arla permanentemente y costarle la fianza o incluso la posibilidad de vivir en ella. <\/span> <\/p><p><span style=\"font-weight: 400;\">Por ejemplo, los inquilinos deben sustituir los filtros de aire de sus sistemas centrales de aire acondicionado cada tres meses aproximadamente. El filtro de aire protege su equipo de calefacci\u00f3n y refrigeraci\u00f3n del polvo y los residuos, ayudando a mantenerlo funcionando con la m\u00e1xima eficiencia. Si no realiza esta sencilla tarea, el sistema acabar\u00e1 cogiendo polvo y suciedad, y tendr\u00e1 que trabajar m\u00e1s para funcionar. Esto no s\u00f3lo puede aumentar su factura de electricidad, sino que puede causar una mala calidad del aire si se deja demasiado tiempo, y despu\u00e9s de un largo per\u00edodo de tiempo, incluso podr\u00eda causar que su horno o aire acondicionado se apague por completo.     <\/span><\/p><p><span style=\"font-weight: 400;\">Un poco de mantenimiento regular de la vivienda puede contribuir en gran medida a que su casa y todos sus sistemas funcionen sin problemas, y le ayuda a ser un buen inquilino.<\/span><\/p><h2><span style=\"font-weight: 400;\">Actividades b\u00e1sicas de mantenimiento del hogar<\/span><\/h2><p><span style=\"font-weight: 400;\">A continuaci\u00f3n se indican algunas actividades b\u00e1sicas de mantenimiento del hogar que deber\u00eda realizar con regularidad, o pedir a alguien que le ayude a hacerlo:<\/span><\/p><ul><li style=\"font-weight: 400;\" aria-level=\"1\"><span style=\"font-weight: 400;\">Limpieza y orden: Esto incluye barrer, fregar, aspirar, limpiar superficies, limpiar electrodom\u00e9sticos, fregar inodoros y lavar ventanas.<\/span><\/li><li style=\"font-weight: 400;\" aria-level=\"1\"><span style=\"font-weight: 400;\">Gesti\u00f3n de residuos: Elimine la basura (y el reciclaje, si procede) correctamente, en los contenedores de la zona o en los cubos designados, siguiendo las instrucciones facilitadas por su casero\/administrador de la propiedad.<\/span><\/li><li style=\"font-weight: 400;\" aria-level=\"1\"><span style=\"font-weight: 400;\">Cumpla los c\u00f3digos de vivienda y las normas de la asociaci\u00f3n de propietarios: Aseg\u00farate de cumplir los c\u00f3digos locales de vivienda y las normas de la comunidad de propietarios de tu vivienda de alquiler. La mayor\u00eda de los ayuntamientos tienen normas m\u00ednimas de seguridad, salubridad y habitabilidad, y muchas comunidades de propietarios tienen normas sobre la visibilidad de los cubos de basura, la limpieza y el mantenimiento del c\u00e9sped y las zonas visibles, etc. <\/span><\/li><li style=\"font-weight: 400;\" aria-level=\"1\"><span style=\"font-weight: 400;\">Informe de problemas\/reparaciones menores: Si hay que reparar o sustituir elementos estructurales (fontaner\u00eda, sistema el\u00e9ctrico, paredes, etc.) o electrodom\u00e9sticos, ponte en contacto con el casero o el administrador de la vivienda lo antes posible. Las reparaciones menores, como desatascar desag\u00fces o cambiar bombillas, son responsabilidad tuya. <\/span><\/li><li style=\"font-weight: 400;\" aria-level=\"1\"><span style=\"font-weight: 400;\">Optimizar la direcci\u00f3n del ventilador de techo: Los ventiladores de techo tienen aspas en \u00e1ngulo que les permiten soplar aire fr\u00edo hacia abajo en verano (en el sentido contrario a las agujas del reloj) y hacer circular aire caliente ascendente en invierno (en el sentido de las agujas del reloj). Basta con pulsar un interruptor para ajustar la direcci\u00f3n, lo que ayuda a minimizar el consumo de energ\u00eda. <\/span><\/li><li style=\"font-weight: 400;\" aria-level=\"1\"><span style=\"font-weight: 400;\">Limpieza del extractor: El extractor de humos de su cocina elimina la grasa, el humo, el vapor y los olores del aire mientras cocina. Estos residuos se acumulan y, con el tiempo, pueden crear un riesgo de incendio. Aseg\u00farese de limpiarlo apagando y desenchufando el ventilador, quitando el filtro y limpi\u00e1ndolo con agua y jab\u00f3n.  <\/span><\/li><li style=\"font-weight: 400;\" aria-level=\"1\"><span style=\"font-weight: 400;\">Mantenimiento del desag\u00fce: Aseg\u00farate de poner en marcha el triturador de basura de la cocina o, si tu casa no tiene triturador, aseg\u00farate de que no caigan alimentos u otros s\u00f3lidos por el fregadero. Y vigile los inodoros y los lavabos del ba\u00f1o para asegurarse de que tiran de la cadena y desaguan correctamente. Si empiezan a funcionar con lentitud, es posible que haya un atasco que deba eliminarse. Esto suele ser responsabilidad suya. (Sin embargo, si el simple uso del triturador o la eliminaci\u00f3n del atasco con un pelo no corrigen el problema, es posible que tenga que hablar con el propietario sobre problemas de fontaner\u00eda m\u00e1s estructurales para que ellos los solucionen).      <\/span><\/li><li style=\"font-weight: 400;\" aria-level=\"1\"><span style=\"font-weight: 400;\">Sustituci\u00f3n del filtro de la calefacci\u00f3n, ventilaci\u00f3n y aire acondicionado: Aseg\u00farate de sustituir los filtros de aire (normalmente situados en el pasillo) cada 90 d\u00edas aproximadamente.<\/span><\/li><li style=\"font-weight: 400;\" aria-level=\"1\"><span style=\"font-weight: 400;\">Cuidado de persianas y ventanas: Las ventanas deben lavarse y las persianas desempolvarse y limpiarse con regularidad.<\/span><\/li><li style=\"font-weight: 400;\" aria-level=\"1\"><span style=\"font-weight: 400;\">Inspecci\u00f3n\/gesti\u00f3n de plagas: Como inquilino, debes mantener las zonas limpias para evitar que las plagas entren en tu casa. Si tienes plagas, normalmente es tu responsabilidad contratar a un exterminador. Consulta con tu casero si \u00e9ste es tu caso.  <\/span><\/li><li style=\"font-weight: 400;\" aria-level=\"1\"><span style=\"font-weight: 400;\">Mantenimiento de los electrodom\u00e9sticos: Aseg\u00farese de vaciar los conductos de ventilaci\u00f3n de las secadoras, limpiar los frigor\u00edficos y otros electrodom\u00e9sticos, y utilizar los aparatos seg\u00fan lo previsto en los manuales de usuario. Es posible que tenga que realizar tareas de mantenimiento peri\u00f3dicas, como sustituir los filtros de agua de los frigor\u00edficos, etc.   <\/span><\/li><\/ul><h2><span style=\"font-weight: 400;\">El seguro de alquiler puede ayudar<\/span><\/h2><p><span style=\"font-weight: 400;\">Suele ser una buena idea contratar un seguro de alquiler, que cubre problemas como robos, da\u00f1os en aparatos electr\u00f3nicos o en el suelo causados por fugas de agua, da\u00f1os por humo causados por incendios en el horno, da\u00f1os causados por cortocircuitos el\u00e9ctricos, etc. Algunos caseros pueden exigirte que lo contrates como condici\u00f3n del contrato de alquiler, y la cobertura variar\u00e1 en funci\u00f3n de tu vivienda. <\/span><\/p><h2><span style=\"font-weight: 400;\">Lea atentamente el contrato de alquiler<\/span><\/h2><p><span style=\"font-weight: 400;\">Antes de firmar el contrato de alquiler de una vivienda, l\u00e9alo detenidamente para asegurarse de que entiende lo que se le exige como inquilino. Por lo general, se espera que los inquilinos realicen un mantenimiento regular, que puede estar detallado. Suele incluir asegurarse de que los grifos exteriores est\u00e9n cerrados y tapados en \u00e9pocas de temperaturas bajo cero, para evitar que revienten las tuber\u00edas; cortar y regar el c\u00e9sped cuando sea necesario; cuidar adecuadamente de electrodom\u00e9sticos como lavavajillas, lavadoras y secadoras, para asegurarse de que no est\u00e9n sobrecargados o funcionen incorrectamente y de que las rejillas de ventilaci\u00f3n de las secadoras se limpien con regularidad. Deber\u00e1 devolver la vivienda de alquiler en las mismas condiciones en las que se encontraba cuando se mud\u00f3, aparte del desgaste normal. Limpie a menudo, informe de los da\u00f1os causados por usted o sus invitados y retire todos sus efectos personales cuando se marche.    <\/span><\/p><p><span style=\"font-weight: 400;\">Su contrato de alquiler tambi\u00e9n debe proporcionar detalles sobre las emergencias en el hogar, y los tiempos de respuesta de los propietarios, superintendentes o administradores de la propiedad, que var\u00edan dependiendo de la propiedad individual. Puede ser en cuesti\u00f3n de horas o de uno o dos d\u00edas, o incluso m\u00e1s. Si su contrato de alquiler no explica la pol\u00edtica de emergencias, no deje de preguntar. Cuando celebre un contrato de alquiler, es buena idea informarse de la pol\u00edtica est\u00e1ndar para reparaciones de emergencia, incluido un n\u00famero al que llamar a cualquier hora del d\u00eda o de la noche.   <\/span><\/p>\t\t\t\t\t\t\t\t<\/div>\n\t\t\t\t<\/div>\n\t\t\t\t\t<\/div>\n\t\t\t\t<\/div>\n\t\t\t\t<\/div>\n\t\t","protected":false},"excerpt":{"rendered":"<p>Mantenimiento de su dulce hogar (de alquiler) Parte de la vida independiente consiste en realizar tareas peri\u00f3dicas de mantenimiento del hogar. A menos que sea propietario o pague hipoteca por su casa (lo cual, a su edad, es poco probable), probablemente la alquile. Si es la primera vez que alquila, le sorprender\u00e1 saber que la [&hellip;]<\/p>\n","protected":false},"author":1,"featured_media":0,"parent":758,"menu_order":0,"comment_status":"closed","ping_status":"closed","template":"","meta":{"footnotes":""},"class_list":["post-1831","page","type-page","status-publish","hentry"],"_links":{"self":[{"href":"https:\/\/nvtrip.sncil.org\/es\/wp-json\/wp\/v2\/pages\/1831","targetHints":{"allow":["GET"]}}],"collection":[{"href":"https:\/\/nvtrip.sncil.org\/es\/wp-json\/wp\/v2\/pages"}],"about":[{"href":"https:\/\/nvtrip.sncil.org\/es\/wp-json\/wp\/v2\/types\/page"}],"author":[{"embeddable":true,"href":"https:\/\/nvtrip.sncil.org\/es\/wp-json\/wp\/v2\/users\/1"}],"replies":[{"embeddable":true,"href":"https:\/\/nvtrip.sncil.org\/es\/wp-json\/wp\/v2\/comments?post=1831"}],"version-history":[{"count":3,"href":"https:\/\/nvtrip.sncil.org\/es\/wp-json\/wp\/v2\/pages\/1831\/revisions"}],"predecessor-version":[{"id":2077,"href":"https:\/\/nvtrip.sncil.org\/es\/wp-json\/wp\/v2\/pages\/1831\/revisions\/2077"}],"up":[{"embeddable":true,"href":"https:\/\/nvtrip.sncil.org\/es\/wp-json\/wp\/v2\/pages\/758"}],"wp:attachment":[{"href":"https:\/\/nvtrip.sncil.org\/es\/wp-json\/wp\/v2\/media?parent=1831"}],"curies":[{"name":"wp","href":"https:\/\/api.w.org\/{rel}","templated":true}]}}