{"id":1764,"date":"2025-09-10T14:21:26","date_gmt":"2025-09-10T14:21:26","guid":{"rendered":"https:\/\/nvtrip.sncil.org\/salir-con-una-persona-discapacitada\/"},"modified":"2025-10-22T23:49:14","modified_gmt":"2025-10-22T23:49:14","slug":"salir-con-una-persona-discapacitada","status":"publish","type":"page","link":"https:\/\/nvtrip.sncil.org\/es\/salir-con-una-persona-discapacitada\/","title":{"rendered":"Salir con una persona discapacitada"},"content":{"rendered":"\t\t<div data-elementor-type=\"wp-page\" data-elementor-id=\"1764\" class=\"elementor elementor-1764 elementor-1633\" data-elementor-post-type=\"page\">\n\t\t\t\t<div data-particle_enable=\"false\" data-particle-mobile-disabled=\"false\" class=\"elementor-element elementor-element-445b1eea e-con-full e-flex e-con e-parent\" data-id=\"445b1eea\" data-element_type=\"container\">\n\t\t\t\t<div class=\"elementor-element elementor-element-6fe8fb4c elementor-widget elementor-widget-image\" data-id=\"6fe8fb4c\" data-element_type=\"widget\" data-widget_type=\"image.default\">\n\t\t\t\t<div class=\"elementor-widget-container\">\n\t\t\t\t\t\t\t\t\t\t\t\t\t\t\t<img fetchpriority=\"high\" decoding=\"async\" width=\"1440\" height=\"700\" src=\"https:\/\/nvtrip.sncil.org\/wp-content\/uploads\/2025\/09\/Tips-for-Those-Dating-People-Who-have-Disabilities-SNCIL.svg\" class=\"attachment-full size-full wp-image-1640\" alt=\"Illustration of a young man giving flowers to a young woman in a wheelchair\" \/>\t\t\t\t\t\t\t\t\t\t\t\t\t\t\t<\/div>\n\t\t\t\t<\/div>\n\t\t\t\t<div class=\"elementor-element elementor-element-7683e753 elementor-widget elementor-widget-heading\" data-id=\"7683e753\" data-element_type=\"widget\" data-widget_type=\"heading.default\">\n\t\t\t\t<div class=\"elementor-widget-container\">\n\t\t\t\t\t<h1 class=\"elementor-heading-title elementor-size-default\">Salir con una persona discapacitada<\/h1>\t\t\t\t<\/div>\n\t\t\t\t<\/div>\n\t\t\t\t<div class=\"elementor-element elementor-element-5bb196cd elementor-widget elementor-widget-spacer\" data-id=\"5bb196cd\" data-element_type=\"widget\" data-widget_type=\"spacer.default\">\n\t\t\t\t<div class=\"elementor-widget-container\">\n\t\t\t\t\t\t\t<div class=\"elementor-spacer\">\n\t\t\t<div class=\"elementor-spacer-inner\"><\/div>\n\t\t<\/div>\n\t\t\t\t\t\t<\/div>\n\t\t\t\t<\/div>\n\t\t\t\t<\/div>\n\t\t<div data-particle_enable=\"false\" data-particle-mobile-disabled=\"false\" class=\"elementor-element elementor-element-4ab85db9 e-flex e-con-boxed e-con e-parent\" data-id=\"4ab85db9\" data-element_type=\"container\">\n\t\t\t\t\t<div class=\"e-con-inner\">\n\t\t\t\t<div class=\"elementor-element elementor-element-19c60ce2 elementor-widget elementor-widget-spacer\" data-id=\"19c60ce2\" data-element_type=\"widget\" data-widget_type=\"spacer.default\">\n\t\t\t\t<div class=\"elementor-widget-container\">\n\t\t\t\t\t\t\t<div class=\"elementor-spacer\">\n\t\t\t<div class=\"elementor-spacer-inner\"><\/div>\n\t\t<\/div>\n\t\t\t\t\t\t<\/div>\n\t\t\t\t<\/div>\n\t\t\t\t<div class=\"elementor-element elementor-element-363f3d9a elementor-widget elementor-widget-text-editor\" data-id=\"363f3d9a\" data-element_type=\"widget\" data-widget_type=\"text-editor.default\">\n\t\t\t\t<div class=\"elementor-widget-container\">\n\t\t\t\t\t\t\t\t\t<p><span style=\"font-weight: 400;\">Las personas con discapacidad no quieren que las mimen ni que las traten de forma diferente. Quieren que se les trate como a los dem\u00e1s y que se les valore por todo lo que son, no s\u00f3lo por lo que no son o no pueden hacer. Lo mismo puede decirse de cualquier persona que inicie una relaci\u00f3n sentimental, tenga o no una discapacidad.    <\/span><\/p><p><span style=\"font-weight: 400;\">Pero puede que no est\u00e9 seguro de c\u00f3mo estar realmente ah\u00ed para su pareja y apoyarla de la mejor manera posible. Aqu\u00ed tienes algunos consejos: <\/span><\/p><h2><span style=\"font-weight: 400;\">Investigue<\/span><\/h2><p><span style=\"font-weight: 400;\">Es buena idea que investigues un poco por tu cuenta para entender bien la discapacidad de tu pareja y los retos y limitaciones que puede conllevar.  <\/span><\/p><h2><span style=\"font-weight: 400;\">Evitar que la discapacidad se convierta en toda su identidad  <\/span><\/h2><p><span style=\"font-weight: 400;\">La discapacidad de tu pareja es s\u00f3lo <\/span><i><span style=\"font-weight: 400;\">una parte<\/span><\/i><span style=\"font-weight: 400;\">  de qui\u00e9nes son. Lo m\u00e1s importante es escuchar, aprender y abordar la relaci\u00f3n con respeto y apertura. La discapacidad no hace que una relaci\u00f3n sea \u00abdiferente\u00bb, simplemente significa que, como todas las relaciones, requiere comprensi\u00f3n y cuidado mutuos.\u00bb  <\/span><\/p><h2><span style=\"font-weight: 400;\">Comprueba tus tendencias capazistas<\/span><\/h2><p><span style=\"font-weight: 400;\">Sin darte cuenta, e incluso con las mejores intenciones, puedes tener prejuicios o tendencias hacia el capacitismo que podr\u00edan resultar hirientes para tu pareja. La mejor manera de superarlos es la curiosidad y una aut\u00e9ntica voluntad de aprender y crecer. Si vienes de un lugar genuino de amor y cari\u00f1o, eso es lo m\u00e1s importante.  <\/span><\/p><h2><span style=\"font-weight: 400;\">Las discapacidades invisibles pueden causar malentendidos<\/span><\/h2><p><span style=\"font-weight: 400;\">T<\/span><span style=\"font-weight: 400;\">as personas con discapacidades invisibles, como el autismo, pueden ser percibidas err\u00f3neamente como incapaces de relacionarse social o rom\u00e1nticamente, o simplemente como poco interesadas en ello. Eso no es necesariamente cierto. Es posible, sin embargo, que simplemente prefieran expresiones de afecto diferentes de las que usted prefiere.  <\/span><\/p><p><span style=\"font-weight: 400;\">Por ejemplo, aunque a usted le encanten los abrazos, a muchas personas neurodivergentes (con trastornos como autismo, TDAH o dislexia) puede que no. Por el contrario, puede que prefieran simplemente pasar tiempo juntos, compartir sus pasiones o hacerse regalos para expresar su afecto. Por eso es importante hablar de las necesidades, los l\u00edmites y las expectativas de cada uno, para que pod\u00e1is comprenderos mejor y daros el cari\u00f1o que necesit\u00e1is. Sepa que las muestras tradicionales de afecto a las que est\u00e1 acostumbrado pueden no ser las que le gustan a su pareja.   <\/span><\/p>\t\t\t\t\t\t\t\t<\/div>\n\t\t\t\t<\/div>\n\t\t\t\t\t<\/div>\n\t\t\t\t<\/div>\n\t\t\t\t<\/div>\n\t\t","protected":false},"excerpt":{"rendered":"<p>Salir con una persona discapacitada Las personas con discapacidad no quieren que las mimen ni que las traten de forma diferente. Quieren que se les trate como a los dem\u00e1s y que se les valore por todo lo que son, no s\u00f3lo por lo que no son o no pueden hacer. Lo mismo puede decirse [&hellip;]<\/p>\n","protected":false},"author":1,"featured_media":0,"parent":0,"menu_order":0,"comment_status":"closed","ping_status":"closed","template":"","meta":{"footnotes":""},"class_list":["post-1764","page","type-page","status-publish","hentry"],"_links":{"self":[{"href":"https:\/\/nvtrip.sncil.org\/es\/wp-json\/wp\/v2\/pages\/1764","targetHints":{"allow":["GET"]}}],"collection":[{"href":"https:\/\/nvtrip.sncil.org\/es\/wp-json\/wp\/v2\/pages"}],"about":[{"href":"https:\/\/nvtrip.sncil.org\/es\/wp-json\/wp\/v2\/types\/page"}],"author":[{"embeddable":true,"href":"https:\/\/nvtrip.sncil.org\/es\/wp-json\/wp\/v2\/users\/1"}],"replies":[{"embeddable":true,"href":"https:\/\/nvtrip.sncil.org\/es\/wp-json\/wp\/v2\/comments?post=1764"}],"version-history":[{"count":9,"href":"https:\/\/nvtrip.sncil.org\/es\/wp-json\/wp\/v2\/pages\/1764\/revisions"}],"predecessor-version":[{"id":1852,"href":"https:\/\/nvtrip.sncil.org\/es\/wp-json\/wp\/v2\/pages\/1764\/revisions\/1852"}],"wp:attachment":[{"href":"https:\/\/nvtrip.sncil.org\/es\/wp-json\/wp\/v2\/media?parent=1764"}],"curies":[{"name":"wp","href":"https:\/\/api.w.org\/{rel}","templated":true}]}}