{"id":1711,"date":"2025-08-14T16:21:51","date_gmt":"2025-08-14T16:21:51","guid":{"rendered":"https:\/\/nvtrip.sncil.org\/viaje-nv\/del-instituto-a-la-independencia\/tipos-de-seguros\/"},"modified":"2025-10-22T23:49:53","modified_gmt":"2025-10-22T23:49:53","slug":"tipos-de-seguros","status":"publish","type":"page","link":"https:\/\/nvtrip.sncil.org\/es\/viaje-nv\/del-instituto-a-la-independencia\/tipos-de-seguros\/","title":{"rendered":"Tipos de seguros"},"content":{"rendered":"\t\t<div data-elementor-type=\"wp-page\" data-elementor-id=\"1711\" class=\"elementor elementor-1711 elementor-1567\" data-elementor-post-type=\"page\">\n\t\t\t\t<div data-particle_enable=\"false\" data-particle-mobile-disabled=\"false\" class=\"elementor-element elementor-element-4219c3d2 e-con-full e-flex e-con e-parent\" data-id=\"4219c3d2\" data-element_type=\"container\">\n\t\t\t\t<div class=\"elementor-element elementor-element-48270de2 elementor-widget elementor-widget-image\" data-id=\"48270de2\" data-element_type=\"widget\" data-widget_type=\"image.default\">\n\t\t\t\t<div class=\"elementor-widget-container\">\n\t\t\t\t\t\t\t\t\t\t\t\t\t\t\t<img fetchpriority=\"high\" decoding=\"async\" width=\"1440\" height=\"700\" src=\"https:\/\/nvtrip.sncil.org\/wp-content\/uploads\/2025\/08\/Types-of-Insurance-SNCIL.svg\" class=\"attachment-full size-full wp-image-1570\" alt=\"Illustration of a young man in a wheelchair looking at a chart with symbols for different types of insurance.\" \/>\t\t\t\t\t\t\t\t\t\t\t\t\t\t\t<\/div>\n\t\t\t\t<\/div>\n\t\t\t\t<div class=\"elementor-element elementor-element-218f7e67 elementor-widget elementor-widget-heading\" data-id=\"218f7e67\" data-element_type=\"widget\" data-widget_type=\"heading.default\">\n\t\t\t\t<div class=\"elementor-widget-container\">\n\t\t\t\t\t<h1 class=\"elementor-heading-title elementor-size-default\">Tipos de seguros\n<\/h1>\t\t\t\t<\/div>\n\t\t\t\t<\/div>\n\t\t\t\t<div class=\"elementor-element elementor-element-1df35700 elementor-widget elementor-widget-spacer\" data-id=\"1df35700\" data-element_type=\"widget\" data-widget_type=\"spacer.default\">\n\t\t\t\t<div class=\"elementor-widget-container\">\n\t\t\t\t\t\t\t<div class=\"elementor-spacer\">\n\t\t\t<div class=\"elementor-spacer-inner\"><\/div>\n\t\t<\/div>\n\t\t\t\t\t\t<\/div>\n\t\t\t\t<\/div>\n\t\t\t\t<\/div>\n\t\t<div data-particle_enable=\"false\" data-particle-mobile-disabled=\"false\" class=\"elementor-element elementor-element-6d02cea6 e-flex e-con-boxed e-con e-parent\" data-id=\"6d02cea6\" data-element_type=\"container\">\n\t\t\t\t\t<div class=\"e-con-inner\">\n\t\t\t\t<div class=\"elementor-element elementor-element-40c716af elementor-widget elementor-widget-text-editor\" data-id=\"40c716af\" data-element_type=\"widget\" data-widget_type=\"text-editor.default\">\n\t\t\t\t<div class=\"elementor-widget-container\">\n\t\t\t\t\t\t\t\t\t<p><span style=\"font-weight: 400;\">En la actualidad, existen p\u00f3lizas de seguro para casi cualquier bien o circunstancia que se le ocurra, desde veh\u00edculos de recreo y apartamentos alquilados hasta empresas, hipotecas, accidentes y mucho m\u00e1s. Algunos son obligatorios por ley, mientras que otros se recomiendan o es bueno tenerlos, pero no son legalmente obligatorios. Estos son los tipos de seguro m\u00e1s comunes, as\u00ed como algunos aspectos b\u00e1sicos sobre cu\u00e1les son obligatorios por ley, c\u00f3mo contratarlos y c\u00f3mo utilizarlos.  <\/span><\/p><h3><span style=\"font-weight: 400;\">Autom\u00f3vil  <\/span><\/h3><p><b>*Requerido<\/b><\/p><p><span style=\"font-weight: 400;\">Como explicamos en nuestra p\u00e1gina \u00ab<\/span><a href=\"https:\/\/nvtrip.sncil.org\/es\/viaje-nv\/desarrollar-la-confianza-habilidad-a-habilidad\/en-el-asiento-del-conductor-poseer-y-conducir-su-propio-vehiculo\/\"><span style=\"font-weight: 400;\">En el asiento del conductor: ser propietario de su propio veh\u00edculo y conducirlo<\/span><\/a><span style=\"font-weight: 400;\">La ley de Nevada obliga a todos los conductores a tener un seguro para el veh\u00edculo que conducen. Una p\u00f3liza de seguro de autom\u00f3vil proporciona ayuda financiera en caso de accidente o da\u00f1os (por ejemplo, la ca\u00edda de un \u00e1rbol sobre \u00e9l) a un veh\u00edculo; puede pagar el tratamiento m\u00e9dico y las reparaciones o la sustituci\u00f3n del veh\u00edculo. Como m\u00ednimo, tu p\u00f3liza debe cubrir el veh\u00edculo y los conductores\/pasajeros que resulten perjudicados, pero tambi\u00e9n es recomendable que contrates una p\u00f3liza que cubra tambi\u00e9n las reparaciones de tu coche. Algunas p\u00f3lizas pueden incluso incluir el pago de un coche de alquiler que puedas conducir hasta que tu coche est\u00e9 reparado.     <\/span><\/p><p><span style=\"font-weight: 400;\">Puede pagar su p\u00f3liza mensual, trimestral o anualmente, seg\u00fan sus preferencias o las de la aseguradora.<\/span><\/p><p><span style=\"font-weight: 400;\">El sitio <\/span><a href=\"https:\/\/www.leg.state.nv.us\/NRS\/NRS-485.html#NRS485Sec034\"><span style=\"font-weight: 400;\">ley<\/span><\/a><span style=\"font-weight: 400;\">  establece que todo veh\u00edculo matriculado debe tener unos niveles m\u00ednimos de cobertura de seguro por lesiones corporales y\/o fallecimiento en caso de accidente, as\u00ed como por destrucci\u00f3n de bienes. En cuanto seas propietario de un veh\u00edculo, debes contratar inmediatamente un seguro. <\/span><\/p><p><span style=\"font-weight: 400;\">No es legal que te penalicen con precios m\u00e1s altos o te denieguen la cobertura por una discapacidad. Tienes derecho a un seguro justo y asequible. Sin embargo, tambi\u00e9n es recomendable que informe a su agente sobre su discapacidad al contratar una p\u00f3liza.  <\/span><\/p><p><span style=\"font-weight: 400;\">Consulte nuestra secci\u00f3n <\/span><a href=\"https:\/\/nvtrip.sncil.org\/es\/viaje-nv\/desarrollar-la-confianza-habilidad-a-habilidad\/en-el-asiento-del-conductor-poseer-y-conducir-su-propio-vehiculo\/\"><span style=\"font-weight: 400;\">\u00abEn el asiento del conductor<\/span><\/a><span style=\"font-weight: 400;\"> para m\u00e1s informaci\u00f3n.<\/span><\/p><h3><span style=\"font-weight: 400;\">Inquilino<\/span><\/h3><p><b>Obligatorio o recomendado<\/b><\/p><p><span style=\"font-weight: 400;\">Aunque el Estado no exige que los inquilinos tengan un seguro de alquiler, es posible que su casero individual s\u00ed se lo exija, as\u00ed que preste mucha atenci\u00f3n a su contrato de alquiler para asegurarse de que lo hace como es debido. Al igual que el seguro de vivienda, el seguro de inquilino protege tus pertenencias en un piso de alquiler: por ejemplo, sustituye los muebles o aparatos electr\u00f3nicos que te hayan podido robar, o paga un hotel si tu piso se inunda y tienes que dormir en otro sitio mientras lo limpian. Sin embargo, esta p\u00f3liza no paga los da\u00f1os a la propiedad que cubrir\u00eda el propietario de la vivienda (como una inundaci\u00f3n o un incendio forestal).    <\/span><\/p><h3><span style=\"font-weight: 400;\">Propietarios<\/span><\/h3><p><b>Requerido<\/b><\/p><p><span style=\"font-weight: 400;\">El seguro de hogar es obligatorio para cualquier vivienda que adquiera y financie con una hipoteca, que es un plan de pagos concertado con un banco que le permite comprar una casa con peque\u00f1os pagos mensuales. La p\u00f3liza suele pagarse una vez al a\u00f1o y su precio se a\u00f1ade al importe de la hipoteca de tu casa, por lo que tu cuota mensual suele pagar ambas cosas. <\/span><\/p><p><span style=\"font-weight: 400;\">Una p\u00f3liza de seguro de hogar protege su inversi\u00f3n en una vivienda pagando la reparaci\u00f3n de da\u00f1os importantes o el robo de sus pertenencias. Ejemplos de situaciones que cubrir\u00e1 una p\u00f3liza de hogar son robos, incendios o da\u00f1os por viento. <\/span><\/p><h3><span style=\"font-weight: 400;\">Salud\/Medicina<\/span><\/h3><p><b>Recomendado<\/b><\/p><p><span style=\"font-weight: 400;\">Por desgracia, m\u00e1s del 10% de los nevadenses no tienen seguro m\u00e9dico. De hecho, el estado ocupa el puesto 47 entre todos los estados en cuanto a cobertura sanitaria, lo que significa que tiene uno de los porcentajes m\u00e1s altos de residentes sin seguro del pa\u00eds.   <\/span><\/p><p><span style=\"font-weight: 400;\">\u00bfPor qu\u00e9 es malo? Porque sin seguro m\u00e9dico, muchas personas no pueden permitirse pagar su atenci\u00f3n m\u00e9dica y acaban debiendo miles de d\u00f3lares, o simplemente no reciben ninguna atenci\u00f3n. Aunque el seguro m\u00e9dico no es obligatorio por ley, deber\u00eda considerarse un gasto necesario.    <\/span><\/p><p><span style=\"font-weight: 400;\">Dependiendo de su p\u00f3liza individual, el seguro m\u00e9dico puede pagar parte o la totalidad de lo siguiente: revisiones m\u00e9dicas o visitas al m\u00e9dico, cirug\u00edas, traslados en ambulancia, equipos m\u00e9dicos, equipos de movilidad\/accesibilidad, pruebas\/ex\u00e1menes, an\u00e1lisis de laboratorio, medicamentos con receta, rehabilitaci\u00f3n y fisioterapia, atenci\u00f3n de salud mental, vacunas, limpiezas dentales, ex\u00e1menes de la vista y visitas quiropr\u00e1cticas. Aunque muchas p\u00f3lizas s\u00f3lo proporcionan pagos parciales por estos servicios, puede que no sean asequibles sin esos pagos, lo que garantiza que pueda recibir la atenci\u00f3n que necesita para mantenerse sano.   <\/span><\/p><p><span style=\"font-weight: 400;\">Muchas personas reciben un seguro m\u00e9dico como prestaci\u00f3n de su empresa, pero algunas que trabajan por cuenta propia o cuyas empresas no se lo proporcionan por diversos motivos pueden contratar p\u00f3lizas por su cuenta. En ese caso, es posible que pueda optar a un subsidio del gobierno que le proporcione una tarifa con descuento para un   <\/span><a href=\"https:\/\/www.nevadahealthlink.com\/\"><span style=\"font-weight: 400;\">Pol\u00edtica de Nevada Health Link<\/span><\/a><span style=\"font-weight: 400;\"> (v\u00e9ase m\u00e1s abajo).<\/span><\/p><h4><span style=\"font-weight: 400;\">Medicaid<\/span><\/h4><p><span style=\"font-weight: 400;\">Algunas personas no pueden permitirse pagar p\u00f3lizas de seguro m\u00e9dico porque est\u00e1n desempleadas o subempleadas, o no pueden trabajar debido a discapacidades u otros obst\u00e1culos y, por tanto, no tienen acceso a planes proporcionados por la empresa. En ese caso,   <\/span><a href=\"https:\/\/www.medicaid.nv.gov\/\"><span style=\"font-weight: 400;\">Medicaid<\/span><\/a><span style=\"font-weight: 400;\">  puede ayudar. Medicaid proporciona cobertura sanitaria a muchas personas, desde familias con ingresos bajos hasta ni\u00f1os en acogida temporal, pasando por beneficiarios de la Seguridad de Ingreso Suplementario, entre otros.   <\/span><\/p><h3><span style=\"font-weight: 400;\">Vida<\/span><\/h3><p><b>Recomendado<\/b><\/p><p><span style=\"font-weight: 400;\">Como joven que empieza a vivir de forma independiente, es poco probable que tenga personas a su cargo, o que vivan con usted y dependan de sus ingresos. Sin embargo, es importante que sepas qu\u00e9 es un seguro de vida y c\u00f3mo puede beneficiarte a ti o a tu familia.   <\/span><\/p><p><span style=\"font-weight: 400;\">Como explica Paige Tripp, agente de seguros independiente de Las Vegas que se ocupa de la profesi\u00f3n m\u00e9dica, el seguro de vida protege a la familia de la persona cubierta en caso de fallecimiento y p\u00e9rdida de esos ingresos.<\/span><\/p><p><span style=\"font-weight: 400;\">Cuando eras ni\u00f1o y viv\u00edas con tus padres o cuidadores, depend\u00edas de sus ingresos para pagar tu alojamiento, comida, ropa y dem\u00e1s. Pero si esos cuidadores fallecieran, no s\u00f3lo sufrir\u00edas emocionalmente por esa p\u00e9rdida, sino que pasar\u00edas apuros econ\u00f3micos sin sus ingresos. Adem\u00e1s, el coste de los funerales, entierros y otros servicios asociados a la muerte de una persona puede ser bastante caro, y pocos de nosotros disponemos de esa cantidad de dinero.    <\/span><\/p><p><span style=\"font-weight: 400;\">Es posible que en la actualidad usted est\u00e9 a cargo de otra persona y le ser\u00eda \u00fatil saber que est\u00e1 cubierta por un seguro de vida que le ayudar\u00eda con los gastos en caso de perderla.<\/span><\/p><p><span style=\"font-weight: 400;\">A nadie le gusta pensar en la muerte, pero ninguno de nosotros escapar\u00e1 a ella. Una de las mejores cosas que puedes hacer por tus seres queridos es invertir en un seguro de vida -Tripp sugiere que incluso una p\u00f3liza que proporcione s\u00f3lo 10.000 d\u00f3lares en caso de fallecimiento es una buena idea- para cubrir los gastos asociados a tu muerte.   <\/span><\/p><p><span style=\"font-weight: 400;\">Una p\u00f3liza de este tipo puede adquirirse normalmente por una peque\u00f1a cuota mensual y le proporcionar\u00e1 tranquilidad. A medida que envejece, es posible que su c\u00f3nyuge, pareja o hijos dependan de sus ingresos, por lo que puede merecer la pena invertir en una p\u00f3liza de mayor valor, que cubra no s\u00f3lo los gastos del funeral y el entierro, sino tambi\u00e9n la p\u00e9rdida de los ingresos que usted aportar\u00eda al hogar (ahora y en el futuro) y la p\u00e9rdida de consorcio, es decir, la p\u00e9rdida de apoyo emocional, compa\u00f1\u00eda y servicios compartidos, que forman parte del proceso de duelo. <\/span><\/p>\t\t\t\t\t\t\t\t<\/div>\n\t\t\t\t<\/div>\n\t\t\t\t<div class=\"elementor-element elementor-element-a01fd72 elementor-widget elementor-widget-text-editor\" data-id=\"a01fd72\" data-element_type=\"widget\" data-widget_type=\"text-editor.default\">\n\t\t\t\t<div class=\"elementor-widget-container\">\n\t\t\t\t\t\t\t\t\t<h3><a href=\"https:\/\/nvtrip.sncil.org\/es\/viaje-nv\/del-instituto-a-la-independencia\/terminos-de-seguros-que-debe-conocer\/\" target=\"_blank\" rel=\"noopener\">Siguiente: T\u00e9rminos sobre seguros que necesitar\u00e1s conocer<\/a><\/h3>\t\t\t\t\t\t\t\t<\/div>\n\t\t\t\t<\/div>\n\t\t\t\t\t<\/div>\n\t\t\t\t<\/div>\n\t\t\t\t<\/div>\n\t\t","protected":false},"excerpt":{"rendered":"<p>Tipos de seguros En la actualidad, existen p\u00f3lizas de seguro para casi cualquier bien o circunstancia que se le ocurra, desde veh\u00edculos de recreo y apartamentos alquilados hasta empresas, hipotecas, accidentes y mucho m\u00e1s. Algunos son obligatorios por ley, mientras que otros se recomiendan o es bueno tenerlos, pero no son legalmente obligatorios. Estos son [&hellip;]<\/p>\n","protected":false},"author":1,"featured_media":0,"parent":747,"menu_order":0,"comment_status":"closed","ping_status":"closed","template":"","meta":{"footnotes":""},"class_list":["post-1711","page","type-page","status-publish","hentry"],"_links":{"self":[{"href":"https:\/\/nvtrip.sncil.org\/es\/wp-json\/wp\/v2\/pages\/1711","targetHints":{"allow":["GET"]}}],"collection":[{"href":"https:\/\/nvtrip.sncil.org\/es\/wp-json\/wp\/v2\/pages"}],"about":[{"href":"https:\/\/nvtrip.sncil.org\/es\/wp-json\/wp\/v2\/types\/page"}],"author":[{"embeddable":true,"href":"https:\/\/nvtrip.sncil.org\/es\/wp-json\/wp\/v2\/users\/1"}],"replies":[{"embeddable":true,"href":"https:\/\/nvtrip.sncil.org\/es\/wp-json\/wp\/v2\/comments?post=1711"}],"version-history":[{"count":1,"href":"https:\/\/nvtrip.sncil.org\/es\/wp-json\/wp\/v2\/pages\/1711\/revisions"}],"predecessor-version":[{"id":1712,"href":"https:\/\/nvtrip.sncil.org\/es\/wp-json\/wp\/v2\/pages\/1711\/revisions\/1712"}],"up":[{"embeddable":true,"href":"https:\/\/nvtrip.sncil.org\/es\/wp-json\/wp\/v2\/pages\/747"}],"wp:attachment":[{"href":"https:\/\/nvtrip.sncil.org\/es\/wp-json\/wp\/v2\/media?parent=1711"}],"curies":[{"name":"wp","href":"https:\/\/api.w.org\/{rel}","templated":true}]}}