{"id":1709,"date":"2025-08-14T16:18:48","date_gmt":"2025-08-14T16:18:48","guid":{"rendered":"https:\/\/nvtrip.sncil.org\/viaje-nv\/del-instituto-a-la-independencia\/dar-sentido-a-los-seguros\/"},"modified":"2025-10-22T23:50:01","modified_gmt":"2025-10-22T23:50:01","slug":"dar-sentido-a-los-seguros","status":"publish","type":"page","link":"https:\/\/nvtrip.sncil.org\/es\/viaje-nv\/del-instituto-a-la-independencia\/dar-sentido-a-los-seguros\/","title":{"rendered":"Dar sentido a los seguros"},"content":{"rendered":"\t\t<div data-elementor-type=\"wp-page\" data-elementor-id=\"1709\" class=\"elementor elementor-1709 elementor-1560\" data-elementor-post-type=\"page\">\n\t\t\t\t<div data-particle_enable=\"false\" data-particle-mobile-disabled=\"false\" class=\"elementor-element elementor-element-72582984 e-con-full e-flex e-con e-parent\" data-id=\"72582984\" data-element_type=\"container\">\n\t\t\t\t<div class=\"elementor-element elementor-element-4138c762 elementor-widget elementor-widget-image\" data-id=\"4138c762\" data-element_type=\"widget\" data-widget_type=\"image.default\">\n\t\t\t\t<div class=\"elementor-widget-container\">\n\t\t\t\t\t\t\t\t\t\t\t\t\t\t\t<img fetchpriority=\"high\" decoding=\"async\" width=\"1440\" height=\"700\" src=\"https:\/\/nvtrip.sncil.org\/wp-content\/uploads\/2025\/08\/Making-Sense-of-Insurance-SNCIL.svg\" class=\"attachment-full size-full wp-image-1563\" alt=\"Illustration of a woman analyzing a giant insurance form with a giant magnifying glass.\" \/>\t\t\t\t\t\t\t\t\t\t\t\t\t\t\t<\/div>\n\t\t\t\t<\/div>\n\t\t\t\t<div class=\"elementor-element elementor-element-e4b3c0a elementor-widget elementor-widget-heading\" data-id=\"e4b3c0a\" data-element_type=\"widget\" data-widget_type=\"heading.default\">\n\t\t\t\t<div class=\"elementor-widget-container\">\n\t\t\t\t\t<h1 class=\"elementor-heading-title elementor-size-default\">Dar sentido a los seguros<\/h1>\t\t\t\t<\/div>\n\t\t\t\t<\/div>\n\t\t\t\t<div class=\"elementor-element elementor-element-c754940 elementor-widget elementor-widget-spacer\" data-id=\"c754940\" data-element_type=\"widget\" data-widget_type=\"spacer.default\">\n\t\t\t\t<div class=\"elementor-widget-container\">\n\t\t\t\t\t\t\t<div class=\"elementor-spacer\">\n\t\t\t<div class=\"elementor-spacer-inner\"><\/div>\n\t\t<\/div>\n\t\t\t\t\t\t<\/div>\n\t\t\t\t<\/div>\n\t\t\t\t<div class=\"elementor-element elementor-element-e8a21ad elementor-widget elementor-widget-video\" data-id=\"e8a21ad\" data-element_type=\"widget\" data-settings=\"{&quot;youtube_url&quot;:&quot;https:\\\/\\\/youtu.be\\\/pCz5sxFcv-4&quot;,&quot;video_type&quot;:&quot;youtube&quot;,&quot;controls&quot;:&quot;yes&quot;}\" data-widget_type=\"video.default\">\n\t\t\t\t<div class=\"elementor-widget-container\">\n\t\t\t\t\t\t\t<div class=\"elementor-wrapper elementor-open-inline\">\n\t\t\t<div class=\"elementor-video\"><\/div>\t\t<\/div>\n\t\t\t\t\t\t<\/div>\n\t\t\t\t<\/div>\n\t\t\t\t<\/div>\n\t\t<div data-particle_enable=\"false\" data-particle-mobile-disabled=\"false\" class=\"elementor-element elementor-element-36a537b4 e-flex e-con-boxed e-con e-parent\" data-id=\"36a537b4\" data-element_type=\"container\">\n\t\t\t\t\t<div class=\"e-con-inner\">\n\t\t\t\t<div class=\"elementor-element elementor-element-7e95b386 elementor-widget elementor-widget-spacer\" data-id=\"7e95b386\" data-element_type=\"widget\" data-widget_type=\"spacer.default\">\n\t\t\t\t<div class=\"elementor-widget-container\">\n\t\t\t\t\t\t\t<div class=\"elementor-spacer\">\n\t\t\t<div class=\"elementor-spacer-inner\"><\/div>\n\t\t<\/div>\n\t\t\t\t\t\t<\/div>\n\t\t\t\t<\/div>\n\t\t\t\t<div class=\"elementor-element elementor-element-3c3e34b5 elementor-widget elementor-widget-text-editor\" data-id=\"3c3e34b5\" data-element_type=\"widget\" data-widget_type=\"text-editor.default\">\n\t\t\t\t<div class=\"elementor-widget-container\">\n\t\t\t\t\t\t\t\t\t<p><span style=\"font-weight: 400;\">Es posible que haya o\u00eddo antes esta expresi\u00f3n: \u00abEl mejor momento para contratar un seguro es antes de necesitarlo\u00bb.<\/span><\/p><p><span style=\"font-weight: 400;\">Lo extra\u00f1o de los seguros es que se contratan con la esperanza de no necesitarlos nunca. Puede ser caro y dif\u00edcil de entender, pero si se da el peor de los casos, te alegrar\u00e1s de tenerlo. <\/span><\/p><h2><span style=\"font-weight: 400;\">En primer lugar, \u00bfqu\u00e9 es un seguro?  <\/span><\/h2><p><span style=\"font-weight: 400;\">En pocas palabras, es una protecci\u00f3n contra p\u00e9rdidas econ\u00f3micas. Si su coche o su casa sufren da\u00f1os, si le roban o si sufre una lesi\u00f3n o enfermedad que requiere muchos cuidados, todo eso cuesta dinero, mucho dinero. Pocos de nosotros tenemos ese dinero a mano para utilizarlo en caso de emergencia. Para eso est\u00e1 el seguro. Usted paga cada mes, trimestre o a\u00f1o una cantidad de dinero previsible y manejable a la compa\u00f1\u00eda de seguros que elija. Y a cambio, la p\u00f3liza de seguro de esa compa\u00f1\u00eda protege su casa, su coche, su salud o incluso la vida que pretende cubrir con el dinero necesario para pagar la reparaci\u00f3n, sustituci\u00f3n, tratamiento u otro servicio necesario.     <\/span><\/p><h2><span style=\"font-weight: 400;\">\u00bfQu\u00e9 tipos de seguros existen?<\/span><\/h2><p><span style=\"font-weight: 400;\">En realidad, hay seguros para casi cualquier cosa que posea o que tenga valor. Eso incluye estos tipos m\u00e1s comunes: <\/span><\/p><ul><li style=\"font-weight: 400;\" aria-level=\"1\"><span style=\"font-weight: 400;\">Seguro de autom\u00f3vil<\/span><\/li><li style=\"font-weight: 400;\" aria-level=\"1\"><span style=\"font-weight: 400;\">Seguro de enfermedad<\/span><\/li><li style=\"font-weight: 400;\" aria-level=\"1\"><span style=\"font-weight: 400;\">Seguro de hogar<\/span><\/li><li style=\"font-weight: 400;\" aria-level=\"1\"><span style=\"font-weight: 400;\">Seguro de alquiler<\/span><\/li><li style=\"font-weight: 400;\" aria-level=\"1\"><span style=\"font-weight: 400;\">Seguro de vida<\/span><\/li><\/ul><p><span style=\"font-weight: 400;\">Hay muchos m\u00e1s tipos de p\u00f3lizas de seguro, pero es probable que una persona joven como t\u00fa se encuentre con estos cinco tipos con m\u00e1s frecuencia. Para saber m\u00e1s sobre cada uno, visita nuestra p\u00e1gina \u00abTipos de seguros\u00bb.   <\/span><\/p><h2><span style=\"font-weight: 400;\">C\u00f3mo contratar un seguro<\/span><\/h2><p><span style=\"font-weight: 400;\">Pocos de nosotros entendemos todos los entresijos de los seguros, \u00a1y no pasa nada! Afortunadamente, hay profesionales que s\u00ed los conocen y que pueden responder a sus preguntas y facilitarle la b\u00fasqueda de las p\u00f3lizas de seguro m\u00e1s adecuadas.   <\/span><\/p><h3><span style=\"font-weight: 400;\">Nevada Health Link<\/span><\/h3><p><span style=\"font-weight: 400;\">Gracias a la <\/span><a href=\"https:\/\/www.hhs.gov\/healthcare\/about-the-aca\/index.html\">\n  <span style=\"font-weight: 400;\">Ley de Asistencia Sanitaria Asequible<\/span>\n<\/a><span style=\"font-weight: 400;\">que se estableci\u00f3 para ayudar a garantizar que todos los estadounidenses tengan acceso a una cobertura de seguro m\u00e9dico, independientemente de su coste, algunos estados ofrecen ahora a sus residentes una forma de acceder a un seguro asequible a trav\u00e9s de su estado. <\/span><a href=\"https:\/\/www.nevadahealthlink.com\/\">\n  <span style=\"font-weight: 400;\">Nevada Health Link<\/span>\n<\/a><span style=\"font-weight: 400;\"> es el mercado de nuestro estado.<\/span><\/p><p><span style=\"font-weight: 400;\">Por ley, si su empleador no le ofrece cobertura de seguro de salud, usted puede calificar para un subsidio de la ACA que puede hacer una de las pol\u00edticas disponibles a trav\u00e9s de Nevada Health Link asequible para usted.<\/span><\/p><h3><span style=\"font-weight: 400;\">Corredores de seguros independientes<\/span><\/h3><p><span style=\"font-weight: 400;\">Un corredor de seguros es un profesional independiente que trabaja en nombre de los clientes para encontrar el mejor plan entre varias compa\u00f1\u00edas de seguros diferentes. Piense en ellos como asesores personales de seguros. No est\u00e1n afiliados a ninguna de las compa\u00f1\u00edas, as\u00ed que pueden hablar con usted sobre sus necesidades y presupuesto exactos y luego encontrar los planes y aseguradoras que le parezcan m\u00e1s adecuados.  <\/span><\/p><h3><span style=\"font-weight: 400;\">Representante de una compa\u00f1\u00eda de seguros  <\/span><\/h3><p><span style=\"font-weight: 400;\">Este tipo de agente trabaja directamente para una compa\u00f1\u00eda de seguros concreta -algunas de las compa\u00f1\u00edas de las que probablemente hayas o\u00eddo hablar son Allstate, Nationwide, State Farm, United y New York Life- y atender\u00e1 el tel\u00e9fono cuando llames para preguntar por un seguro. Pueden prepararte un presupuesto, que es b\u00e1sicamente una estimaci\u00f3n del precio basada en la p\u00f3liza que crean para ti. Si no conoces a ning\u00fan corredor, puedes llamar directamente a dos o tres aseguradoras y comparar presupuestos para elegir la mejor p\u00f3liza.  <\/span><\/p>\t\t\t\t\t\t\t\t<\/div>\n\t\t\t\t<\/div>\n\t\t\t\t<div class=\"elementor-element elementor-element-a38b402 elementor-widget elementor-widget-text-editor\" data-id=\"a38b402\" data-element_type=\"widget\" data-widget_type=\"text-editor.default\">\n\t\t\t\t<div class=\"elementor-widget-container\">\n\t\t\t\t\t\t\t\t\t<h3><a href=\"https:\/\/nvtrip.sncil.org\/es\/viaje-nv\/del-instituto-a-la-independencia\/tipos-de-seguros\/\" target=\"_blank\" rel=\"noopener\">Siguiente: Tipos de seguros<\/a><\/h3>\t\t\t\t\t\t\t\t<\/div>\n\t\t\t\t<\/div>\n\t\t\t\t\t<\/div>\n\t\t\t\t<\/div>\n\t\t\t\t<\/div>\n\t\t","protected":false},"excerpt":{"rendered":"<p>Dar sentido a los seguros Es posible que haya o\u00eddo antes esta expresi\u00f3n: \u00abEl mejor momento para contratar un seguro es antes de necesitarlo\u00bb. Lo extra\u00f1o de los seguros es que se contratan con la esperanza de no necesitarlos nunca. Puede ser caro y dif\u00edcil de entender, pero si se da el peor de los [&hellip;]<\/p>\n","protected":false},"author":1,"featured_media":0,"parent":747,"menu_order":0,"comment_status":"closed","ping_status":"closed","template":"","meta":{"footnotes":""},"class_list":["post-1709","page","type-page","status-publish","hentry"],"_links":{"self":[{"href":"https:\/\/nvtrip.sncil.org\/es\/wp-json\/wp\/v2\/pages\/1709","targetHints":{"allow":["GET"]}}],"collection":[{"href":"https:\/\/nvtrip.sncil.org\/es\/wp-json\/wp\/v2\/pages"}],"about":[{"href":"https:\/\/nvtrip.sncil.org\/es\/wp-json\/wp\/v2\/types\/page"}],"author":[{"embeddable":true,"href":"https:\/\/nvtrip.sncil.org\/es\/wp-json\/wp\/v2\/users\/1"}],"replies":[{"embeddable":true,"href":"https:\/\/nvtrip.sncil.org\/es\/wp-json\/wp\/v2\/comments?post=1709"}],"version-history":[{"count":4,"href":"https:\/\/nvtrip.sncil.org\/es\/wp-json\/wp\/v2\/pages\/1709\/revisions"}],"predecessor-version":[{"id":2060,"href":"https:\/\/nvtrip.sncil.org\/es\/wp-json\/wp\/v2\/pages\/1709\/revisions\/2060"}],"up":[{"embeddable":true,"href":"https:\/\/nvtrip.sncil.org\/es\/wp-json\/wp\/v2\/pages\/747"}],"wp:attachment":[{"href":"https:\/\/nvtrip.sncil.org\/es\/wp-json\/wp\/v2\/media?parent=1709"}],"curies":[{"name":"wp","href":"https:\/\/api.w.org\/{rel}","templated":true}]}}