{"id":1707,"date":"2025-09-10T14:21:48","date_gmt":"2025-09-10T14:21:48","guid":{"rendered":"https:\/\/nvtrip.sncil.org\/viaje-nv\/apoyo-entre-iguales\/citas-con-discapacitados\/"},"modified":"2025-10-22T23:48:46","modified_gmt":"2025-10-22T23:48:46","slug":"citas-con-discapacitados","status":"publish","type":"page","link":"https:\/\/nvtrip.sncil.org\/es\/viaje-nv\/apoyo-entre-iguales\/citas-con-discapacitados\/","title":{"rendered":"Citas con discapacitados"},"content":{"rendered":"\t\t<div data-elementor-type=\"wp-page\" data-elementor-id=\"1707\" class=\"elementor elementor-1707 elementor-1631\" data-elementor-post-type=\"page\">\n\t\t\t\t<div data-particle_enable=\"false\" data-particle-mobile-disabled=\"false\" class=\"elementor-element elementor-element-53a5324a e-con-full e-flex e-con e-parent\" data-id=\"53a5324a\" data-element_type=\"container\">\n\t\t\t\t<div class=\"elementor-element elementor-element-2d930ebd elementor-widget elementor-widget-image\" data-id=\"2d930ebd\" data-element_type=\"widget\" data-widget_type=\"image.default\">\n\t\t\t\t<div class=\"elementor-widget-container\">\n\t\t\t\t\t\t\t\t\t\t\t\t\t\t\t<img fetchpriority=\"high\" decoding=\"async\" width=\"1440\" height=\"700\" src=\"https:\/\/nvtrip.sncil.org\/wp-content\/uploads\/2025\/09\/Dating-Tips-for-Those-with-Disabilities-SNCIL.svg\" class=\"attachment-full size-full wp-image-1636\" alt=\"Illustration of a young couple having dinner in a restaurant. The woman is in a wheelchair.\" \/>\t\t\t\t\t\t\t\t\t\t\t\t\t\t\t<\/div>\n\t\t\t\t<\/div>\n\t\t\t\t<div class=\"elementor-element elementor-element-44c4ca73 elementor-widget elementor-widget-heading\" data-id=\"44c4ca73\" data-element_type=\"widget\" data-widget_type=\"heading.default\">\n\t\t\t\t<div class=\"elementor-widget-container\">\n\t\t\t\t\t<h1 class=\"elementor-heading-title elementor-size-default\">Citas con discapacitados<\/h1>\t\t\t\t<\/div>\n\t\t\t\t<\/div>\n\t\t\t\t<div class=\"elementor-element elementor-element-84d52c5 elementor-widget elementor-widget-spacer\" data-id=\"84d52c5\" data-element_type=\"widget\" data-widget_type=\"spacer.default\">\n\t\t\t\t<div class=\"elementor-widget-container\">\n\t\t\t\t\t\t\t<div class=\"elementor-spacer\">\n\t\t\t<div class=\"elementor-spacer-inner\"><\/div>\n\t\t<\/div>\n\t\t\t\t\t\t<\/div>\n\t\t\t\t<\/div>\n\t\t\t\t<div class=\"elementor-element elementor-element-03fb4cf elementor-widget elementor-widget-video\" data-id=\"03fb4cf\" data-element_type=\"widget\" data-settings=\"{&quot;youtube_url&quot;:&quot;https:\\\/\\\/youtu.be\\\/hfSgUBe7s6w&quot;,&quot;video_type&quot;:&quot;youtube&quot;,&quot;controls&quot;:&quot;yes&quot;}\" data-widget_type=\"video.default\">\n\t\t\t\t<div class=\"elementor-widget-container\">\n\t\t\t\t\t\t\t<div class=\"elementor-wrapper elementor-open-inline\">\n\t\t\t<div class=\"elementor-video\"><\/div>\t\t<\/div>\n\t\t\t\t\t\t<\/div>\n\t\t\t\t<\/div>\n\t\t\t\t<div class=\"elementor-element elementor-element-1e175323 elementor-widget elementor-widget-spacer\" data-id=\"1e175323\" data-element_type=\"widget\" data-widget_type=\"spacer.default\">\n\t\t\t\t<div class=\"elementor-widget-container\">\n\t\t\t\t\t\t\t<div class=\"elementor-spacer\">\n\t\t\t<div class=\"elementor-spacer-inner\"><\/div>\n\t\t<\/div>\n\t\t\t\t\t\t<\/div>\n\t\t\t\t<\/div>\n\t\t\t\t<\/div>\n\t\t<div data-particle_enable=\"false\" data-particle-mobile-disabled=\"false\" class=\"elementor-element elementor-element-6d814638 e-flex e-con-boxed e-con e-parent\" data-id=\"6d814638\" data-element_type=\"container\">\n\t\t\t\t\t<div class=\"e-con-inner\">\n\t\t\t\t<div class=\"elementor-element elementor-element-5dcbd9ad elementor-widget elementor-widget-text-editor\" data-id=\"5dcbd9ad\" data-element_type=\"widget\" data-widget_type=\"text-editor.default\">\n\t\t\t\t<div class=\"elementor-widget-container\">\n\t\t\t\t\t\t\t\t\t<p><span style=\"font-weight: 400;\">Shakespeare escribi\u00f3: \u00abEl curso del verdadero amor nunca es tranquilo\u00bb. Cualquiera que haya tenido una cita sabe que es cierto. Salir con alguien puede ser un reto para todos, pero especialmente para las personas con discapacidad.    <\/span><\/p><h2><span style=\"font-weight: 400;\">Desafiar mitos y estigmas<\/span><\/h2><p><span style=\"font-weight: 400;\">Existen numerosos estigmas en torno a las discapacidades que pueden hacer que, comprensiblemente, tengas miedo de ser sincero sobre la tuya. Desgraciadamente, mucha gente piensa que las personas con discapacidad son asexuales, o puede que las excluyan por completo de las discusiones sobre citas, relaciones y sexualidad.   <\/span><\/p><p><span style=\"font-weight: 400;\">A veces, la gente da por sentado que cualquier persona con discapacidad debe estar agradecida por salir con alguien, lo cual es injusto y falso. Tambi\u00e9n es posible que, incluso sin querer, piensen que las personas con discapacidad son siempre ni\u00f1os, o que siempre son totalmente dependientes, lo que significa que una relaci\u00f3n implicar\u00e1 un sinf\u00edn de cuidados. <\/span><\/p><p><span style=\"font-weight: 400;\">Sin embargo, nada de esto es cierto. Tienes las mismas necesidades de compa\u00f1\u00eda, comprensi\u00f3n y atracci\u00f3n mutua que todo el mundo, y t\u00fa tambi\u00e9n las mereces.   <\/span><\/p><h2><span style=\"font-weight: 400;\">Acepte lo positivo<\/span><\/h2><p><span style=\"font-weight: 400;\">Mucha gente tiende a asociar la discapacidad s\u00f3lo con lo negativo. Pero hay muchos aspectos positivos que conviene recordar y compartir: Las personas con discapacidad est\u00e1n acostumbradas a superar retos. \u00a1Eres resiliente! Y debido a tu discapacidad, probablemente est\u00e9s acostumbrado a resolver problemas y a ser franco sobre tus necesidades y deseos (algo con lo que la mayor\u00eda de la gente tiene dificultades).     <\/span><\/p><p><span style=\"font-weight: 400;\">La autodefensa desempe\u00f1a un papel fundamental en las relaciones sentimentales. Ser capaz de comunicar las necesidades personales, establecer l\u00edmites y defender la accesibilidad es crucial para garantizar que las relaciones se basen en la igualdad y el respeto mutuo. Si est\u00e1s acostumbrado a defenderte en otros \u00e1mbitos de tu vida, ya llevas ventaja.  <\/span><\/p><h2><span style=\"font-weight: 400;\">Cu\u00eddate primero<\/span><\/h2><p><span style=\"font-weight: 400;\">En los aviones, los auxiliares de vuelo te dicen que te pongas tu propia m\u00e1scara de ox\u00edgeno antes de ayudar a los dem\u00e1s. Este consejo tambi\u00e9n se aplica a otros \u00e1mbitos de la vida. No puedes ser un buen compa\u00f1ero en una relaci\u00f3n si antes no tienes una buena relaci\u00f3n contigo mismo. Conc\u00e9ntrate en dar lo mejor de ti mismo y en sentirte bien contigo mismo y con lo que eres, sin necesitar la validaci\u00f3n de una pareja rom\u00e1ntica. Cuando tengas la confianza y el cuidado de ti mismo que necesitas, estar\u00e1s preparado para dar lo mejor de ti en una relaci\u00f3n.      <\/span><\/p><p><span style=\"font-weight: 400;\">Empieza por dedicar tiempo a disfrutar de la solter\u00eda. Intenta ir a sitios y participar en actividades que te interesen. Dedica tiempo a conocerte a ti mismo y tus intereses, y a relacionarte con muchos tipos de personas diferentes. Participar en actividades que te gusten puede ser una forma estupenda de conocer gente, ya sean posibles parejas rom\u00e1nticas o simplemente amigos, y puede ser una forma estupenda de aumentar la confianza en ti mismo. Puede ser positivo que los dem\u00e1s te vean en tu elemento, haciendo lo que te gusta. Tambi\u00e9n puede recordarte que eres m\u00e1s que tu discapacidad.     <\/span><\/p><h2><span style=\"font-weight: 400;\">Afronta tus miedos<\/span><\/h2><p><span style=\"font-weight: 400;\">Puede dar miedo exponerse y enfrentarse al miedo a ser estigmatizado o rechazado. Pero las citas implican ponerse delante de los dem\u00e1s, as\u00ed que tendr\u00e1s que aprender a superar lo que los dem\u00e1s piensen de ti. Por mucho que quieras envolverte en una burbuja y evitar cualquier da\u00f1o, las citas conllevan riesgos para todos, no s\u00f3lo para las personas con discapacidad.    <\/span><\/p><p><span style=\"font-weight: 400;\">Piensa en tu discapacidad como una forma de filtrar r\u00e1pidamente a las personas que no merecen tu tiempo. Y recuerda que el rechazo forma parte de las citas. \u00bfDuele? Claro que s\u00ed. Todo el mundo lo sufre. Pero en lugar de tom\u00e1rtelo como algo personal, piensa que es tu iniciaci\u00f3n formal en el mundo de las citas. Date un poco de cr\u00e9dito por intentarlo, ser valiente y salir ah\u00ed fuera.      <\/span><\/p><p><span style=\"font-weight: 400;\">Si experimentas rechazo, puede que se deba a tu discapacidad, pero puede que no. Puede que simplemente no exista una conexi\u00f3n real. Y puede que nunca sepas la causa. Lo mejor es aceptar el rechazo como una oportunidad para aprender y crecer, y luego seguir adelante.   <\/span><\/p><h2><span style=\"font-weight: 400;\">Empezar despacio<\/span><\/h2><p><span style=\"font-weight: 400;\">Nuestras vidas siempre ajetreadas y la prevalencia del trabajo a distancia hacen que sea m\u00e1s dif\u00edcil que nunca conocer gente. Esto no s\u00f3lo es cierto para las personas con discapacidad. Desde la pandemia, cada vez m\u00e1s personas sienten ansiedad social y les cuesta conocer gente nueva. Empieza poco a poco. En lugar de forzarte a salir a un gran evento para conocer a 20 personas nuevas, \u00bfpor qu\u00e9 no le pides a un amigo que hagan algo juntos? Empieza con peque\u00f1os retos y ve subiendo. Asiste a una clase o \u00fanete a un club donde puedas conocer gente nueva en un entorno controlado en el que las citas no sean necesariamente el objetivo. Y busca espacios inclusivos donde puedas sentirte c\u00f3modo movi\u00e9ndote e interactuando con los dem\u00e1s, sin tener que preocuparte por encontrarte en una situaci\u00f3n vulnerable.       <\/span><\/p><p><span style=\"font-weight: 400;\">Hoy en d\u00eda, muchas personas conocen a sus parejas a trav\u00e9s de aplicaciones de citas. Puede que este m\u00e9todo no sea para todo el mundo, pero puede que merezca la pena explorarlo, sobre todo si tu estilo de vida no te permite conocer gente nueva muy a menudo.   <\/span><\/p><p><span style=\"font-weight: 400;\">Y si encuentras a alguien con quien conectes, dedica tiempo a conoceros. Utilice una comunicaci\u00f3n clara y abierta, y sepa que usted es digno y merecedor de amor y respeto. (Lee m\u00e1s sobre las citas en l\u00ednea aqu\u00ed).  <\/span><\/p><h2><span style=\"font-weight: 400;\">\u00bfDebes compartir tu discapacidad?<\/span><\/h2><p><span style=\"font-weight: 400;\">Cuando se trata de salir con una persona discapacitada, la cuesti\u00f3n de si se debe ser sincero sobre la discapacidad desde el principio es probablemente la que m\u00e1s preocupa. Se trata de una elecci\u00f3n personal que debes basar en tu propia experiencia y nivel de comodidad.   <\/span><\/p><p><span style=\"font-weight: 400;\">Sin embargo, muchos expertos en la materia sugieren ser transparentes al respecto desde el principio. Por ejemplo, el especialista en relaciones con discapacitados   <\/span><a href=\"https:\/\/neurowellnessfoundation.org\/dating-advice-for-people-with-disabilities\/\"><span style=\"font-weight: 400;\">Dra. Danielle Sheypuk<\/span><\/a><span style=\"font-weight: 400;\">  cree que es mejor compartirlo desde el principio, para evitar malentendidos posteriores o problemas de confianza. Sugiere incluirlo en tu perfil online, por ejemplo en una aplicaci\u00f3n de citas, pero no te pases todo el tiempo hablando de ello. Es s\u00f3lo una faceta de qui\u00e9n eres. Aunque algunas personas creen que es mejor hablar de ello con calma y compartirlo despu\u00e9s de conocer a alguien, cuando puede ser m\u00e1s comprensivo, no suele ser as\u00ed. De hecho, pueden acabar sinti\u00e9ndose enga\u00f1ados, igual que si publicas una foto en tu perfil que no es tuya. Eso puede ser una experiencia m\u00e1s dolorosa que ser rechazado por una discapacidad desde el principio.       <\/span><\/p><p><span style=\"font-weight: 400;\">Si quieres tener una relaci\u00f3n de verdad con alguien, sin duda tendr\u00e1s que revelarle tu discapacidad porque puede que en alg\u00fan momento se convierta en un problema que tambi\u00e9n forme parte de su vida. As\u00ed que lo mejor es que lo hagas cuanto antes. Pero ten en cuenta que si tienes confianza en ti mismo y dejas que los dem\u00e1s te conozcan y te vean por todo lo maravilloso que eres, les dar\u00e1s la oportunidad de ver tu verdadero yo,    <\/span><i>\n  <span style=\"font-weight: 400;\">todo <\/span>\n<\/i><span style=\"font-weight: 400;\">de ti, no s\u00f3lo de tu discapacidad.<\/span><\/p><h2><span style=\"font-weight: 400;\">Siga unos h\u00e1bitos de noviazgo inteligentes<\/span><\/h2><p><span style=\"font-weight: 400;\">Te has lanzado a la piscina de las citas y has concertado una cita oficial. \u00bfY ahora qu\u00e9? En primer lugar, aseg\u00farate de organizar los encuentros en espacios seguros, inclusivos y accesibles, y no dudes en abogar por ello cuando planifiques la cita. Empieza bien utilizando una comunicaci\u00f3n clara.     <\/span><\/p><p><span style=\"font-weight: 400;\">Presta atenci\u00f3n a tu salud mental. Las citas en general, e incluso el uso de aplicaciones de citas, pueden ser emocionalmente agotadoras. T\u00f3mate un descanso si lo necesitas. Nunca comprometas tu propio bienestar. S\u00e9 consciente de c\u00f3mo empleas tu tiempo. Crear perfiles de citas, chatear con gente nueva y planear salidas puede consumir mucha energ\u00eda, y si tu bater\u00eda social tiene una cantidad limitada de energ\u00eda, ten en cuenta la cantidad de tiempo que est\u00e1s dispuesto a dedicar a las citas y c\u00f3mo establecer l\u00edmites para ti mismo para no sobrepasarte. T\u00f3matelo con calma, mant\u00e9n tus l\u00edmites y presta atenci\u00f3n a tus sentimientos.        <\/span><\/p><p><span style=\"font-weight: 400;\">Y la parte m\u00e1s importante de cualquier relaci\u00f3n, incluso de una nueva, es la comunicaci\u00f3n. Aprende a expresar educadamente tus pensamientos, sentimientos y necesidades para poder defenderte. La mayor\u00eda de los problemas en las relaciones pueden resolverse con una comunicaci\u00f3n clara y respetuosa.  <\/span><\/p><h2><span style=\"font-weight: 400;\">Cuidado con estas se\u00f1ales de alarma<\/span><\/h2><p><span style=\"font-weight: 400;\">Cuando empieces a conocer a alguien, presta atenci\u00f3n a todas las formas en que te dice qui\u00e9n es, tanto con sus palabras como con sus acciones. F\u00edjate en si parece respetar tus necesidades. Por ejemplo, \u00bfest\u00e1n poco dispuestos a comprometerse en actividades en las que t\u00fa no puedes o no quieres participar? Eso puede indicar que tampoco est\u00e1n dispuestos a tener en cuenta tus necesidades a largo plazo.   <\/span><\/p><p><span style=\"font-weight: 400;\">Si crees que no puedes expresarte sin miedo a las repercusiones, o que no est\u00e1n dispuestos a llegar a un acuerdo o a hacer ajustes para que te sientas c\u00f3modo, eso es un problema.  <\/span><\/p><p><span style=\"font-weight: 400;\">F\u00edjate tambi\u00e9n en si te tratan de forma diferente en privado que en p\u00fablico. Si alguna vez sientes que se averg\u00fcenzan de que los vean contigo o que no parecen la misma persona en p\u00fablico que en privado, eso tambi\u00e9n es una se\u00f1al de alarma. <\/span><span style=\"font-weight: 400;\">.<\/span><\/p>\t\t\t\t\t\t\t\t<\/div>\n\t\t\t\t<\/div>\n\t\t\t\t<div class=\"elementor-element elementor-element-22c01d8 elementor-widget elementor-widget-text-editor\" data-id=\"22c01d8\" data-element_type=\"widget\" data-widget_type=\"text-editor.default\">\n\t\t\t\t<div class=\"elementor-widget-container\">\n\t\t\t\t\t\t\t\t\t<h3><a href=\"https:\/\/nvtrip.sncil.org\/es\/navegar-por-internet-con-confianza\/\" target=\"_blank\" rel=\"noopener\"><span style=\"font-weight: 400;\">Siguiente: Navegar por las citas en l\u00ednea con confianza<\/span><\/a><\/h3>\t\t\t\t\t\t\t\t<\/div>\n\t\t\t\t<\/div>\n\t\t\t\t\t<\/div>\n\t\t\t\t<\/div>\n\t\t\t\t<\/div>\n\t\t","protected":false},"excerpt":{"rendered":"<p>Citas con discapacitados Shakespeare escribi\u00f3: \u00abEl curso del verdadero amor nunca es tranquilo\u00bb. Cualquiera que haya tenido una cita sabe que es cierto. Salir con alguien puede ser un reto para todos, pero especialmente para las personas con discapacidad. Desafiar mitos y estigmas Existen numerosos estigmas en torno a las discapacidades que pueden hacer que, [&hellip;]<\/p>\n","protected":false},"author":1,"featured_media":0,"parent":767,"menu_order":0,"comment_status":"closed","ping_status":"closed","template":"","meta":{"footnotes":""},"class_list":["post-1707","page","type-page","status-publish","hentry"],"_links":{"self":[{"href":"https:\/\/nvtrip.sncil.org\/es\/wp-json\/wp\/v2\/pages\/1707","targetHints":{"allow":["GET"]}}],"collection":[{"href":"https:\/\/nvtrip.sncil.org\/es\/wp-json\/wp\/v2\/pages"}],"about":[{"href":"https:\/\/nvtrip.sncil.org\/es\/wp-json\/wp\/v2\/types\/page"}],"author":[{"embeddable":true,"href":"https:\/\/nvtrip.sncil.org\/es\/wp-json\/wp\/v2\/users\/1"}],"replies":[{"embeddable":true,"href":"https:\/\/nvtrip.sncil.org\/es\/wp-json\/wp\/v2\/comments?post=1707"}],"version-history":[{"count":5,"href":"https:\/\/nvtrip.sncil.org\/es\/wp-json\/wp\/v2\/pages\/1707\/revisions"}],"predecessor-version":[{"id":2171,"href":"https:\/\/nvtrip.sncil.org\/es\/wp-json\/wp\/v2\/pages\/1707\/revisions\/2171"}],"up":[{"embeddable":true,"href":"https:\/\/nvtrip.sncil.org\/es\/wp-json\/wp\/v2\/pages\/767"}],"wp:attachment":[{"href":"https:\/\/nvtrip.sncil.org\/es\/wp-json\/wp\/v2\/media?parent=1707"}],"curies":[{"name":"wp","href":"https:\/\/api.w.org\/{rel}","templated":true}]}}