{"id":1705,"date":"2025-08-14T16:24:46","date_gmt":"2025-08-14T16:24:46","guid":{"rendered":"https:\/\/nvtrip.sncil.org\/viaje-nv\/del-instituto-a-la-independencia\/terminos-de-seguros-que-debe-conocer\/"},"modified":"2025-10-22T23:49:30","modified_gmt":"2025-10-22T23:49:30","slug":"terminos-de-seguros-que-debe-conocer","status":"publish","type":"page","link":"https:\/\/nvtrip.sncil.org\/es\/viaje-nv\/del-instituto-a-la-independencia\/terminos-de-seguros-que-debe-conocer\/","title":{"rendered":"T\u00e9rminos de seguros que debe conocer"},"content":{"rendered":"\t\t<div data-elementor-type=\"wp-page\" data-elementor-id=\"1705\" class=\"elementor elementor-1705 elementor-1574\" data-elementor-post-type=\"page\">\n\t\t\t\t<div data-particle_enable=\"false\" data-particle-mobile-disabled=\"false\" class=\"elementor-element elementor-element-565b77bd e-con-full e-flex e-con e-parent\" data-id=\"565b77bd\" data-element_type=\"container\">\n\t\t\t\t<div class=\"elementor-element elementor-element-66f7d57b elementor-widget elementor-widget-image\" data-id=\"66f7d57b\" data-element_type=\"widget\" data-widget_type=\"image.default\">\n\t\t\t\t<div class=\"elementor-widget-container\">\n\t\t\t\t\t\t\t\t\t\t\t\t\t\t\t<img fetchpriority=\"high\" decoding=\"async\" width=\"1440\" height=\"700\" src=\"https:\/\/nvtrip.sncil.org\/wp-content\/uploads\/2025\/08\/Insurance-Terms-You-Should-Know-SNCIL.svg\" class=\"attachment-full size-full wp-image-1577\" alt=\"Illustration of a man with one leg standing using crutches, looking at giant insurance forms\" \/>\t\t\t\t\t\t\t\t\t\t\t\t\t\t\t<\/div>\n\t\t\t\t<\/div>\n\t\t\t\t<div class=\"elementor-element elementor-element-1cc818cb elementor-widget elementor-widget-heading\" data-id=\"1cc818cb\" data-element_type=\"widget\" data-widget_type=\"heading.default\">\n\t\t\t\t<div class=\"elementor-widget-container\">\n\t\t\t\t\t<h1 class=\"elementor-heading-title elementor-size-default\">T\u00e9rminos de seguros que debe conocer<\/h1>\t\t\t\t<\/div>\n\t\t\t\t<\/div>\n\t\t\t\t<div class=\"elementor-element elementor-element-2ee493df elementor-widget elementor-widget-spacer\" data-id=\"2ee493df\" data-element_type=\"widget\" data-widget_type=\"spacer.default\">\n\t\t\t\t<div class=\"elementor-widget-container\">\n\t\t\t\t\t\t\t<div class=\"elementor-spacer\">\n\t\t\t<div class=\"elementor-spacer-inner\"><\/div>\n\t\t<\/div>\n\t\t\t\t\t\t<\/div>\n\t\t\t\t<\/div>\n\t\t\t\t<\/div>\n\t\t<div data-particle_enable=\"false\" data-particle-mobile-disabled=\"false\" class=\"elementor-element elementor-element-3aed6263 e-flex e-con-boxed e-con e-parent\" data-id=\"3aed6263\" data-element_type=\"container\">\n\t\t\t\t\t<div class=\"e-con-inner\">\n\t\t\t\t<div class=\"elementor-element elementor-element-41b4ef6a elementor-widget elementor-widget-spacer\" data-id=\"41b4ef6a\" data-element_type=\"widget\" data-widget_type=\"spacer.default\">\n\t\t\t\t<div class=\"elementor-widget-container\">\n\t\t\t\t\t\t\t<div class=\"elementor-spacer\">\n\t\t\t<div class=\"elementor-spacer-inner\"><\/div>\n\t\t<\/div>\n\t\t\t\t\t\t<\/div>\n\t\t\t\t<\/div>\n\t\t\t\t<div class=\"elementor-element elementor-element-1ae38d24 elementor-widget elementor-widget-text-editor\" data-id=\"1ae38d24\" data-element_type=\"widget\" data-widget_type=\"text-editor.default\">\n\t\t\t\t<div class=\"elementor-widget-container\">\n\t\t\t\t\t\t\t\t\t<p><span style=\"font-weight: 400;\">A veces, el mundo de los seguros puede parecer otro planeta, con todo un lenguaje propio. Algunas de las palabras y frases que utilizan los agentes de seguros pueden ser dif\u00edciles de entender, pero es importante que las conozcas para que puedas tomar las mejores decisiones sobre qu\u00e9 planes de seguro son los mejores para ti.   <\/span><\/p><p><span style=\"font-weight: 400;\">\u00c9stos son los m\u00e1s importantes que hay que saber:<\/span><\/p><h2><span style=\"font-weight: 400;\">Coseguro<\/span><\/h2><p><span style=\"font-weight: 400;\">En el seguro de enfermedad, se refiere al porcentaje de los costes que pagar\u00e1 por la asistencia despu\u00e9s de haber abonado la franquicia. Por ejemplo, si su franquicia es de 1.000 d\u00f3lares y ha pagado esa cantidad durante el a\u00f1o natural, se le aplicar\u00e1 el coseguro. Normalmente, usted pagar\u00eda el 20% de los costes que superen esa cantidad y la compa\u00f1\u00eda de seguros, el 80%.  <\/span><\/p><h2><span style=\"font-weight: 400;\">Copago<\/span><\/h2><p><span style=\"font-weight: 400;\">Cantidad fija (por ejemplo, 25 d\u00f3lares) que el asegurado paga por un servicio sanitario cubierto por su seguro, normalmente despu\u00e9s de haber abonado la franquicia. En algunas situaciones, el asegurado puede pagar s\u00f3lo el copago, incluso antes de cumplir la franquicia, y el copago se aplica a la franquicia. <\/span><\/p><h2><span style=\"font-weight: 400;\">Cobertura<\/span><\/h2><p><span style=\"font-weight: 400;\">En pocas palabras, la cobertura significa qu\u00e9 p\u00e9rdidas o servicios pagar\u00e1 su p\u00f3liza de seguro y cu\u00e1nto pagar\u00e1 por reparar, sustituir o asegurar esos art\u00edculos o servicios.<\/span><\/p><h2><span style=\"font-weight: 400;\">Deducible<\/span><\/h2><p><span style=\"font-weight: 400;\">Cantidad que debe pagar de su bolsillo por un da\u00f1o, una p\u00e9rdida o un servicio sanitario antes de que el seguro empiece a pagar. En el caso de un seguro de autom\u00f3vil, puede tener una franquicia de 500 $; en ese ejemplo, si se ve implicado en un accidente, usted es responsable de pagar primero 500 $, y luego el seguro cubrir\u00eda el resto del coste. En el caso de la asistencia sanitaria, la franquicia suele ser mayor: puede ser de 1.000, 2.500 o incluso 5.000 d\u00f3lares.  <\/span><\/p><h2><span style=\"font-weight: 400;\">Dependiente<\/span><\/h2><p><span style=\"font-weight: 400;\">Este t\u00e9rmino suele referirse a los impuestos: un dependiente es un hijo u otra persona que depende de un proveedor de ingresos (como un progenitor). Ese proveedor de ingresos puede solicitar una deducci\u00f3n fiscal que le ayude a mantener a sus dependientes. En t\u00e9rminos de seguros, se refiere a las personas que podr\u00edan ser beneficiarias de las prestaciones del seguro de vida si el asegurado fallece. En relaci\u00f3n con la Ley de Asistencia Sanitaria Asequible, tambi\u00e9n puede referirse a las personas por las que los proveedores de ingresos pueden recibir subsidios adicionales para obtener la cobertura sanitaria de esos dependientes.   <\/span><\/p><h2><span style=\"font-weight: 400;\">Responsabilidad<\/span><\/h2><p><span style=\"font-weight: 400;\">Responsabilidad es otra palabra para responsabilidad. Cuando usted tiene la responsabilidad en un accidente de coche, eso significa que usted lo caus\u00f3. Usted es responsable del accidente. En t\u00e9rminos de seguros, la cobertura de responsabilidad civil paga los da\u00f1os de los que eres responsable, ya sean da\u00f1os a una persona, como lesiones, o a su propiedad.   <\/span><\/p><h2><span style=\"font-weight: 400;\">Pol\u00edtica<\/span><\/h2><p><span style=\"font-weight: 400;\">En el lenguaje de los seguros, una p\u00f3liza es el contrato escrito que establece qu\u00e9 cubre la aseguradora (y cu\u00e1nto) y qu\u00e9 no. Una p\u00f3liza suele renovarse cada a\u00f1o, aunque en algunos tipos de seguro, como el de vida, puede renovarse cada 10 o incluso 20 a\u00f1os. <\/span><\/p><h2><span style=\"font-weight: 400;\">Premium<\/span><\/h2><p><span style=\"font-weight: 400;\">Prima es una palabra elegante para referirse a la cantidad que paga por el seguro. Este coste se basa en una serie de factores, como el nivel de cobertura de la p\u00f3liza, su estado de salud o estilo de vida y el grado de riesgo que la aseguradora considere que usted representa; por ejemplo, si su historial de conducci\u00f3n incluye muchas multas por exceso de velocidad o accidentes, es m\u00e1s arriesgado que la aseguradora le ofrezca cobertura. <\/span><\/p><p><span style=\"font-weight: 400;\">Las primas pueden pagarse mensualmente (normalmente en los seguros de autom\u00f3vil, vida o salud), trimestralmente o anualmente (como en el seguro de hogar). Esto depende en gran medida de tu aseguradora y de los acuerdos que establezcas con ella, en funci\u00f3n de tus finanzas. <\/span><\/p><p><span style=\"font-weight: 400;\">Para consultar un glosario m\u00e1s detallado de t\u00e9rminos relacionados con los seguros, visite <\/span><a href=\"https:\/\/www.healthcare.gov\/glossary\/co-insurance\/\"><span style=\"font-weight: 400;\">HealthCare.gov<\/span><\/a><span style=\"font-weight: 400;\"> o la <\/span><a href=\"https:\/\/content.naic.org\/glossary-insurance-terms\"><span style=\"font-weight: 400;\">Asociaci\u00f3n Nacional de Comisionados de Seguros (NAIC)<\/span><\/a><span style=\"font-weight: 400;\">. <\/span> <\/p>\t\t\t\t\t\t\t\t<\/div>\n\t\t\t\t<\/div>\n\t\t\t\t\t<\/div>\n\t\t\t\t<\/div>\n\t\t\t\t<\/div>\n\t\t","protected":false},"excerpt":{"rendered":"<p>T\u00e9rminos de seguros que debe conocer A veces, el mundo de los seguros puede parecer otro planeta, con todo un lenguaje propio. Algunas de las palabras y frases que utilizan los agentes de seguros pueden ser dif\u00edciles de entender, pero es importante que las conozcas para que puedas tomar las mejores decisiones sobre qu\u00e9 planes [&hellip;]<\/p>\n","protected":false},"author":1,"featured_media":0,"parent":747,"menu_order":0,"comment_status":"closed","ping_status":"closed","template":"","meta":{"footnotes":""},"class_list":["post-1705","page","type-page","status-publish","hentry"],"_links":{"self":[{"href":"https:\/\/nvtrip.sncil.org\/es\/wp-json\/wp\/v2\/pages\/1705","targetHints":{"allow":["GET"]}}],"collection":[{"href":"https:\/\/nvtrip.sncil.org\/es\/wp-json\/wp\/v2\/pages"}],"about":[{"href":"https:\/\/nvtrip.sncil.org\/es\/wp-json\/wp\/v2\/types\/page"}],"author":[{"embeddable":true,"href":"https:\/\/nvtrip.sncil.org\/es\/wp-json\/wp\/v2\/users\/1"}],"replies":[{"embeddable":true,"href":"https:\/\/nvtrip.sncil.org\/es\/wp-json\/wp\/v2\/comments?post=1705"}],"version-history":[{"count":1,"href":"https:\/\/nvtrip.sncil.org\/es\/wp-json\/wp\/v2\/pages\/1705\/revisions"}],"predecessor-version":[{"id":1706,"href":"https:\/\/nvtrip.sncil.org\/es\/wp-json\/wp\/v2\/pages\/1705\/revisions\/1706"}],"up":[{"embeddable":true,"href":"https:\/\/nvtrip.sncil.org\/es\/wp-json\/wp\/v2\/pages\/747"}],"wp:attachment":[{"href":"https:\/\/nvtrip.sncil.org\/es\/wp-json\/wp\/v2\/media?parent=1705"}],"curies":[{"name":"wp","href":"https:\/\/api.w.org\/{rel}","templated":true}]}}