{"id":1703,"date":"2025-09-12T01:44:51","date_gmt":"2025-09-12T01:44:51","guid":{"rendered":"https:\/\/nvtrip.sncil.org\/viaje-nv\/desarrollar-la-confianza-habilidad-a-habilidad\/salir-los-beneficios-de-estar-al-aire-libre\/"},"modified":"2025-10-31T17:07:01","modified_gmt":"2025-10-31T17:07:01","slug":"salir-los-beneficios-de-estar-al-aire-libre","status":"publish","type":"page","link":"https:\/\/nvtrip.sncil.org\/es\/viaje-nv\/desarrollar-la-confianza-habilidad-a-habilidad\/salir-los-beneficios-de-estar-al-aire-libre\/","title":{"rendered":"Salir: Los beneficios de estar al aire libre"},"content":{"rendered":"\t\t<div data-elementor-type=\"wp-page\" data-elementor-id=\"1703\" class=\"elementor elementor-1703 elementor-1662\" data-elementor-post-type=\"page\">\n\t\t\t\t<div data-particle_enable=\"false\" data-particle-mobile-disabled=\"false\" class=\"elementor-element elementor-element-3b81cfb8 e-con-full e-flex e-con e-parent\" data-id=\"3b81cfb8\" data-element_type=\"container\">\n\t\t\t\t<div class=\"elementor-element elementor-element-32e67673 elementor-widget elementor-widget-image\" data-id=\"32e67673\" data-element_type=\"widget\" data-widget_type=\"image.default\">\n\t\t\t\t<div class=\"elementor-widget-container\">\n\t\t\t\t\t\t\t\t\t\t\t\t\t\t\t<img fetchpriority=\"high\" decoding=\"async\" width=\"1440\" height=\"700\" src=\"https:\/\/nvtrip.sncil.org\/wp-content\/uploads\/2025\/09\/Get-Out-The-Benefits-of-Being-Outdoors-SNCIL.svg\" class=\"attachment-full size-full wp-image-1671\" alt=\"Illustration of three young people hiking outside.\" \/>\t\t\t\t\t\t\t\t\t\t\t\t\t\t\t<\/div>\n\t\t\t\t<\/div>\n\t\t\t\t<div class=\"elementor-element elementor-element-482f9de5 elementor-widget elementor-widget-heading\" data-id=\"482f9de5\" data-element_type=\"widget\" data-widget_type=\"heading.default\">\n\t\t\t\t<div class=\"elementor-widget-container\">\n\t\t\t\t\t<h1 class=\"elementor-heading-title elementor-size-default\">Salir: Los beneficios de estar al aire libre<\/h1>\t\t\t\t<\/div>\n\t\t\t\t<\/div>\n\t\t\t\t<div class=\"elementor-element elementor-element-c731fa5 elementor-widget elementor-widget-video\" data-id=\"c731fa5\" data-element_type=\"widget\" data-settings=\"{&quot;youtube_url&quot;:&quot;https:\\\/\\\/youtu.be\\\/8ftH4E_ILjk&quot;,&quot;video_type&quot;:&quot;youtube&quot;,&quot;controls&quot;:&quot;yes&quot;}\" data-widget_type=\"video.default\">\n\t\t\t\t<div class=\"elementor-widget-container\">\n\t\t\t\t\t\t\t<div class=\"elementor-wrapper elementor-open-inline\">\n\t\t\t<div class=\"elementor-video\"><\/div>\t\t<\/div>\n\t\t\t\t\t\t<\/div>\n\t\t\t\t<\/div>\n\t\t\t\t<div class=\"elementor-element elementor-element-4d55628e elementor-widget elementor-widget-spacer\" data-id=\"4d55628e\" data-element_type=\"widget\" data-widget_type=\"spacer.default\">\n\t\t\t\t<div class=\"elementor-widget-container\">\n\t\t\t\t\t\t\t<div class=\"elementor-spacer\">\n\t\t\t<div class=\"elementor-spacer-inner\"><\/div>\n\t\t<\/div>\n\t\t\t\t\t\t<\/div>\n\t\t\t\t<\/div>\n\t\t\t\t<\/div>\n\t\t<div data-particle_enable=\"false\" data-particle-mobile-disabled=\"false\" class=\"elementor-element elementor-element-2693772a e-flex e-con-boxed e-con e-parent\" data-id=\"2693772a\" data-element_type=\"container\">\n\t\t\t\t\t<div class=\"e-con-inner\">\n\t\t\t\t<div class=\"elementor-element elementor-element-26530def elementor-widget elementor-widget-spacer\" data-id=\"26530def\" data-element_type=\"widget\" data-widget_type=\"spacer.default\">\n\t\t\t\t<div class=\"elementor-widget-container\">\n\t\t\t\t\t\t\t<div class=\"elementor-spacer\">\n\t\t\t<div class=\"elementor-spacer-inner\"><\/div>\n\t\t<\/div>\n\t\t\t\t\t\t<\/div>\n\t\t\t\t<\/div>\n\t\t\t\t<div class=\"elementor-element elementor-element-5fd14c47 elementor-widget elementor-widget-text-editor\" data-id=\"5fd14c47\" data-element_type=\"widget\" data-widget_type=\"text-editor.default\">\n\t\t\t\t<div class=\"elementor-widget-container\">\n\t\t\t\t\t\t\t\t\t<p><span style=\"font-weight: 400;\">Si alguna vez ha tomado caf\u00e9 en el porche de su casa, ha paseado por su barrio o ha dado una vuelta por la ciudad con las ventanillas bajadas, probablemente ya sabe instintivamente que estar al aire libre sienta bien.  <\/span><\/p><p><span style=\"font-weight: 400;\">Pero \u00bfsab\u00edas que hay ciencia detr\u00e1s? De hecho, un   <\/span><a href=\"https:\/\/www.nature.com\/articles\/s41598-019-44097-3\"><span style=\"font-weight: 400;\">encuesta realizada en 2019<\/span><\/a><span style=\"font-weight: 400;\"> inform\u00f3 que pasar al menos dos horas en la naturaleza cada semana puede mejorar significativamente su salud y bienestar, ya sea que esas dos horas ocurran de una sola vez o divididas en peque\u00f1os segmentos de tiempo.<\/span><\/p><p><span style=\"font-weight: 400;\">Sobre nuestro <\/span><a href=\"https:\/\/nncil.org\/nv-trip\/skills-training\/stay-calm-stay-independent-stress-management-tips\/\"><span style=\"font-weight: 400;\">\u00abMantenga la calma, siga siendo independiente\u00bb<\/span><\/a><span style=\"font-weight: 400;\">  p\u00e1gina, aprendiste que salir al aire libre durante s\u00f3lo 10 minutos puede ayudar a reducir los efectos del estr\u00e9s en tu salud mental y f\u00edsica. \u00bfPor qu\u00e9? Siga leyendo para averiguarlo.  <\/span><\/p><h2><span style=\"font-weight: 400;\">Por qu\u00e9 la naturaleza es buena para nosotros<\/span><\/h2><p><span style=\"font-weight: 400;\">La vida al aire libre nos beneficia de varias formas concretas:<\/span><\/p><h3><span style=\"font-weight: 400;\">Energ\u00eda solar  <\/span><\/h3><p><span style=\"font-weight: 400;\">\u00bfHa o\u00eddo alguna vez el t\u00e9rmino \u00abreloj interno\u00bb o \u00abreloj corporal\u00bb? Es otra forma de referirse a las funciones de tu cuerpo.   <\/span><i><span style=\"font-weight: 400;\">ritmo circadiano<\/span><\/i><span style=\"font-weight: 400;\">que es lo que hace que naturalmente quieras dormir por la noche y estar despierto durante el d\u00eda. Ninguna l\u00e1mpara puede hacer por s\u00ed sola lo que hace el sol. Por eso, salir al aire libre y tomar el sol con regularidad puede ayudar a que tu reloj corporal siga funcionando como debe, d\u00e1ndote energ\u00eda durante el d\u00eda y ayud\u00e1ndote a dormir mejor y m\u00e1s tiempo por la noche.    <\/span><\/p><p><span style=\"font-weight: 400;\">El sol tambi\u00e9n act\u00faa como ant\u00eddoto natural contra los s\u00edntomas de la depresi\u00f3n, como el mal humor y la fatiga. Incluso tomar una comida o un tentempi\u00e9 al aire libre, leer en un banco o relajarse bajo una sombrilla puede ayudar. <\/span><\/p><p><span style=\"font-weight: 400;\">La luz solar tambi\u00e9n estimula la producci\u00f3n de vitamina D, que refuerza el sistema inmunitario. No te olvides de ponerte protecci\u00f3n solar. <\/span><\/p><h3><span style=\"font-weight: 400;\">Aire fresco<\/span><\/h3><p><span style=\"font-weight: 400;\">Cuando la gente dice: \u00abNecesito salir a tomar el aire\u00bb, no es s\u00f3lo una expresi\u00f3n, \u00a1lo dicen en serio! Respirar es m\u00e1s f\u00e1cil al aire libre. <\/span><\/p><p><span style=\"font-weight: 400;\">A menudo pensamos que nuestros ambientes interiores son limpios y saludables, pero no es necesariamente as\u00ed. De hecho, los contaminantes del aire interior pueden ser   <\/span><i><span style=\"font-weight: 400;\">de dos a cinco veces mayor en interiores que en exteriores<\/span><\/i><span style=\"font-weight: 400;\">\u00a1! Esto significa que pasar tiempo en zonas verdes naturales puede ser mejor para su salud respiratoria.<\/span><\/p><h3><span style=\"font-weight: 400;\">Vista y concentraci\u00f3n<\/span><\/h3><p><span style=\"font-weight: 400;\">Estar al aire libre no s\u00f3lo calma la mente, sino que ayuda a concentrarse. Incluso una vista del exterior puede mejorar la productividad y la concentraci\u00f3n. Salir al aire libre aumenta la creatividad y la capacidad de resolver problemas.    <\/span><a href=\"https:\/\/askthescientists.com\/outdoors\/\"><span style=\"font-weight: 400;\">algunos expertos<\/span><\/a><span style=\"font-weight: 400;\">  hasta en un 50%. Te obliga a ver las cosas desde una nueva perspectiva, sacudiendo tu entorno y llamando tu atenci\u00f3n sobre nuevas vistas, olores, sonidos y sensaciones. Incluso    <\/span><a href=\"https:\/\/askthescientists.com\/outdoors\/\"><span style=\"font-weight: 400;\">pruebas<\/span><\/a><span style=\"font-weight: 400;\"> de que una persona con TDAH que d\u00e9 un paseo de 20 minutos al aire libre experimentar\u00e1 una mayor capacidad de atenci\u00f3n.<\/span><\/p><p><span style=\"font-weight: 400;\">Salir al exterior puede incluso ayudar a contrarrestar la miop\u00eda. Muchos de nosotros nos pasamos el d\u00eda mirando el ordenador y el tel\u00e9fono o, si vas al colegio, los papeles y los libros. Miramos mucho de cerca y necesitamos un descanso para mantener a punto nuestra visi\u00f3n de lejos. Salir al aire libre permite a los ojos practicar el enfoque de objetos a distintas distancias, lo que proporciona colores y cantidades de luz m\u00e1s ricos, y estimula la producci\u00f3n de dopamina, la sustancia qu\u00edmica del cuerpo que nos hace sentir bien, en la retina, lo que ayuda a evitar que el globo ocular se estire y deforme la visi\u00f3n.   <\/span><\/p><p><span style=\"font-weight: 400;\">Y hablando de pantallas, el aire libre contrarresta el tiempo de pantalla, que <\/span><a href=\"https:\/\/jamanetwork.com\/journals\/jamapediatrics\/fullarticle\/2722666\"><span style=\"font-weight: 400;\">la ciencia dice<\/span><\/a><span style=\"font-weight: 400;\">  en realidad pueden frenar el desarrollo de los ni\u00f1os si se utilizan en exceso. Las pantallas fomentan un estilo de vida sedentario y te hacen sentir \u00abencendido\u00bb durante m\u00e1s tiempo al d\u00eda, lo que puede crear ansiedad y una sensaci\u00f3n de estar constantemente bajo estr\u00e9s. Adem\u00e1s, las pantallas contribuyen a reducir la capacidad de atenci\u00f3n, perjudican la capacidad de tomar decisiones y limitan la manera de gestionar las emociones, seg\u00fan la    <\/span><a href=\"https:\/\/www.popsci.com\/story\/diy\/reduce-screen-time-strategies\/\"><span style=\"font-weight: 400;\">Cl\u00ednica Mayo<\/span><\/a><span style=\"font-weight: 400;\">. Salir a la calle ayuda a equilibrar tu vida al agudizar tu concentraci\u00f3n y elevar tu capacidad de atenci\u00f3n.<\/span><\/p><h3><span style=\"font-weight: 400;\">Mejora de la movilidad<\/span><\/h3><p><span style=\"font-weight: 400;\">La naturaleza motiva a las personas a participar en actividades al aire libre m\u00e1s que en interiores. Esto significa que es m\u00e1s probable que te muevas y hagas ejercicio al aire libre que dentro de casa.   <\/span><a href=\"https:\/\/www.nchpad.org\/resources\/health-benefits-of-being-outdoors-for-people-with-disabilities\/\"><span style=\"font-weight: 400;\">Un estudio<\/span><\/a><span style=\"font-weight: 400;\">  incluso descubri\u00f3 que las personas con enfermedad de Parkinson ve\u00edan mejorar su movilidad de forma m\u00e1s significativa cuando participaban en actividades en entornos naturales frente a entornos no naturales. Tambi\u00e9n observaron otros beneficios, como una mejor capacidad cardiorrespiratoria y una estabilizaci\u00f3n de la presi\u00f3n arterial y la frecuencia cardiaca.   <\/span><\/p><h3><span style=\"font-weight: 400;\">Mejor calidad de vida<\/span><\/h3><p><span style=\"font-weight: 400;\">Seg\u00fan el <\/span><a href=\"https:\/\/www.nchpad.org\/resources\/health-benefits-of-being-outdoors-for-people-with-disabilities\/\"><span style=\"font-weight: 400;\">Centro Nacional de Salud, Actividad F\u00edsica y Discapacidad<\/span><\/a><span style=\"font-weight: 400;\">las personas con discapacidad suelen disfrutar de una mayor sensaci\u00f3n de logro y crecimiento personal en las actividades al aire libre que quienes las realizan en espacios cerrados. <\/span> <\/p><p><span style=\"font-weight: 400;\">Salir al aire libre puede ayudarle a sentirse m\u00e1s relajado, menos estresado, m\u00e1s creativo, m\u00e1s concentrado y m\u00e1s sano.<\/span><\/p><h2><span style=\"font-weight: 400;\">No dejes que tu discapacidad te convenza de que no puedes participar en actividades al aire libre<\/span><\/h2><p><span style=\"font-weight: 400;\">A menudo se hace hincapi\u00e9 en <\/span><i><span style=\"font-weight: 400;\">la cantidad<\/span><\/i><span style=\"font-weight: 400;\"> &#8211; el terreno que se cubre o el peso que se levanta, en detrimento de la <\/span><i><span style=\"font-weight: 400;\">calidad<\/span><\/i><span style=\"font-weight: 400;\">  de experiencias en el exterior. Pero eso es un error.   <\/span><\/p><p><span style=\"font-weight: 400;\">Puede que tengas problemas de movilidad que te hagan moverte m\u00e1s despacio que los dem\u00e1s, pero no pasa nada. Puedes conseguir todos estos mismos beneficios de estar al aire libre, tanto si te mueves r\u00e1pido como despacio.   <\/span><\/p><p><span style=\"font-weight: 400;\">Un paseo lento permite observar peque\u00f1os mam\u00edferos en los \u00e1rboles, o\u00edr el canto de los p\u00e1jaros, ver c\u00f3mo crecen los l\u00edquenes y el musgo, o entrar en contacto con la respiraci\u00f3n y los olores del aire. La atenci\u00f3n plena puede perderse con las prisas. <\/span><\/p><p><span style=\"font-weight: 400;\">Tanto si te sientas en un banco o en una silla de ruedas en el parque, como si paseas al perro por el barrio, te metes los pies en la piscina, juegas a la pelota con un amigo o llevas un libro o los pinceles a la orilla de un lago, al salir al exterior le haces un favor a tu cuerpo, tu mente y tu alma.<\/span><\/p><h3><span style=\"font-weight: 400;\">Aumente el tiempo que pasa al aire libre<\/span><\/h3><p><span style=\"font-weight: 400;\">Nevada Outdoor School en el este de Nevada ofrece un <\/span><a href=\"https:\/\/nevadaoutdoorschool.org\/time-spent-outdoors-club\"><span style=\"font-weight: 400;\">Club de Tiempo al Aire Libre (TSO)<\/span><\/a><span style=\"font-weight: 400;\">que ofrece actividades divertidas dise\u00f1adas para que personas de todas las edades y niveles de habilidad salgan al aire libre m\u00e1s a menudo. <\/span> <\/p><p><span style=\"font-weight: 400;\">Consulta estas p\u00e1ginas para obtener m\u00e1s informaci\u00f3n sobre c\u00f3mo pasar tiempo al aire libre y hacer ejercicio de forma segura:<\/span><\/p><ul><li style=\"font-weight: 400;\" aria-level=\"1\"><span style=\"font-weight: 400;\">Disfrutar del aire libre con una discapacidad<\/span><\/li><li style=\"font-weight: 400;\" aria-level=\"1\"><span style=\"font-weight: 400;\">Mu\u00e9vete: Consejos para hacer ejercicio con una discapacidad<\/span><\/li><\/ul>\t\t\t\t\t\t\t\t<\/div>\n\t\t\t\t<\/div>\n\t\t\t\t<div class=\"elementor-element elementor-element-c57c853 elementor-widget elementor-widget-text-editor\" data-id=\"c57c853\" data-element_type=\"widget\" data-widget_type=\"text-editor.default\">\n\t\t\t\t<div class=\"elementor-widget-container\">\n\t\t\t\t\t\t\t\t\t<h3 class=\"elementor-heading-title elementor-size-default\"><a href=\"https:\/\/nvtrip.sncil.org\/nv-trip\/building-confidence-one-skill-at-a-time\/get-moving-tips-for-exercising-with-a-disability\/\" target=\"_blank\" rel=\"noopener\">Mu\u00e9vete: Consejos para hacer ejercicio con una discapacidad<\/a><\/h3>\t\t\t\t\t\t\t\t<\/div>\n\t\t\t\t<\/div>\n\t\t\t\t\t<\/div>\n\t\t\t\t<\/div>\n\t\t\t\t<\/div>\n\t\t","protected":false},"excerpt":{"rendered":"<p>Salir: Los beneficios de estar al aire libre Si alguna vez ha tomado caf\u00e9 en el porche de su casa, ha paseado por su barrio o ha dado una vuelta por la ciudad con las ventanillas bajadas, probablemente ya sabe instintivamente que estar al aire libre sienta bien. Pero \u00bfsab\u00edas que hay ciencia detr\u00e1s? De [&hellip;]<\/p>\n","protected":false},"author":1,"featured_media":0,"parent":758,"menu_order":0,"comment_status":"closed","ping_status":"closed","template":"","meta":{"footnotes":""},"class_list":["post-1703","page","type-page","status-publish","hentry"],"_links":{"self":[{"href":"https:\/\/nvtrip.sncil.org\/es\/wp-json\/wp\/v2\/pages\/1703","targetHints":{"allow":["GET"]}}],"collection":[{"href":"https:\/\/nvtrip.sncil.org\/es\/wp-json\/wp\/v2\/pages"}],"about":[{"href":"https:\/\/nvtrip.sncil.org\/es\/wp-json\/wp\/v2\/types\/page"}],"author":[{"embeddable":true,"href":"https:\/\/nvtrip.sncil.org\/es\/wp-json\/wp\/v2\/users\/1"}],"replies":[{"embeddable":true,"href":"https:\/\/nvtrip.sncil.org\/es\/wp-json\/wp\/v2\/comments?post=1703"}],"version-history":[{"count":7,"href":"https:\/\/nvtrip.sncil.org\/es\/wp-json\/wp\/v2\/pages\/1703\/revisions"}],"predecessor-version":[{"id":2383,"href":"https:\/\/nvtrip.sncil.org\/es\/wp-json\/wp\/v2\/pages\/1703\/revisions\/2383"}],"up":[{"embeddable":true,"href":"https:\/\/nvtrip.sncil.org\/es\/wp-json\/wp\/v2\/pages\/758"}],"wp:attachment":[{"href":"https:\/\/nvtrip.sncil.org\/es\/wp-json\/wp\/v2\/media?parent=1703"}],"curies":[{"name":"wp","href":"https:\/\/api.w.org\/{rel}","templated":true}]}}