{"id":1701,"date":"2025-09-12T01:45:05","date_gmt":"2025-09-12T01:45:05","guid":{"rendered":"https:\/\/nvtrip.sncil.org\/viaje-nv\/desarrollar-la-confianza-habilidad-a-habilidad\/muevete-consejos-para-hacer-ejercicio-con-una-discapacidad\/"},"modified":"2025-10-23T19:36:52","modified_gmt":"2025-10-23T19:36:52","slug":"muevete-consejos-para-hacer-ejercicio-con-una-discapacidad","status":"publish","type":"page","link":"https:\/\/nvtrip.sncil.org\/es\/viaje-nv\/desarrollar-la-confianza-habilidad-a-habilidad\/muevete-consejos-para-hacer-ejercicio-con-una-discapacidad\/","title":{"rendered":"Mu\u00e9vete: Consejos para hacer ejercicio con una discapacidad"},"content":{"rendered":"\t\t<div data-elementor-type=\"wp-page\" data-elementor-id=\"1701\" class=\"elementor elementor-1701 elementor-1664\" data-elementor-post-type=\"page\">\n\t\t\t\t<div data-particle_enable=\"false\" data-particle-mobile-disabled=\"false\" class=\"elementor-element elementor-element-4643337e e-con-full e-flex e-con e-parent\" data-id=\"4643337e\" data-element_type=\"container\">\n\t\t\t\t<div class=\"elementor-element elementor-element-7c85e43f elementor-widget elementor-widget-image\" data-id=\"7c85e43f\" data-element_type=\"widget\" data-widget_type=\"image.default\">\n\t\t\t\t<div class=\"elementor-widget-container\">\n\t\t\t\t\t\t\t\t\t\t\t\t\t\t\t<img fetchpriority=\"high\" decoding=\"async\" width=\"1440\" height=\"700\" src=\"https:\/\/nvtrip.sncil.org\/wp-content\/uploads\/2025\/09\/Get-Moving_-Tips-for-Exercising-with-a-Disability-SNCIL.svg\" class=\"attachment-full size-full wp-image-1679\" alt=\"Illustration of a young man in a wheelchair exercising.\" \/>\t\t\t\t\t\t\t\t\t\t\t\t\t\t\t<\/div>\n\t\t\t\t<\/div>\n\t\t\t\t<div class=\"elementor-element elementor-element-38220a64 elementor-widget elementor-widget-heading\" data-id=\"38220a64\" data-element_type=\"widget\" data-widget_type=\"heading.default\">\n\t\t\t\t<div class=\"elementor-widget-container\">\n\t\t\t\t\t<h1 class=\"elementor-heading-title elementor-size-default\">Mu\u00e9vete: Consejos para hacer ejercicio con una discapacidad<\/h1>\t\t\t\t<\/div>\n\t\t\t\t<\/div>\n\t\t\t\t<div class=\"elementor-element elementor-element-76f4dd2 elementor-widget elementor-widget-spacer\" data-id=\"76f4dd2\" data-element_type=\"widget\" data-widget_type=\"spacer.default\">\n\t\t\t\t<div class=\"elementor-widget-container\">\n\t\t\t\t\t\t\t<div class=\"elementor-spacer\">\n\t\t\t<div class=\"elementor-spacer-inner\"><\/div>\n\t\t<\/div>\n\t\t\t\t\t\t<\/div>\n\t\t\t\t<\/div>\n\t\t\t\t<div class=\"elementor-element elementor-element-bb3358a elementor-widget elementor-widget-video\" data-id=\"bb3358a\" data-element_type=\"widget\" data-settings=\"{&quot;youtube_url&quot;:&quot;https:\\\/\\\/youtu.be\\\/kxyMS3JaoBA&quot;,&quot;video_type&quot;:&quot;youtube&quot;,&quot;controls&quot;:&quot;yes&quot;}\" data-widget_type=\"video.default\">\n\t\t\t\t<div class=\"elementor-widget-container\">\n\t\t\t\t\t\t\t<div class=\"elementor-wrapper elementor-open-inline\">\n\t\t\t<div class=\"elementor-video\"><\/div>\t\t<\/div>\n\t\t\t\t\t\t<\/div>\n\t\t\t\t<\/div>\n\t\t\t\t<div class=\"elementor-element elementor-element-41b7dbf3 elementor-widget elementor-widget-spacer\" data-id=\"41b7dbf3\" data-element_type=\"widget\" data-widget_type=\"spacer.default\">\n\t\t\t\t<div class=\"elementor-widget-container\">\n\t\t\t\t\t\t\t<div class=\"elementor-spacer\">\n\t\t\t<div class=\"elementor-spacer-inner\"><\/div>\n\t\t<\/div>\n\t\t\t\t\t\t<\/div>\n\t\t\t\t<\/div>\n\t\t\t\t<\/div>\n\t\t<div data-particle_enable=\"false\" data-particle-mobile-disabled=\"false\" class=\"elementor-element elementor-element-14c7968a e-flex e-con-boxed e-con e-parent\" data-id=\"14c7968a\" data-element_type=\"container\">\n\t\t\t\t\t<div class=\"e-con-inner\">\n\t\t\t\t<div class=\"elementor-element elementor-element-515493f elementor-widget elementor-widget-spacer\" data-id=\"515493f\" data-element_type=\"widget\" data-widget_type=\"spacer.default\">\n\t\t\t\t<div class=\"elementor-widget-container\">\n\t\t\t\t\t\t\t<div class=\"elementor-spacer\">\n\t\t\t<div class=\"elementor-spacer-inner\"><\/div>\n\t\t<\/div>\n\t\t\t\t\t\t<\/div>\n\t\t\t\t<\/div>\n\t\t\t\t<div class=\"elementor-element elementor-element-be862f6 elementor-widget elementor-widget-text-editor\" data-id=\"be862f6\" data-element_type=\"widget\" data-widget_type=\"text-editor.default\">\n\t\t\t\t<div class=\"elementor-widget-container\">\n\t\t\t\t\t\t\t\t\t<p><span style=\"font-weight: 400;\">Independientemente de su edad, nivel de capacidad o antecedentes, todo el mundo se beneficia del ejercicio. La actividad f\u00edsica puede ayudarle a controlar su peso, reduce el estr\u00e9s, disminuye el riesgo de padecer cardiopat\u00edas y otras enfermedades cr\u00f3nicas, mejora su salud mental y emocional y aumenta su capacidad para realizar tareas cotidianas y vivir de forma independiente. <\/span><\/p><h2><span style=\"font-weight: 400;\">El ejercicio es diferente para cada persona<\/span><\/h2><p><span style=\"font-weight: 400;\">Cualquier actividad f\u00edsica que aumente el ritmo card\u00edaco cuenta como ejercicio. Pasear, trabajar en el jard\u00edn, realizar tareas dom\u00e9sticas como pasar la aspiradora, ir al gimnasio, nadar, montar en bicicleta, bailar, practicar un deporte, saltar a la comba, seguir un v\u00eddeo de fitness, estirarse en el suelo, levantar pesas&#8230; \u00a1todo cuenta! <\/span><\/p><h2><span style=\"font-weight: 400;\">Hacer 150 minutos de ejercicio a la semana<\/span><\/h2><p><span style=\"font-weight: 400;\">El Departamento de Salud y Servicios Humanos de EE.UU. <\/span><i><span style=\"font-weight: 400;\">Directrices de actividad f\u00edsica para los estadounidenses<\/span><\/i><span style=\"font-weight: 400;\">  manual (enlace m\u00e1s abajo) sugiere que todos los adultos, incluidos los discapacitados, realicen al menos 150 minutos, o 2,5 horas, de ejercicio aer\u00f3bico (\u00abcon ox\u00edgeno\u00bb), tambi\u00e9n llamado cardio, cada semana. Esto significa que el ejercicio debe ser de baja intensidad y mantenerse durante un periodo de tiempo -por lo general, al menos 15 minutos- para que aumenten la respiraci\u00f3n y la frecuencia cardiaca. <\/span><\/p><p><span style=\"font-weight: 400;\">Aunque s\u00f3lo dispongas de peque\u00f1as cantidades de tiempo a lo largo del d\u00eda, puedes utilizarlas para contribuir a tus 2,5 horas. Aunque s\u00f3lo dispongas de cinco minutos para hacer rodar tu silla de ruedas, caminar hasta el final de la manzana, hacer estiramientos de yoga o subir y bajar escaleras, \u00a1todo cuenta! Si haces lo suficiente a lo largo de la semana, alcanzar\u00e1s las 2,5 horas en poco tiempo.  <\/span><\/p><h2><span style=\"font-weight: 400;\">Empezar con seguridad<\/span><\/h2><p><span style=\"font-weight: 400;\">Antes de emprender una nueva actividad o decidir iniciar un r\u00e9gimen de ejercicio, hable con su m\u00e9dico. Ellos pueden determinar qu\u00e9 nivel y tipos de actividades puedes hacer con tus capacidades particulares, crear un plan de ejercicio personalizado y ayudarte a prevenir posibles riesgos. Tambi\u00e9n puede colaborar contigo para introducir modificaciones y medir tus progresos.  <\/span><\/p><h2><span style=\"font-weight: 400;\">Fijar objetivos<\/span><\/h2><p><span style=\"font-weight: 400;\">No empezar\u00edas a aprender a nadar zambull\u00e9ndote de cabeza en la parte m\u00e1s profunda de una piscina, as\u00ed que no deber\u00edas empezar a hacer ejercicio esperando pasar 2,5 horas realizando cualquier ejercicio nuevo. En su lugar, f\u00edjese objetivos razonables y mensurables que pueda alcanzar y que le proporcionen una sensaci\u00f3n de logro que le sirva de est\u00edmulo a medida que aumenta gradualmente el tiempo y el nivel de dificultad. <\/span><\/p><p><span style=\"font-weight: 400;\">Por ejemplo, puedes empezar planificando tres veces a la semana en las que puedas dedicar 15 minutos diarios a mover el cuerpo.<\/span><\/p><p><span style=\"font-weight: 400;\">Despu\u00e9s puedes ir aumentando poco a poco hasta llegar a los 30 minutos diarios, a\u00f1adiendo resistencia poco a poco, por ejemplo, pesas en los tobillos o las mu\u00f1ecas o subir escaleras. Aseg\u00farate de celebrar cuando alcances tus objetivos o tus mejores marcas personales; esto te dar\u00e1 energ\u00eda para seguir adelante. <\/span><\/p><h2><span style=\"font-weight: 400;\">Probar muchas cosas para ver qu\u00e9 encaja<\/span><\/h2><p><span style=\"font-weight: 400;\">Cuando empiezas a hacer ejercicio, es una buena idea probar muchas actividades diferentes para ver qu\u00e9 te funciona. Incluso si descubres algo que no te gusta, es bueno saberlo para la pr\u00f3xima vez. Tambi\u00e9n es buena idea variar la rutina de ejercicios para trabajar distintas partes del cuerpo y no aburrirse. Prueba con el yoga, la nataci\u00f3n, caminar\/trotar, las bandas de resistencia, el ciclismo o un deporte comunitario.     <\/span><\/p><h2><span style=\"font-weight: 400;\">\u00danete a una comunidad<\/span><\/h2><p><span style=\"font-weight: 400;\">Tener a otras personas que te apoyen, te animen y te empujen a seguir adelante puede evitar que abandones cuando las cosas se ponen dif\u00edciles. Los compa\u00f1eros de clase, los entrenadores, los clubes o los grupos de las redes sociales proporcionan esa importante motivaci\u00f3n que necesitas y te hacen rendir cuentas para que no abandones. Se ha demostrado que el poder de la comunidad ayuda a reforzar tu compromiso. Adem\u00e1s, ofrece beneficios sociales y, como sabemos, el     <\/span><a href=\"https:\/\/nvtrip.sncil.org\/es\/viaje-nv\/apoyo-entre-iguales\/conectar-con-la-comunidad\/\"><span style=\"font-weight: 400;\">el poder de la conexi\u00f3n<\/span><\/a><span style=\"font-weight: 400;\">  es una parte importante de mantenerse sano. Adem\u00e1s, un poco de competici\u00f3n amistosa puede empujarte a probar nuevos retos. <\/span><\/p><p><span style=\"font-weight: 400;\">Busca tu propia comunidad de fitness en <\/span><a href=\"http:\/\/meetup.com\"><span style=\"font-weight: 400;\">Meetup.com<\/span><\/a><span style=\"font-weight: 400;\">o crea una t\u00fa mismo. Tambi\u00e9n puede encontrar comunidades en l\u00ednea, como   <\/span><a href=\"https:\/\/newabilityonline.org\/\"><span style=\"font-weight: 400;\">Newabilityonline.org<\/span><\/a><span style=\"font-weight: 400;\">una plataforma de redes sociales que conecta a j\u00f3venes con discapacidad. <\/span> <\/p><p><span style=\"font-weight: 400;\">Facebook tambi\u00e9n alberga una serie de grupos p\u00fablicos dise\u00f1ados para personas con discapacidad interesadas en el fitness. Entre ellos se encuentran   <\/span><a href=\"https:\/\/www.facebook.com\/groups\/themightymiraclemanfree\/\"><span style=\"font-weight: 400;\">Rehabilitaci\u00f3n y prevenci\u00f3n de discapacidades<\/span><\/a><span style=\"font-weight: 400;\">, <\/span><a href=\"https:\/\/www.facebook.com\/groups\/1505984762988086\/\"><span style=\"font-weight: 400;\">Fitness para adultos con discapacidad<\/span><\/a><span style=\"font-weight: 400;\">y <\/span><a href=\"https:\/\/www.facebook.com\/groups\/238033402398784\"><span style=\"font-weight: 400;\">Mejore su movilidad<\/span><\/a><span style=\"font-weight: 400;\">. <\/span> <\/p><h2><span style=\"font-weight: 400;\">Escucha a tu cuerpo<\/span><\/h2><p><span style=\"font-weight: 400;\">Intentar un reto y forzar f\u00edsicamente el cuerpo es bueno. Pero esforzarse demasiado puede hacer que te hagas da\u00f1o o que dejes de hacer ejercicio. Un poco de dolor muscular causado por el ejercicio est\u00e1 bien e indica que est\u00e1s utilizando y desarrollando los m\u00fasculos. Pero presta atenci\u00f3n a las zonas en las que sientas dolor o verdadera incomodidad. Eso significa que debes parar y reevaluar tu nivel o tipo de actividad.    <\/span><\/p><p><span style=\"font-weight: 400;\">Para evitar lesiones o agotamiento, reserve tiempo para descansar. T\u00f3mese un d\u00eda de descanso entre los d\u00edas de ejercicio. Alterne el entrenamiento de fuerza con el ejercicio aer\u00f3bico. Y aseg\u00farate de estirar ligeramente el cuerpo antes y despu\u00e9s del ejercicio, para que tengas tiempo de calentar o enfriar los m\u00fasculos.   <\/span><\/p><h2><span style=\"font-weight: 400;\">Encontrar o crear espacios accesibles<\/span><\/h2><p><span style=\"font-weight: 400;\">Tanto si piensas hacer ejercicio en el suelo del sal\u00f3n de tu casa, en un parque, en las calles de tu barrio, en un gimnasio o en cualquier otro lugar, aseg\u00farate de que se trata de un entorno seguro y accesible donde te sientas seguro y no encuentres obst\u00e1culos para moverte. Si est\u00e1s pensando en ir a un gimnasio u otro centro deportivo, llama con antelaci\u00f3n para comprobar qu\u00e9 adaptaciones pueden tener disponibles y c\u00f3mo de accesible es el espacio para las personas con discapacidad. <\/span><\/p><h2><span style=\"font-weight: 400;\">Crear una rutina de ejercicios personalizada<\/span><\/h2><p><span style=\"font-weight: 400;\">Su discapacidad puede limitar algunos de los ejercicios que puede hacer, as\u00ed que cree una rutina que se centre en lo que usted <\/span><i><span style=\"font-weight: 400;\">puede <\/span><\/i> <span style=\"font-weight: 400;\">hacer. Por ejemplo, los que van en silla de ruedas pueden hacer ejercicios de brazos y hombros, como press de hombros, ejercicios con bandas de resistencia, estiramientos y giros laterales sentados, o m\u00e1quinas de remo. Los discapacitados visuales pueden hacer ejercicios guiados, yoga u otros ejercicios con indicaciones verbales. La nataci\u00f3n y el aer\u00f3bic acu\u00e1tico tambi\u00e9n son ejercicios estupendos para las personas con movilidad limitada o dolor, porque estar en el agua reduce la tensi\u00f3n en las articulaciones causada por la gravedad y las superficies duras.   <\/span><\/p><h2><span style=\"font-weight: 400;\">S.E.L.E.C.T. el ejercicio correcto<\/span><\/h2><p><span style=\"font-weight: 400;\">En <\/span><a href=\"https:\/\/www.nchpad.org\/\"><span style=\"font-weight: 400;\">Centro Nacional de Salud, Actividad F\u00edsica y Discapacidad<\/span><\/a><span style=\"font-weight: 400;\"> sugiere utilizar el acr\u00f3nimo SELECT para mantenerse f\u00edsicamente activo:<\/span><\/p><p><b>S: Compromiso social.  <\/b><span style=\"font-weight: 400;\">La mayor\u00eda de las personas que hacen ejercicio regularmente con otras siguen haci\u00e9ndolo.<\/span><\/p><p><b>E: Disfrute.  <\/b><span style=\"font-weight: 400;\">Todos sabemos que si no disfrutamos con una actividad, no es probable que sigamos haci\u00e9ndola. Aseg\u00farate de que cualquier ejercicio que hagas sea algo que te apetezca seguir haciendo. <\/span><\/p><p><b>L: Aprendizaje.  <\/b><span style=\"font-weight: 400;\">Busca actividades que te supongan un peque\u00f1o reto y te ense\u00f1en una nueva habilidad o algo sobre ti mismo. Esto fomenta la sensaci\u00f3n de logro. <\/span><\/p><p><b>E: Exploraci\u00f3n.  <\/b><span style=\"font-weight: 400;\">Conocer nuevos lugares y vivir nuevas experiencias es seductor y puede darle una sensaci\u00f3n de aventura que se suma a su disfrute. Busca formas de seguir tu curiosidad y salir de tu entorno cotidiano. <\/span><\/p><p><b>C: Competencia (amistosa).  <\/b><span style=\"font-weight: 400;\">Un toque de competici\u00f3n puede empujarte a rendir al m\u00e1ximo. Los rastreadores de fitness que te permiten conectar con otras personas, entrenar para una 5K o hacer deporte pueden ser una forma de potenciar un poco el esp\u00edritu competitivo, lo que se suma a tu diversi\u00f3n. <\/span><\/p><p><b>T: Finalizaci\u00f3n de la tarea.  <\/b><span style=\"font-weight: 400;\">Tachar cosas de la lista de tareas pendientes tiene algo de satisfactorio. \u00bfPor qu\u00e9 no incluir el ejercicio en la lista? Te mantendr\u00e1 m\u00e1s motivado para hacerlo, y luego sentir\u00e1s que realmente has conseguido algo cuando puedas tacharlo.  <\/span><\/p><h2><span style=\"font-weight: 400;\">Recursos \u00fatiles<\/span><\/h2><p><span style=\"font-weight: 400;\">Los siguientes recursos pueden proporcionar informaci\u00f3n detallada sobre el ejercicio para personas con discapacidad:<\/span><\/p><ul><li style=\"font-weight: 400;\" aria-level=\"1\"><a href=\"https:\/\/www.cdc.gov\/disability-and-health\/articles-documents\/physical-activity-for-people-with-disability.html\"><b>Centros para el Control y la Prevenci\u00f3n de Enfermedades (CDC) \u00abActividad f\u00edsica para personas con discapacidad\u00bb<\/b><\/a><span style=\"font-weight: 400;\"> ofrece consejos para que las personas con discapacidad sean m\u00e1s activas y enumera algunos recursos valiosos para empezar.<\/span><\/li><li style=\"font-weight: 400;\" aria-level=\"1\"><a href=\"https:\/\/health.gov\/sites\/default\/files\/2019-09\/Physical_Activity_Guidelines_2nd_edition.pdf\"><b>Physical Activity Guidelines for Americans, 2\u00aa edici\u00f3n:<\/b><\/a> <span style=\"font-weight: 400;\">Publicado por <\/span><a href=\"http:\/\/health.gov\"><span style=\"font-weight: 400;\">Health.gov<\/span><\/a><span style=\"font-weight: 400;\">este PDF ofrece directrices de ejercicio para estadounidenses de todas las edades e informaci\u00f3n sobre recomendaciones y estad\u00edsticas de ejercicio.<\/span><\/li><li style=\"font-weight: 400;\" aria-level=\"1\"><a href=\"https:\/\/disabilityhorizons.com\/2016\/10\/top-10-exercises-disabled-people\/\"><b>Horizontes de la discapacidad<\/b><\/a><span style=\"font-weight: 400;\">  enumera los 10 mejores ejercicios para personas con discapacidad. Se describe cada ejercicio, con consejos sobre qui\u00e9n es el m\u00e1s adecuado para hacerlo y las modificaciones que tal vez quieras incluir. <\/span><\/li><li style=\"font-weight: 400;\" aria-level=\"1\"><a href=\"https:\/\/thebluebadgeblog.com\/exercise-for-disabled-people-types-benefits-and-considerations\/\"><b>El blog del distintivo azul<\/b><\/a><span style=\"font-weight: 400;\">, escrito por un hombre con discapacidad de Manchester, incluye una lista de ejercicios que son buenos para las personas con discapacidad. Incluso sugiere los tipos de actividades que se adaptan a discapacidades espec\u00edficas, como las personas en silla de ruedas, con discapacidad visual o amputadas. <\/span><\/li><li style=\"font-weight: 400;\" aria-level=\"1\"><a href=\"https:\/\/www.certifystrong.com\/top-10-adaptive-exercise-equipment\/\"><b>CertifyStrong<\/b><\/a><span style=\"font-weight: 400;\">  ofrece cursos para obtener el certificado de entrenador personal adaptado. En esta p\u00e1gina de su sitio web, la organizaci\u00f3n clasifica los mejores aparatos de ejercicio para personas con discapacidad. <\/span><\/li><li style=\"font-weight: 400;\" aria-level=\"1\"><a href=\"https:\/\/www.ablefitness.org\/fitness-programs\/virtual-programs\/all-virtual-programs\"><b>Able Fitness<\/b><\/a><span style=\"font-weight: 400;\"> enumera lugares donde puedes encontrar clases virtuales de fitness gratuitas o de bajo coste que puedes realizar en cualquier lugar.<\/span><\/li><li style=\"font-weight: 400;\" aria-level=\"1\"><a href=\"https:\/\/www.letsgo.fit\/\"><b>Let&#8217;s Go Fitness<\/b><\/a><span style=\"font-weight: 400;\">  ofrece clases de fitness y yoga en l\u00ednea para personas de todas las capacidades. La cuota de afiliaci\u00f3n, de 20 d\u00f3lares al mes, da acceso a clases ilimitadas, as\u00ed como a consejos sobre modificaciones y adaptaciones que puedes probar. <\/span><\/li><li style=\"font-weight: 400;\" aria-level=\"1\"><a style=\"font-family: -apple-system, BlinkMacSystemFont, 'Segoe UI', Roboto, 'Helvetica Neue', Arial, 'Noto Sans', sans-serif, 'Apple Color Emoji', 'Segoe UI Emoji', 'Segoe UI Symbol', 'Noto Color Emoji';\" href=\"https:\/\/getfitsafely.com\/adaptive-fitness-equipment\/\"><b>Ponte en forma con seguridad<\/b><\/a><span style=\"font-weight: 400;\"> detalla 12 tipos de aparatos de fitness adaptables que pueden ser \u00fatiles para las personas con discapacidad.<\/span><\/li><\/ul>\t\t\t\t\t\t\t\t<\/div>\n\t\t\t\t<\/div>\n\t\t\t\t\t<\/div>\n\t\t\t\t<\/div>\n\t\t\t\t<\/div>\n\t\t","protected":false},"excerpt":{"rendered":"<p>Mu\u00e9vete: Consejos para hacer ejercicio con una discapacidad Independientemente de su edad, nivel de capacidad o antecedentes, todo el mundo se beneficia del ejercicio. La actividad f\u00edsica puede ayudarle a controlar su peso, reduce el estr\u00e9s, disminuye el riesgo de padecer cardiopat\u00edas y otras enfermedades cr\u00f3nicas, mejora su salud mental y emocional y aumenta su [&hellip;]<\/p>\n","protected":false},"author":1,"featured_media":0,"parent":758,"menu_order":0,"comment_status":"closed","ping_status":"closed","template":"","meta":{"footnotes":""},"class_list":["post-1701","page","type-page","status-publish","hentry"],"_links":{"self":[{"href":"https:\/\/nvtrip.sncil.org\/es\/wp-json\/wp\/v2\/pages\/1701","targetHints":{"allow":["GET"]}}],"collection":[{"href":"https:\/\/nvtrip.sncil.org\/es\/wp-json\/wp\/v2\/pages"}],"about":[{"href":"https:\/\/nvtrip.sncil.org\/es\/wp-json\/wp\/v2\/types\/page"}],"author":[{"embeddable":true,"href":"https:\/\/nvtrip.sncil.org\/es\/wp-json\/wp\/v2\/users\/1"}],"replies":[{"embeddable":true,"href":"https:\/\/nvtrip.sncil.org\/es\/wp-json\/wp\/v2\/comments?post=1701"}],"version-history":[{"count":5,"href":"https:\/\/nvtrip.sncil.org\/es\/wp-json\/wp\/v2\/pages\/1701\/revisions"}],"predecessor-version":[{"id":2302,"href":"https:\/\/nvtrip.sncil.org\/es\/wp-json\/wp\/v2\/pages\/1701\/revisions\/2302"}],"up":[{"embeddable":true,"href":"https:\/\/nvtrip.sncil.org\/es\/wp-json\/wp\/v2\/pages\/758"}],"wp:attachment":[{"href":"https:\/\/nvtrip.sncil.org\/es\/wp-json\/wp\/v2\/media?parent=1701"}],"curies":[{"name":"wp","href":"https:\/\/api.w.org\/{rel}","templated":true}]}}