{"id":1695,"date":"2025-09-10T14:20:19","date_gmt":"2025-09-10T14:20:19","guid":{"rendered":"https:\/\/nvtrip.sncil.org\/navegar-por-internet-con-confianza\/"},"modified":"2025-10-22T23:48:59","modified_gmt":"2025-10-22T23:48:59","slug":"navegar-por-internet-con-confianza","status":"publish","type":"page","link":"https:\/\/nvtrip.sncil.org\/es\/navegar-por-internet-con-confianza\/","title":{"rendered":"Navegar por Internet con confianza"},"content":{"rendered":"\t\t<div data-elementor-type=\"wp-page\" data-elementor-id=\"1695\" class=\"elementor elementor-1695 elementor-1632\" data-elementor-post-type=\"page\">\n\t\t\t\t<div data-particle_enable=\"false\" data-particle-mobile-disabled=\"false\" class=\"elementor-element elementor-element-3cb4a677 e-con-full e-flex e-con e-parent\" data-id=\"3cb4a677\" data-element_type=\"container\">\n\t\t\t\t<div class=\"elementor-element elementor-element-55745ef0 elementor-widget elementor-widget-image\" data-id=\"55745ef0\" data-element_type=\"widget\" data-widget_type=\"image.default\">\n\t\t\t\t<div class=\"elementor-widget-container\">\n\t\t\t\t\t\t\t\t\t\t\t\t\t\t\t<img fetchpriority=\"high\" decoding=\"async\" width=\"1440\" height=\"700\" src=\"https:\/\/nvtrip.sncil.org\/wp-content\/uploads\/2025\/09\/Navigating-Online-Dating-SNCIL.svg\" class=\"attachment-full size-full wp-image-1638\" alt=\"Illustration of two phones both featuring dating apps.\" \/>\t\t\t\t\t\t\t\t\t\t\t\t\t\t\t<\/div>\n\t\t\t\t<\/div>\n\t\t\t\t<div class=\"elementor-element elementor-element-fcd5718 elementor-widget elementor-widget-heading\" data-id=\"fcd5718\" data-element_type=\"widget\" data-widget_type=\"heading.default\">\n\t\t\t\t<div class=\"elementor-widget-container\">\n\t\t\t\t\t<h1 class=\"elementor-heading-title elementor-size-default\">Navegar por Internet con confianza<\/h1>\t\t\t\t<\/div>\n\t\t\t\t<\/div>\n\t\t\t\t<div class=\"elementor-element elementor-element-66f13917 elementor-widget elementor-widget-spacer\" data-id=\"66f13917\" data-element_type=\"widget\" data-widget_type=\"spacer.default\">\n\t\t\t\t<div class=\"elementor-widget-container\">\n\t\t\t\t\t\t\t<div class=\"elementor-spacer\">\n\t\t\t<div class=\"elementor-spacer-inner\"><\/div>\n\t\t<\/div>\n\t\t\t\t\t\t<\/div>\n\t\t\t\t<\/div>\n\t\t\t\t<\/div>\n\t\t<div data-particle_enable=\"false\" data-particle-mobile-disabled=\"false\" class=\"elementor-element elementor-element-6c45d34a e-flex e-con-boxed e-con e-parent\" data-id=\"6c45d34a\" data-element_type=\"container\">\n\t\t\t\t\t<div class=\"e-con-inner\">\n\t\t\t\t<div class=\"elementor-element elementor-element-48f15a9b elementor-widget elementor-widget-spacer\" data-id=\"48f15a9b\" data-element_type=\"widget\" data-widget_type=\"spacer.default\">\n\t\t\t\t<div class=\"elementor-widget-container\">\n\t\t\t\t\t\t\t<div class=\"elementor-spacer\">\n\t\t\t<div class=\"elementor-spacer-inner\"><\/div>\n\t\t<\/div>\n\t\t\t\t\t\t<\/div>\n\t\t\t\t<\/div>\n\t\t\t\t<div class=\"elementor-element elementor-element-31f0dbf1 elementor-widget elementor-widget-text-editor\" data-id=\"31f0dbf1\" data-element_type=\"widget\" data-widget_type=\"text-editor.default\">\n\t\t\t\t<div class=\"elementor-widget-container\">\n\t\t\t\t\t\t\t\t\t<p><span style=\"font-weight: 400;\">Conectar con alguien especial puede ser complicado si tu vida diaria no te permite relacionarte con gente nueva. Por eso las aplicaciones y los sitios web de citas en l\u00ednea se han convertido en la principal forma de conocer parejas, con   <\/span><a href=\"https:\/\/www.theknot.com\/content\/online-dating-most-popular-way-to-meet-spouse\"><span style=\"font-weight: 400;\">m\u00e1s del 50% de las parejas de novios<\/span><\/a><span style=\"font-weight: 400;\"> dicen que as\u00ed encontraron a sus parejas.<\/span><\/p><p><span style=\"font-weight: 400;\">Hay docenas de sitios de citas en l\u00ednea entre los que elegir, algunos de los cuales est\u00e1n dise\u00f1ados exclusivamente para personas con discapacidad u otros usuarios espec\u00edficos, mientras que otros est\u00e1n abiertos a personas de todos los or\u00edgenes.  <\/span><\/p><p><span style=\"font-weight: 400;\">Algunos sitios tradicionales, como<\/span><a href=\"https:\/\/www.match.com\/\"> <span style=\"font-weight: 400;\">Match<\/span><\/a><span style=\"font-weight: 400;\">,<\/span><a href=\"https:\/\/www.zoosk.com\/login\/registration\"><span style=\"font-weight: 400;\"> Zoosk<\/span><\/a><span style=\"font-weight: 400;\">,<\/span><a href=\"https:\/\/www.eharmony.com\/\"> <span style=\"font-weight: 400;\">eHarmony<\/span><\/a><span style=\"font-weight: 400;\">,<\/span><a href=\"https:\/\/www.pof.com\/\"> <span style=\"font-weight: 400;\">Plenty of Fish<\/span><\/a><span style=\"font-weight: 400;\">y<\/span><a href=\"https:\/\/www.okcupid.com\/\"> <span style=\"font-weight: 400;\">OK Cupido<\/span><\/a><span style=\"font-weight: 400;\">ofrecen filtros que permiten buscar miembros con o sin discapacidad. Aplicaciones como <\/span> <a href=\"https:\/\/hinge.co\/\"> <span style=\"font-weight: 400;\">Bisagra<\/span><\/a><span style=\"font-weight: 400;\">,<\/span><a href=\"https:\/\/tinder.com\/\"> <span style=\"font-weight: 400;\">Tinder<\/span><\/a><span style=\"font-weight: 400;\">y<\/span><a href=\"https:\/\/bumble.com\/\"> <span style=\"font-weight: 400;\">Bumble<\/span><\/a><span style=\"font-weight: 400;\"> tambi\u00e9n son populares y se pueden utilizar en tu tel\u00e9fono o dispositivo m\u00f3vil.<\/span><\/p><p><span style=\"font-weight: 400;\">Tambi\u00e9n hay sitios de citas dise\u00f1ados espec\u00edficamente para personas con discapacidad, como <\/span><a href=\"https:\/\/info.dateabilityapp.com\/\"><span style=\"font-weight: 400;\">Dateability<\/span><\/a><span style=\"font-weight: 400;\">, <\/span><a href=\"https:\/\/www.whispers4u.com\/\"><span style=\"font-weight: 400;\">Whispers4U<\/span><\/a><span style=\"font-weight: 400;\">,<\/span><a href=\"https:\/\/disabilitymatches.com\/\"> <span style=\"font-weight: 400;\">DisabilityMatches<\/span><\/a><span style=\"font-weight: 400;\">y <\/span><a href=\"https:\/\/www.specialbridge.com\/\"><span style=\"font-weight: 400;\">Puente Especial<\/span><\/a><span style=\"font-weight: 400;\">as\u00ed como otros sitios para discapacidades espec\u00edficas, como <\/span><a href=\"https:\/\/www.hikiapp.com\/\"><span style=\"font-weight: 400;\">Hiki<\/span><\/a><span style=\"font-weight: 400;\">para neurodivergentes. Intenta buscar en tu navegador \u00abaplicaci\u00f3n de citas + (tu discapacidad)\u00bb para encontrar aplicaciones en las que te sientas m\u00e1s c\u00f3modo. <\/span><\/p><p><span style=\"font-weight: 400;\">\u00c9sta es s\u00f3lo una peque\u00f1a muestra de los sitios web dise\u00f1ados para poner en contacto a parejas. Pruebe uno o dos a la vez y vea d\u00f3nde se siente m\u00e1s c\u00f3modo. <\/span><\/p><h2><span style=\"font-weight: 400;\">La edad importa<\/span><\/h2><p><span style=\"font-weight: 400;\">Ten en cuenta que las relaciones sean apropiadas para tu edad. Las aplicaciones en l\u00ednea suelen ser para mayores de 18 a\u00f1os, pero, por desgracia, no todo el mundo cumple las normas. Si tienes menos de 18 a\u00f1os, c\u00e9ntrate en salir con personas que conozcas personalmente o que sepas que tienen m\u00e1s o menos tu edad. Y aseg\u00farate de respetar la seguridad personal cuando tengas citas por Internet. Recuerda que es ilegal que un mayor de 18 a\u00f1os mantenga una relaci\u00f3n sentimental con un menor de esa edad.    <\/span><\/p><h2><span style=\"font-weight: 400;\">Seguridad en las citas por Internet<\/span><\/h2><p><span style=\"font-weight: 400;\">Las aplicaciones de citas en l\u00ednea pueden suponer un reto a la hora de conocer qui\u00e9nes son realmente las personas. Por desgracia, aunque estas aplicaciones pueden ser muy \u00fatiles para presentarte a posibles parejas, tambi\u00e9n pueden atraer a personas que quieren enga\u00f1ar o estafar a otras. <\/span><\/p><p><span style=\"font-weight: 400;\">Estos son algunos consejos b\u00e1sicos para utilizar las aplicaciones de citas en l\u00ednea de forma segura:<\/span><\/p><ul><li style=\"font-weight: 400;\" aria-level=\"1\"><b>Est\u00e9 alerta ante estafas<\/b><span style=\"font-weight: 400;\"> o solicitudes de informaci\u00f3n personal como datos bancarios, su direcci\u00f3n o su n\u00famero de la seguridad social.<\/span><\/li><li style=\"font-weight: 400;\" aria-level=\"1\"><b>Nunca env\u00edes dinero ni tarjetas regalo a nadie con quien hables por Internet.<\/b><span style=\"font-weight: 400;\">  De hecho, si eso ocurre, den\u00fancielo.<\/span><\/li><li style=\"font-weight: 400;\" aria-level=\"1\"><b>Cuidado con los \u00abdevotos\u00bb.<\/b><span style=\"font-weight: 400;\">  que es otro t\u00e9rmino para describir a las personas que fetichizan las discapacidades. Algunas aplicaciones, como Dateability, no permiten devotos en sus plataformas, pero otras s\u00ed.   <\/span><\/li><li style=\"font-weight: 400;\" aria-level=\"1\"><b>No compartas informaci\u00f3n financiera ni datos personales.<\/b><span style=\"font-weight: 400;\">. Eso significa que no hay direcciones, n\u00fameros de tel\u00e9fono ni otros datos similares, que pueden dar lugar a fraudes y comprometer su seguridad. Por desgracia, muchos estafadores operan en Internet e intentan atrapar a la gente convenci\u00e9ndola de un inter\u00e9s rom\u00e1ntico. Cualquiera que le pida estos datos o le pida dinero es probablemente un estafador.    <\/span><\/li><li style=\"font-weight: 400;\" aria-level=\"1\"><b>No compartas ning\u00fan dato de acceso<\/b><span style=\"font-weight: 400;\">ni en la aplicaci\u00f3n ni en los dispositivos que puedas compartir. <\/span> <\/li><li style=\"font-weight: 400;\" aria-level=\"1\"><b>Oculta tu informaci\u00f3n de contacto.<\/b><span style=\"font-weight: 400;\">  Hasta que no se haya desarrollado una relaci\u00f3n de confianza duradera con una persona, es mejor mantenerla en privado.  <\/span><\/li><li style=\"font-weight: 400;\" aria-level=\"1\"><b>Evita a las personas malintencionadas.  <\/b><span style=\"font-weight: 400;\">Si alguien se muestra ofensivo o poco amable de alguna manera, deja de interactuar con \u00e9l inmediatamente y comun\u00edcalo al sitio. Haz lo mismo con cualquiera que te presione para obtener informaci\u00f3n personal o te pida dinero. <\/span><\/li><li style=\"font-weight: 400;\" aria-level=\"1\"><b>Si decides conocer a alguien en persona, hazlo en un lugar p\u00fablico<\/b><span style=\"font-weight: 400;\">Elige uno que sepas que es accesible para ti y en el que te sientas c\u00f3modo. Lleva contigo a un amigo de confianza o avisa a la gente de ad\u00f3nde vas. No viajes con ellos, y lleva siempre contigo tus objetos personales.  <\/span><\/li><\/ul>\t\t\t\t\t\t\t\t<\/div>\n\t\t\t\t<\/div>\n\t\t\t\t<div class=\"elementor-element elementor-element-85d6689 elementor-widget elementor-widget-text-editor\" data-id=\"85d6689\" data-element_type=\"widget\" data-widget_type=\"text-editor.default\">\n\t\t\t\t<div class=\"elementor-widget-container\">\n\t\t\t\t\t\t\t\t\t<h3><a href=\"https:\/\/nvtrip.sncil.org\/es\/salir-con-una-persona-discapacitada\/\" target=\"_blank\" rel=\"noopener\"><span style=\"font-weight: 400;\">Siguiente: Salir con una persona discapacitada<\/span><\/a><\/h3>\t\t\t\t\t\t\t\t<\/div>\n\t\t\t\t<\/div>\n\t\t\t\t\t<\/div>\n\t\t\t\t<\/div>\n\t\t\t\t<\/div>\n\t\t","protected":false},"excerpt":{"rendered":"<p>Navegar por Internet con confianza Conectar con alguien especial puede ser complicado si tu vida diaria no te permite relacionarte con gente nueva. Por eso las aplicaciones y los sitios web de citas en l\u00ednea se han convertido en la principal forma de conocer parejas, con m\u00e1s del 50% de las parejas de novios dicen [&hellip;]<\/p>\n","protected":false},"author":1,"featured_media":0,"parent":0,"menu_order":0,"comment_status":"closed","ping_status":"closed","template":"","meta":{"footnotes":""},"class_list":["post-1695","page","type-page","status-publish","hentry"],"_links":{"self":[{"href":"https:\/\/nvtrip.sncil.org\/es\/wp-json\/wp\/v2\/pages\/1695","targetHints":{"allow":["GET"]}}],"collection":[{"href":"https:\/\/nvtrip.sncil.org\/es\/wp-json\/wp\/v2\/pages"}],"about":[{"href":"https:\/\/nvtrip.sncil.org\/es\/wp-json\/wp\/v2\/types\/page"}],"author":[{"embeddable":true,"href":"https:\/\/nvtrip.sncil.org\/es\/wp-json\/wp\/v2\/users\/1"}],"replies":[{"embeddable":true,"href":"https:\/\/nvtrip.sncil.org\/es\/wp-json\/wp\/v2\/comments?post=1695"}],"version-history":[{"count":11,"href":"https:\/\/nvtrip.sncil.org\/es\/wp-json\/wp\/v2\/pages\/1695\/revisions"}],"predecessor-version":[{"id":1854,"href":"https:\/\/nvtrip.sncil.org\/es\/wp-json\/wp\/v2\/pages\/1695\/revisions\/1854"}],"wp:attachment":[{"href":"https:\/\/nvtrip.sncil.org\/es\/wp-json\/wp\/v2\/media?parent=1695"}],"curies":[{"name":"wp","href":"https:\/\/api.w.org\/{rel}","templated":true}]}}