{"id":1534,"date":"2025-05-12T20:34:04","date_gmt":"2025-05-12T20:34:04","guid":{"rendered":"https:\/\/nvtrip.sncil.org\/viaje-nv\/desarrollar-la-confianza-habilidad-a-habilidad\/calendario-de-limpieza-de-su-hogar\/"},"modified":"2025-10-22T23:53:52","modified_gmt":"2025-10-22T23:53:52","slug":"calendario-de-limpieza-de-su-hogar","status":"publish","type":"page","link":"https:\/\/nvtrip.sncil.org\/es\/viaje-nv\/desarrollar-la-confianza-habilidad-a-habilidad\/calendario-de-limpieza-de-su-hogar\/","title":{"rendered":"Calendario de limpieza de su hogar"},"content":{"rendered":"\t\t<div data-elementor-type=\"wp-page\" data-elementor-id=\"1534\" class=\"elementor elementor-1534 elementor-989\" data-elementor-post-type=\"page\">\n\t\t\t\t<div data-particle_enable=\"false\" data-particle-mobile-disabled=\"false\" class=\"elementor-element elementor-element-58f3f8ab e-con-full e-flex e-con e-parent\" data-id=\"58f3f8ab\" data-element_type=\"container\">\n\t\t\t\t<div class=\"elementor-element elementor-element-99a8fff elementor-widget elementor-widget-image\" data-id=\"99a8fff\" data-element_type=\"widget\" data-widget_type=\"image.default\">\n\t\t\t\t<div class=\"elementor-widget-container\">\n\t\t\t\t\t\t\t\t\t\t\t\t\t\t\t<img fetchpriority=\"high\" decoding=\"async\" width=\"1440\" height=\"700\" src=\"https:\/\/nvtrip.sncil.org\/wp-content\/uploads\/2025\/05\/Your-Home-Cleaning-Schedule.png\" class=\"attachment-full size-full wp-image-992\" alt=\"Animated illustration of a young man in a wheelchair vacuuming in front of a giant calendar and clock.\" srcset=\"https:\/\/nvtrip.sncil.org\/wp-content\/uploads\/2025\/05\/Your-Home-Cleaning-Schedule.png 1440w, https:\/\/nvtrip.sncil.org\/wp-content\/uploads\/2025\/05\/Your-Home-Cleaning-Schedule-300x146.png 300w, https:\/\/nvtrip.sncil.org\/wp-content\/uploads\/2025\/05\/Your-Home-Cleaning-Schedule-1024x498.png 1024w, https:\/\/nvtrip.sncil.org\/wp-content\/uploads\/2025\/05\/Your-Home-Cleaning-Schedule-768x373.png 768w\" sizes=\"(max-width: 1440px) 100vw, 1440px\" \/>\t\t\t\t\t\t\t\t\t\t\t\t\t\t\t<\/div>\n\t\t\t\t<\/div>\n\t\t\t\t<div class=\"elementor-element elementor-element-5aad83f1 elementor-widget elementor-widget-heading\" data-id=\"5aad83f1\" data-element_type=\"widget\" data-widget_type=\"heading.default\">\n\t\t\t\t<div class=\"elementor-widget-container\">\n\t\t\t\t\t<h1 class=\"elementor-heading-title elementor-size-default\">Calendario de limpieza de su hogar<\/h1>\t\t\t\t<\/div>\n\t\t\t\t<\/div>\n\t\t\t\t<\/div>\n\t\t<div data-particle_enable=\"false\" data-particle-mobile-disabled=\"false\" class=\"elementor-element elementor-element-58ae9e78 e-flex e-con-boxed e-con e-parent\" data-id=\"58ae9e78\" data-element_type=\"container\">\n\t\t\t\t\t<div class=\"e-con-inner\">\n\t\t\t\t<div class=\"elementor-element elementor-element-3591d801 elementor-widget elementor-widget-text-editor\" data-id=\"3591d801\" data-element_type=\"widget\" data-widget_type=\"text-editor.default\">\n\t\t\t\t<div class=\"elementor-widget-container\">\n\t\t\t\t\t\t\t\t\t<p><span style=\"font-weight: 400;\">No existe un enfoque \u00fanico para la limpieza. Sea cual sea tu tipo de limpieza personal y la frecuencia y la cantidad de cosas que te gusta limpiar a la vez, es bueno saber qu\u00e9 cosas realmente necesitan una limpieza regular y cu\u00e1les pueden esperar un mes, una temporada o un a\u00f1o. &nbsp;<\/span><\/p>\n<p><span style=\"font-weight: 400;\">A continuaci\u00f3n encontrar\u00e1 un calendario b\u00e1sico de las tareas que debe realizar en su hogar y con qu\u00e9 frecuencia.<\/span><\/p>\n<h2><span style=\"font-weight: 400;\">Todos los d\u00edas:<\/span><\/h2>\n<ul>\n<li style=\"font-weight: 400;\" aria-level=\"1\"><span style=\"font-weight: 400;\">Haz tu cama. (De hecho, las investigaciones demuestran que hacer esta sencilla tarea todos los d\u00edas no s\u00f3lo hace que tu casa parezca m\u00e1s ordenada, sino que reduce el estr\u00e9s, mejora la felicidad y conduce a una mayor productividad). <\/span><\/li>\n<li style=\"font-weight: 400;\" aria-level=\"1\"><span style=\"font-weight: 400;\">Lava los platos sucios.&nbsp;<\/span><\/li>\n<li style=\"font-weight: 400;\" aria-level=\"1\"><span style=\"font-weight: 400;\">Vac\u00eda el lavavajillas y rell\u00e9nalo con los sucios a medida que los utilices.<\/span><\/li>\n<li style=\"font-weight: 400;\" aria-level=\"1\"><span style=\"font-weight: 400;\">Saca la basura.&nbsp;<\/span><\/li>\n<li style=\"font-weight: 400;\" aria-level=\"1\"><span style=\"font-weight: 400;\">Limpia las encimeras de la cocina y el ba\u00f1o.&nbsp;<\/span><\/li>\n<li style=\"font-weight: 400;\" aria-level=\"1\"><span style=\"font-weight: 400;\">Despejar, guardando los objetos dejados en mostradores, mesas y suelos, para evitar que se amontonen.<\/span><\/li>\n<li style=\"font-weight: 400;\" aria-level=\"1\"><span style=\"font-weight: 400;\">Guarda la ropa en cajones y armarios o t\u00edrala al cesto de la ropa sucia.<\/span><\/li><\/ul>\n<h2><span style=\"font-weight: 400;\">Semanal:<\/span><\/h2>\n<ul>\n<li style=\"font-weight: 400;\" aria-level=\"1\"><span style=\"font-weight: 400;\">Limpie el polvo de las superficies (mesas, c\u00f3modas, alf\u00e9izares, estanter\u00edas, muebles multimedia, mesillas de noche, etc.).<\/span><\/li>\n<li style=\"font-weight: 400;\" aria-level=\"1\"><span style=\"font-weight: 400;\">Aspirar y fregar suelos.<\/span><\/li>\n<li style=\"font-weight: 400;\" aria-level=\"1\"><span style=\"font-weight: 400;\">Lava las toallas, los pa\u00f1os y las alfombrillas de ba\u00f1o en la lavadora.<\/span><\/li>\n<li style=\"font-weight: 400;\" aria-level=\"1\"><span style=\"font-weight: 400;\">Limpia los electrodom\u00e9sticos (frigor\u00edfico, horno, microondas, etc.).<\/span><\/li>\n<li style=\"font-weight: 400;\" aria-level=\"1\"><span style=\"font-weight: 400;\">Limpie la grasa o las salpicaduras de comida de las encimeras de la cocina, el microondas y el salpicadero.<\/span><\/li>\n<li style=\"font-weight: 400;\" aria-level=\"1\"><span style=\"font-weight: 400;\">Espejos limpios.<\/span><\/li>\n<li style=\"font-weight: 400;\" aria-level=\"1\"><span style=\"font-weight: 400;\">Fregado de fregaderos de cocina y ba\u00f1o.<\/span><\/li>\n<li style=\"font-weight: 400;\" aria-level=\"1\"><span style=\"font-weight: 400;\">Aseos limpios.<\/span><\/li>\n<li style=\"font-weight: 400;\" aria-level=\"1\"><span style=\"font-weight: 400;\">Duchas y ba\u00f1eras limpias.<\/span><\/li>\n<li style=\"font-weight: 400;\" aria-level=\"1\"><span style=\"font-weight: 400;\">Lavar la ropa.<\/span><\/li>\n<li style=\"font-weight: 400;\" aria-level=\"1\"><span style=\"font-weight: 400;\">Tira la comida vieja del frigor\u00edfico y lava sus envases (si no son desechables).<\/span><\/li>\n<li style=\"font-weight: 400;\" aria-level=\"1\"><span style=\"font-weight: 400;\">Desinfecte los lugares que se tocan con frecuencia, como pomos de puertas, tiradores de cajones, teclados o mandos a distancia.<\/span><\/li>\n<li style=\"font-weight: 400;\" aria-level=\"1\"><span style=\"font-weight: 400;\">Cambiar y lavar s\u00e1banas y fundas de almohada.<\/span><\/li>\n<li style=\"font-weight: 400;\" aria-level=\"1\"><span style=\"font-weight: 400;\">Mullir almohadas y edredones.<\/span><\/li><\/ul>\n<h2><span style=\"font-weight: 400;\">Mensual:<\/span><\/h2>\n<p><span style=\"font-weight: 400;\">Como es m\u00e1s probable que se olvide de las tareas que s\u00f3lo hay que hacer una vez al mes, puede resultarle \u00fatil programar alarmas en los calendarios de su tel\u00e9fono para que se las recuerden.<\/span><\/p>\n<ul>\n<li style=\"font-weight: 400;\" aria-level=\"1\"><span style=\"font-weight: 400;\">Limpiar ventanas y marcos de cuadros.<\/span><\/li>\n<li style=\"font-weight: 400;\" aria-level=\"1\"><span style=\"font-weight: 400;\">Quitar el polvo de las ventanas y los rodapi\u00e9s.<\/span><\/li>\n<li style=\"font-weight: 400;\" aria-level=\"1\"><span style=\"font-weight: 400;\">Limpiar los filtros de la aspiradora.<\/span><\/li>\n<li style=\"font-weight: 400;\" aria-level=\"1\"><span style=\"font-weight: 400;\">Limpie el polvo de ventiladores de techo, l\u00e1mparas y rejillas de ventilaci\u00f3n.<\/span><\/li>\n<li style=\"font-weight: 400;\" aria-level=\"1\"><span style=\"font-weight: 400;\">Fregar suelos de madera o baldosas.<\/span><\/li>\n<li style=\"font-weight: 400;\" aria-level=\"1\"><span style=\"font-weight: 400;\">Limpie las cortinas de ducha y los forros. Aseg\u00farese de leer las instrucciones de lavado. <\/span><\/li>\n<li style=\"font-weight: 400;\" aria-level=\"1\"><span style=\"font-weight: 400;\">Frote las placas de cocina, incluidas las rejillas de los quemadores, que normalmente se pueden lavar en el lavavajillas.<\/span><\/li>\n<li style=\"font-weight: 400;\" aria-level=\"1\"><span style=\"font-weight: 400;\">Limpie las puertas de los armarios y los frentes de los cajones de la cocina.<\/span><\/li>\n<li style=\"font-weight: 400;\" aria-level=\"1\"><span style=\"font-weight: 400;\">Limpia los cubos de basura y las tapas.<\/span><\/li>\n<li style=\"font-weight: 400;\" aria-level=\"1\"><span style=\"font-weight: 400;\">Espolvorear la parte superior del frigor\u00edfico.<\/span><\/li>\n<li style=\"font-weight: 400;\" aria-level=\"1\"><span style=\"font-weight: 400;\">Aspire la tapicer\u00eda de los muebles.<\/span><\/li>\n<li style=\"font-weight: 400;\" aria-level=\"1\"><span style=\"font-weight: 400;\">Ejecute el ciclo de autolimpieza en la lavadora.<\/span><\/li>\n<li style=\"font-weight: 400;\" aria-level=\"1\"><span style=\"font-weight: 400;\">Sacude las alfombras.<\/span><\/li><\/ul>\n<h2><span style=\"font-weight: 400;\">Estacionalmente:<\/span><\/h2>\n<ul>\n<li style=\"font-weight: 400;\" aria-level=\"1\"><span style=\"font-weight: 400;\">Limpia los armarios, cambia la ropa y los zapatos para que la ropa que vayas a usar est\u00e9 a mano y fuera de las cajas de almacenaje.<\/span><\/li>\n<li style=\"font-weight: 400;\" aria-level=\"1\"><span style=\"font-weight: 400;\">Limpie sus zonas exteriores y prep\u00e1rese para la pr\u00f3xima temporada, ya sea preparando las sillas y las parrillas para el verano o guardando los cojines y las sombrillas y apagando las mangueras para el invierno.<\/span><\/li>\n<li style=\"font-weight: 400;\" aria-level=\"1\"><span style=\"font-weight: 400;\">Lave las almohadas en la lavadora. Comprueba las instrucciones de las etiquetas. <\/span><\/li>\n<li style=\"font-weight: 400;\" aria-level=\"1\"><span style=\"font-weight: 400;\">Deseche los alimentos caducados.<\/span><\/li>\n<li style=\"font-weight: 400;\" aria-level=\"1\"><span style=\"font-weight: 400;\">Limpie el interior del frigor\u00edfico.<\/span><\/li>\n<li style=\"font-weight: 400;\" aria-level=\"1\"><span style=\"font-weight: 400;\">Limpiar las rejillas de las ollas.&nbsp;<\/span><\/li>\n<li style=\"font-weight: 400;\" aria-level=\"1\"><span style=\"font-weight: 400;\">Dona ropa vieja.<\/span><\/li>\n<li style=\"font-weight: 400;\" aria-level=\"1\"><span style=\"font-weight: 400;\">Limpia los cajones\/bolsas de maquillaje y tira lo que est\u00e9 caducado.&nbsp;<\/span><\/li>\n<li style=\"font-weight: 400;\" aria-level=\"1\"><span style=\"font-weight: 400;\">Duchas limpias.<\/span><\/li>\n<\/ul>\n<h2><span style=\"font-weight: 400;\">Cada 6 meses o una vez al a\u00f1o<\/span><\/h2>\n<ul>\n<li style=\"font-weight: 400;\" aria-level=\"1\"><span style=\"font-weight: 400;\">Limpieza profunda del horno.<\/span><\/li>\n<li style=\"font-weight: 400;\" aria-level=\"1\"><span style=\"font-weight: 400;\">Vaciar y limpiar los armarios y la despensa, incluidas las estanter\u00edas.<\/span><\/li>\n<li style=\"font-weight: 400;\" aria-level=\"1\"><span style=\"font-weight: 400;\">Aspira\/desempolva las bobinas del frigor\u00edfico para evitar que se sobrecaliente.<\/span><\/li>\n<li style=\"font-weight: 400;\" aria-level=\"1\"><span style=\"font-weight: 400;\">Colch\u00f3n de vac\u00edo.<\/span><\/li>\n<li style=\"font-weight: 400;\" aria-level=\"1\"><span style=\"font-weight: 400;\">Limpieza a fondo del frigor\u00edfico y el congelador.<\/span><\/li>\n<li style=\"font-weight: 400;\" aria-level=\"1\"><span style=\"font-weight: 400;\">Limpiar detr\u00e1s de los electrodom\u00e9sticos.<\/span><\/li>\n<li style=\"font-weight: 400;\" aria-level=\"1\"><span style=\"font-weight: 400;\">Limpie la bandeja de agua y sustituya el filtro de agua del frigor\u00edfico.<\/span><\/li>\n<li style=\"font-weight: 400;\" aria-level=\"1\"><span style=\"font-weight: 400;\">Limpiar el garaje.<\/span><\/li>\n<\/ul>\t\t\t\t\t\t\t\t<\/div>\n\t\t\t\t<\/div>\n\t\t\t\t\t<\/div>\n\t\t\t\t<\/div>\n\t\t\t\t<\/div>\n\t\t","protected":false},"excerpt":{"rendered":"<p>Calendario de limpieza de su hogar No existe un enfoque \u00fanico para la limpieza. Sea cual sea tu tipo de limpieza personal y la frecuencia y la cantidad de cosas que te gusta limpiar a la vez, es bueno saber qu\u00e9 cosas realmente necesitan una limpieza regular y cu\u00e1les pueden esperar un mes, una temporada [&hellip;]<\/p>\n","protected":false},"author":1,"featured_media":0,"parent":758,"menu_order":0,"comment_status":"closed","ping_status":"closed","template":"","meta":{"footnotes":""},"class_list":["post-1534","page","type-page","status-publish","hentry"],"_links":{"self":[{"href":"https:\/\/nvtrip.sncil.org\/es\/wp-json\/wp\/v2\/pages\/1534","targetHints":{"allow":["GET"]}}],"collection":[{"href":"https:\/\/nvtrip.sncil.org\/es\/wp-json\/wp\/v2\/pages"}],"about":[{"href":"https:\/\/nvtrip.sncil.org\/es\/wp-json\/wp\/v2\/types\/page"}],"author":[{"embeddable":true,"href":"https:\/\/nvtrip.sncil.org\/es\/wp-json\/wp\/v2\/users\/1"}],"replies":[{"embeddable":true,"href":"https:\/\/nvtrip.sncil.org\/es\/wp-json\/wp\/v2\/comments?post=1534"}],"version-history":[{"count":1,"href":"https:\/\/nvtrip.sncil.org\/es\/wp-json\/wp\/v2\/pages\/1534\/revisions"}],"predecessor-version":[{"id":1535,"href":"https:\/\/nvtrip.sncil.org\/es\/wp-json\/wp\/v2\/pages\/1534\/revisions\/1535"}],"up":[{"embeddable":true,"href":"https:\/\/nvtrip.sncil.org\/es\/wp-json\/wp\/v2\/pages\/758"}],"wp:attachment":[{"href":"https:\/\/nvtrip.sncil.org\/es\/wp-json\/wp\/v2\/media?parent=1534"}],"curies":[{"name":"wp","href":"https:\/\/api.w.org\/{rel}","templated":true}]}}