{"id":1532,"date":"2025-06-09T00:50:35","date_gmt":"2025-06-09T00:50:35","guid":{"rendered":"https:\/\/nvtrip.sncil.org\/viaje-nv\/desarrollar-la-confianza-habilidad-a-habilidad\/cuando-no-quieres-tener-pelo\/"},"modified":"2025-10-22T23:51:59","modified_gmt":"2025-10-22T23:51:59","slug":"cuando-no-quieres-tener-pelo","status":"publish","type":"page","link":"https:\/\/nvtrip.sncil.org\/es\/viaje-nv\/desarrollar-la-confianza-habilidad-a-habilidad\/cuando-no-quieres-tener-pelo\/","title":{"rendered":"Cuando no quieres tener pelo"},"content":{"rendered":"\t\t<div data-elementor-type=\"wp-page\" data-elementor-id=\"1532\" class=\"elementor elementor-1532 elementor-1076\" data-elementor-post-type=\"page\">\n\t\t\t\t<div data-particle_enable=\"false\" data-particle-mobile-disabled=\"false\" class=\"elementor-element elementor-element-1dd98006 e-con-full e-flex e-con e-parent\" data-id=\"1dd98006\" data-element_type=\"container\">\n\t\t\t\t<div class=\"elementor-element elementor-element-59fb303c elementor-widget elementor-widget-image\" data-id=\"59fb303c\" data-element_type=\"widget\" data-widget_type=\"image.default\">\n\t\t\t\t<div class=\"elementor-widget-container\">\n\t\t\t\t\t\t\t\t\t\t\t\t\t\t\t<img fetchpriority=\"high\" decoding=\"async\" width=\"1440\" height=\"700\" src=\"https:\/\/nvtrip.sncil.org\/wp-content\/uploads\/2025\/06\/Hair-Removal-SNCIL.svg\" class=\"attachment-full size-full wp-image-1079\" alt=\"Animated illustration of a young man shaving while looking in the mirror.\" \/>\t\t\t\t\t\t\t\t\t\t\t\t\t\t\t<\/div>\n\t\t\t\t<\/div>\n\t\t\t\t<div class=\"elementor-element elementor-element-259a98aa elementor-widget elementor-widget-heading\" data-id=\"259a98aa\" data-element_type=\"widget\" data-widget_type=\"heading.default\">\n\t\t\t\t<div class=\"elementor-widget-container\">\n\t\t\t\t\t<h1 class=\"elementor-heading-title elementor-size-default\">Cuando no quieres tener pelo<\/h1>\t\t\t\t<\/div>\n\t\t\t\t<\/div>\n\t\t\t\t<\/div>\n\t\t<div data-particle_enable=\"false\" data-particle-mobile-disabled=\"false\" class=\"elementor-element elementor-element-44bfbf91 e-flex e-con-boxed e-con e-parent\" data-id=\"44bfbf91\" data-element_type=\"container\">\n\t\t\t\t\t<div class=\"e-con-inner\">\n\t\t\t\t<div class=\"elementor-element elementor-element-5dadf88e elementor-widget elementor-widget-text-editor\" data-id=\"5dadf88e\" data-element_type=\"widget\" data-widget_type=\"text-editor.default\">\n\t\t\t\t<div class=\"elementor-widget-container\">\n\t\t\t\t\t\t\t\t\t<p><span style=\"font-weight: 400;\">La pubertad trae consigo toda una serie de problemas relacionados con el aseo personal, entre los que se incluye el vello, que ahora crece en lugares nuevos. Puede que algunos sean deseados, pero otros no.   <\/span><\/p><p><span style=\"font-weight: 400;\">La depilaci\u00f3n puede resultar complicada para cualquiera, ya que a veces puede ser dolorosa e incluso peligrosa, sobre todo cuando se trata de cuchillas de afeitar. Aseg\u00farate de que s\u00f3lo te depilas si quieres y cuando quieres. Para la mayor\u00eda de la gente, la depilaci\u00f3n es una elecci\u00f3n totalmente personal. Puede que tenga mucho que ver con tu cultura, sociedad o grupo de amigos. Pero vivir por tu cuenta como adulto significa que puedes tomar muchas decisiones por ti mismo, y \u00e9sta es sin duda una de ellas. Si no quieres depilarte o recortarte el pelo, \u00a1no lo hagas!     <\/span><\/p><p><span style=\"font-weight: 400;\">Si est\u00e1s pensando en depilarte las cejas, las axilas, las piernas, la cara o el pubis, hay muchos salones de belleza y empresas de depilaci\u00f3n donde profesionales cualificados pueden hacerlo de forma segura y con el m\u00ednimo dolor, y a menudo es bastante asequible. Si puedes permit\u00edrtelo y est\u00e1s dispuesta a probarlo, considera esta soluci\u00f3n en lugar de hacerlo t\u00fa misma. La depilaci\u00f3n no s\u00f3lo puede ser dolorosa, sino tambi\u00e9n potencialmente peligrosa y dif\u00edcil si no sabes lo que haces.  <\/span><\/p><h2><span style=\"font-weight: 400;\">C\u00f3mo afeitarse<\/span><\/h2><p><span style=\"font-weight: 400;\">Incluso un peque\u00f1o corte accidental con una cuchilla de afeitar puede ser muy doloroso y provocar mucha hemorragia. Aseg\u00farate de tener un buen agarre para sujetar la maquinilla; si tienes problemas de destreza con las manos o te cuesta llegar al vello en cuesti\u00f3n, busca dispositivos de ayuda como mangos de maquinilla anchos o largos o maquinillas el\u00e9ctricas, que pueden ser \u00fatiles para personas con discapacidad. <\/span><\/p><p><span style=\"font-weight: 400;\">Cuando te afeites, utiliza siempre agua caliente o vapor para ablandar el vello; nunca te afeites con la piel seca. Esto puede provocar quemaduras y, adem\u00e1s, es probable que no elimines todo el vello. El calor y la humedad abren los poros de la piel, lo que permite obtener el m\u00e1ximo vello posible con el menor n\u00famero de pasadas de la maquinilla.  <\/span><\/p><p><span style=\"font-weight: 400;\">Una vez que la piel est\u00e9 h\u00fameda, aplica crema o loci\u00f3n de afeitar en la zona que vayas a afeitar. Sujeta la maquinilla con cuidado por el mango y, con movimientos descendentes, arrastra lenta y suavemente la maquinilla por la zona elegida. Sigue la direcci\u00f3n del vello para no irritar la piel. Las pasadas m\u00e1s largas son m\u00e1s seguras que las cortas.     <\/span><\/p><p><span style=\"font-weight: 400;\">Nunca, JAM\u00c1S toques el extremo de la cuchilla de una maquinilla de afeitar con los dedos ni con ninguna otra parte del cuerpo. Incluso un roce casual puede cortarte un dedo. Mant\u00e9n las cuchillas de afeitar cubiertas cuando no las est\u00e9s utilizando; la mayor\u00eda vienen con fundas que se encajan a presi\u00f3n, y las cuchillas de afeitar suelen poder cambiarse con s\u00f3lo pulsar un bot\u00f3n, por lo que no tendr\u00e1s que tocarlas ni tirar de ellas.  <\/span><\/p><p><span style=\"font-weight: 400;\">Puede ser \u00fatil que uno de tus padres o alguien que tenga experiencia con el afeitado te ense\u00f1e c\u00f3mo hacerlo antes de que lo intentes. Incluso puedes practicar aplicando crema de afeitar a un globo y practicando los movimientos hacia abajo sin que el globo estalle. Cuando domines la t\u00e9cnica, pru\u00e9bala en una parte de tu propia piel.  <\/span><\/p><h2><span style=\"font-weight: 400;\">Cremas depilatorias<\/span><\/h2><p><span style=\"font-weight: 400;\">Tambi\u00e9n existen cremas, llamadas depilatorias, que eliminan el vello. Puede que te sientas m\u00e1s c\u00f3moda probando este m\u00e9todo en lugar de utilizar una cuchilla si no est\u00e1s segura de poder afeitarte con seguridad. Sigue las instrucciones del envase y luego aclara la crema, \u00a1el vello se ir\u00e1 con ella! Puede que no elimine todo el vello tan limpiamente como una cuchilla, pero tampoco te cortar\u00e1. Pru\u00e9bala primero en una zona peque\u00f1a de la piel para asegurarte de que los productos qu\u00edmicos de la crema no te irritan.    <\/span><\/p><h2><span style=\"font-weight: 400;\">Tweeze, por favor<\/span><\/h2><p><span style=\"font-weight: 400;\">Los pelos peque\u00f1os y aislados pueden eliminarse f\u00e1cilmente, de uno en uno, con pinzas. Se trata de unas peque\u00f1as pinzas met\u00e1licas que agarran los pelos que quieres eliminar, normalmente de la cara. Basta con apretar el pelo entre las pinzas, dar un tir\u00f3n y el pelo sale. Probablemente te duela un segundo, pero te acostumbrar\u00e1s. Las pinzas son ideales para depilar peque\u00f1as zonas, como las cejas o el vello ocasional de la barbilla. Como las pinzas son peque\u00f1as y requieren un poco de destreza para usarlas, tambi\u00e9n puedes probar pinzas adaptables que son m\u00e1s f\u00e1ciles de agarrar; \u00a1algunas incluso tienen luces!     <\/span><\/p>\t\t\t\t\t\t\t\t<\/div>\n\t\t\t\t<\/div>\n\t\t\t\t\t<\/div>\n\t\t\t\t<\/div>\n\t\t\t\t<\/div>\n\t\t","protected":false},"excerpt":{"rendered":"<p>Cuando no quieres tener pelo La pubertad trae consigo toda una serie de problemas relacionados con el aseo personal, entre los que se incluye el vello, que ahora crece en lugares nuevos. Puede que algunos sean deseados, pero otros no. La depilaci\u00f3n puede resultar complicada para cualquiera, ya que a veces puede ser dolorosa e [&hellip;]<\/p>\n","protected":false},"author":1,"featured_media":0,"parent":758,"menu_order":0,"comment_status":"closed","ping_status":"closed","template":"","meta":{"footnotes":""},"class_list":["post-1532","page","type-page","status-publish","hentry"],"_links":{"self":[{"href":"https:\/\/nvtrip.sncil.org\/es\/wp-json\/wp\/v2\/pages\/1532","targetHints":{"allow":["GET"]}}],"collection":[{"href":"https:\/\/nvtrip.sncil.org\/es\/wp-json\/wp\/v2\/pages"}],"about":[{"href":"https:\/\/nvtrip.sncil.org\/es\/wp-json\/wp\/v2\/types\/page"}],"author":[{"embeddable":true,"href":"https:\/\/nvtrip.sncil.org\/es\/wp-json\/wp\/v2\/users\/1"}],"replies":[{"embeddable":true,"href":"https:\/\/nvtrip.sncil.org\/es\/wp-json\/wp\/v2\/comments?post=1532"}],"version-history":[{"count":1,"href":"https:\/\/nvtrip.sncil.org\/es\/wp-json\/wp\/v2\/pages\/1532\/revisions"}],"predecessor-version":[{"id":1533,"href":"https:\/\/nvtrip.sncil.org\/es\/wp-json\/wp\/v2\/pages\/1532\/revisions\/1533"}],"up":[{"embeddable":true,"href":"https:\/\/nvtrip.sncil.org\/es\/wp-json\/wp\/v2\/pages\/758"}],"wp:attachment":[{"href":"https:\/\/nvtrip.sncil.org\/es\/wp-json\/wp\/v2\/media?parent=1532"}],"curies":[{"name":"wp","href":"https:\/\/api.w.org\/{rel}","templated":true}]}}