{"id":1528,"date":"2025-06-09T00:42:10","date_gmt":"2025-06-09T00:42:10","guid":{"rendered":"https:\/\/nvtrip.sncil.org\/viaje-nv\/desarrollar-la-confianza-habilidad-a-habilidad\/mantente-limpio-mantente-sano-higiene-personal\/bane-su-cuerpo\/"},"modified":"2025-08-05T22:04:07","modified_gmt":"2025-08-05T22:04:07","slug":"bane-su-cuerpo","status":"publish","type":"page","link":"https:\/\/nvtrip.sncil.org\/es\/viaje-nv\/desarrollar-la-confianza-habilidad-a-habilidad\/mantente-limpio-mantente-sano-higiene-personal\/bane-su-cuerpo\/","title":{"rendered":"Ba\u00f1e su cuerpo"},"content":{"rendered":"\t\t<div data-elementor-type=\"wp-page\" data-elementor-id=\"1528\" class=\"elementor elementor-1528 elementor-1060\" data-elementor-post-type=\"page\">\n\t\t\t\t<div data-particle_enable=\"false\" data-particle-mobile-disabled=\"false\" class=\"elementor-element elementor-element-32bcb56f e-con-full e-flex e-con e-parent\" data-id=\"32bcb56f\" data-element_type=\"container\">\n\t\t\t\t<div class=\"elementor-element elementor-element-4b36d527 elementor-widget elementor-widget-image\" data-id=\"4b36d527\" data-element_type=\"widget\" data-widget_type=\"image.default\">\n\t\t\t\t<div class=\"elementor-widget-container\">\n\t\t\t\t\t\t\t\t\t\t\t\t\t\t\t<img fetchpriority=\"high\" decoding=\"async\" width=\"1440\" height=\"700\" src=\"https:\/\/nvtrip.sncil.org\/wp-content\/uploads\/2025\/06\/Bathe-Your-Body-Header.svg\" class=\"attachment-full size-full wp-image-1062\" alt=\"Animated illustration of a young man in a shower, most of his body covered in bubbles.\" \/>\t\t\t\t\t\t\t\t\t\t\t\t\t\t\t<\/div>\n\t\t\t\t<\/div>\n\t\t\t\t<div class=\"elementor-element elementor-element-19c2792d elementor-widget elementor-widget-heading\" data-id=\"19c2792d\" data-element_type=\"widget\" data-widget_type=\"heading.default\">\n\t\t\t\t<div class=\"elementor-widget-container\">\n\t\t\t\t\t<h1 class=\"elementor-heading-title elementor-size-default\">Ba\u00f1e su cuerpo<\/h1>\t\t\t\t<\/div>\n\t\t\t\t<\/div>\n\t\t\t\t<\/div>\n\t\t<div data-particle_enable=\"false\" data-particle-mobile-disabled=\"false\" class=\"elementor-element elementor-element-7b26eecd e-flex e-con-boxed e-con e-parent\" data-id=\"7b26eecd\" data-element_type=\"container\">\n\t\t\t\t\t<div class=\"e-con-inner\">\n\t\t\t\t<div class=\"elementor-element elementor-element-5bef7d14 elementor-widget elementor-widget-text-editor\" data-id=\"5bef7d14\" data-element_type=\"widget\" data-widget_type=\"text-editor.default\">\n\t\t\t\t<div class=\"elementor-widget-container\">\n\t\t\t\t\t\t\t\t\t<main id=\"content\" class=\"site-main post-7192 page type-page status-publish hentry\"><div class=\"page-content\"><div class=\"elementor elementor-7192\" data-elementor-type=\"wp-page\" data-elementor-id=\"7192\" data-elementor-post-type=\"page\"><div class=\"elementor-element elementor-element-a0b46d9 e-flex e-con-boxed e-con e-parent e-lazyloaded\" data-particle_enable=\"false\" data-particle-mobile-disabled=\"false\" data-id=\"a0b46d9\" data-element_type=\"container\"><div class=\"e-con-inner\"><div class=\"elementor-element elementor-element-37298982 elementor-widget elementor-widget-text-editor\" data-id=\"37298982\" data-element_type=\"widget\" data-widget_type=\"text-editor.default\"><div class=\"elementor-widget-container\"><h2>\u00bfBa\u00f1o o ducha?<\/h2><p>Es posible que prefieras uno u otro. Los expertos dicen que la ducha es m\u00e1s limpia que el ba\u00f1o: el agua sucia se va por el desag\u00fce en la ducha, en vez de quedarse en la ba\u00f1era, donde est\u00e1s a remojo. <\/p><p>Pero eso no significa que los ba\u00f1os sean malos. Los ba\u00f1os pueden ser muy relajantes y ayudan a aliviar los m\u00fasculos doloridos. Incluso ayudan a aliviar el estr\u00e9s y la depresi\u00f3n. Y puede que te resulte m\u00e1s f\u00e1cil llegar a algunas partes del cuerpo si te sientas en la ba\u00f1era en vez de estar de pie en la ducha.     <\/p><p>Lo importante es que te desintoxiques. Aqu\u00ed tienes algunos consejos. <\/p><h2>Limpia tu cuerpo todos los d\u00edas<\/h2><p>Esto es especialmente importante para los adolescentes, cuyos cambios hormonales les hacen m\u00e1s propensos a parecer, oler y sentirse sucios. Los adultos pueden saltarse un d\u00eda de vez en cuando. Los expertos recomiendan ducharse (o ba\u00f1arse) de 4 a 6 veces por semana.  <\/p><h2>Usa jab\u00f3n<\/h2><p>Al igual que aprendiste sobre el lavado de manos, el agua no basta para eliminar todos los g\u00e9rmenes. Utiliza siempre jab\u00f3n o gel de ba\u00f1o\/ducha. Elige el que m\u00e1s te guste, ya sea por su tacto, su aroma o sus ingredientes.  <\/p><h2>Lavar de arriba abajo<\/h2><p>Empieza lav\u00e1ndote primero la cabeza y la cara, y luego ve bajando. As\u00ed evitar\u00e1s que la suciedad suba de esas zonas a la cara y la cabeza. A medida que te aclaras, el agua fluye hacia abajo, por lo que las partes m\u00e1s sucias del cuerpo (los genitales, las nalgas y los pies) tardan m\u00e1s en lavarse y aclararse.  <\/p><h2>Fosas, pantalones, pies<\/h2><p>Cuando te duchas o te ba\u00f1as, las partes m\u00e1s importantes del cuerpo que debes lavar son las axilas, las nalgas, los genitales y los pies. No suele ser necesario fregar los brazos, el vientre, el pecho o las piernas, ya que esas zonas no suelen ensuciarse tanto. De hecho, si las friegas demasiado, la piel puede resecarse demasiado y provocar picores. Conc\u00e9ntrate en las axilas, los pantalones y los pies, y el agua jabonosa que corre por las dem\u00e1s partes del cuerpo es suficiente para limpiarlas. De este modo, te asegurar\u00e1s de proteger tu piel mientras limpias las partes del cuerpo que m\u00e1s lo necesitan.    <\/p><h2>Cuidado con la cara<\/h2><p>La piel del rostro suele ser m\u00e1s sensible que la del resto del cuerpo. Por eso algunas personas utilizan limpiadores faciales especiales en lugar de jab\u00f3n normal, ya que suelen ser m\u00e1s suaves con la piel. Aseg\u00farate de seguir las instrucciones del envase.  <\/p><h2>Utiliza una esponja, un estropajo, una toallita o las manos.<\/h2><p>Si utilizas una toallita, m\u00f3jala primero, a\u00f1ade jab\u00f3n, fr\u00f3tala hasta que haga espuma, l\u00e1vate la cara y aclara. Lo mismo ocurre con una esponja vegetal. Pueden servir para exfoliar la piel, es decir, para eliminar las c\u00e9lulas muertas. Pero no hace falta que tengas estos art\u00edculos especiales. Si prefieres ponerte jab\u00f3n directamente en las manos y luego lavarte la piel, \u00a1no pasa nada!    <\/p><h2>No dejes que el agua se caliente demasiado<\/h2><p>Ba\u00f1arse con agua muy caliente no tiene ninguna ventaja. De hecho, si est\u00e1 demasiado caliente, puede da\u00f1ar la piel al eliminar los aceites necesarios y resecarla m\u00e1s tarde. Adem\u00e1s, puedes quemarte. Y no te quedes en la ducha m\u00e1s tiempo del necesario, ya que tambi\u00e9n puede resecarte la piel m\u00e1s tarde.   <\/p><h2>Aclarar bien<\/h2><p>Aseg\u00farate de eliminar todo el jab\u00f3n. Si no lo haces, parte de los restos de jab\u00f3n pueden irritarte la piel y provocar sarpullidos o picores. <\/p><h2>Secar con palmaditas, sin frotar<\/h2><p>Cuando salgas de la ducha o el ba\u00f1o, utiliza la toalla para quitarte el agua de la piel. Frotar puede ser \u00e1spero para la piel y provocarle rozaduras o resecarla. <\/p><\/div><\/div><\/div><\/div><\/div><div class=\"post-tags\"> <\/div><\/div><\/main>\t\t\t\t\t\t\t\t<\/div>\n\t\t\t\t<\/div>\n\t\t\t\t\t<\/div>\n\t\t\t\t<\/div>\n\t\t\t\t<\/div>\n\t\t","protected":false},"excerpt":{"rendered":"<p>Ba\u00f1e su cuerpo \u00bfBa\u00f1o o ducha? Es posible que prefieras uno u otro. Los expertos dicen que la ducha es m\u00e1s limpia que el ba\u00f1o: el agua sucia se va por el desag\u00fce en la ducha, en vez de quedarse en la ba\u00f1era, donde est\u00e1s a remojo. Pero eso no significa que los ba\u00f1os sean [&hellip;]<\/p>\n","protected":false},"author":1,"featured_media":0,"parent":1526,"menu_order":0,"comment_status":"closed","ping_status":"closed","template":"","meta":{"footnotes":""},"class_list":["post-1528","page","type-page","status-publish","hentry"],"_links":{"self":[{"href":"https:\/\/nvtrip.sncil.org\/es\/wp-json\/wp\/v2\/pages\/1528","targetHints":{"allow":["GET"]}}],"collection":[{"href":"https:\/\/nvtrip.sncil.org\/es\/wp-json\/wp\/v2\/pages"}],"about":[{"href":"https:\/\/nvtrip.sncil.org\/es\/wp-json\/wp\/v2\/types\/page"}],"author":[{"embeddable":true,"href":"https:\/\/nvtrip.sncil.org\/es\/wp-json\/wp\/v2\/users\/1"}],"replies":[{"embeddable":true,"href":"https:\/\/nvtrip.sncil.org\/es\/wp-json\/wp\/v2\/comments?post=1528"}],"version-history":[{"count":1,"href":"https:\/\/nvtrip.sncil.org\/es\/wp-json\/wp\/v2\/pages\/1528\/revisions"}],"predecessor-version":[{"id":1529,"href":"https:\/\/nvtrip.sncil.org\/es\/wp-json\/wp\/v2\/pages\/1528\/revisions\/1529"}],"up":[{"embeddable":true,"href":"https:\/\/nvtrip.sncil.org\/es\/wp-json\/wp\/v2\/pages\/1526"}],"wp:attachment":[{"href":"https:\/\/nvtrip.sncil.org\/es\/wp-json\/wp\/v2\/media?parent=1528"}],"curies":[{"name":"wp","href":"https:\/\/api.w.org\/{rel}","templated":true}]}}