{"id":1526,"date":"2025-06-09T00:31:10","date_gmt":"2025-06-09T00:31:10","guid":{"rendered":"https:\/\/nvtrip.sncil.org\/viaje-nv\/desarrollar-la-confianza-habilidad-a-habilidad\/mantente-limpio-mantente-sano-higiene-personal\/"},"modified":"2025-10-22T23:52:12","modified_gmt":"2025-10-22T23:52:12","slug":"mantente-limpio-mantente-sano-higiene-personal","status":"publish","type":"page","link":"https:\/\/nvtrip.sncil.org\/es\/viaje-nv\/desarrollar-la-confianza-habilidad-a-habilidad\/mantente-limpio-mantente-sano-higiene-personal\/","title":{"rendered":"Mantente limpio, mantente sano: Higiene personal"},"content":{"rendered":"\t\t<div data-elementor-type=\"wp-page\" data-elementor-id=\"1526\" class=\"elementor elementor-1526 elementor-1042\" data-elementor-post-type=\"page\">\n\t\t\t\t<div data-particle_enable=\"false\" data-particle-mobile-disabled=\"false\" class=\"elementor-element elementor-element-25f8465d e-con-full e-flex e-con e-parent\" data-id=\"25f8465d\" data-element_type=\"container\">\n\t\t\t\t<div class=\"elementor-element elementor-element-3e1a5253 elementor-widget elementor-widget-image\" data-id=\"3e1a5253\" data-element_type=\"widget\" data-widget_type=\"image.default\">\n\t\t\t\t<div class=\"elementor-widget-container\">\n\t\t\t\t\t\t\t\t\t\t\t\t\t\t\t<img fetchpriority=\"high\" decoding=\"async\" width=\"1440\" height=\"700\" src=\"https:\/\/nvtrip.sncil.org\/wp-content\/uploads\/2025\/06\/Fresh-and-Clean-SNCIL.svg\" class=\"attachment-full size-full wp-image-1045\" alt=\"Animated illustration of a young man standing in the bathroom, holding a tube of toothpaste.\" \/>\t\t\t\t\t\t\t\t\t\t\t\t\t\t\t<\/div>\n\t\t\t\t<\/div>\n\t\t\t\t<div class=\"elementor-element elementor-element-6e6a3404 elementor-widget elementor-widget-heading\" data-id=\"6e6a3404\" data-element_type=\"widget\" data-widget_type=\"heading.default\">\n\t\t\t\t<div class=\"elementor-widget-container\">\n\t\t\t\t\t<h1 class=\"elementor-heading-title elementor-size-default\">Mantente limpio, mantente sano: Higiene personal<\/h1>\t\t\t\t<\/div>\n\t\t\t\t<\/div>\n\t\t\t\t<\/div>\n\t\t<div data-particle_enable=\"false\" data-particle-mobile-disabled=\"false\" class=\"elementor-element elementor-element-40f078ee e-flex e-con-boxed e-con e-parent\" data-id=\"40f078ee\" data-element_type=\"container\">\n\t\t\t\t\t<div class=\"e-con-inner\">\n\t\t\t\t<div class=\"elementor-element elementor-element-572fef87 elementor-widget elementor-widget-text-editor\" data-id=\"572fef87\" data-element_type=\"widget\" data-widget_type=\"text-editor.default\">\n\t\t\t\t<div class=\"elementor-widget-container\">\n\t\t\t\t\t\t\t\t\t<p><span style=\"font-weight: 400;\">A veces llamada \u00abaseo\u00bb, la higiene personal no es m\u00e1s que una forma elegante de decir \u00abc\u00f3mo nos mantenemos aseados y limpios\u00bb.<\/span><\/p><p><span style=\"font-weight: 400;\">Mantener nuestro cuerpo limpio y con buen olor es importante. \u00bfPor qu\u00e9? En primer lugar, porque detiene la propagaci\u00f3n de g\u00e9rmenes que nos enferman a nosotros y a los dem\u00e1s. En segundo lugar, la gente se siente m\u00e1s c\u00f3moda cuando est\u00e1 con alguien que huele y se ve limpio.   <\/span><\/p><p><span style=\"font-weight: 400;\">Por supuesto, lavarse las manos, ducharse, limpiar y planchar la ropa y todas las dem\u00e1s tareas relacionadas con la higiene personal pueden parecer una tarea pesada. Pero, \u00bfno te sientes GENIAL cuando est\u00e1s limpio y fresco? Te da la sensaci\u00f3n de estar preparado y confiado para saludar al mundo. Y admit\u00e1moslo, \u00bfno lo necesitamos todos?   <\/span><\/p><h2><span style=\"font-weight: 400;\">\u00a1Los adolescentes necesitan limpiar!<\/span><\/h2><p><span style=\"font-weight: 400;\">Los adolescentes, especialmente, tienen muchas necesidades de higiene. Si eres adolescente, est\u00e1s experimentando muchos cambios hormonales, algunos geniales y otros&#8230; no tanto. Muchos de estos cambios pueden causar olores desagradables, problemas de piel, crecimiento de vello no deseado y otras experiencias no tan divertidas.    <\/span><\/p><h2><span style=\"font-weight: 400;\">El aseo es una competencia laboral<\/span><\/h2><p><span style=\"font-weight: 400;\">Por supuesto, es bueno parecer limpio y cuidar tu aspecto, en beneficio de los dem\u00e1s que te rodean. Pero es m\u00e1s importante de lo que crees. De hecho, puede afectar incluso a la impresi\u00f3n que la gente tiene de ti en el trabajo.  <\/span><\/p><p><span style=\"font-weight: 400;\">La higiene personal es algo que los empresarios valoran. De hecho, el Departamento de Trabajo de EE.UU. afirma que   <\/span><a href=\"https:\/\/thegatewayschool.com\/improving-personal-grooming-before-going-primetime\/\"><span style=\"font-weight: 400;\">El aseo personal es una de las \u00abhabilidades blandas para el \u00e9xito laboral\u00bb.<\/span><\/a><span style=\"font-weight: 400;\"> (Por si te lo est\u00e1s preguntando, otras cosas de esta lista son la capacidad de aceptar cr\u00edticas, de leer adecuadamente las se\u00f1ales sociales, de interactuar con los empleados y de pedir ayuda por ti mismo). <\/span> <\/p><h2><span style=\"font-weight: 400;\">Independencia significa elegir por uno mismo<\/span><\/h2><p><span style=\"font-weight: 400;\">Cuando eres joven y tus padres o cuidadores son responsables de tu cuidado, pueden tomar decisiones sobre tu aspecto, y las decisiones que toman pueden no ser las que t\u00fa elegir\u00edas. Tal vez te corten o peinen el pelo de una forma que no te gusta, o te vistan con ropa que no has elegido, o te compren un jab\u00f3n con un olor que no te gusta. <\/span><\/p><p><span style=\"font-weight: 400;\">Pero cuando vives solo, \u00a1t\u00fa mandas! Puedes comprar los productos que quieras, peinarte como te guste, llevar la ropa que te apetezca, dejarte las u\u00f1as largas, dejarte barba&#8230; \u00a1lo que quieras! Mientras est\u00e9s limpio y tengas un aspecto adecuado para el trabajo u otras responsabilidades, t\u00fa decides.  <\/span><\/p><p><span style=\"font-weight: 400;\">Eso tambi\u00e9n significa que depende de ti crear una rutina para cuando hagas todas estas cosas. A lo mejor prefieres ducharte por la noche, mientras que a otros les gusta por la ma\u00f1ana. Tal vez te gusten los ba\u00f1os en lugar de las duchas. Algunos se lavan el pelo todos los d\u00edas, mientras que t\u00fa lo haces cada dos o tres d\u00edas. Siempre que lo hagas con constancia y forme parte de tu rutina diaria, depende de ti, de tu nivel de energ\u00eda, de tus preferencias y de tus otras responsabilidades.      <\/span><\/p><p><span style=\"font-weight: 400;\">En esta secci\u00f3n trataremos:<\/span><\/p><ul><li style=\"font-weight: 400;\" aria-level=\"1\"><a href=\"https:\/\/nvtrip.sncil.org\/es\/viaje-nv\/desarrollar-la-confianza-habilidad-a-habilidad\/lavado-de-manos-101\/\" target=\"_blank\" rel=\"noopener\"><span style=\"font-weight: 400;\">Lavado de manos 101<\/span><\/a><\/li><li style=\"font-weight: 400;\" aria-level=\"1\"><a href=\"https:\/\/nvtrip.sncil.org\/es\/viaje-nv\/desarrollar-la-confianza-habilidad-a-habilidad\/mantente-limpio-mantente-sano-higiene-personal\/bane-su-cuerpo\/\" target=\"_blank\" rel=\"noopener\"><span style=\"font-weight: 400;\">Ba\u00f1e su cuerpo<\/span><\/a><\/li><li style=\"font-weight: 400;\" aria-level=\"1\"><a href=\"https:\/\/nvtrip.sncil.org\/es\/viaje-nv\/desarrollar-la-confianza-habilidad-a-habilidad\/cuida-tu-cabello\/\" target=\"_blank\" rel=\"noopener\"><span style=\"font-weight: 400;\">Cuida tu cabello<\/span><\/a><\/li><li style=\"font-weight: 400;\" aria-level=\"1\"><a href=\"https:\/\/nvtrip.sncil.org\/es\/viaje-nv\/desarrollar-la-confianza-habilidad-a-habilidad\/cuando-no-quieres-tener-pelo\/\" target=\"_blank\" rel=\"noopener\"><span style=\"font-weight: 400;\">Cuando no quieres tener pelo<\/span><\/a><\/li><li style=\"font-weight: 400;\" aria-level=\"1\"><a href=\"https:\/\/nvtrip.sncil.org\/es\/viaje-nv\/desarrollar-la-confianza-habilidad-a-habilidad\/diga-queso-mantenga-su-sonrisa-con-el-cuidado-de-los-dientes\/\" target=\"_blank\" rel=\"noopener\"><span style=\"font-weight: 400;\">Mantenga su sonrisa con el cuidado de los dientes<\/span><\/a><\/li><li style=\"font-weight: 400;\" aria-level=\"1\"><a href=\"https:\/\/nvtrip.sncil.org\/es\/viaje-nv\/desarrollar-la-confianza-habilidad-a-habilidad\/herramientas-utiles-de-higiene-personal-adaptativa\/\" target=\"_blank\" rel=\"noopener\"><span style=\"font-weight: 400;\">\u00datiles herramientas adaptativas de higiene personal  <\/span><\/a><\/li><li style=\"font-weight: 400;\" aria-level=\"1\"><a href=\"https:\/\/nvtrip.sncil.org\/es\/viaje-nv\/desarrollar-la-confianza-habilidad-a-habilidad\/consejos-de-aseo-para-cuidadores\/\" target=\"_blank\" rel=\"noopener\"><span style=\"font-weight: 400;\">Consejos de aseo para cuidadores<\/span><\/a><\/li><\/ul>\t\t\t\t\t\t\t\t<\/div>\n\t\t\t\t<\/div>\n\t\t\t\t\t<\/div>\n\t\t\t\t<\/div>\n\t\t\t\t<\/div>\n\t\t","protected":false},"excerpt":{"rendered":"<p>Mantente limpio, mantente sano: Higiene personal A veces llamada \u00abaseo\u00bb, la higiene personal no es m\u00e1s que una forma elegante de decir \u00abc\u00f3mo nos mantenemos aseados y limpios\u00bb. Mantener nuestro cuerpo limpio y con buen olor es importante. \u00bfPor qu\u00e9? En primer lugar, porque detiene la propagaci\u00f3n de g\u00e9rmenes que nos enferman a nosotros y [&hellip;]<\/p>\n","protected":false},"author":1,"featured_media":0,"parent":758,"menu_order":0,"comment_status":"closed","ping_status":"closed","template":"","meta":{"footnotes":""},"class_list":["post-1526","page","type-page","status-publish","hentry"],"_links":{"self":[{"href":"https:\/\/nvtrip.sncil.org\/es\/wp-json\/wp\/v2\/pages\/1526","targetHints":{"allow":["GET"]}}],"collection":[{"href":"https:\/\/nvtrip.sncil.org\/es\/wp-json\/wp\/v2\/pages"}],"about":[{"href":"https:\/\/nvtrip.sncil.org\/es\/wp-json\/wp\/v2\/types\/page"}],"author":[{"embeddable":true,"href":"https:\/\/nvtrip.sncil.org\/es\/wp-json\/wp\/v2\/users\/1"}],"replies":[{"embeddable":true,"href":"https:\/\/nvtrip.sncil.org\/es\/wp-json\/wp\/v2\/comments?post=1526"}],"version-history":[{"count":3,"href":"https:\/\/nvtrip.sncil.org\/es\/wp-json\/wp\/v2\/pages\/1526\/revisions"}],"predecessor-version":[{"id":2216,"href":"https:\/\/nvtrip.sncil.org\/es\/wp-json\/wp\/v2\/pages\/1526\/revisions\/2216"}],"up":[{"embeddable":true,"href":"https:\/\/nvtrip.sncil.org\/es\/wp-json\/wp\/v2\/pages\/758"}],"wp:attachment":[{"href":"https:\/\/nvtrip.sncil.org\/es\/wp-json\/wp\/v2\/media?parent=1526"}],"curies":[{"name":"wp","href":"https:\/\/api.w.org\/{rel}","templated":true}]}}