{"id":1524,"date":"2025-06-09T00:54:07","date_gmt":"2025-06-09T00:54:07","guid":{"rendered":"https:\/\/nvtrip.sncil.org\/viaje-nv\/desarrollar-la-confianza-habilidad-a-habilidad\/diga-queso-mantenga-su-sonrisa-con-el-cuidado-de-los-dientes\/"},"modified":"2025-10-22T23:51:50","modified_gmt":"2025-10-22T23:51:50","slug":"diga-queso-mantenga-su-sonrisa-con-el-cuidado-de-los-dientes","status":"publish","type":"page","link":"https:\/\/nvtrip.sncil.org\/es\/viaje-nv\/desarrollar-la-confianza-habilidad-a-habilidad\/diga-queso-mantenga-su-sonrisa-con-el-cuidado-de-los-dientes\/","title":{"rendered":"\u00a1Diga queso! Mantenga su sonrisa con el cuidado de los dientes"},"content":{"rendered":"\t\t<div data-elementor-type=\"wp-page\" data-elementor-id=\"1524\" class=\"elementor elementor-1524 elementor-1083\" data-elementor-post-type=\"page\">\n\t\t\t\t<div data-particle_enable=\"false\" data-particle-mobile-disabled=\"false\" class=\"elementor-element elementor-element-21d3eed0 e-con-full e-flex e-con e-parent\" data-id=\"21d3eed0\" data-element_type=\"container\">\n\t\t\t\t<div class=\"elementor-element elementor-element-28ab4555 elementor-widget elementor-widget-image\" data-id=\"28ab4555\" data-element_type=\"widget\" data-widget_type=\"image.default\">\n\t\t\t\t<div class=\"elementor-widget-container\">\n\t\t\t\t\t\t\t\t\t\t\t\t\t\t\t<img fetchpriority=\"high\" decoding=\"async\" width=\"1440\" height=\"700\" src=\"https:\/\/nvtrip.sncil.org\/wp-content\/uploads\/2025\/06\/Tooth-Care-SNCIL.svg\" class=\"attachment-full size-full wp-image-1086\" alt=\"Animated illustration of a young man brushing his teeth in a mirror.\" \/>\t\t\t\t\t\t\t\t\t\t\t\t\t\t\t<\/div>\n\t\t\t\t<\/div>\n\t\t\t\t<div class=\"elementor-element elementor-element-3ae1ceb6 elementor-widget elementor-widget-heading\" data-id=\"3ae1ceb6\" data-element_type=\"widget\" data-widget_type=\"heading.default\">\n\t\t\t\t<div class=\"elementor-widget-container\">\n\t\t\t\t\t<h1 class=\"elementor-heading-title elementor-size-default\">\u00a1Diga queso! Mantenga su sonrisa con el cuidado de los dientes <\/h1>\t\t\t\t<\/div>\n\t\t\t\t<\/div>\n\t\t\t\t<\/div>\n\t\t<div data-particle_enable=\"false\" data-particle-mobile-disabled=\"false\" class=\"elementor-element elementor-element-77cf7698 e-flex e-con-boxed e-con e-parent\" data-id=\"77cf7698\" data-element_type=\"container\">\n\t\t\t\t\t<div class=\"e-con-inner\">\n\t\t\t\t<div class=\"elementor-element elementor-element-659d32da elementor-widget elementor-widget-text-editor\" data-id=\"659d32da\" data-element_type=\"widget\" data-widget_type=\"text-editor.default\">\n\t\t\t\t<div class=\"elementor-widget-container\">\n\t\t\t\t\t\t\t\t\t<p><span style=\"font-weight: 400;\">Mantener los dientes limpios es mucho m\u00e1s que tener una sonrisa bonita. El cuidado de los dientes y las enc\u00edas tambi\u00e9n afecta a la salud de todo el cuerpo, y la boca puede ser una ventana abierta a la salud general, mostrando signos que de otro modo pasar\u00edan desapercibidos. De hecho, \u00bfsab\u00edas que la inflamaci\u00f3n de las enc\u00edas puede incluso aumentar el riesgo de padecer enfermedades cardiacas?    <\/span><\/p><p><span style=\"font-weight: 400;\">Por eso no s\u00f3lo es importante cuidarse los dientes, sino tambi\u00e9n acudir al dentista con regularidad.<\/span><\/p><h2><span style=\"font-weight: 400;\">C\u00f3mo cepillarse<\/span><\/h2><p><span style=\"font-weight: 400;\">Los dentistas dicen que hay que cepillarse los dientes al menos dos veces al d\u00eda: una despu\u00e9s de desayunar, para eliminar las bacterias que se han desarrollado en la boca mientras dorm\u00edas, y otra antes de irte a dormir. Cepillarse los dientes con regularidad te asegura mantenerlos sanos, para que no te salgan caries dolorosas o incluso pierdas piezas dentales, pero tambi\u00e9n evita que tengas mal aliento.   <\/span><\/p><p><span style=\"font-weight: 400;\">Aunque seguro que te cepillas los dientes desde que tienes uso de raz\u00f3n, muchas personas no utilizan la t\u00e9cnica adecuada. Cepillarse los dientes de forma incorrecta es un poco como enjuagarse las manos en lugar de usar jab\u00f3n: deja muchos g\u00e9rmenes, y esos g\u00e9rmenes pueden convertirse en caries si no tienes cuidado.   <\/span><\/p><p><span style=\"font-weight: 400;\">As\u00ed es como DEBER\u00cdAS hacerlo:<\/span><\/p><h2><span style=\"font-weight: 400;\">Utilizar un cepillo de dientes de cerdas suaves<\/span><\/h2><p><span style=\"font-weight: 400;\">Es raro ver cerdas duras en los cepillos de dientes de las tiendas, pero algunas personas creen que un frotamiento en\u00e9rgico con un cepillo de cerdas duras o incluso medias es de alguna manera mejor para sus dientes. Esto no es cierto. De hecho, pueden da\u00f1ar el esmalte. Los dentistas recomiendan utilizar cerdas suaves y reservar la limpieza m\u00e1s abrasiva para un higienista dental, que sabe c\u00f3mo hacerlo de forma segura.   <\/span><\/p><h2><span style=\"font-weight: 400;\">Utilizar dent\u00edfricos que contengan fl\u00faor<\/span><\/h2><p><span style=\"font-weight: 400;\">Los m\u00e9dicos afirman que la mayor\u00eda de los dent\u00edfricos contienen los mismos ingredientes, por lo que tanto si eliges un dent\u00edfrico blanqueador, para refrescar el aliento, para la salud de las enc\u00edas u otro especialmente formulado, todos funcionar\u00e1n, siempre que contengan fl\u00faor. Muchos dent\u00edfricos naturales no lo contienen, as\u00ed que aseg\u00farate de encontrar uno que s\u00ed lo haga, para eliminar eficazmente la placa, que es la pel\u00edcula pegajosa de bacterias que se forma en los dientes a lo largo del d\u00eda.   <\/span><\/p><h2><span style=\"font-weight: 400;\">Hacer bien el movimiento<\/span><\/h2><p><span style=\"font-weight: 400;\">Esta es la t\u00e9cnica que sugiere la Cl\u00ednica Cleveland: inclina el cepillo de dientes en un \u00e1ngulo de 45 grados, inclinando la parte del cepillo hacia abajo y dando pasadas cortas que se superpongan, como en c\u00edrculos. Aseg\u00farate de que el cepillo llega hasta las enc\u00edas, presionando suavemente. A continuaci\u00f3n, aseg\u00farate de que tocas todas las partes del diente, as\u00ed como el resto de la boca: la lengua, las enc\u00edas e incluso el paladar. Aseg\u00farate de cepillarte los dientes durante al menos dos minutos. Puede parecer mucho tiempo, pero es la mejor manera de asegurarte de que lo has cubierto todo.    <\/span><\/p><p><span style=\"font-weight: 400;\">A continuaci\u00f3n, escupe y enjuaga con agua para eliminar la pasta de dientes.<\/span><\/p><h2><span style=\"font-weight: 400;\">Un enjuague podr\u00eda ayudar<\/span><\/h2><p><span style=\"font-weight: 400;\">Si tienes problemas para limpiarte bien los dientes con el cepillo, quiz\u00e1 te convenga utilizar un colutorio con fl\u00faor. Sigue las instrucciones: Toma un trago, enju\u00e1gate la boca durante un minuto (\u00a1no te lo tragues!) y luego esc\u00fapelo. <\/span><\/p><h2><span style=\"font-weight: 400;\">No te olvides del hilo dental<\/span><\/h2><p><span style=\"font-weight: 400;\">Utiliza el hilo dental todos los d\u00edas. Elimina las bacterias de entre los dientes que el cepillo no puede alcanzar. Aunque te cepilles los dientes varias veces al d\u00eda, puedes tener caries si no limpias entre los dientes, y las enc\u00edas pueden infectarse (\u00bfrecuerdas la relaci\u00f3n con las enfermedades cardiacas?). Protege tus enc\u00edas para mantenerte lo m\u00e1s sano posible.   <\/span><\/p><h2><span style=\"font-weight: 400;\">Visite regularmente a su dentista<\/span><\/h2><p><span style=\"font-weight: 400;\">Aseg\u00farate de visitar al dentista al menos una vez al a\u00f1o para hacerte una limpieza profesional y asegurarte de que todos tus dientes y enc\u00edas est\u00e1n lo m\u00e1s sanos posible. Los dentistas pueden detectar con su equipo cosas que t\u00fa no ves. <\/span><\/p>\t\t\t\t\t\t\t\t<\/div>\n\t\t\t\t<\/div>\n\t\t\t\t\t<\/div>\n\t\t\t\t<\/div>\n\t\t\t\t<\/div>\n\t\t","protected":false},"excerpt":{"rendered":"<p>\u00a1Diga queso! Mantenga su sonrisa con el cuidado de los dientes Mantener los dientes limpios es mucho m\u00e1s que tener una sonrisa bonita. El cuidado de los dientes y las enc\u00edas tambi\u00e9n afecta a la salud de todo el cuerpo, y la boca puede ser una ventana abierta a la salud general, mostrando signos que [&hellip;]<\/p>\n","protected":false},"author":1,"featured_media":0,"parent":758,"menu_order":0,"comment_status":"closed","ping_status":"closed","template":"","meta":{"footnotes":""},"class_list":["post-1524","page","type-page","status-publish","hentry"],"_links":{"self":[{"href":"https:\/\/nvtrip.sncil.org\/es\/wp-json\/wp\/v2\/pages\/1524","targetHints":{"allow":["GET"]}}],"collection":[{"href":"https:\/\/nvtrip.sncil.org\/es\/wp-json\/wp\/v2\/pages"}],"about":[{"href":"https:\/\/nvtrip.sncil.org\/es\/wp-json\/wp\/v2\/types\/page"}],"author":[{"embeddable":true,"href":"https:\/\/nvtrip.sncil.org\/es\/wp-json\/wp\/v2\/users\/1"}],"replies":[{"embeddable":true,"href":"https:\/\/nvtrip.sncil.org\/es\/wp-json\/wp\/v2\/comments?post=1524"}],"version-history":[{"count":1,"href":"https:\/\/nvtrip.sncil.org\/es\/wp-json\/wp\/v2\/pages\/1524\/revisions"}],"predecessor-version":[{"id":1525,"href":"https:\/\/nvtrip.sncil.org\/es\/wp-json\/wp\/v2\/pages\/1524\/revisions\/1525"}],"up":[{"embeddable":true,"href":"https:\/\/nvtrip.sncil.org\/es\/wp-json\/wp\/v2\/pages\/758"}],"wp:attachment":[{"href":"https:\/\/nvtrip.sncil.org\/es\/wp-json\/wp\/v2\/media?parent=1524"}],"curies":[{"name":"wp","href":"https:\/\/api.w.org\/{rel}","templated":true}]}}