{"id":1522,"date":"2025-04-30T20:08:30","date_gmt":"2025-04-30T20:08:30","guid":{"rendered":"https:\/\/nvtrip.sncil.org\/viaje-nv\/desarrollar-la-confianza-habilidad-a-habilidad\/en-movimiento-dominar-el-transporte\/cuando-llegar-no-es-facil\/"},"modified":"2025-10-22T23:53:59","modified_gmt":"2025-10-22T23:53:59","slug":"cuando-llegar-no-es-facil","status":"publish","type":"page","link":"https:\/\/nvtrip.sncil.org\/es\/viaje-nv\/desarrollar-la-confianza-habilidad-a-habilidad\/en-movimiento-dominar-el-transporte\/cuando-llegar-no-es-facil\/","title":{"rendered":"Cuando llegar no es f\u00e1cil"},"content":{"rendered":"\t\t<div data-elementor-type=\"wp-page\" data-elementor-id=\"1522\" class=\"elementor elementor-1522 elementor-929\" data-elementor-post-type=\"page\">\n\t\t\t\t<div data-particle_enable=\"false\" data-particle-mobile-disabled=\"false\" class=\"elementor-element elementor-element-195fafe5 e-con-full e-flex e-con e-parent\" data-id=\"195fafe5\" data-element_type=\"container\">\n\t\t\t\t<div class=\"elementor-element elementor-element-5e638071 elementor-widget elementor-widget-image\" data-id=\"5e638071\" data-element_type=\"widget\" data-widget_type=\"image.default\">\n\t\t\t\t<div class=\"elementor-widget-container\">\n\t\t\t\t\t\t\t\t\t\t\t\t\t\t\t<img fetchpriority=\"high\" decoding=\"async\" width=\"1440\" height=\"700\" src=\"https:\/\/nvtrip.sncil.org\/wp-content\/uploads\/2025\/04\/When-Getting-There-Isnt-Easy-SNCIL-1.png\" class=\"attachment-full size-full wp-image-936\" alt=\"Animated illustration of a young man in a wheelchair confused outside a door.\" srcset=\"https:\/\/nvtrip.sncil.org\/wp-content\/uploads\/2025\/04\/When-Getting-There-Isnt-Easy-SNCIL-1.png 1440w, https:\/\/nvtrip.sncil.org\/wp-content\/uploads\/2025\/04\/When-Getting-There-Isnt-Easy-SNCIL-1-300x146.png 300w, https:\/\/nvtrip.sncil.org\/wp-content\/uploads\/2025\/04\/When-Getting-There-Isnt-Easy-SNCIL-1-1024x498.png 1024w, https:\/\/nvtrip.sncil.org\/wp-content\/uploads\/2025\/04\/When-Getting-There-Isnt-Easy-SNCIL-1-768x373.png 768w\" sizes=\"(max-width: 1440px) 100vw, 1440px\" \/>\t\t\t\t\t\t\t\t\t\t\t\t\t\t\t<\/div>\n\t\t\t\t<\/div>\n\t\t\t\t<div class=\"elementor-element elementor-element-7593e44a elementor-widget elementor-widget-heading\" data-id=\"7593e44a\" data-element_type=\"widget\" data-widget_type=\"heading.default\">\n\t\t\t\t<div class=\"elementor-widget-container\">\n\t\t\t\t\t<h1 class=\"elementor-heading-title elementor-size-default\">Cuando llegar no es f\u00e1cil\n<\/h1>\t\t\t\t<\/div>\n\t\t\t\t<\/div>\n\t\t\t\t<\/div>\n\t\t<div data-particle_enable=\"false\" data-particle-mobile-disabled=\"false\" class=\"elementor-element elementor-element-1599498b e-flex e-con-boxed e-con e-parent\" data-id=\"1599498b\" data-element_type=\"container\">\n\t\t\t\t\t<div class=\"e-con-inner\">\n\t\t\t\t<div class=\"elementor-element elementor-element-4e6f2a87 elementor-widget elementor-widget-text-editor\" data-id=\"4e6f2a87\" data-element_type=\"widget\" data-widget_type=\"text-editor.default\">\n\t\t\t\t<div class=\"elementor-widget-container\">\n\t\t\t\t\t\t\t\t\t<p>Si necesita ayuda para subir al autob\u00fas, avise al conductor cuando llegue. No dudes en <a href=\"https:\/\/nncil.org\/nv-trip\/advocacy\/find-your-voice\/\" target=\"_blank\" rel=\"noopener\">abogar por ti mismo<\/a> si necesitas ayuda para embarcar.<\/p><h2><span style=\"font-weight: 400;\">Los acompa\u00f1antes suelen viajar gratis<\/span><\/h2><p><span style=\"font-weight: 400;\">RTC y otros sistemas de transporte permiten que los acompa\u00f1antes o asistentes viajen gratis con las personas discapacitadas. Puede ser una buena forma de asegurarse de que cuenta con la ayuda que necesita. <\/span><\/p><h2><span style=\"font-weight: 400;\">Tenga a mano los contactos de emergencia<\/span><\/h2><p><span style=\"font-weight: 400;\">A veces, los imprevistos provocan retrasos o alteraciones en sus planes de transporte. Es una buena idea tener un plan de reserva para cualquier viaje importante que tengas que hacer y llevar contigo informaci\u00f3n de contacto de personas que puedan ayudarte en caso de emergencia. <\/span><\/p><h2><span style=\"font-weight: 400;\">No se quede callado cuando encuentre obst\u00e1culos al acceso<\/span><\/h2><p><span style=\"font-weight: 400;\">Para una persona con discapacidad, las aceras da\u00f1adas o agrietadas, la falta de rebajes en los bordillos, la se\u00f1alizaci\u00f3n deficiente u oculta y los cambios de ruta pueden dificultar o incluso imposibilitar el acceso al transporte p\u00fablico. Si te ocurre esto, <a href=\"https:\/\/nvtrip.sncil.org\/es\/viaje-nv\/defensa\/encuentra-tu-voz\/\" target=\"_blank\" rel=\"noopener\">es importante que lo denuncies.<\/a> <\/span><\/p><p><a style=\"background-color: #ffffff;\" href=\"https:\/\/nvtrip.sncil.org\/es\/viaje-nv\/defensa\/defender-a-los-demas\/\" target=\"_blank\" rel=\"noopener\">Puedes abogar por un cambio en el sistema<\/a><span style=\"font-weight: 400;\">  que le beneficie a usted y a otras personas con discapacidad. En el sur de Nevada, puede hacerlo utilizando el   <\/span><a href=\"https:\/\/www.clarkcountynv.gov\/residents\/fixit_clark_county.php\">\n  <span style=\"font-weight: 400;\">Aplicaci\u00f3n FixIt Clark County<\/span>\n<\/a><span style=\"font-weight: 400;\">.<\/span><\/p><p><span style=\"font-weight: 400;\">Cuando descargue la aplicaci\u00f3n en su tel\u00e9fono desde la tienda de aplicaciones de Apple o Google Play, todo lo que tiene que hacer es crear una cuenta. A partir de ese momento, podr\u00e1 notificar problemas no urgentes de su comunidad. La aplicaci\u00f3n le permite informar de asuntos como:    <\/span><\/p><ul><li style=\"font-weight: 400;\" aria-level=\"1\"><span style=\"font-weight: 400;\">Da\u00f1os en carreteras o aceras<\/span><\/li><li style=\"font-weight: 400;\" aria-level=\"1\"><span style=\"font-weight: 400;\">Animales vagabundos o perdidos<\/span><\/li><li style=\"font-weight: 400;\" aria-level=\"1\"><span style=\"font-weight: 400;\">Mantenimiento del alumbrado p\u00fablico<\/span><\/li><li style=\"font-weight: 400;\" aria-level=\"1\"><span style=\"font-weight: 400;\">Cuestiones relacionadas con los bordillos<\/span><\/li><li style=\"font-weight: 400;\" aria-level=\"1\"><span style=\"font-weight: 400;\">Vandalismo<\/span><\/li><li style=\"font-weight: 400;\" aria-level=\"1\"><span style=\"font-weight: 400;\">\u00c1rboles o maleza que obstruyen carreteras o aceras<\/span><\/li><li style=\"font-weight: 400;\" aria-level=\"1\"><span style=\"font-weight: 400;\">Problemas de alcantarillado o servicios p\u00fablicos<\/span><\/li><li style=\"font-weight: 400;\" aria-level=\"1\"><span style=\"font-weight: 400;\">Residuos excesivos<\/span><\/li><\/ul>\t\t\t\t\t\t\t\t<\/div>\n\t\t\t\t<\/div>\n\t\t\t\t\t<\/div>\n\t\t\t\t<\/div>\n\t\t\t\t<\/div>\n\t\t","protected":false},"excerpt":{"rendered":"<p>Cuando llegar no es f\u00e1cil Si necesita ayuda para subir al autob\u00fas, avise al conductor cuando llegue. No dudes en abogar por ti mismo si necesitas ayuda para embarcar. Los acompa\u00f1antes suelen viajar gratis RTC y otros sistemas de transporte permiten que los acompa\u00f1antes o asistentes viajen gratis con las personas discapacitadas. Puede ser una [&hellip;]<\/p>\n","protected":false},"author":1,"featured_media":0,"parent":782,"menu_order":0,"comment_status":"closed","ping_status":"closed","template":"","meta":{"footnotes":""},"class_list":["post-1522","page","type-page","status-publish","hentry"],"_links":{"self":[{"href":"https:\/\/nvtrip.sncil.org\/es\/wp-json\/wp\/v2\/pages\/1522","targetHints":{"allow":["GET"]}}],"collection":[{"href":"https:\/\/nvtrip.sncil.org\/es\/wp-json\/wp\/v2\/pages"}],"about":[{"href":"https:\/\/nvtrip.sncil.org\/es\/wp-json\/wp\/v2\/types\/page"}],"author":[{"embeddable":true,"href":"https:\/\/nvtrip.sncil.org\/es\/wp-json\/wp\/v2\/users\/1"}],"replies":[{"embeddable":true,"href":"https:\/\/nvtrip.sncil.org\/es\/wp-json\/wp\/v2\/comments?post=1522"}],"version-history":[{"count":7,"href":"https:\/\/nvtrip.sncil.org\/es\/wp-json\/wp\/v2\/pages\/1522\/revisions"}],"predecessor-version":[{"id":2128,"href":"https:\/\/nvtrip.sncil.org\/es\/wp-json\/wp\/v2\/pages\/1522\/revisions\/2128"}],"up":[{"embeddable":true,"href":"https:\/\/nvtrip.sncil.org\/es\/wp-json\/wp\/v2\/pages\/782"}],"wp:attachment":[{"href":"https:\/\/nvtrip.sncil.org\/es\/wp-json\/wp\/v2\/media?parent=1522"}],"curies":[{"name":"wp","href":"https:\/\/api.w.org\/{rel}","templated":true}]}}