{"id":1520,"date":"2025-04-30T19:37:51","date_gmt":"2025-04-30T19:37:51","guid":{"rendered":"https:\/\/nvtrip.sncil.org\/viaje-nv\/desarrollar-la-confianza-habilidad-a-habilidad\/en-movimiento-dominar-el-transporte\/transito-accesible-consejos-para-viajar-sin-problemas\/"},"modified":"2025-10-22T23:54:06","modified_gmt":"2025-10-22T23:54:06","slug":"transito-accesible-consejos-para-viajar-sin-problemas","status":"publish","type":"page","link":"https:\/\/nvtrip.sncil.org\/es\/viaje-nv\/desarrollar-la-confianza-habilidad-a-habilidad\/en-movimiento-dominar-el-transporte\/transito-accesible-consejos-para-viajar-sin-problemas\/","title":{"rendered":"Tr\u00e1nsito accesible: consejos para viajar sin problemas"},"content":{"rendered":"\t\t<div data-elementor-type=\"wp-page\" data-elementor-id=\"1520\" class=\"elementor elementor-1520 elementor-912\" data-elementor-post-type=\"page\">\n\t\t\t\t<div data-particle_enable=\"false\" data-particle-mobile-disabled=\"false\" class=\"elementor-element elementor-element-38fe529f e-con-full e-flex e-con e-parent\" data-id=\"38fe529f\" data-element_type=\"container\">\n\t\t\t\t<div class=\"elementor-element elementor-element-166af5c2 elementor-widget elementor-widget-image\" data-id=\"166af5c2\" data-element_type=\"widget\" data-widget_type=\"image.default\">\n\t\t\t\t<div class=\"elementor-widget-container\">\n\t\t\t\t\t\t\t\t\t\t\t\t\t\t\t<img fetchpriority=\"high\" decoding=\"async\" width=\"1440\" height=\"700\" src=\"https:\/\/nvtrip.sncil.org\/wp-content\/uploads\/2025\/04\/Rideshare-SNCIL.png\" class=\"attachment-full size-full wp-image-931\" alt=\"Animated illustration of a man in a wheelchair talking to a Lyft driver.\" srcset=\"https:\/\/nvtrip.sncil.org\/wp-content\/uploads\/2025\/04\/Rideshare-SNCIL.png 1440w, https:\/\/nvtrip.sncil.org\/wp-content\/uploads\/2025\/04\/Rideshare-SNCIL-300x146.png 300w, https:\/\/nvtrip.sncil.org\/wp-content\/uploads\/2025\/04\/Rideshare-SNCIL-1024x498.png 1024w, https:\/\/nvtrip.sncil.org\/wp-content\/uploads\/2025\/04\/Rideshare-SNCIL-768x373.png 768w\" sizes=\"(max-width: 1440px) 100vw, 1440px\" \/>\t\t\t\t\t\t\t\t\t\t\t\t\t\t\t<\/div>\n\t\t\t\t<\/div>\n\t\t\t\t<div class=\"elementor-element elementor-element-5424f843 elementor-widget elementor-widget-heading\" data-id=\"5424f843\" data-element_type=\"widget\" data-widget_type=\"heading.default\">\n\t\t\t\t<div class=\"elementor-widget-container\">\n\t\t\t\t\t<h1 class=\"elementor-heading-title elementor-size-default\">Tr\u00e1nsito accesible: consejos para viajar sin problemas<\/h1>\t\t\t\t<\/div>\n\t\t\t\t<\/div>\n\t\t\t\t<\/div>\n\t\t<div data-particle_enable=\"false\" data-particle-mobile-disabled=\"false\" class=\"elementor-element elementor-element-74fa7490 e-flex e-con-boxed e-con e-parent\" data-id=\"74fa7490\" data-element_type=\"container\">\n\t\t\t\t\t<div class=\"e-con-inner\">\n\t\t\t\t<div class=\"elementor-element elementor-element-5ea7fa6e elementor-widget elementor-widget-text-editor\" data-id=\"5ea7fa6e\" data-element_type=\"widget\" data-widget_type=\"text-editor.default\">\n\t\t\t\t<div class=\"elementor-widget-container\">\n\t\t\t\t\t\t\t\t\t<p><span style=\"font-weight: 400;\">Si nunca ha utilizado un medio de transporte p\u00fablico como el autob\u00fas, es posible que se sienta nervioso o no sepa por d\u00f3nde empezar. Aqu\u00ed tienes algunos consejos que pueden ayudarte. <\/span><\/p><h2><span style=\"font-weight: 400;\">Planificar con antelaci\u00f3n<\/span><\/h2><p><span style=\"font-weight: 400;\">Aseg\u00farese de planificar sus viajes con antelaci\u00f3n y compruebe las caracter\u00edsticas de accesibilidad de la atracci\u00f3n, los detalles de horarios, rutas y paradas, la informaci\u00f3n sobre billetes, los requisitos de reserva y otros detalles.<\/span><\/p><h2><span style=\"font-weight: 400;\">Utilizar aplicaciones de transporte en tiempo real<\/span><\/h2><p><span style=\"font-weight: 400;\">La aplicaci\u00f3n rideRTC, Google Maps y otras aplicaciones \u00fatiles pueden darte informaci\u00f3n actualizada sobre la disponibilidad de viajes accesibles, equipos adaptados, rampas, ascensores, retrasos de tr\u00e1fico y mucho m\u00e1s. Solo tienes que activar las funciones de accesibilidad en los ajustes de la aplicaci\u00f3n. <\/span><\/p><h2><span style=\"font-weight: 400;\">Busque el s\u00edmbolo azul de la silla de ruedas<\/span><\/h2><p><span style=\"font-weight: 400;\">Es el s\u00edmbolo internacional de accesibilidad, que indica que la zona o el veh\u00edculo han sido mejorados para las personas con discapacidad. Estas mejoras pueden incluir accesos para sillas de ruedas, rampas, puertas autom\u00e1ticas, etc. Busque autobuses etiquetados con este s\u00edmbolo para asegurarse de que el autob\u00fas es accesible para personas con sillas de ruedas u otros problemas de movilidad.  <\/span><\/p><h2><span style=\"font-weight: 400;\">Los autobuses disponen de varios elementos de accesibilidad<\/span><\/h2><p><span style=\"font-weight: 400;\">Los autobuses accesibles pueden tener el suelo bajo para facilitar el acceso, asientos preferentes en la parte delantera para las personas con discapacidad, anuncios sonoros y visuales, zonas de sujeci\u00f3n de sillas de ruedas para mantenerlas estables durante el trayecto e incluso la posibilidad de \u00abarrodillarse\u00bb o bajar hasta el bordillo para facilitarle el acceso a usted o a un animal de servicio.<\/span><\/p><p><span style=\"font-weight: 400;\">Ten en cuenta que las leyes estatales y federales establecen que se te debe permitir llevar un animal de servicio a bordo de un autob\u00fas u otro veh\u00edculo de transporte p\u00fablico. Un animal de servicio es aquel que ha sido adiestrado para realizar trabajos o tareas para una persona con discapacidad; nadie est\u00e1 autorizado a preguntarte para qu\u00e9 est\u00e1 adiestrado el animal, y no pueden penalizarte ni cobrarte ninguna tarifa por llevar a tu animal en un autob\u00fas, a menos que el animal lo da\u00f1e de alguna manera. <\/span><\/p><h2><span style=\"font-weight: 400;\">Abogar por uno mismo<\/span><\/h2><p><span style=\"font-weight: 400;\">Si necesita ayuda para subir al autob\u00fas, avise al conductor cuando llegue.  <a href=\"https:\/\/nvtrip.sncil.org\/es\/viaje-nv\/defensa\/encuentra-tu-voz\/\" target=\"_blank\" rel=\"noopener\">No dudes en abogar por ti mismo si necesitas ayuda para embarcar.<\/a><\/span><\/p>\t\t\t\t\t\t\t\t<\/div>\n\t\t\t\t<\/div>\n\t\t\t\t\t<\/div>\n\t\t\t\t<\/div>\n\t\t\t\t<\/div>\n\t\t","protected":false},"excerpt":{"rendered":"<p>Tr\u00e1nsito accesible: consejos para viajar sin problemas Si nunca ha utilizado un medio de transporte p\u00fablico como el autob\u00fas, es posible que se sienta nervioso o no sepa por d\u00f3nde empezar. Aqu\u00ed tienes algunos consejos que pueden ayudarte. Planificar con antelaci\u00f3n Aseg\u00farese de planificar sus viajes con antelaci\u00f3n y compruebe las caracter\u00edsticas de accesibilidad de [&hellip;]<\/p>\n","protected":false},"author":1,"featured_media":0,"parent":782,"menu_order":0,"comment_status":"closed","ping_status":"closed","template":"","meta":{"footnotes":""},"class_list":["post-1520","page","type-page","status-publish","hentry"],"_links":{"self":[{"href":"https:\/\/nvtrip.sncil.org\/es\/wp-json\/wp\/v2\/pages\/1520","targetHints":{"allow":["GET"]}}],"collection":[{"href":"https:\/\/nvtrip.sncil.org\/es\/wp-json\/wp\/v2\/pages"}],"about":[{"href":"https:\/\/nvtrip.sncil.org\/es\/wp-json\/wp\/v2\/types\/page"}],"author":[{"embeddable":true,"href":"https:\/\/nvtrip.sncil.org\/es\/wp-json\/wp\/v2\/users\/1"}],"replies":[{"embeddable":true,"href":"https:\/\/nvtrip.sncil.org\/es\/wp-json\/wp\/v2\/comments?post=1520"}],"version-history":[{"count":1,"href":"https:\/\/nvtrip.sncil.org\/es\/wp-json\/wp\/v2\/pages\/1520\/revisions"}],"predecessor-version":[{"id":1521,"href":"https:\/\/nvtrip.sncil.org\/es\/wp-json\/wp\/v2\/pages\/1520\/revisions\/1521"}],"up":[{"embeddable":true,"href":"https:\/\/nvtrip.sncil.org\/es\/wp-json\/wp\/v2\/pages\/782"}],"wp:attachment":[{"href":"https:\/\/nvtrip.sncil.org\/es\/wp-json\/wp\/v2\/media?parent=1520"}],"curies":[{"name":"wp","href":"https:\/\/api.w.org\/{rel}","templated":true}]}}