{"id":1514,"date":"2025-07-03T22:13:07","date_gmt":"2025-07-03T22:13:07","guid":{"rendered":"https:\/\/nvtrip.sncil.org\/viaje-nv\/desarrollar-la-confianza-habilidad-a-habilidad\/en-el-asiento-del-conductor-poseer-y-conducir-su-propio-vehiculo\/"},"modified":"2025-10-22T23:51:16","modified_gmt":"2025-10-22T23:51:16","slug":"en-el-asiento-del-conductor-poseer-y-conducir-su-propio-vehiculo","status":"publish","type":"page","link":"https:\/\/nvtrip.sncil.org\/es\/viaje-nv\/desarrollar-la-confianza-habilidad-a-habilidad\/en-el-asiento-del-conductor-poseer-y-conducir-su-propio-vehiculo\/","title":{"rendered":"En el asiento del conductor: poseer y conducir su propio veh\u00edculo"},"content":{"rendered":"\t\t<div data-elementor-type=\"wp-page\" data-elementor-id=\"1514\" class=\"elementor elementor-1514 elementor-1161\" data-elementor-post-type=\"page\">\n\t\t\t\t<div data-particle_enable=\"false\" data-particle-mobile-disabled=\"false\" class=\"elementor-element elementor-element-fedb930 e-con-full e-flex e-con e-parent\" data-id=\"fedb930\" data-element_type=\"container\">\n\t\t\t\t<div class=\"elementor-element elementor-element-370b1f8e elementor-widget elementor-widget-image\" data-id=\"370b1f8e\" data-element_type=\"widget\" data-widget_type=\"image.default\">\n\t\t\t\t<div class=\"elementor-widget-container\">\n\t\t\t\t\t\t\t\t\t\t\t\t\t\t\t<img decoding=\"async\" src=\"https:\/\/nvtrip.sncil.org\/wp-content\/uploads\/2025\/07\/Getting-Behind-the-Wheel-SNCIL.svg\" class=\"attachment-full size-full wp-image-1164\" alt=\"\" \/>\t\t\t\t\t\t\t\t\t\t\t\t\t\t\t<\/div>\n\t\t\t\t<\/div>\n\t\t\t\t<div class=\"elementor-element elementor-element-7ad917bf elementor-widget elementor-widget-heading\" data-id=\"7ad917bf\" data-element_type=\"widget\" data-widget_type=\"heading.default\">\n\t\t\t\t<div class=\"elementor-widget-container\">\n\t\t\t\t\t<h1 class=\"elementor-heading-title elementor-size-default\">En el asiento del conductor: \nPropietario y conductor de su propio veh\u00edculo<\/h1>\t\t\t\t<\/div>\n\t\t\t\t<\/div>\n\t\t\t\t<div class=\"elementor-element elementor-element-6c7fc5fa elementor-widget elementor-widget-spacer\" data-id=\"6c7fc5fa\" data-element_type=\"widget\" data-widget_type=\"spacer.default\">\n\t\t\t\t<div class=\"elementor-widget-container\">\n\t\t\t\t\t\t\t<div class=\"elementor-spacer\">\n\t\t\t<div class=\"elementor-spacer-inner\"><\/div>\n\t\t<\/div>\n\t\t\t\t\t\t<\/div>\n\t\t\t\t<\/div>\n\t\t\t\t<\/div>\n\t\t<div data-particle_enable=\"false\" data-particle-mobile-disabled=\"false\" class=\"elementor-element elementor-element-6eb679f2 e-flex e-con-boxed e-con e-parent\" data-id=\"6eb679f2\" data-element_type=\"container\">\n\t\t\t\t\t<div class=\"e-con-inner\">\n\t\t\t\t<div class=\"elementor-element elementor-element-6a1c5a8c elementor-widget elementor-widget-spacer\" data-id=\"6a1c5a8c\" data-element_type=\"widget\" data-widget_type=\"spacer.default\">\n\t\t\t\t<div class=\"elementor-widget-container\">\n\t\t\t\t\t\t\t<div class=\"elementor-spacer\">\n\t\t\t<div class=\"elementor-spacer-inner\"><\/div>\n\t\t<\/div>\n\t\t\t\t\t\t<\/div>\n\t\t\t\t<\/div>\n\t\t\t\t<div class=\"elementor-element elementor-element-54067a2c elementor-widget elementor-widget-text-editor\" data-id=\"54067a2c\" data-element_type=\"widget\" data-widget_type=\"text-editor.default\">\n\t\t\t\t<div class=\"elementor-widget-container\">\n\t\t\t\t\t\t\t\t\t<p><span style=\"font-weight: 400;\">Tener carn\u00e9 de conducir es una gran responsabilidad. No solo implica conducir un veh\u00edculo de forma segura y responsable, sino que, si vas a comprarlo o lo tienes actualmente, tambi\u00e9n implica pensar en otras cuestiones, como el mantenimiento del veh\u00edculo, el uso de elementos de seguridad, ser un comprador de coches inteligente, contratar un seguro de autom\u00f3vil, utilizar equipos de adaptaci\u00f3n para manejarlo correctamente y aparcarlo en los lugares adecuados. <\/span><\/p><p><span style=\"font-weight: 400;\">En esta secci\u00f3n, detallaremos lo que implica ser comprador y propietario de un coche.<\/span><\/p><h2><span style=\"font-weight: 400;\">\u00bfEs accesible su veh\u00edculo?<\/span><\/h2><p><span style=\"font-weight: 400;\">Si te sacaste el carn\u00e9 con una discapacidad, es probable que hicieras el examen de conducir en un veh\u00edculo adaptado a tus necesidades. Sin embargo, si ese no es el caso, es importante que te asegures de que puedes aprovechar al m\u00e1ximo todas las prestaciones del coche, no solo por su facilidad de uso, sino tambi\u00e9n por tu seguridad y la de tus pasajeros. <\/span><\/p><p><span style=\"font-weight: 400;\">Si no est\u00e1 seguro de si su coche es totalmente accesible o puede modificarse para que lo sea, es hora de llamar a un especialista. A   <\/span><b>Especialista en rehabilitaci\u00f3n de conductores<\/b><span style=\"font-weight: 400;\">  es un profesional formado y certificado que realiza evaluaciones exhaustivas para determinar qu\u00e9 equipo de adaptaci\u00f3n se adapta mejor a sus necesidades. En el caso de las personas que desean obtener el permiso de conducir, estos profesionales tambi\u00e9n pueden evaluar su visi\u00f3n, fuerza muscular, flexibilidad, amplitud de movimiento, coordinaci\u00f3n, tiempo de reacci\u00f3n, capacidad de toma de decisiones y habilidad para conducir con equipos de adaptaci\u00f3n, en caso de que el DMV lo requiera. <\/span><\/p><p><span style=\"font-weight: 400;\">Puede ser \u00fatil saber que los servicios de estos profesionales pueden estar cubiertos, parcial o totalmente, por el seguro m\u00e9dico, los descuentos de los fabricantes de autom\u00f3viles, el seguro del autom\u00f3vil, la indemnizaci\u00f3n de los trabajadores o determinadas asociaciones sin \u00e1nimo de lucro, dependiendo de sus circunstancias. P\u00f3ngase en contacto con   <\/span><a href=\"https:\/\/vrnevada.nv.gov\/\"><span style=\"font-weight: 400;\">Rehabilitaci\u00f3n Profesional de Nevada<\/span><\/a><span style=\"font-weight: 400;\"> para m\u00e1s informaci\u00f3n.<\/span><\/p><p><span style=\"font-weight: 400;\">Para encontrar un especialista en rehabilitaci\u00f3n de conductores cerca de usted, consulte la <a href=\"https:\/\/nmeda.org\/certified-driver-rehabilitation-specialists-2\/\" target=\"_blank\" rel=\"noopener\">National Mobility Equipment Dealers Association (NMEDA)<\/a>.<\/span><\/p><p><span style=\"font-weight: 400;\">Adem\u00e1s, muchos terapeutas ocupacionales est\u00e1n cualificados para proporcionar servicios de rehabilitaci\u00f3n del conductor. Para explorar los profesionales OT disponibles en Nevada, <a href=\"https:\/\/myaota.aota.org\/driver_search\/\" target=\"_blank\" rel=\"noopener\">haga clic aqu\u00ed<\/a>. <\/span><a href=\"_wp_link_placeholder\"><span style=\"font-weight: 400;\">.  <\/span><\/a><\/p><h2><span style=\"font-weight: 400;\">Equipos de adaptaci\u00f3n para veh\u00edculos<\/span><\/h2><p><span style=\"font-weight: 400;\">Afortunadamente, existen numerosos equipos y tecnolog\u00edas que hacen posible que las personas con discapacidades de todo tipo puedan conducir sus propios veh\u00edculos cuando lo necesiten. La mayor\u00eda de ellos pueden adaptarse exactamente a tus necesidades, mejorando la seguridad de todos los que viajan en el coche y proporcion\u00e1ndote la m\u00e1xima independencia. <\/span><\/p><p><span style=\"font-weight: 400;\">Algunos ejemplos de equipos de adaptaci\u00f3n son<\/span><\/p><ul><li style=\"font-weight: 400;\" aria-level=\"4\"><span style=\"font-weight: 400;\">Puertas altas o extra anchas<\/span><\/li><li style=\"font-weight: 400;\" aria-level=\"4\"><span style=\"font-weight: 400;\">Grandes tiradores interiores<\/span><\/li><li style=\"font-weight: 400;\" aria-level=\"4\"><span style=\"font-weight: 400;\">Pomos sobredimensionados con etiquetas transparentes<\/span><\/li><li style=\"font-weight: 400;\" aria-level=\"4\"><span style=\"font-weight: 400;\">Asideros de entrada\/salida<\/span><\/li><li style=\"font-weight: 400;\" aria-level=\"4\"><span style=\"font-weight: 400;\">Impresi\u00f3n de tama\u00f1o grande o ajustable para los indicadores del salpicadero<\/span><\/li><li style=\"font-weight: 400;\" aria-level=\"4\"><span style=\"font-weight: 400;\">Reguladores de asiento para todas las direcciones<\/span><\/li><li style=\"font-weight: 400;\" aria-level=\"4\"><span style=\"font-weight: 400;\">asientos giratorios para facilitar el acceso<\/span><\/li><li style=\"font-weight: 400;\" aria-level=\"4\"><span style=\"font-weight: 400;\">Encendido en el salpicadero<\/span><\/li><li style=\"font-weight: 400;\" aria-level=\"4\"><span style=\"font-weight: 400;\">mandos manuales que permiten al conductor acelerar y frenar con las manos en lugar de con los pedales<\/span><\/li><li style=\"font-weight: 400;\" aria-level=\"4\"><span style=\"font-weight: 400;\">acelerador electr\u00f3nico que perfecciona estos controles<\/span><\/li><li style=\"font-weight: 400;\" aria-level=\"4\"><span style=\"font-weight: 400;\">ayudas de direcci\u00f3n para movilidad limitada de la parte superior del cuerpo (aumentar el tama\u00f1o y el agarre del volante o los pomos)<\/span><\/li><li style=\"font-weight: 400;\" aria-level=\"4\"><span style=\"font-weight: 400;\">prolongadores de pedal o pedales ajustables<\/span><\/li><li style=\"font-weight: 400;\" aria-level=\"4\"><span style=\"font-weight: 400;\">asientos de transferencia del veh\u00edculo para ayudar a subir y bajar de los asientos<\/span><\/li><li style=\"font-weight: 400;\" aria-level=\"4\"><span style=\"font-weight: 400;\">Palancas de cambio autom\u00e1tico<\/span><\/li><li style=\"font-weight: 400;\" aria-level=\"4\"><span style=\"font-weight: 400;\">Controles de asistencia como limpiaparabrisas, intermitentes y faros.<\/span><\/li><\/ul><p><span style=\"font-weight: 400;\">Para mejorar un veh\u00edculo existente con estos art\u00edculos, los precios var\u00edan. Un coj\u00edn para el respaldo de un asiento puede costar s\u00f3lo 50 d\u00f3lares, seg\u00fan el   <\/span><a href=\"https:\/\/www.nhtsa.gov\/vehicle-safety\/adapted-vehicles#cost-savings-1486\"><span style=\"font-weight: 400;\">Asociaci\u00f3n Nacional de Seguridad del Tr\u00e1fico en Carretera (NHTSA)<\/span><\/a><span style=\"font-weight: 400;\">mientras que los mandos manuales de mayor o menor complejidad pueden costar hasta 1.000 d\u00f3lares. <\/span> <\/p><p><span style=\"font-weight: 400;\">Sin embargo, comprar un veh\u00edculo nuevo modificado seg\u00fan tus necesidades puede ser considerablemente m\u00e1s caro: entre 20.000 y 80.000 d\u00f3lares, seg\u00fan el coche y las modificaciones.<\/span><\/p><p><span style=\"font-weight: 400;\">El <a href=\"https:\/\/nmeda.org\/\" target=\"_blank\" rel=\"noopener\">sitio web de NMEDA<\/a> ofrece informaci\u00f3n completa sobre la compra, instalaci\u00f3n y mantenimiento de equipos de adaptaci\u00f3n<\/span><span style=\"font-weight: 400;\">. <\/span> <\/p><p><span style=\"font-weight: 400;\">Ten en cuenta que cualquier instalador o especialista en rehabilitaci\u00f3n de conductores deber\u00eda ofrecer formaci\u00f3n sobre el uso de estos equipos de adaptaci\u00f3n, incluida la pr\u00e1ctica en carretera. Si su distribuidor no ofrece esto, pida una referencia a alguien que lo haga, o pregunte a su DMV. En algunos casos, Nevada Vocational Rehab o las compa\u00f1\u00edas de compensaci\u00f3n de trabajadores pagar\u00e1n por este entrenamiento o le ayudar\u00e1n a encontrar a alguien que lo proporcione.  <\/span><\/p><p><span style=\"font-weight: 400;\">Por \u00faltimo, recuerda que las emergencias ocurren. Es una buena idea asegurarse de que al menos otra persona -quiz\u00e1 un familiar, un cuidador o un amigo- pueda conducir tambi\u00e9n el veh\u00edculo en caso de que se produzcan este tipo de situaciones. <\/span><\/p><h2><span style=\"font-weight: 400;\">Comprar un coche<\/span><\/h2><p><span style=\"font-weight: 400;\">Tanto si va a ser su primer coche como si va a sustituir el que ya tiene por otro, es posible que comprar un coche sea la compra m\u00e1s importante que haya hecho nunca. A diferencia de lo que ocurre al comprar un art\u00edculo peque\u00f1o -como un aperitivo en la tienda que est\u00e1s dispuesto a probar, aunque no sepas mucho sobre \u00e9l-, no puedes arriesgarte a comprar un coche sin antes investigar mucho, hacer muchas preguntas y probarlo antes. Tienes que asegurarte de que es c\u00f3modo, f\u00e1cil de conducir, seguro, fiable y se ajusta a tu presupuesto.  <\/span><\/p><p><span style=\"font-weight: 400;\">Puedes comprar un coche usado (propiedad de al menos otra persona antes que t\u00fa) o nuevo. Los coches nuevos, por supuesto, pueden durar m\u00e1s tiempo despu\u00e9s de la compra, no tienen desgaste y ofrecen las \u00faltimas y m\u00e1s avanzadas prestaciones. Pero todo eso conlleva un precio m\u00e1s alto. Los coches nuevos tambi\u00e9n suelen venir con garant\u00edas que aseguran que no tendr\u00e1n problemas mec\u00e1nicos o que cualquier problema que surja se arreglar\u00e1 sin coste alguno para ti.   <\/span><\/p><p><span style=\"font-weight: 400;\">Por otro lado, los coches usados suelen ser m\u00e1s asequibles y, por tanto, m\u00e1s f\u00e1ciles de adquirir para la mayor\u00eda de la gente. Sin embargo, el hecho de que hayan sido conducidos por otras personas puede significar que tienen problemas mec\u00e1nicos que habr\u00e1 que solucionar antes. Los coches usados no suelen tener garant\u00edas o, si las tienen, suelen durar menos tiempo.  <\/span><\/p><p><span style=\"font-weight: 400;\">Tanto si compra un veh\u00edculo usado como nuevo, hay algunos factores importantes que debe tener en cuenta y preguntas que debe hacer al vendedor para asegurarse de hacer la compra m\u00e1s inteligente posible.  <\/span><\/p><h3><span style=\"font-weight: 400;\">Prueba de conducci\u00f3n<\/span><\/h3><p><span style=\"font-weight: 400;\">Es importante que te sientes y pruebes el veh\u00edculo para asegurarte de que te sientes c\u00f3modo con \u00e9l. Aunque un coche tenga buen aspecto y se ajuste a tu presupuesto, puede que no sea el adecuado para ti. Si\u00e9ntate en el coche y comprueba que tienes buena visibilidad a tu alrededor. \u00bfPuedes entrar y salir del coche con facilidad? Aseg\u00farate de que llegas a los pedales y pide al vendedor que te muestre las funciones de adaptaci\u00f3n del coche. Comprueba que te sientes c\u00f3modo con los mandos y que tiene las caracter\u00edsticas que necesitas.       <\/span><\/p><h3><span style=\"font-weight: 400;\">Centrarse en la seguridad<\/span><\/h3><p><span style=\"font-weight: 400;\">Aseg\u00farate de que el coche incluye elementos de seguridad importantes, como cinturones de seguridad totalmente funcionales, airbags, neum\u00e1ticos en buen estado, etc. Comprueba el historial de seguridad del veh\u00edculo y las calificaciones de los organismos oficiales. Si el coche es usado, puedes comprobar    <\/span><a href=\"https:\/\/www.carfax.com\/vehicle-history-reports\/\"><span style=\"font-weight: 400;\">CARFAX<\/span><\/a><span style=\"font-weight: 400;\"> o <\/span><a href=\"https:\/\/www.kbb.com\/camp\/vehicle-history-report\/\"><span style=\"font-weight: 400;\">Kelley Blue Book<\/span><\/a><span style=\"font-weight: 400;\">  para obtener un informe del historial del veh\u00edculo. En   <\/span><a href=\"https:\/\/www.nhtsa.gov\/ratings\"><span style=\"font-weight: 400;\">La NHTSA tambi\u00e9n mantiene informaci\u00f3n sobre la clasificaci\u00f3n de seguridad<\/span><\/a><span style=\"font-weight: 400;\"> sobre marcas y modelos de coches por a\u00f1o, para que puedas ver c\u00f3mo se comporta el coche que est\u00e1s considerando en t\u00e9rminos de seguridad en la carretera.<\/span><\/p><h3><span style=\"font-weight: 400;\">Considere las caracter\u00edsticas que necesita<\/span><\/h3><p><span style=\"font-weight: 400;\">Si no puede manejarlo con seguridad y en toda su extensi\u00f3n, considere si podr\u00eda necesitar a\u00f1adir determinados tipos de equipos de adaptaci\u00f3n para que sea totalmente operativo. \u00bfEs algo que puede a\u00f1adir usted mismo o que tendr\u00eda que hacer el vendedor por usted? \u00bfPuede permitirse hacer esos cambios?  <\/span><\/p><h3><span style=\"font-weight: 400;\">\u00bfTiene espacio suficiente?<\/span><\/h3><p><span style=\"font-weight: 400;\">Tendr\u00e1s que ser sincero contigo mismo sobre si el coche tiene espacio suficiente no s\u00f3lo para ti y todos los posibles pasajeros, sino tambi\u00e9n espacio de carga para el equipamiento necesario, como una silla de ruedas o un andador.  <\/span><\/p><h3><span style=\"font-weight: 400;\">\u00bfTiene el tama\u00f1o adecuado para aparcar?<\/span><\/h3><p><span style=\"font-weight: 400;\">Puede parecer extra\u00f1o pensar en el aparcamiento, pero muchos de los veh\u00edculos actuales son bastante grandes, quiz\u00e1 incluso demasiado para muchas plazas. Si, por ejemplo, va a tener que utilizar un garaje con regularidad, o si su plaza de aparcamiento habitual est\u00e1 rodeada de posibles obst\u00e1culos, considere si el coche ser\u00e1 lo bastante f\u00e1cil de aparcar, cargar el equipo dentro y fuera, y entrar y salir f\u00e1cilmente del veh\u00edculo. Tambi\u00e9n tendr\u00e1s que considerar factores como las puertas: \u00bfse abren hacia fuera o se deslizan? y \u00bftienes alguna preferencia en funci\u00f3n de tus necesidades particulares?  <\/span><\/p><h2><span style=\"font-weight: 400;\">Proteja su inversi\u00f3n con un seguro de autom\u00f3vil<\/span><\/h2><p><span style=\"font-weight: 400;\">Por ley, todos los conductores deben tener un seguro que cubra sus veh\u00edculos. En Nevada, el   <\/span><a href=\"https:\/\/www.leg.state.nv.us\/NRS\/NRS-485.html#NRS485Sec034\"><span style=\"font-weight: 400;\">La ley<\/span><\/a><span style=\"font-weight: 400;\"> establece que todo veh\u00edculo matriculado debe tener unos niveles m\u00ednimos de cobertura de seguro por lesiones corporales y\/o muerte en caso de accidente, as\u00ed como por destrucci\u00f3n de bienes. <\/span> <\/p><p><span style=\"font-weight: 400;\">Tan pronto como usted tome posesi\u00f3n de un coche, usted tendr\u00e1 que obtener una p\u00f3liza de seguro de autom\u00f3vil para cubrirlo. Las aseguradoras en Nevada conocen las cantidades m\u00ednimas de cobertura que usted est\u00e1 obligado a tener y pueden darle cotizaciones para una p\u00f3liza que se adapte a sus necesidades. Es una buena idea hablar con unas cuantas aseguradoras y obtener unos cuantos presupuestos que puedas comparar. Recuerde que, como todo, se obtiene lo que se paga. El coste es un factor importante, pero tambi\u00e9n debes ser realista a la hora de proteger tu veh\u00edculo y tu bienestar y el de los pasajeros que viajen contigo.    <\/span><\/p><p><span style=\"font-weight: 400;\">Aseg\u00farese de que cualquier modificaci\u00f3n realizada en su veh\u00edculo para adaptarse a su discapacidad est\u00e9 acreditada por el <\/span><a href=\"https:\/\/nmeda.org\/car-insurance\/\"><span style=\"font-weight: 400;\">Programa de Garant\u00eda de Calidad de NMEDA<\/span><\/a><span style=\"font-weight: 400;\">. Si su modificaci\u00f3n no est\u00e1 acreditada, es posible que no la cubra su seguro, lo que podr\u00eda suponer un problema en caso de accidente.<\/span><\/p><p><span style=\"font-weight: 400;\">Aseg\u00farese de que todas sus modificaciones est\u00e1n cubiertas en su p\u00f3liza, incluido un elevador para sillas de ruedas, suelos rebajados, sistemas para arrodillarse, etc.<\/span><\/p><p><span style=\"font-weight: 400;\">Adem\u00e1s, \u00a1conozca sus derechos! No se le puede denegar la cobertura por una discapacidad, ni se le puede cobrar una prima m\u00e1s alta sin justificaci\u00f3n. Tiene derecho a un seguro justo y asequible.  <\/span><\/p><h2><span style=\"font-weight: 400;\">Mantenimiento de veh\u00edculos<\/span><\/h2><p><span style=\"font-weight: 400;\">Ser un propietario y conductor responsable de un veh\u00edculo significa asegurarse de mantenerlo en buen estado de funcionamiento. Esto significa realizar el mantenimiento est\u00e1ndar para mantenerlo en plena forma. Estas son algunas tareas de mantenimiento importantes que deber\u00e1 incluir en su rutina, ya sea haci\u00e9ndolas usted mismo o llevando su veh\u00edculo a un centro de servicio automotriz:  <\/span><\/p><ul><li style=\"font-weight: 400;\" aria-level=\"1\"><span style=\"font-weight: 400;\">Lee el manual del propietario y familiar\u00edzate con las tareas de mantenimiento peri\u00f3dico que recomienda el fabricante, as\u00ed como con la frecuencia con la que deben realizarse.<\/span><\/li><li style=\"font-weight: 400;\" aria-level=\"1\"><span style=\"font-weight: 400;\">Compruebe la presi\u00f3n de los neum\u00e1ticos al menos una vez al mes o antes de emprender un viaje largo por carretera.<\/span><\/li><li style=\"font-weight: 400;\" aria-level=\"1\"><span style=\"font-weight: 400;\">Compruebe el aceite y realice los cambios peri\u00f3dicos de acuerdo con el manual del usuario.<\/span><\/li><li style=\"font-weight: 400;\" aria-level=\"1\"><span style=\"font-weight: 400;\">Realice el mantenimiento est\u00e1ndar del motor, de acuerdo con el manual del usuario, incluida la sustituci\u00f3n de filtros y fluidos, y lleve a cabo las revisiones o reparaciones recomendadas seg\u00fan sea necesario.<\/span><\/li><li style=\"font-weight: 400;\" aria-level=\"1\"><span style=\"font-weight: 400;\">Aseg\u00farese de vigilar todas las luces y se\u00f1ales, sustituyendo las bombillas cuando sea necesario.<\/span><\/li><li style=\"font-weight: 400;\" aria-level=\"1\"><span style=\"font-weight: 400;\">Mantenga limpios los cristales y los faros para obtener la mejor visibilidad posible.<\/span><\/li><li style=\"font-weight: 400;\" aria-level=\"1\"><span style=\"font-weight: 400;\">Aseg\u00farese de seguir todas las directrices recomendadas para los equipos de adaptaci\u00f3n. Su distribuidor de equipos de movilidad debe proporcionarle esta informaci\u00f3n; aseg\u00farese de seguir estas recomendaciones para mantener cualquier garant\u00eda que pueda tener. <\/span><\/li><\/ul><p><span style=\"font-weight: 400;\">Si su centro de servicio recomienda reparaciones que van m\u00e1s all\u00e1 del mantenimiento rutinario, aseg\u00farese de obtener una estimaci\u00f3n por escrito de los costes. Es posible que desee obtener una segunda, o incluso una tercera, opini\u00f3n sobre si estas reparaciones deben hacerse y cu\u00e1nto cobrar\u00edan otros, para asegurarse de que est\u00e1 gastando su dinero sabiamente en reparaciones que son realmente necesarias. Tambi\u00e9n puede leer los comentarios de cada empresa para asegurarse de que realizan un trabajo de calidad a un precio razonable.  <\/span><\/p><h2><span style=\"font-weight: 400;\">Permisos de estacionamiento y placas<\/span><\/h2><p><span style=\"font-weight: 400;\">En Nevada, las personas con discapacidad tienen derecho a aparcar sus veh\u00edculos en las plazas de aparcamiento designadas y marcadas con el s\u00edmbolo azul de la silla de ruedas, s\u00edmbolo universal de accesibilidad. Estas zonas de aparcamiento, a veces denominadas de minusv\u00e1lidos, est\u00e1n situadas cerca de las entradas de los edificios y libres de obst\u00e1culos, lo que facilita el acceso.   <\/span><\/p><p><span style=\"font-weight: 400;\">Para poder acceder al estacionamiento para discapacitados, un profesional m\u00e9dico autorizado debe proporcionar informaci\u00f3n en su solicitud, verificando que su condici\u00f3n califica para este acceso especial. Visite el   <\/span><a href=\"https:\/\/dmv.nv.gov\/platesdisabled.htm\"><span style=\"font-weight: 400;\">sitio web del DMV de Nevada<\/span><\/a><span style=\"font-weight: 400;\"> para saber en qu\u00e9 condiciones se puede acceder al aparcamiento para discapacitados.<\/span><\/p><p><span style=\"font-weight: 400;\">Si tu discapacidad es permanente, puedes optar tanto a las placas como a los carteles, que son las etiquetas que cuelgan del espejo retrovisor y que puedes llevar en cualquier veh\u00edculo en el que circules. Si tu discapacidad es temporal o moderada, seg\u00fan las normas del DMV, solo podr\u00e1s recibir una placa. <\/span><\/p><p><span style=\"font-weight: 400;\">Puede solicitar y renovar su solicitud de estacionamiento para discapacitados en persona o por correo. M\u00e1s informaci\u00f3n en   <\/span><a href=\"http:\/\/dmv.nv.gov\"><span style=\"font-weight: 400;\">DMV.NV.gov<\/span><\/a><span style=\"font-weight: 400;\">.<\/span><\/p>\t\t\t\t\t\t\t\t<\/div>\n\t\t\t\t<\/div>\n\t\t\t\t\t<\/div>\n\t\t\t\t<\/div>\n\t\t\t\t<\/div>\n\t\t","protected":false},"excerpt":{"rendered":"<p>En el asiento del conductor: Propietario y conductor de su propio veh\u00edculo Tener carn\u00e9 de conducir es una gran responsabilidad. No solo implica conducir un veh\u00edculo de forma segura y responsable, sino que, si vas a comprarlo o lo tienes actualmente, tambi\u00e9n implica pensar en otras cuestiones, como el mantenimiento del veh\u00edculo, el uso de [&hellip;]<\/p>\n","protected":false},"author":1,"featured_media":0,"parent":758,"menu_order":0,"comment_status":"closed","ping_status":"closed","template":"","meta":{"footnotes":""},"class_list":["post-1514","page","type-page","status-publish","hentry"],"_links":{"self":[{"href":"https:\/\/nvtrip.sncil.org\/es\/wp-json\/wp\/v2\/pages\/1514","targetHints":{"allow":["GET"]}}],"collection":[{"href":"https:\/\/nvtrip.sncil.org\/es\/wp-json\/wp\/v2\/pages"}],"about":[{"href":"https:\/\/nvtrip.sncil.org\/es\/wp-json\/wp\/v2\/types\/page"}],"author":[{"embeddable":true,"href":"https:\/\/nvtrip.sncil.org\/es\/wp-json\/wp\/v2\/users\/1"}],"replies":[{"embeddable":true,"href":"https:\/\/nvtrip.sncil.org\/es\/wp-json\/wp\/v2\/comments?post=1514"}],"version-history":[{"count":2,"href":"https:\/\/nvtrip.sncil.org\/es\/wp-json\/wp\/v2\/pages\/1514\/revisions"}],"predecessor-version":[{"id":2203,"href":"https:\/\/nvtrip.sncil.org\/es\/wp-json\/wp\/v2\/pages\/1514\/revisions\/2203"}],"up":[{"embeddable":true,"href":"https:\/\/nvtrip.sncil.org\/es\/wp-json\/wp\/v2\/pages\/758"}],"wp:attachment":[{"href":"https:\/\/nvtrip.sncil.org\/es\/wp-json\/wp\/v2\/media?parent=1514"}],"curies":[{"name":"wp","href":"https:\/\/api.w.org\/{rel}","templated":true}]}}