{"id":1512,"date":"2025-05-12T20:39:23","date_gmt":"2025-05-12T20:39:23","guid":{"rendered":"https:\/\/nvtrip.sncil.org\/viaje-nv\/desarrollar-la-confianza-habilidad-a-habilidad\/utiles-de-limpieza\/"},"modified":"2025-08-05T22:01:02","modified_gmt":"2025-08-05T22:01:02","slug":"utiles-de-limpieza","status":"publish","type":"page","link":"https:\/\/nvtrip.sncil.org\/es\/viaje-nv\/desarrollar-la-confianza-habilidad-a-habilidad\/utiles-de-limpieza\/","title":{"rendered":"\u00datiles de limpieza"},"content":{"rendered":"\t\t<div data-elementor-type=\"wp-page\" data-elementor-id=\"1512\" class=\"elementor elementor-1512 elementor-1010\" data-elementor-post-type=\"page\">\n\t\t\t\t<div data-particle_enable=\"false\" data-particle-mobile-disabled=\"false\" class=\"elementor-element elementor-element-697122da e-con-full e-flex e-con e-parent\" data-id=\"697122da\" data-element_type=\"container\">\n\t\t\t\t<div class=\"elementor-element elementor-element-53b25727 elementor-widget elementor-widget-image\" data-id=\"53b25727\" data-element_type=\"widget\" data-widget_type=\"image.default\">\n\t\t\t\t<div class=\"elementor-widget-container\">\n\t\t\t\t\t\t\t\t\t\t\t\t\t\t\t<img fetchpriority=\"high\" decoding=\"async\" width=\"1440\" height=\"700\" src=\"https:\/\/nvtrip.sncil.org\/wp-content\/uploads\/2025\/05\/Helpful-Cleaning-Tools-SNCIL.png\" class=\"attachment-full size-full wp-image-1013\" alt=\"Animated illustration of different cleaning supplies in front of a washing machine.\" srcset=\"https:\/\/nvtrip.sncil.org\/wp-content\/uploads\/2025\/05\/Helpful-Cleaning-Tools-SNCIL.png 1440w, https:\/\/nvtrip.sncil.org\/wp-content\/uploads\/2025\/05\/Helpful-Cleaning-Tools-SNCIL-300x146.png 300w, https:\/\/nvtrip.sncil.org\/wp-content\/uploads\/2025\/05\/Helpful-Cleaning-Tools-SNCIL-1024x498.png 1024w, https:\/\/nvtrip.sncil.org\/wp-content\/uploads\/2025\/05\/Helpful-Cleaning-Tools-SNCIL-768x373.png 768w\" sizes=\"(max-width: 1440px) 100vw, 1440px\" \/>\t\t\t\t\t\t\t\t\t\t\t\t\t\t\t<\/div>\n\t\t\t\t<\/div>\n\t\t\t\t<div class=\"elementor-element elementor-element-78cc5519 elementor-widget elementor-widget-heading\" data-id=\"78cc5519\" data-element_type=\"widget\" data-widget_type=\"heading.default\">\n\t\t\t\t<div class=\"elementor-widget-container\">\n\t\t\t\t\t<h1 class=\"elementor-heading-title elementor-size-default\">\u00datiles de limpieza<\/h1>\t\t\t\t<\/div>\n\t\t\t\t<\/div>\n\t\t\t\t<\/div>\n\t\t<div data-particle_enable=\"false\" data-particle-mobile-disabled=\"false\" class=\"elementor-element elementor-element-454a0468 e-flex e-con-boxed e-con e-parent\" data-id=\"454a0468\" data-element_type=\"container\">\n\t\t\t\t\t<div class=\"e-con-inner\">\n\t\t\t\t<div class=\"elementor-element elementor-element-2e134556 elementor-widget elementor-widget-text-editor\" data-id=\"2e134556\" data-element_type=\"widget\" data-widget_type=\"text-editor.default\">\n\t\t\t\t<div class=\"elementor-widget-container\">\n\t\t\t\t\t\t\t\t\t<p><span style=\"font-weight: 400;\">Hay cientos de ingeniosos artilugios disponibles en tiendas de comestibles, grandes almacenes de descuento y en Internet que pueden facilitar y agilizar enormemente el trabajo de limpieza a las personas con discapacidad. Aqu\u00ed tienes unos cuantos. <\/span><\/p>\n<h2><span style=\"font-weight: 400;\">Herramienta de captura<\/span><\/h2>\n<p><span style=\"font-weight: 400;\">Un Nifty Nabber u otro recogedor\/agarrador puede ser una herramienta que cambie la vida de las personas con problemas de movilidad. Este dispositivo ligero y de mango largo tiene unas pinzas en el extremo que se pueden manejar f\u00e1cilmente desde el mango, lo que permite coger objetos de estanter\u00edas altas, detr\u00e1s de electrodom\u00e9sticos, debajo de camas y mesas, o simplemente de cualquier sitio que de otro modo ser\u00eda dif\u00edcil de alcanzar. Tiene cientos de usos, desde ayudarle a llenar o vaciar lavadoras de carga superior hasta recuperar calcetines que van detr\u00e1s de la secadora o recoger juguetes de perro que ruedan delante de una silla de ruedas, y mucho m\u00e1s.  <\/span><\/p>\n<h2><span style=\"font-weight: 400;\">Clasificador de ropa rodante<\/span><\/h2>\n<p><span style=\"font-weight: 400;\">En lugar de un gran cesto de la ropa sucia, dif\u00edcil de levantar e inc\u00f3modo de transportar, prueba con un carro rodante con varias bolsas colgantes para clasificar la ropa en blanca, oscura e incluso roja o las toallas justo despu\u00e9s de usarlas. Cuando vayas a hacer la colada, s\u00f3lo tienes que llevar el carrito hasta la lavadora y meterlo todo en una bolsa; \u00a1ya estar\u00e1 clasificado por tipo o color! <\/span><\/p>\n<p><span style=\"font-weight: 400;\">Si su casa es demasiado peque\u00f1a para colocar un carro como \u00e9ste, considere la posibilidad de adquirir un par de cestos peque\u00f1os para la ropa sucia que vienen con forros de saco extra\u00edbles que se pueden quitar y llevar a la lavadora.&nbsp;<\/span><\/p>\n<h2><span style=\"font-weight: 400;\">Aspiradoras rob\u00f3ticas&nbsp;<\/span><\/h2>\n<p><span style=\"font-weight: 400;\">Productos como el<\/span><a href=\"https:\/\/www.irobot.com\/en_US\/roomba-105-vac-robot-plus-autoempty-dock\/Q352020.html\"><span style=\"font-weight: 400;\"> iRobot Roomba<\/span><\/a><span style=\"font-weight: 400;\">  y otros utilizan sensores electr\u00f3nicos para mapear tu casa y aspirar habitaciones por s\u00ed solos; todo lo que tienes que hacer es iniciarlo con una aplicaci\u00f3n en tu tel\u00e9fono. Aunque pueden ser caros, puede merecer la pena la inversi\u00f3n en tu tiempo y trabajo f\u00edsico. S\u00f3lo tienes que saber d\u00f3nde est\u00e1 para que no te ponga la zancadilla.  <\/span><\/p>\n<h2><span style=\"font-weight: 400;\">Aspiradoras de barra y de mano&nbsp;<\/span><\/h2>\n<p><span style=\"font-weight: 400;\">Las aspiradoras de varilla no son el\u00e9ctricas, por lo que no tienen motor. Esto significa que son m\u00e1s ligeras y f\u00e1ciles de manejar. Las aspiradoras de mano se pueden guardar en una estanter\u00eda y permiten limpiar peque\u00f1os desechos y muebles sin tener que cargar con una pesada aspiradora de tama\u00f1o normal.  <\/span><\/p>\n<h2><span style=\"font-weight: 400;\">Fregadoras de melamina<\/span><\/h2>\n<p><span style=\"font-weight: 400;\">El <\/span><a href=\"https:\/\/www.mrclean.com\/en-us\/shop-products\/magic-erasers\/magic-eraser-original\"><span style=\"font-weight: 400;\">Mr. Clean Magic Eraser<\/span><\/a><span style=\"font-weight: 400;\">  y productos similares pueden ayudarte a eliminar f\u00e1cilmente la suciedad de muchos tipos de superficies sin tener que utilizar un limpiador aparte. \u00a1Basta con frotar la mancha hasta que desaparezca! <\/span><\/p>\n<h2><span style=\"font-weight: 400;\">Pastillas de aseo<\/span><\/h2>\n<p><span style=\"font-weight: 400;\">Basta con abrir el envoltorio de una pastilla y echarla en la cisterna del inodoro. La pastilla se disolver\u00e1 lentamente a lo largo de varias semanas, liberando peque\u00f1as cantidades de soluci\u00f3n limpiadora en el inodoro, para que no tengas que fregar la taza. <\/span><\/p>\n<h2><span style=\"font-weight: 400;\">Cestas con ruedas<\/span><\/h2>\n<p><span style=\"font-weight: 400;\">Un peque\u00f1o carrito con ruedas o un carro por niveles te permiten guardar todos los art\u00edculos de limpieza en un solo lugar que puedes trasladar f\u00e1cilmente de una habitaci\u00f3n a otra sin tener que levantar nada.<\/span><\/p>\n<h2><span style=\"font-weight: 400;\">L\u00edquidos de limpieza multiusos<\/span><\/h2>\n<p><span style=\"font-weight: 400;\">Busque sprays y toallitas con l\u00edquidos que puedan limpiar m\u00e1s de un tipo de superficie, como cristal, azulejos y porcelana. As\u00ed s\u00f3lo necesitar\u00e1s un producto para limpiar varias estancias. Pulveriza y d\u00e9jalo actuar unos minutos para darle tiempo a disolver la grasa y la suciedad; esto har\u00e1 que la parte de fregar sea mucho m\u00e1s f\u00e1cil.  <\/span><\/p>\n<h2><span style=\"font-weight: 400;\">Combinaci\u00f3n de escoba y recogedor de pl\u00e1stico ligero<\/span><\/h2>\n<p><span style=\"font-weight: 400;\">Si no tienes mucha fuerza en las manos o los brazos, busca herramientas ligeras. Una de ellas es una escoba y un recogedor ligeros. El pl\u00e1stico es m\u00e1s ligero que la madera y, aunque no suelen durar tanto como las escobas de madera, son baratas y f\u00e1ciles de cambiar.  <\/span><\/p>\n<h2><span style=\"font-weight: 400;\">Fregona en spray<\/span><\/h2>\n<p><span style=\"font-weight: 400;\">Una mopa pulverizadora, como la <\/span><a href=\"https:\/\/www.swiffer.com\/en-us\/shop-products\/mopping\/swiffer-wetjet-mop-starter-kit\"><span style=\"font-weight: 400;\">Swiffer WetJet<\/span><\/a><span style=\"font-weight: 400;\"> o <\/span><a href=\"https:\/\/www.ocedar.com\/p\/mops\/spray-mops\/promist-max-microfiber-spray-mop\/\"><span style=\"font-weight: 400;\">O&#8217;Cedar ProMist<\/span><\/a><span style=\"font-weight: 400;\">  es una fregona ligera que permite conectar un dep\u00f3sito de l\u00edquido de recambio. Una vez instalado, puede pulverizar el l\u00edquido desde la parte delantera de la mopa simplemente pulsando un bot\u00f3n en el mango. Las almohadillas son intercambiables, por lo que basta con pulverizar, limpiar y tirar la almohadilla, en lugar de tener que aclarar una fregona de agua.  &nbsp;<\/span><\/p>\n<p><span style=\"font-weight: 400;\">Con el dep\u00f3sito acoplado, la escoba es m\u00e1s pesada; si prefiere una opci\u00f3n m\u00e1s ligera, retire el dep\u00f3sito y utilice primero un pulverizador manual en el suelo antes de coger la fregona. Tambi\u00e9n puede adquirir estropajos previamente empapados en soluci\u00f3n limpiadora. Con muchas de estas mopas, puede fregar en seco para quitar el polvo, as\u00ed como fregar en h\u00famedo madera dura, lin\u00f3leo y baldosas.  &nbsp;<\/span><\/p>\n<h2><span style=\"font-weight: 400;\">Toallitas limpiadoras<\/span><\/h2>\n<p><span style=\"font-weight: 400;\">Las toallitas desinfectantes y limpiacristales funcionan igual de bien que los sprays y las toallitas, pero con menos pasos; si tienes problemas de destreza con las manos, el gatillo de un pulverizador puede ser dif\u00edcil de usar, as\u00ed que una toallita facilita el trabajo.&nbsp;<\/span><\/p>\n<h2><span style=\"font-weight: 400;\">Plumeros extensibles<\/span><\/h2>\n<p><span style=\"font-weight: 400;\">Los plumeros extensibles, a veces llamados telesc\u00f3picos, se colocan en palos de pl\u00e1stico ligeros que tienen longitudes extensibles, para que pueda quitar el polvo de espacios altos y bajos desde una silla o sin tener que alcanzarlos o agacharse tanto. Tambi\u00e9n hay opciones cortas para mesas de f\u00e1cil acceso. <\/span><\/p>\n<h2><span style=\"font-weight: 400;\">Cubos de basura con sensor de movimiento<\/span><\/h2>\n<p><span style=\"font-weight: 400;\">Si est\u00e1s en silla de ruedas o tienes dificultades para usar los pies para empujar los pedales de la tapa de la basura, prueba un cubo con tapa sensible al movimiento. Algunos vienen incluso con un compartimento para reciclar. <\/span><\/p>\t\t\t\t\t\t\t\t<\/div>\n\t\t\t\t<\/div>\n\t\t\t\t\t<\/div>\n\t\t\t\t<\/div>\n\t\t\t\t<\/div>\n\t\t","protected":false},"excerpt":{"rendered":"<p>\u00datiles de limpieza Hay cientos de ingeniosos artilugios disponibles en tiendas de comestibles, grandes almacenes de descuento y en Internet que pueden facilitar y agilizar enormemente el trabajo de limpieza a las personas con discapacidad. Aqu\u00ed tienes unos cuantos. Herramienta de captura Un Nifty Nabber u otro recogedor\/agarrador puede ser una herramienta que cambie la [&hellip;]<\/p>\n","protected":false},"author":1,"featured_media":0,"parent":758,"menu_order":0,"comment_status":"closed","ping_status":"closed","template":"","meta":{"footnotes":""},"class_list":["post-1512","page","type-page","status-publish","hentry"],"_links":{"self":[{"href":"https:\/\/nvtrip.sncil.org\/es\/wp-json\/wp\/v2\/pages\/1512","targetHints":{"allow":["GET"]}}],"collection":[{"href":"https:\/\/nvtrip.sncil.org\/es\/wp-json\/wp\/v2\/pages"}],"about":[{"href":"https:\/\/nvtrip.sncil.org\/es\/wp-json\/wp\/v2\/types\/page"}],"author":[{"embeddable":true,"href":"https:\/\/nvtrip.sncil.org\/es\/wp-json\/wp\/v2\/users\/1"}],"replies":[{"embeddable":true,"href":"https:\/\/nvtrip.sncil.org\/es\/wp-json\/wp\/v2\/comments?post=1512"}],"version-history":[{"count":1,"href":"https:\/\/nvtrip.sncil.org\/es\/wp-json\/wp\/v2\/pages\/1512\/revisions"}],"predecessor-version":[{"id":1513,"href":"https:\/\/nvtrip.sncil.org\/es\/wp-json\/wp\/v2\/pages\/1512\/revisions\/1513"}],"up":[{"embeddable":true,"href":"https:\/\/nvtrip.sncil.org\/es\/wp-json\/wp\/v2\/pages\/758"}],"wp:attachment":[{"href":"https:\/\/nvtrip.sncil.org\/es\/wp-json\/wp\/v2\/media?parent=1512"}],"curies":[{"name":"wp","href":"https:\/\/api.w.org\/{rel}","templated":true}]}}