{"id":1510,"date":"2025-06-09T00:57:27","date_gmt":"2025-06-09T00:57:27","guid":{"rendered":"https:\/\/nvtrip.sncil.org\/viaje-nv\/desarrollar-la-confianza-habilidad-a-habilidad\/herramientas-utiles-de-higiene-personal-adaptativa\/"},"modified":"2025-10-22T23:51:41","modified_gmt":"2025-10-22T23:51:41","slug":"herramientas-utiles-de-higiene-personal-adaptativa","status":"publish","type":"page","link":"https:\/\/nvtrip.sncil.org\/es\/viaje-nv\/desarrollar-la-confianza-habilidad-a-habilidad\/herramientas-utiles-de-higiene-personal-adaptativa\/","title":{"rendered":"Herramientas \u00fatiles de higiene personal adaptativa"},"content":{"rendered":"\t\t<div data-elementor-type=\"wp-page\" data-elementor-id=\"1510\" class=\"elementor elementor-1510 elementor-1090\" data-elementor-post-type=\"page\">\n\t\t\t\t<div data-particle_enable=\"false\" data-particle-mobile-disabled=\"false\" class=\"elementor-element elementor-element-32796421 e-con-full e-flex e-con e-parent\" data-id=\"32796421\" data-element_type=\"container\">\n\t\t\t\t<div class=\"elementor-element elementor-element-5f30fd34 elementor-widget elementor-widget-image\" data-id=\"5f30fd34\" data-element_type=\"widget\" data-widget_type=\"image.default\">\n\t\t\t\t<div class=\"elementor-widget-container\">\n\t\t\t\t\t\t\t\t\t\t\t\t\t\t\t<img fetchpriority=\"high\" decoding=\"async\" width=\"1440\" height=\"700\" src=\"https:\/\/nvtrip.sncil.org\/wp-content\/uploads\/2025\/06\/Products-for-Grooming-SNCIL.svg\" class=\"attachment-full size-full wp-image-1095\" alt=\"Animated illustration of different hair care products on a counter.\" \/>\t\t\t\t\t\t\t\t\t\t\t\t\t\t\t<\/div>\n\t\t\t\t<\/div>\n\t\t\t\t<div class=\"elementor-element elementor-element-2906436 elementor-widget elementor-widget-heading\" data-id=\"2906436\" data-element_type=\"widget\" data-widget_type=\"heading.default\">\n\t\t\t\t<div class=\"elementor-widget-container\">\n\t\t\t\t\t<h1 class=\"elementor-heading-title elementor-size-default\">\u00datiles herramientas adaptativas de higiene personal<\/h1>\t\t\t\t<\/div>\n\t\t\t\t<\/div>\n\t\t\t\t<\/div>\n\t\t<div data-particle_enable=\"false\" data-particle-mobile-disabled=\"false\" class=\"elementor-element elementor-element-45d6c6f6 e-flex e-con-boxed e-con e-parent\" data-id=\"45d6c6f6\" data-element_type=\"container\">\n\t\t\t\t\t<div class=\"e-con-inner\">\n\t\t\t\t<div class=\"elementor-element elementor-element-3b568482 elementor-widget elementor-widget-text-editor\" data-id=\"3b568482\" data-element_type=\"widget\" data-widget_type=\"text-editor.default\">\n\t\t\t\t<div class=\"elementor-widget-container\">\n\t\t\t\t\t\t\t\t\t<p><span style=\"font-weight: 400;\">Algunas habilidades de aseo personal pueden ser complicadas pase lo que pase. Cualquiera que se haya quemado alguna vez con un rizador o se haya cortado afeit\u00e1ndose lo sabe. Pero para las personas con discapacidad puede ser a\u00fan m\u00e1s complicado. Algunas limitaciones f\u00edsicas dificultan a\u00fan m\u00e1s el uso de algunos utensilios, como secadores de pelo, maquinillas de afeitar, cepillos, etc.   <\/span><\/p><p><span style=\"font-weight: 400;\">Muchas personas tienen discapacidades que afectan a las piernas o los pies, lo que significa que pueden tener problemas para estar de pie en la ducha. Si tienes problemas de destreza con las manos, puede resultarte dif\u00edcil cepillarte los dientes o afeitarte.   <\/span><\/p><p><span style=\"font-weight: 400;\">Afortunadamente, muchas empresas que fabrican estos art\u00edculos han ideado soluciones para las personas con discapacidad. Tambi\u00e9n hay tecnolog\u00eda de asistencia que puede ayudar, como aplicaciones de belleza activadas por voz o dispositivos dom\u00e9sticos inteligentes para facilitar las rutinas diarias.   <\/span><\/p><p><span style=\"font-weight: 400;\">Aqu\u00ed compartimos algunas herramientas \u00fatiles que pueden hacer que tu rutina de higiene sea MUCHO m\u00e1s f\u00e1cil.<\/span><\/p><ul><li style=\"font-weight: 400;\" aria-level=\"1\"><span style=\"font-weight: 400;\">Exprimidores de pasta de dientes<\/span><\/li><li style=\"font-weight: 400;\" aria-level=\"1\"><span style=\"font-weight: 400;\">Aplicadores de loci\u00f3n<\/span><\/li><li style=\"font-weight: 400;\" aria-level=\"1\"><span style=\"font-weight: 400;\">Soportes para secador de pelo<\/span><\/li><li style=\"font-weight: 400;\" aria-level=\"1\"><span style=\"font-weight: 400;\">Corta\u00fa\u00f1as de una mano o de sobremesa<\/span><\/li><li style=\"font-weight: 400;\" aria-level=\"1\"><span style=\"font-weight: 400;\">Espejos de autoinspecci\u00f3n<\/span><\/li><li style=\"font-weight: 400;\" aria-level=\"1\"><span style=\"font-weight: 400;\">Cepillos y peines de mango largo<\/span><\/li><li style=\"font-weight: 400;\" aria-level=\"1\"><span style=\"font-weight: 400;\">Lavapi\u00e9s<\/span><\/li><li style=\"font-weight: 400;\" aria-level=\"1\"><span style=\"font-weight: 400;\">Pinzas de f\u00e1cil agarre<\/span><\/li><li style=\"font-weight: 400;\" aria-level=\"1\"><span style=\"font-weight: 400;\">Sillas de ducha<\/span><\/li><li style=\"font-weight: 400;\" aria-level=\"1\"><span style=\"font-weight: 400;\">Empu\u00f1aduras universales<\/span><\/li><li style=\"font-weight: 400;\" aria-level=\"1\"><span style=\"font-weight: 400;\">Mangos extensibles para maquinillas de afeitar<\/span><\/li><li style=\"font-weight: 400;\" aria-level=\"1\"><span style=\"font-weight: 400;\">Cepillos de dientes el\u00e9ctricos (como Sonicare u Oral-B)<\/span><\/li><li style=\"font-weight: 400;\" aria-level=\"1\"><span style=\"font-weight: 400;\">Correa para maquinilla el\u00e9ctrica<\/span><\/li><li style=\"font-weight: 400;\" aria-level=\"1\"><span style=\"font-weight: 400;\">Espuma de afeitar sin aclarado<\/span><\/li><li style=\"font-weight: 400;\" aria-level=\"1\"><span style=\"font-weight: 400;\">Porta hilo dental<\/span><\/li><li style=\"font-weight: 400;\" aria-level=\"1\"><span style=\"font-weight: 400;\">Tijeras para u\u00f1as de los pies de largo alcance<\/span><\/li><li style=\"font-weight: 400;\" aria-level=\"1\"><span style=\"font-weight: 400;\">Cordones el\u00e1sticos<\/span><\/li><li style=\"font-weight: 400;\" aria-level=\"1\"><span style=\"font-weight: 400;\">Tiradores de cremallera y ganchos para botones<\/span><\/li><li style=\"font-weight: 400;\" aria-level=\"1\"><span style=\"font-weight: 400;\">Albornoces de ducha accesibles<\/span><\/li><li style=\"font-weight: 400;\" aria-level=\"1\"><span style=\"font-weight: 400;\">Exfoliante corporal antideslizante<\/span><\/li><li style=\"font-weight: 400;\" aria-level=\"1\"><span style=\"font-weight: 400;\">Ba\u00f1o stepper<\/span><\/li><li style=\"font-weight: 400;\" aria-level=\"1\"><span style=\"font-weight: 400;\">Barras de ducha<\/span><\/li><li style=\"font-weight: 400;\" aria-level=\"1\"><span style=\"font-weight: 400;\">Lavapi\u00e9s<\/span><\/li><li style=\"font-weight: 400;\" aria-level=\"1\"><span style=\"font-weight: 400;\">Bid\u00e9s port\u00e1tiles<\/span><\/li><li style=\"font-weight: 400;\" aria-level=\"1\"><span style=\"font-weight: 400;\">Cortapelos para discapacitados (como Buddy Clippers)<\/span><\/li><li style=\"font-weight: 400;\" aria-level=\"1\"><span style=\"font-weight: 400;\">Utensilios de aseo respetuosos con los sentidos, como cepillos de cerdas suaves, jabones y lociones hipoalerg\u00e9nicos y productos sin perfume.<\/span><\/li><\/ul><p> <\/p><p><span style=\"font-weight: 400;\">Herramientas digitales, como <\/span><a href=\"https:\/\/apps.apple.com\/us\/app\/ido-hygiene\/id931411575\"><span style=\"font-weight: 400;\">iDo Higiene<\/span><\/a><span style=\"font-weight: 400;\">una aplicaci\u00f3n del Centro de Tecnolog\u00eda Educativa, que ayuda a los usuarios a aprender t\u00e9cnicas comunes de higiene personal.<\/span><\/p>\t\t\t\t\t\t\t\t<\/div>\n\t\t\t\t<\/div>\n\t\t\t\t\t<\/div>\n\t\t\t\t<\/div>\n\t\t\t\t<\/div>\n\t\t","protected":false},"excerpt":{"rendered":"<p>\u00datiles herramientas adaptativas de higiene personal Algunas habilidades de aseo personal pueden ser complicadas pase lo que pase. Cualquiera que se haya quemado alguna vez con un rizador o se haya cortado afeit\u00e1ndose lo sabe. Pero para las personas con discapacidad puede ser a\u00fan m\u00e1s complicado. Algunas limitaciones f\u00edsicas dificultan a\u00fan m\u00e1s el uso de [&hellip;]<\/p>\n","protected":false},"author":1,"featured_media":0,"parent":758,"menu_order":0,"comment_status":"closed","ping_status":"closed","template":"","meta":{"footnotes":""},"class_list":["post-1510","page","type-page","status-publish","hentry"],"_links":{"self":[{"href":"https:\/\/nvtrip.sncil.org\/es\/wp-json\/wp\/v2\/pages\/1510","targetHints":{"allow":["GET"]}}],"collection":[{"href":"https:\/\/nvtrip.sncil.org\/es\/wp-json\/wp\/v2\/pages"}],"about":[{"href":"https:\/\/nvtrip.sncil.org\/es\/wp-json\/wp\/v2\/types\/page"}],"author":[{"embeddable":true,"href":"https:\/\/nvtrip.sncil.org\/es\/wp-json\/wp\/v2\/users\/1"}],"replies":[{"embeddable":true,"href":"https:\/\/nvtrip.sncil.org\/es\/wp-json\/wp\/v2\/comments?post=1510"}],"version-history":[{"count":1,"href":"https:\/\/nvtrip.sncil.org\/es\/wp-json\/wp\/v2\/pages\/1510\/revisions"}],"predecessor-version":[{"id":1511,"href":"https:\/\/nvtrip.sncil.org\/es\/wp-json\/wp\/v2\/pages\/1510\/revisions\/1511"}],"up":[{"embeddable":true,"href":"https:\/\/nvtrip.sncil.org\/es\/wp-json\/wp\/v2\/pages\/758"}],"wp:attachment":[{"href":"https:\/\/nvtrip.sncil.org\/es\/wp-json\/wp\/v2\/media?parent=1510"}],"curies":[{"name":"wp","href":"https:\/\/api.w.org\/{rel}","templated":true}]}}