{"id":1504,"date":"2025-06-09T01:02:11","date_gmt":"2025-06-09T01:02:11","guid":{"rendered":"https:\/\/nvtrip.sncil.org\/viaje-nv\/desarrollar-la-confianza-habilidad-a-habilidad\/consejos-de-aseo-para-cuidadores\/"},"modified":"2025-10-21T22:17:44","modified_gmt":"2025-10-21T22:17:44","slug":"consejos-de-aseo-para-cuidadores","status":"publish","type":"page","link":"https:\/\/nvtrip.sncil.org\/es\/viaje-nv\/desarrollar-la-confianza-habilidad-a-habilidad\/consejos-de-aseo-para-cuidadores\/","title":{"rendered":"Consejos de aseo para cuidadores"},"content":{"rendered":"\t\t<div data-elementor-type=\"wp-page\" data-elementor-id=\"1504\" class=\"elementor elementor-1504 elementor-1099\" data-elementor-post-type=\"page\">\n\t\t\t\t<div data-particle_enable=\"false\" data-particle-mobile-disabled=\"false\" class=\"elementor-element elementor-element-26ae3032 e-con-full e-flex e-con e-parent\" data-id=\"26ae3032\" data-element_type=\"container\">\n\t\t\t\t<div class=\"elementor-element elementor-element-5e58fc63 elementor-widget elementor-widget-image\" data-id=\"5e58fc63\" data-element_type=\"widget\" data-widget_type=\"image.default\">\n\t\t\t\t<div class=\"elementor-widget-container\">\n\t\t\t\t\t\t\t\t\t\t\t\t\t\t\t<img fetchpriority=\"high\" decoding=\"async\" width=\"1440\" height=\"700\" src=\"https:\/\/nvtrip.sncil.org\/wp-content\/uploads\/2025\/06\/Grooming-Tips-for-Caregivers-SNCIL.svg\" class=\"attachment-full size-full wp-image-1102\" alt=\"Processing takes 7\u201310 business days. Delivery is FREE via FedEx and typically arrives 2\u20135 business days after production. Please note: delivery times are not guaranteed.\" \/>\t\t\t\t\t\t\t\t\t\t\t\t\t\t\t<\/div>\n\t\t\t\t<\/div>\n\t\t\t\t<div class=\"elementor-element elementor-element-28b915b9 elementor-widget elementor-widget-heading\" data-id=\"28b915b9\" data-element_type=\"widget\" data-widget_type=\"heading.default\">\n\t\t\t\t<div class=\"elementor-widget-container\">\n\t\t\t\t\t<h1 class=\"elementor-heading-title elementor-size-default\">Consejos de aseo para cuidadores<\/h1>\t\t\t\t<\/div>\n\t\t\t\t<\/div>\n\t\t\t\t<\/div>\n\t\t<div data-particle_enable=\"false\" data-particle-mobile-disabled=\"false\" class=\"elementor-element elementor-element-abef8d7 e-flex e-con-boxed e-con e-parent\" data-id=\"abef8d7\" data-element_type=\"container\">\n\t\t\t\t\t<div class=\"e-con-inner\">\n\t\t\t\t<div class=\"elementor-element elementor-element-730ec4f0 elementor-widget elementor-widget-text-editor\" data-id=\"730ec4f0\" data-element_type=\"widget\" data-widget_type=\"text-editor.default\">\n\t\t\t\t<div class=\"elementor-widget-container\">\n\t\t\t\t\t\t\t\t\t<p><span style=\"font-weight: 400;\">Si eres padre o cuidador de una persona con discapacidad que actualmente vive sola o cuyo objetivo es vivir de forma independiente, puede que est\u00e9s acostumbrado a ayudarle con su rutina de higiene personal. Puede que te resulte dif\u00edcil saber c\u00f3mo transferirles esas tareas o c\u00f3mo ayudarles de la mejor manera posible respetando su independencia. De eso trata esta p\u00e1gina.    <\/span><\/p><p><span style=\"font-weight: 400;\">Es importante recordar que la independencia debe seguir siendo la m\u00e1xima prioridad. La mejor manera de ayudar es prestar asistencia s\u00f3lo cuando se necesite y se pida. Estas son algunas cosas que hay que tener en cuenta:  <\/span><\/p><h2><span style=\"font-weight: 400;\">Fomentar la independencia<\/span><\/h2><p><span style=\"font-weight: 400;\">Esto ayuda a reforzar la autoestima, la sensaci\u00f3n de control y la confianza de la persona. Puedes apoyar su autonom\u00eda d\u00e1ndole instrucciones claras, reconociendo cualquier incertidumbre o ansiedad que pueda tener al realizar determinadas tareas y ayud\u00e1ndole a desarrollar rutinas. <\/span><\/p><h2><span style=\"font-weight: 400;\">Proteger la dignidad y la intimidad<\/span><\/h2><p><span style=\"font-weight: 400;\">Por ejemplo, sit\u00faate fuera de las cortinas de las duchas y detr\u00e1s de las puertas, dispuesto a ayudar pero respetando los l\u00edmites.  <\/span><\/p><h2><span style=\"font-weight: 400;\">Seguir evaluando la independencia<\/span><\/h2><p><span style=\"font-weight: 400;\">La independencia no se consigue de la noche a la ma\u00f1ana: es un proceso. Estate preparado y disponible para ayudarles, pero dales siempre la oportunidad de hacer las cosas por s\u00ed mismos, asegur\u00e1ndoles que est\u00e1s disponible para ayudarles si lo necesitan.   <\/span><\/p><h2><span style=\"font-weight: 400;\">Hacer preguntas y determinar sus preferencias<\/span><\/h2><p><span style=\"font-weight: 400;\">Independencia significa que pueden elegir sus productos, su peinado, su ropa y otros aspectos de su aspecto personal. Si necesitas ayuda, apoya sus decisiones en lugar de tomarlas por ellos. Esto tambi\u00e9n significa ser sensible a sus necesidades y pr\u00e1cticas personales o culturales.  <\/span><\/p><h2><span style=\"font-weight: 400;\">Comunicar con eficacia<\/span><\/h2><p><span style=\"font-weight: 400;\">Esto puede significar utilizar un lenguaje sencillo o ayudas visuales, demostrar acciones, etc.  <\/span><\/p><h2><span style=\"font-weight: 400;\">La seguridad, ante todo<\/span><\/h2><p><span style=\"font-weight: 400;\">Su ayuda es m\u00e1s necesaria cuando se trata de garantizar la seguridad y la sensaci\u00f3n de protecci\u00f3n de la persona. Esto podr\u00eda significar asegurarse de que el equipo est\u00e1 en buen estado de funcionamiento y colocado correctamente, mover alfombras sueltas u otros obst\u00e1culos, y tener cuidado de no herir accidentalmente a la persona por precipitarse. <\/span><\/p><h2><span style=\"font-weight: 400;\">Promover la sensibilizaci\u00f3n sobre la discapacidad<\/span><\/h2><p><span style=\"font-weight: 400;\">Los salones de belleza y spas son grandes recursos para las personas con discapacidad, ya que les permiten satisfacer sus necesidades de higiene personal con m\u00e1s facilidad que intentar realizar tareas que pueden suponer un reto. Sin embargo, a menudo estos negocios no est\u00e1n dise\u00f1ados para ser inclusivos. Si encuentras un sal\u00f3n de belleza que sea inclusivo, comparte lo importante que es para ellos y para tu red personal. Y si ves uno que no lo es, aseg\u00farate de hacer o\u00edr tu voz mientras abogas por ello. Cuando busques un sal\u00f3n de belleza, pregunta espec\u00edficamente qu\u00e9 adaptaciones hacen para las personas con discapacidad.    <\/span><\/p>\t\t\t\t\t\t\t\t<\/div>\n\t\t\t\t<\/div>\n\t\t\t\t\t<\/div>\n\t\t\t\t<\/div>\n\t\t\t\t<\/div>\n\t\t","protected":false},"excerpt":{"rendered":"<p>Consejos de aseo para cuidadores Si eres padre o cuidador de una persona con discapacidad que actualmente vive sola o cuyo objetivo es vivir de forma independiente, puede que est\u00e9s acostumbrado a ayudarle con su rutina de higiene personal. Puede que te resulte dif\u00edcil saber c\u00f3mo transferirles esas tareas o c\u00f3mo ayudarles de la mejor [&hellip;]<\/p>\n","protected":false},"author":1,"featured_media":0,"parent":758,"menu_order":0,"comment_status":"closed","ping_status":"closed","template":"","meta":{"footnotes":""},"class_list":["post-1504","page","type-page","status-publish","hentry"],"_links":{"self":[{"href":"https:\/\/nvtrip.sncil.org\/es\/wp-json\/wp\/v2\/pages\/1504","targetHints":{"allow":["GET"]}}],"collection":[{"href":"https:\/\/nvtrip.sncil.org\/es\/wp-json\/wp\/v2\/pages"}],"about":[{"href":"https:\/\/nvtrip.sncil.org\/es\/wp-json\/wp\/v2\/types\/page"}],"author":[{"embeddable":true,"href":"https:\/\/nvtrip.sncil.org\/es\/wp-json\/wp\/v2\/users\/1"}],"replies":[{"embeddable":true,"href":"https:\/\/nvtrip.sncil.org\/es\/wp-json\/wp\/v2\/comments?post=1504"}],"version-history":[{"count":2,"href":"https:\/\/nvtrip.sncil.org\/es\/wp-json\/wp\/v2\/pages\/1504\/revisions"}],"predecessor-version":[{"id":2207,"href":"https:\/\/nvtrip.sncil.org\/es\/wp-json\/wp\/v2\/pages\/1504\/revisions\/2207"}],"up":[{"embeddable":true,"href":"https:\/\/nvtrip.sncil.org\/es\/wp-json\/wp\/v2\/pages\/758"}],"wp:attachment":[{"href":"https:\/\/nvtrip.sncil.org\/es\/wp-json\/wp\/v2\/media?parent=1504"}],"curies":[{"name":"wp","href":"https:\/\/api.w.org\/{rel}","templated":true}]}}