{"id":1500,"date":"2025-07-03T22:10:05","date_gmt":"2025-07-03T22:10:05","guid":{"rendered":"https:\/\/nvtrip.sncil.org\/viaje-nv\/desarrollar-la-confianza-habilidad-a-habilidad\/al-volante-conducir-con-discapacidad\/"},"modified":"2025-10-22T23:51:23","modified_gmt":"2025-10-22T23:51:23","slug":"al-volante-conducir-con-discapacidad","status":"publish","type":"page","link":"https:\/\/nvtrip.sncil.org\/es\/viaje-nv\/desarrollar-la-confianza-habilidad-a-habilidad\/al-volante-conducir-con-discapacidad\/","title":{"rendered":"Al volante: Conducir con discapacidad"},"content":{"rendered":"\t\t<div data-elementor-type=\"wp-page\" data-elementor-id=\"1500\" class=\"elementor elementor-1500 elementor-1154\" data-elementor-post-type=\"page\">\n\t\t\t\t<div data-particle_enable=\"false\" data-particle-mobile-disabled=\"false\" class=\"elementor-element elementor-element-5bbc6571 e-con-full e-flex e-con e-parent\" data-id=\"5bbc6571\" data-element_type=\"container\">\n\t\t\t\t<div class=\"elementor-element elementor-element-7fdaeee9 elementor-widget elementor-widget-image\" data-id=\"7fdaeee9\" data-element_type=\"widget\" data-widget_type=\"image.default\">\n\t\t\t\t<div class=\"elementor-widget-container\">\n\t\t\t\t\t\t\t\t\t\t\t\t\t\t\t<img fetchpriority=\"high\" decoding=\"async\" width=\"1440\" height=\"700\" src=\"https:\/\/nvtrip.sncil.org\/wp-content\/uploads\/2025\/07\/In-the-Drivers-Seat-SNCIL.svg\" class=\"attachment-full size-full wp-image-1157\" alt=\"Animated illustration of a young man driving a car with a handicap sticker on the mirror.\" \/>\t\t\t\t\t\t\t\t\t\t\t\t\t\t\t<\/div>\n\t\t\t\t<\/div>\n\t\t\t\t<div class=\"elementor-element elementor-element-32b0e7db elementor-widget elementor-widget-heading\" data-id=\"32b0e7db\" data-element_type=\"widget\" data-widget_type=\"heading.default\">\n\t\t\t\t<div class=\"elementor-widget-container\">\n\t\t\t\t\t<h1 class=\"elementor-heading-title elementor-size-default\">Al volante: Conducir con discapacidad<\/h1>\t\t\t\t<\/div>\n\t\t\t\t<\/div>\n\t\t\t\t<div class=\"elementor-element elementor-element-119318ed elementor-widget elementor-widget-spacer\" data-id=\"119318ed\" data-element_type=\"widget\" data-widget_type=\"spacer.default\">\n\t\t\t\t<div class=\"elementor-widget-container\">\n\t\t\t\t\t\t\t<div class=\"elementor-spacer\">\n\t\t\t<div class=\"elementor-spacer-inner\"><\/div>\n\t\t<\/div>\n\t\t\t\t\t\t<\/div>\n\t\t\t\t<\/div>\n\t\t\t\t<\/div>\n\t\t<div data-particle_enable=\"false\" data-particle-mobile-disabled=\"false\" class=\"elementor-element elementor-element-5e26b6b6 e-flex e-con-boxed e-con e-parent\" data-id=\"5e26b6b6\" data-element_type=\"container\">\n\t\t\t\t\t<div class=\"e-con-inner\">\n\t\t\t\t<div class=\"elementor-element elementor-element-34df71da elementor-widget elementor-widget-spacer\" data-id=\"34df71da\" data-element_type=\"widget\" data-widget_type=\"spacer.default\">\n\t\t\t\t<div class=\"elementor-widget-container\">\n\t\t\t\t\t\t\t<div class=\"elementor-spacer\">\n\t\t\t<div class=\"elementor-spacer-inner\"><\/div>\n\t\t<\/div>\n\t\t\t\t\t\t<\/div>\n\t\t\t\t<\/div>\n\t\t\t\t<div class=\"elementor-element elementor-element-a49e3f5 elementor-widget elementor-widget-text-editor\" data-id=\"a49e3f5\" data-element_type=\"widget\" data-widget_type=\"text-editor.default\">\n\t\t\t\t<div class=\"elementor-widget-container\">\n\t\t\t\t\t\t\t\t\t<p><span style=\"font-weight: 400;\">Tener una discapacidad no significa necesariamente no poder conducir. Muchas personas con discapacidad tienen carn\u00e9 y coche propio.   <\/span><\/p><p><span style=\"font-weight: 400;\">De hecho, la Ley de Estadounidenses con Discapacidades (ADA) establece que:<\/span><\/p><ol><li style=\"font-weight: 400;\" aria-level=\"1\"><span style=\"font-weight: 400;\">Los Departamentos de Veh\u00edculos de Motor (DMVs) no pueden negar a una persona una licencia de conducir \u00fanicamente a causa de una discapacidad, y<\/span><\/li><li style=\"font-weight: 400;\" aria-level=\"1\"><span style=\"font-weight: 400;\">Los edificios p\u00fablicos deben disponer de plazas de aparcamiento para discapacitados de al menos dos metros de ancho, con zonas de carga de dos metros y rampas para sillas de ruedas.<\/span><\/li><\/ol><p> <\/p><p><span style=\"font-weight: 400;\">Tener una discapacidad puede hacer que sea m\u00e1s dif\u00edcil obtener una licencia de conducir &#8211; especialmente si usted es un conductor por primera vez que tambi\u00e9n est\u00e1 aprendiendo las reglas b\u00e1sicas de la carretera &#8211; pero sin duda es posible. Esto es lo que necesita saber sobre la conducci\u00f3n en Nevada. <\/span><\/p><h2><span style=\"font-weight: 400;\">C\u00f3mo obtener su primera licencia de conducir de Nevada como un adolescente<\/span><\/h2><p><span style=\"font-weight: 400;\">Si usted nunca ha sido un conductor con licencia antes y le gustar\u00eda obtener su licencia de Nevada, aqu\u00ed est\u00e1n los requisitos para los conductores menores de 18 a\u00f1os, independientemente de si tiene o no una discapacidad:<\/span><\/p><ul><li style=\"font-weight: 400;\" aria-checked=\"false\" aria-level=\"1\"><span style=\"font-weight: 400;\">Tener al menos 16 a\u00f1os.<\/span><\/li><li style=\"font-weight: 400;\" aria-checked=\"false\" aria-level=\"1\"><span style=\"font-weight: 400;\">Recibe un permiso de instrucci\u00f3n que te permite practicar la conducci\u00f3n bajo la direcci\u00f3n de un conductor con licencia.  <\/span><\/li><li style=\"font-weight: 400;\" aria-checked=\"false\" aria-level=\"1\"><span style=\"font-weight: 400;\">Ser titular de un permiso de instrucci\u00f3n de al menos seis meses.<\/span><\/li><li style=\"font-weight: 400;\" aria-checked=\"false\" aria-level=\"1\"><span style=\"font-weight: 400;\">Completar un curso aprobado de educaci\u00f3n del conductor de 30 horas, ya sea en un aula o en l\u00ednea. (El DMV mantiene una lista de instructores cualificados y aprobados). <\/span><\/li><li style=\"font-weight: 400;\" aria-checked=\"false\" aria-level=\"1\"><span style=\"font-weight: 400;\">Completar y registrar un m\u00ednimo de 50 horas de experiencia de conducci\u00f3n, que deben incluir 10 horas de conducci\u00f3n nocturna.<\/span><\/li><li style=\"font-weight: 400;\" aria-checked=\"false\" aria-level=\"1\"><span style=\"font-weight: 400;\">No haber cometido infracciones de tr\u00e1fico, ni haber sido condenado por consumo de drogas o alcohol, ni haber tenido accidentes con culpa durante al menos los seis meses anteriores.<\/span><\/li><li style=\"font-weight: 400;\" aria-checked=\"false\" aria-level=\"1\"><span style=\"font-weight: 400;\">Superar una prueba de visi\u00f3n con un m\u00ednimo de 20\/40 (lo que puede significar que tenga que llevar gafas o lentillas).<\/span><\/li><li style=\"font-weight: 400;\" aria-checked=\"false\" aria-level=\"1\"><span style=\"font-weight: 400;\">Aprobar un examen de conducir administrado por el DMV.<\/span><\/li><\/ul><p> <\/p><p><span style=\"font-weight: 400;\"><a href=\"https:\/\/dmv.nv.gov\/nvdlteens.htm\" target=\"_blank\" rel=\"noopener\">Para obtener m\u00e1s informaci\u00f3n sobre c\u00f3mo obtener su permiso o licencia de instrucci\u00f3n en Nevada, haga clic aqu\u00ed<\/a>.<\/span><\/p><p><span style=\"font-weight: 400;\">Seg\u00fan la <\/span><a href=\"https:\/\/www.leg.state.nv.us\/NAC\/NAC-483.html#NAC483Sec280\"><span style=\"font-weight: 400;\">ley de Nevada<\/span><\/a><span style=\"font-weight: 400;\">si un representante del DMV tiene motivos fundados para creer que una discapacidad f\u00edsica o mental puede impedirle conducir un veh\u00edculo con seguridad, puede pedirle que le examine un m\u00e9dico u otro profesional y que le proporcione un informe de sus conclusiones. <\/span> <\/p><h2><span style=\"font-weight: 400;\">Sacarse el carn\u00e9 de conducir siendo adulto<\/span><\/h2><p><span style=\"font-weight: 400;\">En Nevada, si usted es un conductor principiante que tiene por lo menos 18 a\u00f1os de edad (o ha tenido su licencia expirada, suspendida, o revocada por m\u00e1s de un a\u00f1o), usted todav\u00eda debe recibir un permiso de instrucci\u00f3n, obtener sus 50 horas de experiencia, y pasar sus ex\u00e1menes de visi\u00f3n y manejo. Sin embargo, no est\u00e1 obligado a realizar un curso de educaci\u00f3n vial.   <\/span><\/p><h2><span style=\"font-weight: 400;\">Educaci\u00f3n vial<\/span><\/h2><p><span style=\"font-weight: 400;\">Tanto si la ley te obliga a recibir educaci\u00f3n vial como si no, esta formaci\u00f3n es muy valiosa, sobre todo si eres un conductor novel. Esta educaci\u00f3n no s\u00f3lo podr\u00eda hacerte m\u00e1s seguro en la carretera, sino que incluso podr\u00eda darte derecho a un descuento en tu seguro de coche, dependiendo de tu compa\u00f1\u00eda y p\u00f3liza. (Consulta nuestra p\u00e1gina \u00abEn el asiento del conductor: poseer y conducir tu propio veh\u00edculo\u00bb para obtener m\u00e1s informaci\u00f3n sobre el seguro de autom\u00f3vil).  <\/span><\/p><p><span style=\"font-weight: 400;\">Aprender a conducir con una discapacidad, sobre todo con equipos de adaptaci\u00f3n (como mandos manuales o pedales extendidos), puede exigir un nivel de aprendizaje m\u00e1s profundo. Afortunadamente, hay autoescuelas y terapeutas ocupacionales que ofrecen esta instrucci\u00f3n y pueden incluso disponer de veh\u00edculos accesibles. Incluso puede estar parcial o totalmente cubierto por tu seguro, organizaciones sin \u00e1nimo de lucro u otras fuentes.  <\/span><\/p><p><span style=\"font-weight: 400;\">Para obtener m\u00e1s informaci\u00f3n sobre los programas de educaci\u00f3n vial en Nevada, visite <a href=\"https:\/\/dmv.nv.gov\/dlschoolsprd.htm\" target=\"_blank\" rel=\"noopener\">el sitio web del DMV de Nevada<\/a><\/span><span style=\"font-weight: 400;\">.<\/span><\/p><p><span style=\"font-weight: 400;\">Es posible que una autoescuela normal no ofrezca formaci\u00f3n especializada para conducir con equipos de adaptaci\u00f3n. Para ello, es posible que necesites un<a href=\"https:\/\/www.aded.net\/page\/725\" target=\"_blank\" rel=\"noopener\"> especialista en rehabilitaci\u00f3n de conductores o un distribuidor de equipos de movilidad<\/a>.   <\/span><\/p><h2><span style=\"font-weight: 400;\">Mantenga su licencia al d\u00eda<\/span><\/h2><p><span style=\"font-weight: 400;\">Sacarse el carn\u00e9 conlleva una responsabilidad. Tienes que mantener un historial de conducci\u00f3n segura, evitar cualquier tipo de drogas o alcohol antes de ponerte al volante y renovarlo antes de la fecha de caducidad. <\/span><\/p><p><span style=\"font-weight: 400;\">En Nevada, puede recibir o no un aviso de renovaci\u00f3n. Es su responsabilidad comprobar la fecha de caducidad de su licencia y renovarla entre 60 d\u00edas antes de la fecha de caducidad y hasta un a\u00f1o despu\u00e9s. (Nota: Si su licencia ha pasado su fecha de caducidad, puede ser rechazada como identificaci\u00f3n v\u00e1lida en algunas situaciones). Normalmente, el carn\u00e9 deber\u00e1 renovarse cada cuatro u ocho a\u00f1os, dependiendo de su edad y de otros factores.   <\/span><\/p><p><span style=\"font-weight: 400;\">Si tiene un historial de conducci\u00f3n limpio y un permiso normal, normalmente puede <a href=\"https:\/\/dmv.nv.gov\/dlrenewal.htm\" target=\"_blank\" rel=\"noopener\">renovar su permiso por Internet. <\/a> <\/span><\/p>\t\t\t\t\t\t\t\t<\/div>\n\t\t\t\t<\/div>\n\t\t\t\t\t<\/div>\n\t\t\t\t<\/div>\n\t\t\t\t<\/div>\n\t\t","protected":false},"excerpt":{"rendered":"<p>Al volante: Conducir con discapacidad Tener una discapacidad no significa necesariamente no poder conducir. Muchas personas con discapacidad tienen carn\u00e9 y coche propio. De hecho, la Ley de Estadounidenses con Discapacidades (ADA) establece que: Los Departamentos de Veh\u00edculos de Motor (DMVs) no pueden negar a una persona una licencia de conducir \u00fanicamente a causa de [&hellip;]<\/p>\n","protected":false},"author":1,"featured_media":0,"parent":758,"menu_order":0,"comment_status":"closed","ping_status":"closed","template":"","meta":{"footnotes":""},"class_list":["post-1500","page","type-page","status-publish","hentry"],"_links":{"self":[{"href":"https:\/\/nvtrip.sncil.org\/es\/wp-json\/wp\/v2\/pages\/1500","targetHints":{"allow":["GET"]}}],"collection":[{"href":"https:\/\/nvtrip.sncil.org\/es\/wp-json\/wp\/v2\/pages"}],"about":[{"href":"https:\/\/nvtrip.sncil.org\/es\/wp-json\/wp\/v2\/types\/page"}],"author":[{"embeddable":true,"href":"https:\/\/nvtrip.sncil.org\/es\/wp-json\/wp\/v2\/users\/1"}],"replies":[{"embeddable":true,"href":"https:\/\/nvtrip.sncil.org\/es\/wp-json\/wp\/v2\/comments?post=1500"}],"version-history":[{"count":4,"href":"https:\/\/nvtrip.sncil.org\/es\/wp-json\/wp\/v2\/pages\/1500\/revisions"}],"predecessor-version":[{"id":2199,"href":"https:\/\/nvtrip.sncil.org\/es\/wp-json\/wp\/v2\/pages\/1500\/revisions\/2199"}],"up":[{"embeddable":true,"href":"https:\/\/nvtrip.sncil.org\/es\/wp-json\/wp\/v2\/pages\/758"}],"wp:attachment":[{"href":"https:\/\/nvtrip.sncil.org\/es\/wp-json\/wp\/v2\/media?parent=1500"}],"curies":[{"name":"wp","href":"https:\/\/api.w.org\/{rel}","templated":true}]}}