{"id":1490,"date":"2025-07-25T18:47:50","date_gmt":"2025-07-25T18:47:50","guid":{"rendered":"https:\/\/nvtrip.sncil.org\/viaje-nv\/desarrollar-la-confianza-habilidad-a-habilidad\/work-it-out-su-guia-para-conseguir-trabajo\/"},"modified":"2025-10-22T23:51:07","modified_gmt":"2025-10-22T23:51:07","slug":"work-it-out-su-guia-para-conseguir-trabajo","status":"publish","type":"page","link":"https:\/\/nvtrip.sncil.org\/es\/viaje-nv\/desarrollar-la-confianza-habilidad-a-habilidad\/work-it-out-su-guia-para-conseguir-trabajo\/","title":{"rendered":"Work It Out: Su gu\u00eda para conseguir trabajo"},"content":{"rendered":"\t\t<div data-elementor-type=\"wp-page\" data-elementor-id=\"1490\" class=\"elementor elementor-1490 elementor-1206\" data-elementor-post-type=\"page\">\n\t\t\t\t<div data-particle_enable=\"false\" data-particle-mobile-disabled=\"false\" class=\"elementor-element elementor-element-2d575882 e-con-full e-flex e-con e-parent\" data-id=\"2d575882\" data-element_type=\"container\">\n\t\t\t\t<div class=\"elementor-element elementor-element-75493e5f elementor-widget elementor-widget-image\" data-id=\"75493e5f\" data-element_type=\"widget\" data-widget_type=\"image.default\">\n\t\t\t\t<div class=\"elementor-widget-container\">\n\t\t\t\t\t\t\t\t\t\t\t\t\t\t\t<img fetchpriority=\"high\" decoding=\"async\" width=\"1440\" height=\"700\" src=\"https:\/\/nvtrip.sncil.org\/wp-content\/uploads\/2025\/07\/Work-It-Out_-Your-Guide-to-Getting-a-Job-SNCIL.svg\" class=\"attachment-full size-full wp-image-1209\" alt=\"Animated illustration of a diverse group of young people with varying jobs.\" \/>\t\t\t\t\t\t\t\t\t\t\t\t\t\t\t<\/div>\n\t\t\t\t<\/div>\n\t\t\t\t<div class=\"elementor-element elementor-element-6b57fcf9 elementor-widget elementor-widget-heading\" data-id=\"6b57fcf9\" data-element_type=\"widget\" data-widget_type=\"heading.default\">\n\t\t\t\t<div class=\"elementor-widget-container\">\n\t\t\t\t\t<h1 class=\"elementor-heading-title elementor-size-default\">Work It Out: Su gu\u00eda para conseguir trabajo<\/h1>\t\t\t\t<\/div>\n\t\t\t\t<\/div>\n\t\t\t\t<div class=\"elementor-element elementor-element-2bd99c8d elementor-widget elementor-widget-spacer\" data-id=\"2bd99c8d\" data-element_type=\"widget\" data-widget_type=\"spacer.default\">\n\t\t\t\t<div class=\"elementor-widget-container\">\n\t\t\t\t\t\t\t<div class=\"elementor-spacer\">\n\t\t\t<div class=\"elementor-spacer-inner\"><\/div>\n\t\t<\/div>\n\t\t\t\t\t\t<\/div>\n\t\t\t\t<\/div>\n\t\t\t\t<div class=\"elementor-element elementor-element-1135174 elementor-widget elementor-widget-video\" data-id=\"1135174\" data-element_type=\"widget\" data-settings=\"{&quot;youtube_url&quot;:&quot;https:\\\/\\\/youtu.be\\\/kVlO_-7v-ws&quot;,&quot;video_type&quot;:&quot;youtube&quot;,&quot;controls&quot;:&quot;yes&quot;}\" data-widget_type=\"video.default\">\n\t\t\t\t<div class=\"elementor-widget-container\">\n\t\t\t\t\t\t\t<div class=\"elementor-wrapper elementor-open-inline\">\n\t\t\t<div class=\"elementor-video\"><\/div>\t\t<\/div>\n\t\t\t\t\t\t<\/div>\n\t\t\t\t<\/div>\n\t\t\t\t<\/div>\n\t\t<div data-particle_enable=\"false\" data-particle-mobile-disabled=\"false\" class=\"elementor-element elementor-element-45a72165 e-flex e-con-boxed e-con e-parent\" data-id=\"45a72165\" data-element_type=\"container\">\n\t\t\t\t\t<div class=\"e-con-inner\">\n\t\t\t\t<div class=\"elementor-element elementor-element-23c442e3 elementor-widget elementor-widget-spacer\" data-id=\"23c442e3\" data-element_type=\"widget\" data-widget_type=\"spacer.default\">\n\t\t\t\t<div class=\"elementor-widget-container\">\n\t\t\t\t\t\t\t<div class=\"elementor-spacer\">\n\t\t\t<div class=\"elementor-spacer-inner\"><\/div>\n\t\t<\/div>\n\t\t\t\t\t\t<\/div>\n\t\t\t\t<\/div>\n\t\t\t\t<div class=\"elementor-element elementor-element-41321df5 elementor-widget elementor-widget-text-editor\" data-id=\"41321df5\" data-element_type=\"widget\" data-widget_type=\"text-editor.default\">\n\t\t\t\t<div class=\"elementor-widget-container\">\n\t\t\t\t\t\t\t\t\t<p><span style=\"font-weight: 400;\">\u00bfSab\u00eda que aproximadamente una de cada cuatro personas con discapacidad en EE.UU. tiene trabajo actualmente? Se trata de una cifra sin precedentes, lo que indica que hay m\u00e1s personas con discapacidad preparadas para el mundo laboral y empresarios que quieren contratarlas. Sin embargo, sabemos que, con m\u00e1s formaci\u00f3n, esta cifra puede ser incluso mayor. El desempleo entre las personas con discapacidad es casi el doble que entre las personas sin discapacidad.     <\/span><span style=\"font-weight: 400;\">SNCIL <\/span><span style=\"font-weight: 400;\">es una de las muchas agencias que trabajan para cerrar esa brecha proporcionando la formaci\u00f3n y los recursos necesarios para el empleo.<\/span><\/p><p><span style=\"font-weight: 400;\">Tener trabajo es importante. No s\u00f3lo aumenta tu independencia financiera, d\u00e1ndote mayor acceso a cosas como la vivienda, la atenci\u00f3n sanitaria y el transporte, sino que tambi\u00e9n aumenta tu confianza, d\u00e1ndote una sensaci\u00f3n de logro y orgullo. Adem\u00e1s, beneficia tu salud mental, te da un sentido de prop\u00f3sito, te ayuda a sentirte incluido y estructura tus d\u00edas. Tambi\u00e9n te ayuda a aprender a resolver problemas, comunicarte y trabajar con los dem\u00e1s, perseguir tus objetivos y adaptarte a nuevas situaciones.     <\/span><\/p><p><span style=\"font-weight: 400;\">Y los empresarios que contratan a personas con discapacidad suelen beneficiarse de ser inclusivos. <\/span><a href=\"https:\/\/newsroom.accenture.com\/news\/2023\/companies-that-lead-in-disability-inclusion-outperform-peers-financially-reveals-new-research-from-accenture\"><span style=\"font-weight: 400;\">Una investigaci\u00f3n realizada en 2023<\/span><\/a><span style=\"font-weight: 400;\"> concluye que las empresas que se esfuerzan por incluir a personas con discapacidad obtienen el doble de beneficios -y sus empleados m\u00e1s del doble de ingresos- que las que no lo hacen. <\/span> <\/p><p><span style=\"font-weight: 400;\">Contratar a personas con discapacidad da a los empresarios acceso a una reserva mucho m\u00e1s amplia de talento y perspectiva que ayuda a sus empresas a rendir mejor. Adem\u00e1s, la   <\/span><a href=\"https:\/\/www.ache.org\/blog\/2024\/the-benefits-of-disability-inclusion-in-the-workplace\"><span style=\"font-weight: 400;\">El American College of Healthcare Executives<\/span><\/a><span style=\"font-weight: 400;\"> descubri\u00f3 que el 97% de los directores de recursos humanos afirman que las personas con discapacidad rinden al mismo nivel, si no mejor, que sus compa\u00f1eros sin discapacidad. <\/span> <\/p><p><span style=\"font-weight: 400;\">Si est\u00e1s listo para sumergirte en esa piscina de talentos y unirte al mundo laboral, \u00a1esta secci\u00f3n es para ti! En estas p\u00e1ginas, trataremos: <\/span><\/p><ul><li style=\"font-weight: 400;\" aria-level=\"1\"><a href=\"https:\/\/nvtrip.sncil.org\/es\/viaje-nv\/desarrollar-la-confianza-habilidad-a-habilidad\/conozca-sus-derechos-laborales\/\" target=\"_blank\" rel=\"noopener\"><span style=\"font-weight: 400;\">Conozca sus derechos laborales<\/span><\/a><\/li><li style=\"font-weight: 400;\" aria-level=\"1\"><a href=\"https:\/\/nvtrip.sncil.org\/es\/viaje-nv\/desarrollar-la-confianza-habilidad-a-habilidad\/recursos-para-encontrar-el-trabajo-adecuado\/\" target=\"_blank\" rel=\"noopener\"><span style=\"font-weight: 400;\">Recursos para encontrar el trabajo adecuado<\/span><\/a><\/li><li style=\"font-weight: 400;\" aria-level=\"1\"><a href=\"https:\/\/nvtrip.sncil.org\/es\/viaje-nv\/desarrollar-la-confianza-habilidad-a-habilidad\/superar-las-barreras-de-la-aplicacion\/\" target=\"_blank\" rel=\"noopener\"><span style=\"font-weight: 400;\">Superar las barreras de la aplicaci\u00f3n<\/span><\/a><\/li><li style=\"font-weight: 400;\" aria-level=\"1\"><a href=\"https:\/\/nvtrip.sncil.org\/es\/viaje-nv\/desarrollar-la-confianza-habilidad-a-habilidad\/solicitudes-curriculos-y-entrevistas\/\" target=\"_blank\" rel=\"noopener\"><span style=\"font-weight: 400;\">Solicitudes, curr\u00edculos y entrevistas<\/span><\/a><\/li><\/ul>\t\t\t\t\t\t\t\t<\/div>\n\t\t\t\t<\/div>\n\t\t\t\t\t<\/div>\n\t\t\t\t<\/div>\n\t\t\t\t<\/div>\n\t\t","protected":false},"excerpt":{"rendered":"<p>Work It Out: Su gu\u00eda para conseguir trabajo \u00bfSab\u00eda que aproximadamente una de cada cuatro personas con discapacidad en EE.UU. tiene trabajo actualmente? Se trata de una cifra sin precedentes, lo que indica que hay m\u00e1s personas con discapacidad preparadas para el mundo laboral y empresarios que quieren contratarlas. Sin embargo, sabemos que, con m\u00e1s [&hellip;]<\/p>\n","protected":false},"author":1,"featured_media":0,"parent":758,"menu_order":0,"comment_status":"closed","ping_status":"closed","template":"","meta":{"footnotes":""},"class_list":["post-1490","page","type-page","status-publish","hentry"],"_links":{"self":[{"href":"https:\/\/nvtrip.sncil.org\/es\/wp-json\/wp\/v2\/pages\/1490","targetHints":{"allow":["GET"]}}],"collection":[{"href":"https:\/\/nvtrip.sncil.org\/es\/wp-json\/wp\/v2\/pages"}],"about":[{"href":"https:\/\/nvtrip.sncil.org\/es\/wp-json\/wp\/v2\/types\/page"}],"author":[{"embeddable":true,"href":"https:\/\/nvtrip.sncil.org\/es\/wp-json\/wp\/v2\/users\/1"}],"replies":[{"embeddable":true,"href":"https:\/\/nvtrip.sncil.org\/es\/wp-json\/wp\/v2\/comments?post=1490"}],"version-history":[{"count":2,"href":"https:\/\/nvtrip.sncil.org\/es\/wp-json\/wp\/v2\/pages\/1490\/revisions"}],"predecessor-version":[{"id":1849,"href":"https:\/\/nvtrip.sncil.org\/es\/wp-json\/wp\/v2\/pages\/1490\/revisions\/1849"}],"up":[{"embeddable":true,"href":"https:\/\/nvtrip.sncil.org\/es\/wp-json\/wp\/v2\/pages\/758"}],"wp:attachment":[{"href":"https:\/\/nvtrip.sncil.org\/es\/wp-json\/wp\/v2\/media?parent=1490"}],"curies":[{"name":"wp","href":"https:\/\/api.w.org\/{rel}","templated":true}]}}