{"id":1486,"date":"2025-07-25T18:52:59","date_gmt":"2025-07-25T18:52:59","guid":{"rendered":"https:\/\/nvtrip.sncil.org\/viaje-nv\/desarrollar-la-confianza-habilidad-a-habilidad\/recursos-para-encontrar-el-trabajo-adecuado\/"},"modified":"2025-10-21T21:26:45","modified_gmt":"2025-10-21T21:26:45","slug":"recursos-para-encontrar-el-trabajo-adecuado","status":"publish","type":"page","link":"https:\/\/nvtrip.sncil.org\/es\/viaje-nv\/desarrollar-la-confianza-habilidad-a-habilidad\/recursos-para-encontrar-el-trabajo-adecuado\/","title":{"rendered":"Recursos para encontrar el trabajo adecuado"},"content":{"rendered":"\t\t<div data-elementor-type=\"wp-page\" data-elementor-id=\"1486\" class=\"elementor elementor-1486 elementor-1220\" data-elementor-post-type=\"page\">\n\t\t\t\t<div data-particle_enable=\"false\" data-particle-mobile-disabled=\"false\" class=\"elementor-element elementor-element-6ba218b e-con-full e-flex e-con e-parent\" data-id=\"6ba218b\" data-element_type=\"container\">\n\t\t\t\t<div class=\"elementor-element elementor-element-a5950ca elementor-widget elementor-widget-image\" data-id=\"a5950ca\" data-element_type=\"widget\" data-widget_type=\"image.default\">\n\t\t\t\t<div class=\"elementor-widget-container\">\n\t\t\t\t\t\t\t\t\t\t\t\t\t\t\t<img fetchpriority=\"high\" decoding=\"async\" width=\"1440\" height=\"700\" src=\"https:\/\/nvtrip.sncil.org\/wp-content\/uploads\/2025\/07\/Resources-for-Finding-a-Job-SNCIL.svg\" class=\"attachment-full size-full wp-image-1223\" alt=\"Animated illustration of a blind man working on a computer.\" \/>\t\t\t\t\t\t\t\t\t\t\t\t\t\t\t<\/div>\n\t\t\t\t<\/div>\n\t\t\t\t<div class=\"elementor-element elementor-element-300ac195 elementor-widget elementor-widget-heading\" data-id=\"300ac195\" data-element_type=\"widget\" data-widget_type=\"heading.default\">\n\t\t\t\t<div class=\"elementor-widget-container\">\n\t\t\t\t\t<h1 class=\"elementor-heading-title elementor-size-default\">Recursos para encontrar el trabajo adecuado<\/h1>\t\t\t\t<\/div>\n\t\t\t\t<\/div>\n\t\t\t\t<div class=\"elementor-element elementor-element-6a6d854 elementor-widget elementor-widget-spacer\" data-id=\"6a6d854\" data-element_type=\"widget\" data-widget_type=\"spacer.default\">\n\t\t\t\t<div class=\"elementor-widget-container\">\n\t\t\t\t\t\t\t<div class=\"elementor-spacer\">\n\t\t\t<div class=\"elementor-spacer-inner\"><\/div>\n\t\t<\/div>\n\t\t\t\t\t\t<\/div>\n\t\t\t\t<\/div>\n\t\t\t\t<div class=\"elementor-element elementor-element-0540ccf elementor-widget elementor-widget-video\" data-id=\"0540ccf\" data-element_type=\"widget\" data-settings=\"{&quot;youtube_url&quot;:&quot;https:\\\/\\\/youtu.be\\\/aYxa_mHoAyY&quot;,&quot;video_type&quot;:&quot;youtube&quot;,&quot;controls&quot;:&quot;yes&quot;}\" data-widget_type=\"video.default\">\n\t\t\t\t<div class=\"elementor-widget-container\">\n\t\t\t\t\t\t\t<div class=\"elementor-wrapper elementor-open-inline\">\n\t\t\t<div class=\"elementor-video\"><\/div>\t\t<\/div>\n\t\t\t\t\t\t<\/div>\n\t\t\t\t<\/div>\n\t\t\t\t<div class=\"elementor-element elementor-element-39d8ae66 elementor-widget elementor-widget-spacer\" data-id=\"39d8ae66\" data-element_type=\"widget\" data-widget_type=\"spacer.default\">\n\t\t\t\t<div class=\"elementor-widget-container\">\n\t\t\t\t\t\t\t<div class=\"elementor-spacer\">\n\t\t\t<div class=\"elementor-spacer-inner\"><\/div>\n\t\t<\/div>\n\t\t\t\t\t\t<\/div>\n\t\t\t\t<\/div>\n\t\t\t\t<\/div>\n\t\t<div data-particle_enable=\"false\" data-particle-mobile-disabled=\"false\" class=\"elementor-element elementor-element-7265f413 e-flex e-con-boxed e-con e-parent\" data-id=\"7265f413\" data-element_type=\"container\">\n\t\t\t\t\t<div class=\"e-con-inner\">\n\t\t\t\t<div class=\"elementor-element elementor-element-24e0921e elementor-widget elementor-widget-spacer\" data-id=\"24e0921e\" data-element_type=\"widget\" data-widget_type=\"spacer.default\">\n\t\t\t\t<div class=\"elementor-widget-container\">\n\t\t\t\t\t\t\t<div class=\"elementor-spacer\">\n\t\t\t<div class=\"elementor-spacer-inner\"><\/div>\n\t\t<\/div>\n\t\t\t\t\t\t<\/div>\n\t\t\t\t<\/div>\n\t\t\t\t<div class=\"elementor-element elementor-element-59d8b5b8 elementor-widget elementor-widget-text-editor\" data-id=\"59d8b5b8\" data-element_type=\"widget\" data-widget_type=\"text-editor.default\">\n\t\t\t\t<div class=\"elementor-widget-container\">\n\t\t\t\t\t\t\t\t\t<p><span style=\"font-weight: 400;\">Cuando est\u00e1s listo para empezar a buscar trabajo, puede ser dif\u00edcil saber por d\u00f3nde empezar. Seguro que tienes muchas preguntas:   <\/span><\/p><ul><li style=\"font-weight: 400;\" aria-level=\"1\"><span style=\"font-weight: 400;\">\u00ab\u00bfQui\u00e9n contrata?\u00bb<\/span><\/li><li style=\"font-weight: 400;\" aria-level=\"1\"><span style=\"font-weight: 400;\">\u00ab\u00bfPara qu\u00e9 estoy cualificado?\u00bb<\/span><\/li><li style=\"font-weight: 400;\" aria-level=\"1\"><span style=\"font-weight: 400;\">\u00ab\u00bfY si no tengo curr\u00edculum?\u00bb.<\/span><\/li><li style=\"font-weight: 400;\" aria-level=\"1\"><span style=\"font-weight: 400;\">\u00ab\u00bfContratan a personas con discapacidad?\u00bb<\/span><\/li><li style=\"font-weight: 400;\" aria-level=\"1\"><span style=\"font-weight: 400;\">\u00ab\u00bfEncajar\u00e9?\u00bb<\/span><\/li><\/ul><p><span style=\"font-weight: 400;\">Afortunadamente, hay MUCHAS personas y organizaciones dispuestas a ayudarte a empezar a buscar trabajo.  <\/span><\/p><h2><a href=\"https:\/\/vrnevada.nv.gov\/\"><span style=\"font-weight: 400;\">Rehabilitaci\u00f3n profesional en Nevada<\/span><\/a><\/h2><p><span style=\"font-weight: 400;\">A veces llamada \u00abNevada Voc Rehab\u00bb, esta agencia trabaja con nevadenses que tienen discapacidades, as\u00ed como con empresarios y empleadores, para fomentar la inclusi\u00f3n y permitir que las personas con discapacidades participen en el lugar de trabajo.<\/span><\/p><p><span style=\"font-weight: 400;\">Para las personas, esto significa ayudarles a superar las barreras que les impiden encontrar trabajo, mejorar las competencias profesionales de quienes ya lo tienen y pasar de la ense\u00f1anza secundaria a carreras profesionales o estudios superiores.<\/span><\/p><p><span style=\"font-weight: 400;\">Para empresarios y empleadores, significa desarrollar estrategias a corto y largo plazo para abordar los problemas de discapacidad y garantizar que los empleados acudan al trabajo equipados con las capacidades que necesitan para tener \u00e9xito.<\/span><\/p><h2><a href=\"https:\/\/choosework.ssa.gov\/about\"><span style=\"font-weight: 400;\">Ticket to Work de la SSA<\/span><\/a><\/h2><p><span style=\"font-weight: 400;\">El programa Ticket to Work de la Administraci\u00f3n de la Seguridad Social ofrece formaci\u00f3n gratuita y apoyo al empleo a quienes reciben prestaciones por incapacidad de la Seguridad Social, tienen entre 18 y 64 a\u00f1os y desean trabajar. Puedes seguir recibiendo esas prestaciones por incapacidad mientras te formas y buscas trabajo. <\/span><\/p><h2><span style=\"font-weight: 400;\">Bolsas de trabajo, oportunidades de colocaci\u00f3n y asesoramiento<\/span><\/h2><p><span style=\"font-weight: 400;\">Existen numerosos sitios web dedicados espec\u00edficamente a ponerle en contacto con empresarios que han demostrado inter\u00e9s en contratar a personas con discapacidad. He aqu\u00ed algunos de ellos: <\/span><\/p><ul><li style=\"font-weight: 400;\" aria-level=\"1\"><a href=\"https:\/\/www.abilityone.gov\/\"><span style=\"font-weight: 400;\">AbilityOne.gov<\/span><\/a><span style=\"font-weight: 400;\"> ayuda a las personas ciegas o con discapacidades importantes a encontrar trabajo en agencias sin \u00e1nimo de lucro de todo el pa\u00eds.<\/span><\/li><li style=\"font-weight: 400;\" aria-level=\"1\"><a href=\"https:\/\/www.inclusively.com\/\"><span style=\"font-weight: 400;\">Inclusively.com<\/span><\/a><span style=\"font-weight: 400;\"> ofrece una plataforma para que los demandantes de empleo busquen trabajo entre una lista de Success Enablers, o empleadores que ofrecen modificaciones, adaptaciones y oportunidades para personas con discapacidad.<\/span><\/li><li style=\"font-weight: 400;\" aria-level=\"1\"><a href=\"https:\/\/help.usajobs.gov\/working-in-government\/unique-hiring-paths\/individuals-with-disabilities\"><span style=\"font-weight: 400;\">USAJOBS<\/span><\/a><span style=\"font-weight: 400;\">La Oficina de Gesti\u00f3n de Personal de EE.UU. ofrece consejos a las personas con discapacidad que quieren trabajar para el gobierno federal. Tambi\u00e9n puede ponerse en contacto con la agencia federal correspondiente. <\/span> <a href=\"https:\/\/www.opm.gov\/policy-data-oversight\/disability-employment\/selective-placement-program-coordinator\/\"> <span style=\"font-weight: 400;\">Coordinador del Programa de Colocaci\u00f3n Selectiva (SPPC)<\/span><\/a><span style=\"font-weight: 400;\"> para obtener ayuda.<\/span><\/li><li style=\"font-weight: 400;\" aria-level=\"1\"><a href=\"https:\/\/askjan.org\/\"><span style=\"font-weight: 400;\">JAN, la Red de Adaptaciones en el Trabajo<\/span><\/a><span style=\"font-weight: 400;\">ofrece respuestas a preguntas sobre adaptaciones en el lugar de trabajo.<\/span><\/li><li style=\"font-weight: 400;\" aria-level=\"1\"><a href=\"https:\/\/www.disabledperson.com\/\"><span style=\"font-weight: 400;\">Persona discapacitada<\/span><\/a><span style=\"font-weight: 400;\"> y <\/span><a href=\"https:\/\/abilityjobs.com\/\"><span style=\"font-weight: 400;\">AbilityJOBS<\/span><\/a><span style=\"font-weight: 400;\"> son bolsas de trabajo para personas con discapacidad.<\/span><\/li><li style=\"font-weight: 400;\" aria-level=\"1\"><a href=\"https:\/\/www.disabilitytalent.org\/\"><span style=\"font-weight: 400;\">Soluciones para la discapacidad<\/span><\/a><span style=\"font-weight: 400;\"> es una organizaci\u00f3n sin \u00e1nimo de lucro que ofrece una bolsa de trabajo en l\u00ednea, seminarios web gratuitos y otros recursos.<\/span><\/li><li style=\"font-weight: 400;\" aria-level=\"1\"><a href=\"https:\/\/gettinghired.com\/\"><span style=\"font-weight: 400;\">Contrataci\u00f3n<\/span><\/a><span style=\"font-weight: 400;\"> es una red social y un sitio de b\u00fasqueda de empleo para personas con discapacidad.<\/span><\/li><li style=\"font-weight: 400;\" aria-level=\"1\"><a href=\"https:\/\/www.thesierragroup.com\/services\/inclusive-recruitment\/\"><span style=\"font-weight: 400;\">Contrataci\u00f3n de discapacitados<\/span><\/a><span style=\"font-weight: 400;\"> es un portal de empleo gratuito ofrecido por The Sierra Group que pone en contacto a demandantes de empleo, programas de empleo y empresas.<\/span><\/li><li style=\"font-weight: 400;\" aria-level=\"1\"><a href=\"https:\/\/limeconnect.com\/\"><span style=\"font-weight: 400;\">Limeconnect.com<\/span><\/a><span style=\"font-weight: 400;\"> es una red de estudiantes y profesionales con discapacidades visibles y no visibles que ofrece a sus miembros oportunidades para relacionarse entre s\u00ed, participar en actividades de desarrollo profesional, encontrar becas y mucho m\u00e1s.<\/span><\/li><li style=\"font-weight: 400;\" aria-level=\"1\"><a href=\"https:\/\/eop.com\/career-center\/\"><span style=\"font-weight: 400;\">Publicaciones sobre igualdad de oportunidades<\/span><\/a><span style=\"font-weight: 400;\">  es una revista de orientaci\u00f3n profesional y contrataci\u00f3n para personas con discapacidad. Encuentre art\u00edculos, ofertas de empleo, una lista de empresas que contratan actualmente y publique su curr\u00edculum. <\/span><\/li><li style=\"font-weight: 400;\" aria-level=\"1\"><a href=\"https:\/\/askearn.org\/\"><span style=\"font-weight: 400;\">Red de Asistencia y Recursos para Empresarios (EARN) sobre Discapacidad<\/span><\/a><span style=\"font-weight: 400;\"> Enumera las organizaciones que prestan asistencia a los demandantes de empleo con discapacidad.<\/span><\/li><\/ul><h2><span style=\"font-weight: 400;\">Pruebe un enfoque diferente<\/span><\/h2><p><span style=\"font-weight: 400;\">Puede que te resulte dif\u00edcil encontrar un trabajo que se ajuste a tus capacidades o necesidades personales. Eso no significa que no puedas trabajar. En lugar de eso, puedes probar uno de estos otros enfoques:  <\/span><\/p><ul><li style=\"list-style-type: none;\"><ul><li style=\"font-weight: 400;\" aria-level=\"1\"><b>Considere la posibilidad de presentar su candidatura a trav\u00e9s de una empresa de trabajo temporal.  <\/b><span style=\"font-weight: 400;\">A veces denominadas servicios temporales o agencias de colocaci\u00f3n, estas empresas ponen en contacto a empresarios con trabajadores para trabajos de corta duraci\u00f3n o basados en proyectos. Algunos ejemplos son Manpower o Kelly Services. Estas agencias prestan servicio a un gran n\u00famero de sectores y ofrecen la oportunidad de trabajar durante periodos cortos de tiempo cuando a ti te convenga: puedes rechazar un trabajo si lo necesitas. Adem\u00e1s, muchos puestos temporales pueden convertirse en fijos.   <\/span><\/li><\/ul><\/li><li aria-level=\"1\"><b>Plant\u00e9ate trabajar desde casa o incluso por cuenta propia.  <\/b><span style=\"font-weight: 400;\">Muchos sitios web y agencias de empleo contratan espec\u00edficamente a trabajadores a distancia, lo que puede ser una buena opci\u00f3n si te preocupa la fiabilidad del transporte o la adaptaci\u00f3n a un entorno laboral. Tambi\u00e9n puedes trabajar como cuidador de mascotas, ya sea por tu cuenta o a trav\u00e9s de una empresa como   <\/span><a href=\"http:\/\/care.com\"><span style=\"font-weight: 400;\">Care.com<\/span><\/a><span style=\"font-weight: 400;\"> o <\/span><a href=\"https:\/\/www.rover.com\/\"><span style=\"font-weight: 400;\">Rover<\/span><\/a><span style=\"font-weight: 400;\">. Puede que incluso decidas montar tu propio negocio, como el dise\u00f1o web, la escritura independiente o las clases particulares.<\/span><\/li><\/ul>\t\t\t\t\t\t\t\t<\/div>\n\t\t\t\t<\/div>\n\t\t\t\t<div class=\"elementor-element elementor-element-c467a0b elementor-widget elementor-widget-spacer\" data-id=\"c467a0b\" data-element_type=\"widget\" data-widget_type=\"spacer.default\">\n\t\t\t\t<div class=\"elementor-widget-container\">\n\t\t\t\t\t\t\t<div class=\"elementor-spacer\">\n\t\t\t<div class=\"elementor-spacer-inner\"><\/div>\n\t\t<\/div>\n\t\t\t\t\t\t<\/div>\n\t\t\t\t<\/div>\n\t\t\t\t<div class=\"elementor-element elementor-element-a0ceeb8 elementor-widget elementor-widget-text-editor\" data-id=\"a0ceeb8\" data-element_type=\"widget\" data-widget_type=\"text-editor.default\">\n\t\t\t\t<div class=\"elementor-widget-container\">\n\t\t\t\t\t\t\t\t\t<h2><a href=\"https:\/\/nvtrip.sncil.org\/es\/viaje-nv\/desarrollar-la-confianza-habilidad-a-habilidad\/superar-las-barreras-de-la-aplicacion\/\" target=\"_blank\" rel=\"noopener\"><span style=\"font-weight: 400;\">Siguiente: Superar las barreras de las aplicaciones<\/span><\/a><\/h2>\t\t\t\t\t\t\t\t<\/div>\n\t\t\t\t<\/div>\n\t\t\t\t\t<\/div>\n\t\t\t\t<\/div>\n\t\t\t\t<\/div>\n\t\t","protected":false},"excerpt":{"rendered":"<p>Recursos para encontrar el trabajo adecuado Cuando est\u00e1s listo para empezar a buscar trabajo, puede ser dif\u00edcil saber por d\u00f3nde empezar. Seguro que tienes muchas preguntas: \u00ab\u00bfQui\u00e9n contrata?\u00bb \u00ab\u00bfPara qu\u00e9 estoy cualificado?\u00bb \u00ab\u00bfY si no tengo curr\u00edculum?\u00bb. \u00ab\u00bfContratan a personas con discapacidad?\u00bb \u00ab\u00bfEncajar\u00e9?\u00bb Afortunadamente, hay MUCHAS personas y organizaciones dispuestas a ayudarte a empezar a [&hellip;]<\/p>\n","protected":false},"author":1,"featured_media":0,"parent":758,"menu_order":0,"comment_status":"closed","ping_status":"closed","template":"","meta":{"footnotes":""},"class_list":["post-1486","page","type-page","status-publish","hentry"],"_links":{"self":[{"href":"https:\/\/nvtrip.sncil.org\/es\/wp-json\/wp\/v2\/pages\/1486","targetHints":{"allow":["GET"]}}],"collection":[{"href":"https:\/\/nvtrip.sncil.org\/es\/wp-json\/wp\/v2\/pages"}],"about":[{"href":"https:\/\/nvtrip.sncil.org\/es\/wp-json\/wp\/v2\/types\/page"}],"author":[{"embeddable":true,"href":"https:\/\/nvtrip.sncil.org\/es\/wp-json\/wp\/v2\/users\/1"}],"replies":[{"embeddable":true,"href":"https:\/\/nvtrip.sncil.org\/es\/wp-json\/wp\/v2\/comments?post=1486"}],"version-history":[{"count":4,"href":"https:\/\/nvtrip.sncil.org\/es\/wp-json\/wp\/v2\/pages\/1486\/revisions"}],"predecessor-version":[{"id":2181,"href":"https:\/\/nvtrip.sncil.org\/es\/wp-json\/wp\/v2\/pages\/1486\/revisions\/2181"}],"up":[{"embeddable":true,"href":"https:\/\/nvtrip.sncil.org\/es\/wp-json\/wp\/v2\/pages\/758"}],"wp:attachment":[{"href":"https:\/\/nvtrip.sncil.org\/es\/wp-json\/wp\/v2\/media?parent=1486"}],"curies":[{"name":"wp","href":"https:\/\/api.w.org\/{rel}","templated":true}]}}