{"id":1480,"date":"2025-08-01T04:39:24","date_gmt":"2025-08-01T04:39:24","guid":{"rendered":"https:\/\/nvtrip.sncil.org\/viaje-nv\/desarrollar-la-confianza-habilidad-a-habilidad\/compras\/a-cocinar\/"},"modified":"2025-10-29T16:16:28","modified_gmt":"2025-10-29T16:16:28","slug":"a-cocinar","status":"publish","type":"page","link":"https:\/\/nvtrip.sncil.org\/es\/viaje-nv\/desarrollar-la-confianza-habilidad-a-habilidad\/compras\/a-cocinar\/","title":{"rendered":"\u00a1A cocinar!"},"content":{"rendered":"\t\t<div data-elementor-type=\"wp-page\" data-elementor-id=\"1480\" class=\"elementor elementor-1480 elementor-1444\" data-elementor-post-type=\"page\">\n\t\t\t\t<div data-particle_enable=\"false\" data-particle-mobile-disabled=\"false\" class=\"elementor-element elementor-element-c5e8414 e-con-full e-flex e-con e-parent\" data-id=\"c5e8414\" data-element_type=\"container\">\n\t\t\t\t<div class=\"elementor-element elementor-element-3f35c98d elementor-widget elementor-widget-image\" data-id=\"3f35c98d\" data-element_type=\"widget\" data-widget_type=\"image.default\">\n\t\t\t\t<div class=\"elementor-widget-container\">\n\t\t\t\t\t\t\t\t\t\t\t\t\t\t\t<img fetchpriority=\"high\" decoding=\"async\" width=\"1440\" height=\"700\" src=\"https:\/\/nvtrip.sncil.org\/wp-content\/uploads\/2025\/08\/Get-Cooking-SNCIL.svg\" class=\"attachment-full size-full wp-image-1447\" alt=\"Illustration of a young woman in a wheelchair cooking.\" \/>\t\t\t\t\t\t\t\t\t\t\t\t\t\t\t<\/div>\n\t\t\t\t<\/div>\n\t\t\t\t<div class=\"elementor-element elementor-element-189445f6 elementor-widget elementor-widget-heading\" data-id=\"189445f6\" data-element_type=\"widget\" data-widget_type=\"heading.default\">\n\t\t\t\t<div class=\"elementor-widget-container\">\n\t\t\t\t\t<h1 class=\"elementor-heading-title elementor-size-default\">\u00a1A cocinar!<\/h1>\t\t\t\t<\/div>\n\t\t\t\t<\/div>\n\t\t\t\t<div class=\"elementor-element elementor-element-d06da78 elementor-widget elementor-widget-video\" data-id=\"d06da78\" data-element_type=\"widget\" data-settings=\"{&quot;youtube_url&quot;:&quot;https:\\\/\\\/youtu.be\\\/dUJTT7db4q0&quot;,&quot;video_type&quot;:&quot;youtube&quot;,&quot;controls&quot;:&quot;yes&quot;}\" data-widget_type=\"video.default\">\n\t\t\t\t<div class=\"elementor-widget-container\">\n\t\t\t\t\t\t\t<div class=\"elementor-wrapper elementor-open-inline\">\n\t\t\t<div class=\"elementor-video\"><\/div>\t\t<\/div>\n\t\t\t\t\t\t<\/div>\n\t\t\t\t<\/div>\n\t\t\t\t<div class=\"elementor-element elementor-element-1b6bc46e elementor-widget elementor-widget-spacer\" data-id=\"1b6bc46e\" data-element_type=\"widget\" data-widget_type=\"spacer.default\">\n\t\t\t\t<div class=\"elementor-widget-container\">\n\t\t\t\t\t\t\t<div class=\"elementor-spacer\">\n\t\t\t<div class=\"elementor-spacer-inner\"><\/div>\n\t\t<\/div>\n\t\t\t\t\t\t<\/div>\n\t\t\t\t<\/div>\n\t\t\t\t<\/div>\n\t\t<div data-particle_enable=\"false\" data-particle-mobile-disabled=\"false\" class=\"elementor-element elementor-element-7566c1bf e-flex e-con-boxed e-con e-parent\" data-id=\"7566c1bf\" data-element_type=\"container\">\n\t\t\t\t\t<div class=\"e-con-inner\">\n\t\t\t\t<div class=\"elementor-element elementor-element-5b349b06 elementor-widget elementor-widget-text-editor\" data-id=\"5b349b06\" data-element_type=\"widget\" data-widget_type=\"text-editor.default\">\n\t\t\t\t<div class=\"elementor-widget-container\">\n\t\t\t\t\t\t\t\t\t<p><span style=\"font-weight: 400;\">Cocinar es algo m\u00e1s que comer. Cuando decides qu\u00e9 comer y cu\u00e1ndo, experimentas una sensaci\u00f3n de independencia al tomar el control sobre los sabores y nutrientes de tus alimentos. Y cuando comas una comida preparada por ti, tambi\u00e9n sentir\u00e1s confianza y orgullo.  <\/span><\/p><p><span style=\"font-weight: 400;\">Adem\u00e1s, \u00a1cocinar te permite dar rienda suelta a tu creatividad! Al igual que componer una canci\u00f3n, montar un conjunto o pintar un cuadro implica combinar elementos en funci\u00f3n de tus gustos, cocinar implica ajustar los sabores en funci\u00f3n de los ingredientes que T\u00da crees que saben bien juntos. Espolvorea hierbas y condimentos, a\u00f1ade un poco de queso o beicon o mezcla s\u00f3lo las verduras que te gusten (dejando fuera las que no): todo depende de ti. Incluso cuando una comida no salga como esperabas, recuerda que el proceso de cocinar puede consistir en experimentar. Puedes aprender y volver a intentarlo de otra manera la pr\u00f3xima vez, poniendo de nuevo en pr\u00e1ctica esa creatividad.    <\/span><\/p><p><span style=\"font-weight: 400;\">Cocinar es tambi\u00e9n una forma estupenda de conectar con los seres queridos. Tal vez tus abuelos o tus padres puedan ense\u00f1arte a preparar una receta familiar muy querida mientras compart\u00eds recuerdos de cuando la disfrutasteis. Tal vez puedas ense\u00f1ar a un hermano a preparar un plato que os encanta.    <\/span><span style=\"font-weight: 400;\">Que quieras ser independiente no significa que no puedas pedir ayuda; a todos nos viene bien un poco de ayuda y consejo en la cocina. Haz equipo con otros y a ver qu\u00e9 magia pod\u00e9is cocinar juntos. <\/span><\/p><p><span style=\"font-weight: 400;\">Y la alegr\u00eda que sentir\u00e1s al alimentar y nutrir a tus seres queridos es algo que querr\u00e1s experimentar una y otra vez.<\/span><\/p><p><span style=\"font-weight: 400;\">He aqu\u00ed algunos consejos para hacer de la cocina una tarea sabrosa en lugar de un deber deprimente:<\/span><\/p><h2><span style=\"font-weight: 400;\">Disponga una cocina accesible<\/span><\/h2><p><span style=\"font-weight: 400;\">Si est\u00e1s listo para empezar a cocinar para ti mismo, lo primero que tendr\u00e1s que hacer es convertirlo en un lugar c\u00f3modo para trabajar. Busca formas de hacer las superficies m\u00e1s bajas o m\u00e1s accesibles. Por ejemplo, \u00bfpuedes sacar un caj\u00f3n y colocar encima una tabla de cortar? Piensa en opciones como estanter\u00edas retr\u00e1ctiles que puedas sacar cuando las necesites y luego guardarlas, utensilios codificados por colores, etiquetas en los recipientes, carros rodantes u organizaci\u00f3n de la cocina que mantenga accesible todo lo que necesites alcanzar sin tener que moverte por toda la cocina.   <\/span><\/p><p><span style=\"font-weight: 400;\">Si compartes la cocina con un compa\u00f1ero de piso o con otros miembros de la familia, hablad de c\u00f3mo pod\u00e9is hacer algunos peque\u00f1os cambios que favorezcan tu independencia y sean \u00fatiles para todos los que utilicen la cocina.<\/span><\/p><p><span style=\"font-weight: 400;\">Tambi\u00e9n es importante asegurarse de mantener la cocina despejada. Aseg\u00farate de que las superficies est\u00e9n limpias y libres de objetos que puedan interferir en tu trabajo. <\/span><\/p><h2><span style=\"font-weight: 400;\">Construye un plato nutritivo<\/span><\/h2><p><span style=\"font-weight: 400;\">Recuerda que todo el mundo debe consumir prote\u00ednas, cereales, frutas, verduras y l\u00e1cteos todos los d\u00edas para mantenerse sano. El USDA   <\/span><a href=\"https:\/\/www.myplate.gov\/\"><span style=\"font-weight: 400;\">MiPlato<\/span><\/a><span style=\"font-weight: 400;\">  es un recurso que te puede ayudar sugiri\u00e9ndote formas de incorporar todos estos alimentos a tu dieta, e incluso te ofrece sugerencias de comidas asequibles. Incluso una comida econ\u00f3mica puede ser nutritiva: alubias con arroz, huevos con tostadas y pasta con verduras congeladas son comidas sanas que no afectan al bolsillo. <\/span><\/p><p><span style=\"font-weight: 400;\">Si tiene problemas para leer las etiquetas de los alimentos <\/span><a href=\"https:\/\/blindwelfaresociety.in\/blogs\/navigating-food-labels-a-comprehensive-guide-for-the-blind\"><span style=\"font-weight: 400;\">esta p\u00e1gina de la Blind Welfare Society<\/span><\/a><span style=\"font-weight: 400;\"> ofrece otros recursos que pueden ayudarle. <\/span> <\/p><h2><span style=\"font-weight: 400;\">Comienzo sencillo<\/span><\/h2><p><span style=\"font-weight: 400;\">Cocinar no tiene por qu\u00e9 ser complicado. Por muy bonito que te parezca preparar un filete a la Diane o un coq au vin, quiz\u00e1 sea mejor empezar con recetas sencillas e ir subiendo hasta llegar a lo m\u00e1s elaborado. Busca recetas que puedan cocinarse en el microondas o que s\u00f3lo requieran unos pocos ingredientes o una sart\u00e9n. Prepara batidos o alimentos que puedan comerse fr\u00edos. Busca atajos, como salsas precocinadas o productos previamente limpiados o troceados. Algunos productos precortados pueden costar m\u00e1s, porque pagas la mano de obra y el envasado, pero sin duda son m\u00e1s pr\u00e1cticos.     <\/span><\/p><h2><span style=\"font-weight: 400;\">Pruebe las comidas precocinadas<\/span><\/h2><p><span style=\"font-weight: 400;\">La mayor\u00eda de las tiendas de comestibles ofrecen ahora comidas precocinadas o kits de comida, que suelen encontrarse en las zonas de charcuter\u00eda o carnicer\u00eda. Desde pollo Alfredo hasta pollo agridulce o pimientos rellenos, suele haber una gran variedad de platos entre los que elegir, sea cual sea su tipo de cocina preferida o sus necesidades diet\u00e9ticas. Y lo que es mejor, el envase suele incluir instrucciones f\u00e1ciles de seguir para calentarlos.    <\/span><\/p><p><span style=\"font-weight: 400;\">Otra opci\u00f3n que a muchos les resulta \u00fatil es suscribirse a uno de los muchos servicios de reparto de comidas, como <\/span><a href=\"https:\/\/www.hellofresh.com\/pages\/meal-kit-delivery?c=NAT-S02-BING-10FM-MN-MKT-002&amp;mealsize=3-2&amp;discount_comm_id=4a8baf67-7b32-4d03-86ad-53eafe280047&amp;version=upto10fmbau&amp;offer=freermm_upto10fm&amp;dis_channel=seanonbrand&amp;msclkid=8c0fb65b39eb1d0138cbde259c99da2b\"><span style=\"font-weight: 400;\">HelloFresh<\/span><\/a><span style=\"font-weight: 400;\">, <\/span><a href=\"https:\/\/www.hungryroot.com\/?wm_source=microsoft&amp;wm_medium=ads&amp;wm_ad_id=71605958241781&amp;msclkid=487e41ea2ce61146e28429948994711d\"><span style=\"font-weight: 400;\">Hungryroot<\/span><\/a><span style=\"font-weight: 400;\">o <\/span><a href=\"https:\/\/www.blueapron.com\/?cjdata=MXxOfDB8WXww&amp;cjevent=d71aafc9667211f080b400100a1eba22\"><span style=\"font-weight: 400;\">Delantal Azul<\/span><\/a><span style=\"font-weight: 400;\">. Hay docenas para elegir, y algunos se especializan en determinadas dietas, como las basadas en plantas o las hiperproteicas. Basta con hacer el pedido y la caja contendr\u00e1 la cantidad exacta de cada ingrediente necesaria para preparar una receta, con instrucciones paso a paso. <\/span><\/p><p><span style=\"font-weight: 400;\">Por \u00faltimo, muchos restaurantes locales y servicios de comida a domicilio pueden ofrecer opciones de comida para personas con problemas de movilidad, como platos saludables ya preparados o kits de comida adaptados a sus restricciones diet\u00e9ticas. Algunos ejemplos locales son <\/span><span style=\"font-weight: 400;\"> <\/span><a href=\"https:\/\/foodiefit.com\/\"><span style=\"font-weight: 400;\">Foodie Fit<\/span><\/a><span style=\"font-weight: 400;\"> o <\/span><a href=\"https:\/\/702prep.com\/\"><span style=\"font-weight: 400;\">702prep<\/span><\/a><span style=\"font-weight: 400;\"> en Las Vegas.<\/span><\/p><h2><span style=\"font-weight: 400;\">Prepare comidas en una sola olla, cacerola o de cocci\u00f3n lenta<\/span><\/h2><p><span style=\"font-weight: 400;\">Cualquier cocinero casero experimentado le dir\u00e1 que una comida de una sola olla o de cocci\u00f3n lenta es una gozada. Significa menos cosas que vigilar y menos cosas que limpiar despu\u00e9s. Si puedes encontrar una receta que implique empezar con una olla y simplemente a\u00f1adirle ingredientes, en lugar de cocinar elementos separados a la vez, mejorar\u00e1s tus posibilidades de \u00e9xito.  <\/span><\/p><p><span style=\"font-weight: 400;\">Las comidas en olla de cocci\u00f3n lenta tambi\u00e9n tienen la ventaja de no necesitar vigilancia. Basta con meter todo en la olla, taparla y encenderla. Incluso puedes ponerla en marcha antes de salir. Cuando vuelvas a casa, oler\u00e1 delicioso y la cena estar\u00e1 lista para cuando llegues t\u00fa.   <\/span><\/p><h2><span style=\"font-weight: 400;\">Programar d\u00edas de preparaci\u00f3n de comidas<\/span><\/h2><p><span style=\"font-weight: 400;\">Busca recetas de platos grandes, para que puedas pasar un d\u00eda en la cocina y tener comida para toda la semana. Por ejemplo, puedes asar un pollo entero y cocer una olla grande de arroz, luego picar una gran cantidad de lechuga y otras verduras en un bol para la ensalada. A continuaci\u00f3n, coloca porciones individuales de pollo, una cucharada grande de arroz y un poco de ensalada en recipientes de tama\u00f1o individual que guardes en el frigor\u00edfico. Despu\u00e9s, s\u00f3lo tienes que cogerlos, recalentarlos en el microondas y rociar la ensalada con un poco de ali\u00f1o&#8230; \u00a1voil\u00e1! Una comida sana lista cuando t\u00fa quieras. Este planteamiento tambi\u00e9n te ayuda a ahorrar dinero; desperdicias menos comida y, cuando tienes platos listos para comer, es menos probable que compres comida por impulso en restaurantes o tiendas.     <\/span><\/p><h2><span style=\"font-weight: 400;\">Lea la receta antes de empezar a cocinar<\/span><\/h2><p><span style=\"font-weight: 400;\">Incluso las personas con mucha experiencia en la cocina olvidan a veces este paso, pero es una de las tareas m\u00e1s importantes en la cocina: Lea su receta <\/span><i><span style=\"font-weight: 400;\">hasta el final <\/span><\/i> <span style=\"font-weight: 400;\">antes de coger un cuchillo o encender el horno. \u00bfPor qu\u00e9? Puede parecer que las recetas est\u00e1n escritas para que simplemente leas el primer paso, lo hagas y luego pases al segundo. Pero en muchos casos, si haces el paso 1 sin mirar hacia delante, puedes cometer un error.   <\/span><\/p><p><span style=\"font-weight: 400;\">Por ejemplo, una receta puede pedir \u00ab3 cucharadas soperas de aceite de oliva, divididas\u00bb. La palabra \u00abdivididas\u00bb significa que no utilizar\u00e1s las tres cucharadas de una vez. Puede utilizar una cucharada y a\u00f1adir las otras dos m\u00e1s tarde. Si echas las tres de golpe, podr\u00edas arruinar toda la receta. Lo mismo ocurre con las instrucciones para subir o bajar el fuego, para cocer algo s\u00f3lo parcialmente y retirarlo del fuego hasta m\u00e1s tarde, etc\u00e9tera. Leer con antelaci\u00f3n te ayuda a asegurarte de que tienes en cuenta instrucciones especiales como \u00e9stas, lo que reduce las posibilidades de estropear la comida.     <\/span><\/p><h2><span style=\"font-weight: 400;\">Prep\u00e1rese<\/span><\/h2><p><span style=\"font-weight: 400;\">Despu\u00e9s de leer la receta hasta el final, div\u00eddela en el menor n\u00famero de pasos posible. Re\u00fane todos los ingredientes en un mismo lugar. Mide previamente los ingredientes. P\u00edcalo todo antes para que est\u00e9 listo cuando lo necesites. Engrasa las sartenes, toma nota de las cantidades \u00abdivididas\u00bb, f\u00edjate en las advertencias del autor de la receta y familiar\u00edzate con lo que va antes y despu\u00e9s de cada cosa. Este tiempo de preparaci\u00f3n ayuda a que el proceso de cocinar sea menos estresante.     <\/span><\/p><h2><span style=\"font-weight: 400;\">Utilizar herramientas tecnol\u00f3gicas<\/span><\/h2><p><span style=\"font-weight: 400;\">Por supuesto, probablemente ya sepa que hay millones de recetas disponibles en Internet para satisfacer cualquier necesidad o antojo. \u00bfBusca una buena receta de pollo, un aperitivo para una comida popular o un postre sin hornear? Basta con introducirlo en una b\u00fasqueda en Internet y aparecer\u00e1n cientos de ideas. Pero hay otras herramientas tecnol\u00f3gicas que pueden ayudarte a cocinar.     <\/span><\/p><p><span style=\"font-weight: 400;\">Generadores de recetas AI, como <\/span><a href=\"https:\/\/www.chefgpt.xyz\/\"><span style=\"font-weight: 400;\">ChefGPT<\/span><\/a><span style=\"font-weight: 400;\">, <\/span><a href=\"https:\/\/www.dishgen.com\/\"><span style=\"font-weight: 400;\">Dishgen<\/span><\/a><span style=\"font-weight: 400;\">o <\/span><a href=\"https:\/\/letsfoodie.com\/\"><span style=\"font-weight: 400;\">Let&#8217;s Foodie<\/span><\/a><span style=\"font-weight: 400;\">  (y muchos otros), elaborar\u00e1n recetas por ti bas\u00e1ndose en los ingredientes y utensilios que ya tengas a mano. Incluso puedes programarlas para que elaboren recetas que se adapten a tu nivel de habilidad culinaria. Algunas son gratuitas o de muy bajo coste, pero las versiones gratuitas pueden limitar el n\u00famero de recetas que puedes utilizar cada mes.  <\/span><\/p><p><span style=\"font-weight: 400;\">Tienes un asistente inteligente activado por voz, como Amazon Echo, Google Home o Apple HomePod? Estas herramientas pueden ayudarte con numerosas tareas relacionadas con la cocina. A\u00f1ade a tu lista de la compra, busca determinados tipos de recetas, convierte onzas a cucharadas o tazas, encuentra sustitutos para los ingredientes que te puedan faltar y establece temporizadores de cocci\u00f3n.    <\/span><\/p><h2><span style=\"font-weight: 400;\">Nota para los cuidadores<\/span><\/h2><p><span style=\"font-weight: 400;\">Puede resultar tentador intervenir y ayudar a una persona discapacitada mientras cocina, para hacer las cosas \u00abm\u00e1s f\u00e1ciles\u00bb. Pero aunque tengas la sensaci\u00f3n de estar haciendo algo bueno, puedes contrarrestar cualquier esfuerzo que est\u00e9 haciendo para ser independiente. Lo mejor es respetar sus elecciones y t\u00e9cnicas y dejar claro que est\u00e1s disponible para ayudar si lo necesitan, pero no te metas sin m\u00e1s. Perm\u00edteles tomar decisiones y pedir ayuda cuando la necesiten, pero que hagan lo que puedan, mientras puedan.   <\/span><\/p>\t\t\t\t\t\t\t\t<\/div>\n\t\t\t\t<\/div>\n\t\t\t\t<div class=\"elementor-element elementor-element-68ecf43 elementor-widget elementor-widget-spacer\" data-id=\"68ecf43\" data-element_type=\"widget\" data-widget_type=\"spacer.default\">\n\t\t\t\t<div class=\"elementor-widget-container\">\n\t\t\t\t\t\t\t<div class=\"elementor-spacer\">\n\t\t\t<div class=\"elementor-spacer-inner\"><\/div>\n\t\t<\/div>\n\t\t\t\t\t\t<\/div>\n\t\t\t\t<\/div>\n\t\t\t\t<div class=\"elementor-element elementor-element-49043be elementor-widget elementor-widget-text-editor\" data-id=\"49043be\" data-element_type=\"widget\" data-widget_type=\"text-editor.default\">\n\t\t\t\t<div class=\"elementor-widget-container\">\n\t\t\t\t\t\t\t\t\t<h2><a href=\"https:\/\/nvtrip.sncil.org\/nv-trip\/building-confidence-one-skill-at-a-time\/grocery-shopping\/contraptions-for-easier-cooking\/\" target=\"_blank\" rel=\"noopener\"><span style=\"font-weight: 400;\">Siguiente: Artilugios para cocinar m\u00e1s f\u00e1cilmente<\/span><\/a><\/h2>\t\t\t\t\t\t\t\t<\/div>\n\t\t\t\t<\/div>\n\t\t\t\t\t<\/div>\n\t\t\t\t<\/div>\n\t\t\t\t<\/div>\n\t\t","protected":false},"excerpt":{"rendered":"<p>\u00a1A cocinar! Cocinar es algo m\u00e1s que comer. Cuando decides qu\u00e9 comer y cu\u00e1ndo, experimentas una sensaci\u00f3n de independencia al tomar el control sobre los sabores y nutrientes de tus alimentos. Y cuando comas una comida preparada por ti, tambi\u00e9n sentir\u00e1s confianza y orgullo. Adem\u00e1s, \u00a1cocinar te permite dar rienda suelta a tu creatividad! Al [&hellip;]<\/p>\n","protected":false},"author":1,"featured_media":0,"parent":871,"menu_order":0,"comment_status":"closed","ping_status":"closed","template":"","meta":{"footnotes":""},"class_list":["post-1480","page","type-page","status-publish","hentry"],"_links":{"self":[{"href":"https:\/\/nvtrip.sncil.org\/es\/wp-json\/wp\/v2\/pages\/1480","targetHints":{"allow":["GET"]}}],"collection":[{"href":"https:\/\/nvtrip.sncil.org\/es\/wp-json\/wp\/v2\/pages"}],"about":[{"href":"https:\/\/nvtrip.sncil.org\/es\/wp-json\/wp\/v2\/types\/page"}],"author":[{"embeddable":true,"href":"https:\/\/nvtrip.sncil.org\/es\/wp-json\/wp\/v2\/users\/1"}],"replies":[{"embeddable":true,"href":"https:\/\/nvtrip.sncil.org\/es\/wp-json\/wp\/v2\/comments?post=1480"}],"version-history":[{"count":3,"href":"https:\/\/nvtrip.sncil.org\/es\/wp-json\/wp\/v2\/pages\/1480\/revisions"}],"predecessor-version":[{"id":2352,"href":"https:\/\/nvtrip.sncil.org\/es\/wp-json\/wp\/v2\/pages\/1480\/revisions\/2352"}],"up":[{"embeddable":true,"href":"https:\/\/nvtrip.sncil.org\/es\/wp-json\/wp\/v2\/pages\/871"}],"wp:attachment":[{"href":"https:\/\/nvtrip.sncil.org\/es\/wp-json\/wp\/v2\/media?parent=1480"}],"curies":[{"name":"wp","href":"https:\/\/api.w.org\/{rel}","templated":true}]}}