{"id":1478,"date":"2025-08-01T04:41:38","date_gmt":"2025-08-01T04:41:38","guid":{"rendered":"https:\/\/nvtrip.sncil.org\/viaje-nv\/desarrollar-la-confianza-habilidad-a-habilidad\/compras\/artilugios-para-cocinar-mas-facilmente\/"},"modified":"2025-10-22T23:50:23","modified_gmt":"2025-10-22T23:50:23","slug":"artilugios-para-cocinar-mas-facilmente","status":"publish","type":"page","link":"https:\/\/nvtrip.sncil.org\/es\/viaje-nv\/desarrollar-la-confianza-habilidad-a-habilidad\/compras\/artilugios-para-cocinar-mas-facilmente\/","title":{"rendered":"Artilugios para cocinar m\u00e1s f\u00e1cilmente"},"content":{"rendered":"\t\t<div data-elementor-type=\"wp-page\" data-elementor-id=\"1478\" class=\"elementor elementor-1478 elementor-1451\" data-elementor-post-type=\"page\">\n\t\t\t\t<div data-particle_enable=\"false\" data-particle-mobile-disabled=\"false\" class=\"elementor-element elementor-element-3d5240e e-con-full e-flex e-con e-parent\" data-id=\"3d5240e\" data-element_type=\"container\">\n\t\t\t\t<div class=\"elementor-element elementor-element-319763d4 elementor-widget elementor-widget-image\" data-id=\"319763d4\" data-element_type=\"widget\" data-widget_type=\"image.default\">\n\t\t\t\t<div class=\"elementor-widget-container\">\n\t\t\t\t\t\t\t\t\t\t\t\t\t\t\t<img fetchpriority=\"high\" decoding=\"async\" width=\"1440\" height=\"700\" src=\"https:\/\/nvtrip.sncil.org\/wp-content\/uploads\/2025\/08\/Contraptions-for-Easier-Cooking-SNCIL.svg\" class=\"attachment-full size-full wp-image-1454\" alt=\"Illustration of a young woman using a one-handed cutter to prepare a meal.\" \/>\t\t\t\t\t\t\t\t\t\t\t\t\t\t\t<\/div>\n\t\t\t\t<\/div>\n\t\t\t\t<div class=\"elementor-element elementor-element-22fbc0f7 elementor-widget elementor-widget-heading\" data-id=\"22fbc0f7\" data-element_type=\"widget\" data-widget_type=\"heading.default\">\n\t\t\t\t<div class=\"elementor-widget-container\">\n\t\t\t\t\t<h1 class=\"elementor-heading-title elementor-size-default\">Artilugios para cocinar m\u00e1s f\u00e1cilmente<\/h1>\t\t\t\t<\/div>\n\t\t\t\t<\/div>\n\t\t\t\t<div class=\"elementor-element elementor-element-4893a454 elementor-widget elementor-widget-spacer\" data-id=\"4893a454\" data-element_type=\"widget\" data-widget_type=\"spacer.default\">\n\t\t\t\t<div class=\"elementor-widget-container\">\n\t\t\t\t\t\t\t<div class=\"elementor-spacer\">\n\t\t\t<div class=\"elementor-spacer-inner\"><\/div>\n\t\t<\/div>\n\t\t\t\t\t\t<\/div>\n\t\t\t\t<\/div>\n\t\t\t\t<\/div>\n\t\t<div data-particle_enable=\"false\" data-particle-mobile-disabled=\"false\" class=\"elementor-element elementor-element-7a9c60e0 e-flex e-con-boxed e-con e-parent\" data-id=\"7a9c60e0\" data-element_type=\"container\">\n\t\t\t\t\t<div class=\"e-con-inner\">\n\t\t\t\t<div class=\"elementor-element elementor-element-49c9970c elementor-widget elementor-widget-text-editor\" data-id=\"49c9970c\" data-element_type=\"widget\" data-widget_type=\"text-editor.default\">\n\t\t\t\t<div class=\"elementor-widget-container\">\n\t\t\t\t\t\t\t\t\t<p><span style=\"font-weight: 400;\">Existen miles de productos que facilitan la tarea de cocinar, independientemente de la discapacidad que se tenga. He aqu\u00ed una muestra de art\u00edculos que pueden hacer que cortar, picar, mezclar, calentar, servir con cuchara, sorber y guardar la comida sea mucho m\u00e1s sencillo y accesible para cualquier cocinero casero. <\/span><\/p><ul><li aria-level=\"1\"><a href=\"https:\/\/www.asseenontvlive.com\/product\/clever-cutter\/\"><b>Cortador inteligente<\/b><\/a><b>: <\/b> <span style=\"font-weight: 400;\">Esta herramienta con mango es un cuchillo y una peque\u00f1a tabla de cortar, todo en uno, que le permite cortar la mayor\u00eda de los art\u00edculos con una sola mano, desde uvas y bayas hasta patatas, pepinos, queso e incluso carne. Adem\u00e1s, se puede lavar en el lavavajillas. <\/span><\/li><\/ul><ul><li aria-level=\"1\"><b>Guantes resistentes a los cortes y al calor:  <\/b><span style=\"font-weight: 400;\">Estos productos est\u00e1n fabricados con materiales resistentes a los cortes o al calor, de modo que, al llevarlos puestos, pueden protegerle las manos de cortes o quemaduras con cuchillos. Algunos vienen incluso con almohadillas de goma para ayudar a sujetar platos o cuencos resbaladizos. <\/span><\/li><\/ul><ul><li aria-level=\"1\"><b>Platos y cuencos de tacto fr\u00edo:  <\/b><span style=\"font-weight: 400;\">Estos productos te permiten sujetarlos con las manos o en el regazo sin quemarte. Algunos vienen con tapa, para que no tengas que dar el paso extra de guardar las sobras en recipientes separados. <\/span><\/li><\/ul><ul><li aria-level=\"1\"><b>Vajillas adaptables: <\/b><span style=\"font-weight: 400;\">Desde cuencos isot\u00e9rmicos con ventosas en el fondo hasta platos y tazas con fondo de goma que no se deslizan, pasando por tazas a prueba de derrames o tenedores con mangos telesc\u00f3picos (extensibles), hay un sinf\u00edn de productos dise\u00f1ados para ayudar a las personas con discapacidad a cocinar y comer con facilidad.<\/span><\/li><\/ul><ul><li aria-level=\"1\"><b>Microondas con puerta de horno:  <\/b><span style=\"font-weight: 400;\">La mayor\u00eda de los microondas se abren lateralmente, lo que dificulta el acceso al interior a las personas en silla de ruedas o que necesitan retirar objetos con una mano. Puede ser \u00fatil utilizar un microondas con una puerta de tipo horno que se abra por la parte inferior y se baje, para poder apoyar los objetos en la puerta, si es necesario, para cambiar de mano o bajar objetos si est\u00e1n demasiado calientes.   <\/span><\/li><\/ul><ul><li aria-level=\"1\"><b>Cuchillos balanc\u00edn y picadores de alimentos: <\/b><span style=\"font-weight: 400;\">Estos cuchillos tienen hojas curvas y pueden utilizarse con una sola mano; basta con balancearlos hacia delante y hacia atr\u00e1s para cortar los alimentos.<\/span><\/li><\/ul><ul><li aria-level=\"1\"><b>Abrelatas y abrelatas autom\u00e1ticos: <\/b><span style=\"font-weight: 400;\">Estos productos suelen ser el\u00e9ctricos, as\u00ed que lo \u00fanico que tienes que hacer es sujetar la lata con una mano (\u00a1o sin manos!) y dejar que el aparato abra la lata por ti.<\/span><\/li><\/ul><ul><li aria-level=\"1\"><b>Term\u00f3metros parlantes: <\/b><span style=\"font-weight: 400;\">Como su nombre indica, estos term\u00f3metros son adecuados para las personas con visi\u00f3n reducida o nula, ya que indican en voz alta la temperatura de los alimentos.<\/span><\/li><\/ul><ul><li aria-level=\"1\"><b>Vasos medidores en braille o con letras grandes: <\/b><span style=\"font-weight: 400;\">Son \u00fatiles para las personas con problemas de visi\u00f3n, ya que les permiten medir los ingredientes.<\/span><\/li><\/ul><ul><li aria-level=\"1\"><b>Cuchillos y peladores ergon\u00f3micos:  <\/b><span style=\"font-weight: 400;\">Dise\u00f1ados para evitar la fatiga de las manos, estos productos son f\u00e1ciles de sujetar para cualquier persona con problemas de coordinaci\u00f3n manual. Pueden tener mangos extra c\u00f3modos o antideslizantes, cuchillas superafiladas o dise\u00f1os curvos que facilitan el movimiento. <\/span><\/li><\/ul><ul><li aria-level=\"1\"><b>Batidoras de mano, de pie o de inmersi\u00f3n: <\/b><span style=\"font-weight: 400;\">En lugar de tener que sostener un bol lleno con una mano y remover ingredientes espesos con la otra, prueba una batidora de mano el\u00e9ctrica, una batidora de pie (como KitchenAid) o una batidora de inmersi\u00f3n, que se pueden manejar con una mano y son mucho m\u00e1s potentes que tu brazo solo.<\/span><\/li><\/ul><ul><li aria-level=\"1\"><b>Tablas de cortar y cuencos mezcladores antideslizantes: <\/b><span style=\"font-weight: 400;\">Con la parte inferior recubierta de goma, estos productos est\u00e1n dise\u00f1ados para mantenerse en su sitio, lo que ayuda a garantizar que tu trabajo de cortar y mezclar pueda realizarse de forma segura, incluso si trabajas con una sola mano.<\/span><\/li><\/ul><ul><li aria-level=\"1\"><b>Picadoras y procesadores de alimentos: <\/b><span style=\"font-weight: 400;\">Desde grandes procesadores de alimentos hasta picadoras manuales en miniatura, estos productos est\u00e1n dise\u00f1ados para rebanar, picar o rallar frutas, verduras y quesos con s\u00f3lo pulsar un bot\u00f3n.<\/span><\/li><\/ul><ul><li aria-level=\"1\"><b>Herramientas de agarre: <\/b><span style=\"font-weight: 400;\">Muy \u00fatiles para <\/span><a href=\"https:\/\/nncil.org\/nv-trip\/skills-training\/helpful-cleaning-tools\/\"><span style=\"font-weight: 400;\">limpiar<\/span><\/a><span style=\"font-weight: 400;\"> o cualquier otra tarea dom\u00e9stica, una herramienta de agarre puede ayudarle a recuperar las especias del estante, recoger los derrames en el suelo, alcanzar los platos del armario, y mucho m\u00e1s.<\/span><\/li><\/ul><ul><li aria-level=\"1\"><b>Ollas y sartenes transparentes: <\/b><span style=\"font-weight: 400;\">Parece sencillo, pero una olla transparente permite ver de un vistazo si la comida est\u00e1 a punto de hervir, no tiene la consistencia adecuada o necesita unos minutos m\u00e1s para calentarse, todo ello sin tener que tocarla.<\/span><\/li><\/ul><ul><li aria-level=\"1\"><b>Electrodom\u00e9sticos inteligentes:  <\/b><span style=\"font-weight: 400;\">Los frigor\u00edficos, hornos, microondas y lavavajillas pueden hacer mucho m\u00e1s que almacenar alimentos, cocinarlos y fregarlos despu\u00e9s. Muchos electrodom\u00e9sticos modernos pueden activarse por voz, programarse para encenderse y apagarse a horas determinadas, avisarte cuando se te est\u00e9n acabando los ingredientes, \u00a1y mucho m\u00e1s! Algunos incluso pueden ser controlados por tu asistente inteligente o programados a trav\u00e9s de aplicaciones en tu tel\u00e9fono.  <\/span><\/li><\/ul><ul><li aria-level=\"1\"><b>Carros con ruedas:  <\/b><span style=\"font-weight: 400;\">Un carrito que se pueda arrastrar o empujar es una herramienta estupenda para reunir todos los utensilios e ingredientes de cocina en un mismo lugar y llevarlos justo donde los necesitas, ya sea la encimera, los fogones o la mesa de la cocina. De este modo, todo est\u00e1 a mano y no tienes que ir de un lado a otro para coger lo que necesitas. <\/span><\/li><\/ul><h2> <\/h2><h2><span style=\"font-weight: 400;\">Recursos \u00fatiles<\/span><\/h2><p><span style=\"font-weight: 400;\">Consulte estos recursos para obtener otros consejos, herramientas y recomendaciones para cocinar:<\/span><\/p><ul><li aria-level=\"1\"><a href=\"https:\/\/accessiblechef.com\/\"><b>Chef accesible<\/b><\/a><b>: <\/b><span style=\"font-weight: 400;\">Este sitio ofrece recetas y recursos de cocina para personas con discapacidad.<\/span><\/li><\/ul><ul><li aria-level=\"1\"><a href=\"https:\/\/momwithaprep.com\/easy-recipes-for-adults-with-learning-disabilities\/\"><b>Mam\u00e1 Preparada<\/b><\/a><b>: <\/b><span style=\"font-weight: 400;\">Esta p\u00e1gina contiene recetas dise\u00f1adas para adultos con dificultades de aprendizaje.<\/span><\/li><\/ul><ul><li aria-level=\"1\"><a href=\"https:\/\/www.youtube.com\/playlist?list=PLl79ZsuMB5bYbVZduF8_-jl_fPwpMqsCv\"><b>CookABILITY<\/b><\/a><b>: <\/b><span style=\"font-weight: 400;\">Este canal de YouTube ofrece v\u00eddeos de recetas f\u00e1ciles de seguir para personas con dificultades de aprendizaje.<\/span><\/li><li aria-level=\"1\"><a style=\"font-family: -apple-system, BlinkMacSystemFont, 'Segoe UI', Roboto, 'Helvetica Neue', Arial, 'Noto Sans', sans-serif, 'Apple Color Emoji', 'Segoe UI Emoji', 'Segoe UI Symbol', 'Noto Color Emoji';\" href=\"https:\/\/theblindkitchen.com\/\"><b>La cocina ciega<\/b><\/a><b style=\"font-family: -apple-system, BlinkMacSystemFont, 'Segoe UI', Roboto, 'Helvetica Neue', Arial, 'Noto Sans', sans-serif, 'Apple Color Emoji', 'Segoe UI Emoji', 'Segoe UI Symbol', 'Noto Color Emoji';\">: <\/b><span style=\"font-weight: 400;\">Encuentre consejos y herramientas de adaptaci\u00f3n, adem\u00e1s de conocimientos \u00fatiles sobre cocina para personas con baja visi\u00f3n o sin ella.<\/span><\/li><\/ul>\t\t\t\t\t\t\t\t<\/div>\n\t\t\t\t<\/div>\n\t\t\t\t\t<\/div>\n\t\t\t\t<\/div>\n\t\t\t\t<\/div>\n\t\t","protected":false},"excerpt":{"rendered":"<p>Artilugios para cocinar m\u00e1s f\u00e1cilmente Existen miles de productos que facilitan la tarea de cocinar, independientemente de la discapacidad que se tenga. He aqu\u00ed una muestra de art\u00edculos que pueden hacer que cortar, picar, mezclar, calentar, servir con cuchara, sorber y guardar la comida sea mucho m\u00e1s sencillo y accesible para cualquier cocinero casero. Cortador [&hellip;]<\/p>\n","protected":false},"author":1,"featured_media":0,"parent":871,"menu_order":0,"comment_status":"closed","ping_status":"closed","template":"","meta":{"footnotes":""},"class_list":["post-1478","page","type-page","status-publish","hentry"],"_links":{"self":[{"href":"https:\/\/nvtrip.sncil.org\/es\/wp-json\/wp\/v2\/pages\/1478","targetHints":{"allow":["GET"]}}],"collection":[{"href":"https:\/\/nvtrip.sncil.org\/es\/wp-json\/wp\/v2\/pages"}],"about":[{"href":"https:\/\/nvtrip.sncil.org\/es\/wp-json\/wp\/v2\/types\/page"}],"author":[{"embeddable":true,"href":"https:\/\/nvtrip.sncil.org\/es\/wp-json\/wp\/v2\/users\/1"}],"replies":[{"embeddable":true,"href":"https:\/\/nvtrip.sncil.org\/es\/wp-json\/wp\/v2\/comments?post=1478"}],"version-history":[{"count":3,"href":"https:\/\/nvtrip.sncil.org\/es\/wp-json\/wp\/v2\/pages\/1478\/revisions"}],"predecessor-version":[{"id":1503,"href":"https:\/\/nvtrip.sncil.org\/es\/wp-json\/wp\/v2\/pages\/1478\/revisions\/1503"}],"up":[{"embeddable":true,"href":"https:\/\/nvtrip.sncil.org\/es\/wp-json\/wp\/v2\/pages\/871"}],"wp:attachment":[{"href":"https:\/\/nvtrip.sncil.org\/es\/wp-json\/wp\/v2\/media?parent=1478"}],"curies":[{"name":"wp","href":"https:\/\/api.w.org\/{rel}","templated":true}]}}